{"id":5994,"date":"2026-02-05T10:53:19","date_gmt":"2026-02-05T13:53:19","guid":{"rendered":"https:\/\/sites.uel.br\/nead\/?page_id=5994"},"modified":"2026-03-05T08:26:04","modified_gmt":"2026-03-05T11:26:04","slug":"gestao-escolar-pnap","status":"publish","type":"page","link":"https:\/\/sites.uel.br\/nead\/gestao-escolar-pnap\/","title":{"rendered":"Especializa\u00e7\u00e3o em Gest\u00e3o Escolar (PNAP)"},"content":{"rendered":"\n<figure class=\"wp-block-image size-full\"><img loading=\"lazy\" decoding=\"async\" width=\"4059\" height=\"768\" src=\"https:\/\/sites.uel.br\/nead\/wp-content\/uploads\/2026\/02\/capinha-site-Esp-em-gestao-escolar.png\" alt=\"\" class=\"wp-image-5997\" srcset=\"https:\/\/sites.uel.br\/nead\/wp-content\/uploads\/2026\/02\/capinha-site-Esp-em-gestao-escolar.png 4059w, https:\/\/sites.uel.br\/nead\/wp-content\/uploads\/2026\/02\/capinha-site-Esp-em-gestao-escolar-300x57.png 300w, https:\/\/sites.uel.br\/nead\/wp-content\/uploads\/2026\/02\/capinha-site-Esp-em-gestao-escolar-1024x194.png 1024w, https:\/\/sites.uel.br\/nead\/wp-content\/uploads\/2026\/02\/capinha-site-Esp-em-gestao-escolar-768x145.png 768w, https:\/\/sites.uel.br\/nead\/wp-content\/uploads\/2026\/02\/capinha-site-Esp-em-gestao-escolar-1536x291.png 1536w, https:\/\/sites.uel.br\/nead\/wp-content\/uploads\/2026\/02\/capinha-site-Esp-em-gestao-escolar-2048x388.png 2048w\" sizes=\"(max-width: 4059px) 100vw, 4059px\" \/><\/figure>\n\n\n\n<div style=\"height:15px\" aria-hidden=\"true\" class=\"wp-block-spacer\"><\/div>\n\n\n<div class=\"wp-block-image\">\n<figure class=\"aligncenter size-full is-resized\"><img loading=\"lazy\" decoding=\"async\" width=\"1105\" height=\"112\" src=\"https:\/\/sites.uel.br\/nead\/wp-content\/uploads\/2026\/02\/Group-841.png\" alt=\"\" class=\"wp-image-5998\" style=\"width:800px\" srcset=\"https:\/\/sites.uel.br\/nead\/wp-content\/uploads\/2026\/02\/Group-841.png 1105w, https:\/\/sites.uel.br\/nead\/wp-content\/uploads\/2026\/02\/Group-841-300x30.png 300w, https:\/\/sites.uel.br\/nead\/wp-content\/uploads\/2026\/02\/Group-841-1024x104.png 1024w, https:\/\/sites.uel.br\/nead\/wp-content\/uploads\/2026\/02\/Group-841-768x78.png 768w\" sizes=\"(max-width: 1105px) 100vw, 1105px\" \/><\/figure><\/div>\n\n\n<div style=\"height:10px\" aria-hidden=\"true\" class=\"wp-block-spacer\"><\/div>\n\n\n<div class=\"wp-block-image\">\n<figure class=\"aligncenter size-full is-resized\"><img loading=\"lazy\" decoding=\"async\" width=\"1317\" height=\"426\" src=\"https:\/\/sites.uel.br\/nead\/wp-content\/uploads\/2026\/02\/Sobre-o-curso-escolar-4.png\" alt=\"\" class=\"wp-image-6100\" style=\"width:900px\" srcset=\"https:\/\/sites.uel.br\/nead\/wp-content\/uploads\/2026\/02\/Sobre-o-curso-escolar-4.png 1317w, https:\/\/sites.uel.br\/nead\/wp-content\/uploads\/2026\/02\/Sobre-o-curso-escolar-4-300x97.png 300w, https:\/\/sites.uel.br\/nead\/wp-content\/uploads\/2026\/02\/Sobre-o-curso-escolar-4-1024x331.png 1024w, https:\/\/sites.uel.br\/nead\/wp-content\/uploads\/2026\/02\/Sobre-o-curso-escolar-4-768x248.png 768w\" sizes=\"(max-width: 1317px) 100vw, 1317px\" \/><\/figure><\/div>\n\n\n<div style=\"height:30px\" aria-hidden=\"true\" class=\"wp-block-spacer\"><\/div>\n\n\n<div class=\"wp-block-image\">\n<figure class=\"aligncenter size-full is-resized\"><img loading=\"lazy\" decoding=\"async\" width=\"650\" height=\"100\" src=\"https:\/\/sites.uel.br\/nead\/wp-content\/uploads\/2026\/03\/Inscricoes_encerradas.png\" alt=\"\" class=\"wp-image-6282\" style=\"width:400px\" srcset=\"https:\/\/sites.uel.br\/nead\/wp-content\/uploads\/2026\/03\/Inscricoes_encerradas.png 650w, https:\/\/sites.uel.br\/nead\/wp-content\/uploads\/2026\/03\/Inscricoes_encerradas-300x46.png 300w\" sizes=\"(max-width: 650px) 100vw, 650px\" \/><\/figure><\/div>\n\n<div class=\"wp-block-image\">\n<figure class=\"aligncenter size-full is-resized\"><a href=\"https:\/\/sites.uel.br\/nead\/editais\/#:~:text=EDITAL%20N%C2%BA%20009\/2026%2DUAB%2DUEL\" target=\"_blank\" rel=\"noopener\"><img loading=\"lazy\" decoding=\"async\" width=\"1049\" height=\"123\" src=\"https:\/\/sites.uel.br\/nead\/wp-content\/uploads\/2026\/02\/Group-1057.png\" alt=\"\" class=\"wp-image-6147\" style=\"width:800px\" srcset=\"https:\/\/sites.uel.br\/nead\/wp-content\/uploads\/2026\/02\/Group-1057.png 1049w, https:\/\/sites.uel.br\/nead\/wp-content\/uploads\/2026\/02\/Group-1057-300x35.png 300w, https:\/\/sites.uel.br\/nead\/wp-content\/uploads\/2026\/02\/Group-1057-1024x120.png 1024w, https:\/\/sites.uel.br\/nead\/wp-content\/uploads\/2026\/02\/Group-1057-768x90.png 768w\" sizes=\"(max-width: 1049px) 100vw, 1049px\" \/><\/a><\/figure><\/div>\n\n\n<div style=\"height:45px\" aria-hidden=\"true\" class=\"wp-block-spacer\"><\/div>\n\n\n<div class=\"wp-block-image\">\n<figure class=\"aligncenter size-full is-resized\"><img loading=\"lazy\" decoding=\"async\" width=\"1104\" height=\"1377\" src=\"https:\/\/sites.uel.br\/nead\/wp-content\/uploads\/2026\/02\/perfil-acad.png\" alt=\"\" class=\"wp-image-6015\" style=\"width:850px\" srcset=\"https:\/\/sites.uel.br\/nead\/wp-content\/uploads\/2026\/02\/perfil-acad.png 1104w, https:\/\/sites.uel.br\/nead\/wp-content\/uploads\/2026\/02\/perfil-acad-241x300.png 241w, https:\/\/sites.uel.br\/nead\/wp-content\/uploads\/2026\/02\/perfil-acad-821x1024.png 821w, https:\/\/sites.uel.br\/nead\/wp-content\/uploads\/2026\/02\/perfil-acad-768x958.png 768w\" sizes=\"(max-width: 1104px) 100vw, 1104px\" \/><\/figure><\/div>\n\n\n<div style=\"height:30px\" aria-hidden=\"true\" class=\"wp-block-spacer\"><\/div>\n\n\n<div class=\"wp-block-image\">\n<figure class=\"aligncenter size-full is-resized\"><img loading=\"lazy\" decoding=\"async\" width=\"1317\" height=\"273\" src=\"https:\/\/sites.uel.br\/nead\/wp-content\/uploads\/2026\/02\/organizacao-escolar.png\" alt=\"\" class=\"wp-image-6001\" style=\"width:900px\" srcset=\"https:\/\/sites.uel.br\/nead\/wp-content\/uploads\/2026\/02\/organizacao-escolar.png 1317w, https:\/\/sites.uel.br\/nead\/wp-content\/uploads\/2026\/02\/organizacao-escolar-300x62.png 300w, https:\/\/sites.uel.br\/nead\/wp-content\/uploads\/2026\/02\/organizacao-escolar-1024x212.png 1024w, https:\/\/sites.uel.br\/nead\/wp-content\/uploads\/2026\/02\/organizacao-escolar-768x159.png 768w\" sizes=\"(max-width: 1317px) 100vw, 1317px\" \/><\/figure><\/div>\n\n\n<div style=\"height:30px\" aria-hidden=\"true\" class=\"wp-block-spacer\"><\/div>\n\n\n<div class=\"wp-block-image\">\n<figure class=\"aligncenter size-full is-resized\"><img loading=\"lazy\" decoding=\"async\" width=\"1134\" height=\"1810\" src=\"https:\/\/sites.uel.br\/nead\/wp-content\/uploads\/2026\/02\/disciplinasss.png\" alt=\"\" class=\"wp-image-6002\" style=\"width:850px\" srcset=\"https:\/\/sites.uel.br\/nead\/wp-content\/uploads\/2026\/02\/disciplinasss.png 1134w, https:\/\/sites.uel.br\/nead\/wp-content\/uploads\/2026\/02\/disciplinasss-188x300.png 188w, https:\/\/sites.uel.br\/nead\/wp-content\/uploads\/2026\/02\/disciplinasss-642x1024.png 642w, https:\/\/sites.uel.br\/nead\/wp-content\/uploads\/2026\/02\/disciplinasss-768x1226.png 768w, https:\/\/sites.uel.br\/nead\/wp-content\/uploads\/2026\/02\/disciplinasss-962x1536.png 962w\" sizes=\"(max-width: 1134px) 100vw, 1134px\" \/><\/figure><\/div>\n\n\n<div style=\"height:30px\" aria-hidden=\"true\" class=\"wp-block-spacer\"><\/div>\n\n\n<div class=\"wp-block-image\">\n<figure class=\"aligncenter size-full is-resized\"><img loading=\"lazy\" decoding=\"async\" width=\"1232\" height=\"1268\" src=\"https:\/\/sites.uel.br\/nead\/wp-content\/uploads\/2026\/02\/atv-online-escolar.png\" alt=\"\" class=\"wp-image-6003\" style=\"width:900px\" srcset=\"https:\/\/sites.uel.br\/nead\/wp-content\/uploads\/2026\/02\/atv-online-escolar.png 1232w, https:\/\/sites.uel.br\/nead\/wp-content\/uploads\/2026\/02\/atv-online-escolar-291x300.png 291w, https:\/\/sites.uel.br\/nead\/wp-content\/uploads\/2026\/02\/atv-online-escolar-995x1024.png 995w, https:\/\/sites.uel.br\/nead\/wp-content\/uploads\/2026\/02\/atv-online-escolar-768x790.png 768w\" sizes=\"(max-width: 1232px) 100vw, 1232px\" \/><\/figure><\/div>\n\n\n<div style=\"height:50px\" aria-hidden=\"true\" class=\"wp-block-spacer\"><\/div>\n\n\n<div class=\"wp-block-image\">\n<figure class=\"aligncenter size-full is-resized\"><img loading=\"lazy\" decoding=\"async\" width=\"1317\" height=\"1271\" src=\"https:\/\/sites.uel.br\/nead\/wp-content\/uploads\/2026\/02\/GestEscolar_AVA.png\" alt=\"\" class=\"wp-image-6004\" style=\"width:900px\" srcset=\"https:\/\/sites.uel.br\/nead\/wp-content\/uploads\/2026\/02\/GestEscolar_AVA.png 1317w, https:\/\/sites.uel.br\/nead\/wp-content\/uploads\/2026\/02\/GestEscolar_AVA-300x290.png 300w, https:\/\/sites.uel.br\/nead\/wp-content\/uploads\/2026\/02\/GestEscolar_AVA-1024x988.png 1024w, https:\/\/sites.uel.br\/nead\/wp-content\/uploads\/2026\/02\/GestEscolar_AVA-768x741.png 768w\" sizes=\"(max-width: 1317px) 100vw, 1317px\" \/><\/figure><\/div>\n\n\n<div style=\"height:50px\" aria-hidden=\"true\" class=\"wp-block-spacer\"><\/div>\n\n\n<div class=\"wp-block-image\">\n<figure class=\"aligncenter size-full is-resized\"><img loading=\"lazy\" decoding=\"async\" width=\"1105\" height=\"296\" src=\"https:\/\/sites.uel.br\/nead\/wp-content\/uploads\/2026\/02\/GestaoEscolar_Avaliacoes.png\" alt=\"\" class=\"wp-image-6005\" style=\"width:800px\" srcset=\"https:\/\/sites.uel.br\/nead\/wp-content\/uploads\/2026\/02\/GestaoEscolar_Avaliacoes.png 1105w, https:\/\/sites.uel.br\/nead\/wp-content\/uploads\/2026\/02\/GestaoEscolar_Avaliacoes-300x80.png 300w, https:\/\/sites.uel.br\/nead\/wp-content\/uploads\/2026\/02\/GestaoEscolar_Avaliacoes-1024x274.png 1024w, https:\/\/sites.uel.br\/nead\/wp-content\/uploads\/2026\/02\/GestaoEscolar_Avaliacoes-768x206.png 768w\" sizes=\"(max-width: 1105px) 100vw, 1105px\" \/><\/figure><\/div>\n\n\n<div style=\"height:30px\" aria-hidden=\"true\" class=\"wp-block-spacer\"><\/div>\n\n\n<div class=\"wp-block-image\">\n<figure class=\"aligncenter size-full is-resized\"><img loading=\"lazy\" decoding=\"async\" width=\"1317\" height=\"1001\" src=\"https:\/\/sites.uel.br\/nead\/wp-content\/uploads\/2026\/02\/mapa-escolar.png\" alt=\"\" class=\"wp-image-6013\" style=\"width:900px\" srcset=\"https:\/\/sites.uel.br\/nead\/wp-content\/uploads\/2026\/02\/mapa-escolar.png 1317w, https:\/\/sites.uel.br\/nead\/wp-content\/uploads\/2026\/02\/mapa-escolar-300x228.png 300w, https:\/\/sites.uel.br\/nead\/wp-content\/uploads\/2026\/02\/mapa-escolar-1024x778.png 1024w, https:\/\/sites.uel.br\/nead\/wp-content\/uploads\/2026\/02\/mapa-escolar-768x584.png 768w\" sizes=\"(max-width: 1317px) 100vw, 1317px\" \/><\/figure><\/div>\n\n\n<div style=\"height:30px\" aria-hidden=\"true\" class=\"wp-block-spacer\"><\/div>\n\n\n<div class=\"wp-block-image\">\n<figure class=\"aligncenter size-full is-resized\"><img loading=\"lazy\" decoding=\"async\" width=\"1317\" height=\"150\" src=\"https:\/\/sites.uel.br\/nead\/wp-content\/uploads\/2026\/02\/contato-escolar.png\" alt=\"\" class=\"wp-image-6019\" style=\"width:900px\" srcset=\"https:\/\/sites.uel.br\/nead\/wp-content\/uploads\/2026\/02\/contato-escolar.png 1317w, https:\/\/sites.uel.br\/nead\/wp-content\/uploads\/2026\/02\/contato-escolar-300x34.png 300w, https:\/\/sites.uel.br\/nead\/wp-content\/uploads\/2026\/02\/contato-escolar-1024x117.png 1024w, https:\/\/sites.uel.br\/nead\/wp-content\/uploads\/2026\/02\/contato-escolar-768x87.png 768w\" sizes=\"(max-width: 1317px) 100vw, 1317px\" \/><\/figure><\/div>\n\n\n<div style=\"height:30px\" aria-hidden=\"true\" class=\"wp-block-spacer\"><\/div>\n\n\n<div class=\"wp-block-image\">\n<figure class=\"aligncenter size-full is-resized\"><img loading=\"lazy\" decoding=\"async\" width=\"1232\" height=\"1563\" src=\"https:\/\/sites.uel.br\/nead\/wp-content\/uploads\/2026\/02\/FAQ.png\" alt=\"\" class=\"wp-image-6014\" style=\"width:850px\" srcset=\"https:\/\/sites.uel.br\/nead\/wp-content\/uploads\/2026\/02\/FAQ.png 1232w, https:\/\/sites.uel.br\/nead\/wp-content\/uploads\/2026\/02\/FAQ-236x300.png 236w, https:\/\/sites.uel.br\/nead\/wp-content\/uploads\/2026\/02\/FAQ-807x1024.png 807w, https:\/\/sites.uel.br\/nead\/wp-content\/uploads\/2026\/02\/FAQ-768x974.png 768w, https:\/\/sites.uel.br\/nead\/wp-content\/uploads\/2026\/02\/FAQ-1211x1536.png 1211w\" sizes=\"(max-width: 1232px) 100vw, 1232px\" \/><\/figure><\/div>\n\n\n<figure class=\"wp-block-image size-full\"><img loading=\"lazy\" decoding=\"async\" width=\"1440\" height=\"298\" src=\"https:\/\/sites.uel.br\/nead\/wp-content\/uploads\/2024\/11\/logos_site_cursos.png\" alt=\"\" class=\"wp-image-3564\" srcset=\"https:\/\/sites.uel.br\/nead\/wp-content\/uploads\/2024\/11\/logos_site_cursos.png 1440w, https:\/\/sites.uel.br\/nead\/wp-content\/uploads\/2024\/11\/logos_site_cursos-300x62.png 300w, https:\/\/sites.uel.br\/nead\/wp-content\/uploads\/2024\/11\/logos_site_cursos-1024x212.png 1024w, https:\/\/sites.uel.br\/nead\/wp-content\/uploads\/2024\/11\/logos_site_cursos-768x159.png 768w\" sizes=\"(max-width: 1440px) 100vw, 1440px\" \/><\/figure>\n","protected":false},"excerpt":{"rendered":"","protected":false},"author":11,"featured_media":0,"parent":0,"menu_order":0,"comment_status":"closed","ping_status":"closed","template":"","meta":{"_themeisle_gutenberg_block_has_review":false,"footnotes":""},"acf":[],"_links":{"self":[{"href":"https:\/\/sites.uel.br\/nead\/wp-json\/wp\/v2\/pages\/5994"}],"collection":[{"href":"https:\/\/sites.uel.br\/nead\/wp-json\/wp\/v2\/pages"}],"about":[{"href":"https:\/\/sites.uel.br\/nead\/wp-json\/wp\/v2\/types\/page"}],"author":[{"embeddable":true,"href":"https:\/\/sites.uel.br\/nead\/wp-json\/wp\/v2\/users\/11"}],"replies":[{"embeddable":true,"href":"https:\/\/sites.uel.br\/nead\/wp-json\/wp\/v2\/comments?post=5994"}],"version-history":[{"count":38,"href":"https:\/\/sites.uel.br\/nead\/wp-json\/wp\/v2\/pages\/5994\/revisions"}],"predecessor-version":[{"id":6286,"href":"https:\/\/sites.uel.br\/nead\/wp-json\/wp\/v2\/pages\/5994\/revisions\/6286"}],"wp:attachment":[{"href":"https:\/\/sites.uel.br\/nead\/wp-json\/wp\/v2\/media?parent=5994"}],"curies":[{"name":"wp","href":"https:\/\/api.w.org\/{rel}","templated":true}]}}