{"id":4535,"date":"2025-04-23T11:43:59","date_gmt":"2025-04-23T14:43:59","guid":{"rendered":"https:\/\/sites.uel.br\/nead\/?page_id=4535"},"modified":"2026-03-12T14:47:56","modified_gmt":"2026-03-12T17:47:56","slug":"educacao-fisica-na-educacao-basica","status":"publish","type":"page","link":"https:\/\/sites.uel.br\/nead\/educacao-fisica-na-educacao-basica\/","title":{"rendered":"Especializa\u00e7\u00e3o em Educa\u00e7\u00e3o F\u00edsica na Educa\u00e7\u00e3o B\u00e1sica"},"content":{"rendered":"\n<figure class=\"wp-block-image size-full\"><img loading=\"lazy\" decoding=\"async\" width=\"1386\" height=\"263\" src=\"https:\/\/sites.uel.br\/nead\/wp-content\/uploads\/2025\/04\/EFED-01-banner.png\" alt=\"\" class=\"wp-image-4536\" srcset=\"https:\/\/sites.uel.br\/nead\/wp-content\/uploads\/2025\/04\/EFED-01-banner.png 1386w, https:\/\/sites.uel.br\/nead\/wp-content\/uploads\/2025\/04\/EFED-01-banner-300x57.png 300w, https:\/\/sites.uel.br\/nead\/wp-content\/uploads\/2025\/04\/EFED-01-banner-1024x194.png 1024w, https:\/\/sites.uel.br\/nead\/wp-content\/uploads\/2025\/04\/EFED-01-banner-768x146.png 768w\" sizes=\"(max-width: 1386px) 100vw, 1386px\" \/><\/figure>\n\n\n\n<figure class=\"wp-block-image size-full\"><img loading=\"lazy\" decoding=\"async\" width=\"1317\" height=\"164\" src=\"https:\/\/sites.uel.br\/nead\/wp-content\/uploads\/2025\/04\/EFED-02-infos.png\" alt=\"\" class=\"wp-image-4539\" srcset=\"https:\/\/sites.uel.br\/nead\/wp-content\/uploads\/2025\/04\/EFED-02-infos.png 1317w, https:\/\/sites.uel.br\/nead\/wp-content\/uploads\/2025\/04\/EFED-02-infos-300x37.png 300w, https:\/\/sites.uel.br\/nead\/wp-content\/uploads\/2025\/04\/EFED-02-infos-1024x128.png 1024w, https:\/\/sites.uel.br\/nead\/wp-content\/uploads\/2025\/04\/EFED-02-infos-768x96.png 768w\" sizes=\"(max-width: 1317px) 100vw, 1317px\" \/><\/figure>\n\n\n\n<figure class=\"wp-block-image size-full\"><img loading=\"lazy\" decoding=\"async\" width=\"1317\" height=\"324\" src=\"https:\/\/sites.uel.br\/nead\/wp-content\/uploads\/2026\/03\/Sobre-o-curso-reduzd.png\" alt=\"\" class=\"wp-image-6328\" srcset=\"https:\/\/sites.uel.br\/nead\/wp-content\/uploads\/2026\/03\/Sobre-o-curso-reduzd.png 1317w, https:\/\/sites.uel.br\/nead\/wp-content\/uploads\/2026\/03\/Sobre-o-curso-reduzd-300x74.png 300w, https:\/\/sites.uel.br\/nead\/wp-content\/uploads\/2026\/03\/Sobre-o-curso-reduzd-1024x252.png 1024w, https:\/\/sites.uel.br\/nead\/wp-content\/uploads\/2026\/03\/Sobre-o-curso-reduzd-768x189.png 768w\" sizes=\"(max-width: 1317px) 100vw, 1317px\" \/><\/figure>\n\n\n\n<figure class=\"wp-block-image size-full is-resized\"><img loading=\"lazy\" decoding=\"async\" width=\"1317\" height=\"102\" src=\"https:\/\/sites.uel.br\/nead\/wp-content\/uploads\/2026\/03\/Botao-embaixo-Sobre-1.png\" alt=\"\" class=\"wp-image-6325\" style=\"width:974px;height:auto\" srcset=\"https:\/\/sites.uel.br\/nead\/wp-content\/uploads\/2026\/03\/Botao-embaixo-Sobre-1.png 1317w, https:\/\/sites.uel.br\/nead\/wp-content\/uploads\/2026\/03\/Botao-embaixo-Sobre-1-300x23.png 300w, https:\/\/sites.uel.br\/nead\/wp-content\/uploads\/2026\/03\/Botao-embaixo-Sobre-1-1024x79.png 1024w, https:\/\/sites.uel.br\/nead\/wp-content\/uploads\/2026\/03\/Botao-embaixo-Sobre-1-768x59.png 768w\" sizes=\"(max-width: 1317px) 100vw, 1317px\" \/><\/figure>\n\n\n\n<div style=\"height:30px\" aria-hidden=\"true\" class=\"wp-block-spacer\"><\/div>\n\n\n<div class=\"wp-block-image\">\n<figure class=\"aligncenter size-full is-resized\"><a href=\"https:\/\/sites.uel.br\/nead\/editais\/#:~:text=EDITAL%20N%C2%BA%20008\/2026%2DUAB%2DUEL\" target=\"_blank\" rel=\"noreferrer noopener\"><img loading=\"lazy\" decoding=\"async\" width=\"1049\" height=\"123\" src=\"https:\/\/sites.uel.br\/nead\/wp-content\/uploads\/2026\/02\/Group-909-1.png\" alt=\"\" class=\"wp-image-6148\" style=\"width:800px\" srcset=\"https:\/\/sites.uel.br\/nead\/wp-content\/uploads\/2026\/02\/Group-909-1.png 1049w, https:\/\/sites.uel.br\/nead\/wp-content\/uploads\/2026\/02\/Group-909-1-300x35.png 300w, https:\/\/sites.uel.br\/nead\/wp-content\/uploads\/2026\/02\/Group-909-1-1024x120.png 1024w, https:\/\/sites.uel.br\/nead\/wp-content\/uploads\/2026\/02\/Group-909-1-768x90.png 768w\" sizes=\"(max-width: 1049px) 100vw, 1049px\" \/><\/a><\/figure><\/div>\n\n<div class=\"wp-block-image\">\n<figure class=\"aligncenter size-full is-resized\"><a href=\"https:\/\/sites.uel.br\/nead\/editais\/#:~:text=EDITAL%20N%C2%BA%20030\/2026%2DUAB%2DUEL\" target=\"_blank\" rel=\"noreferrer noopener\"><img loading=\"lazy\" decoding=\"async\" width=\"1049\" height=\"123\" src=\"https:\/\/sites.uel.br\/nead\/wp-content\/uploads\/2026\/03\/Group-1080.png\" alt=\"\" class=\"wp-image-6331\" style=\"width:800px\" srcset=\"https:\/\/sites.uel.br\/nead\/wp-content\/uploads\/2026\/03\/Group-1080.png 1049w, https:\/\/sites.uel.br\/nead\/wp-content\/uploads\/2026\/03\/Group-1080-300x35.png 300w, https:\/\/sites.uel.br\/nead\/wp-content\/uploads\/2026\/03\/Group-1080-1024x120.png 1024w, https:\/\/sites.uel.br\/nead\/wp-content\/uploads\/2026\/03\/Group-1080-768x90.png 768w\" sizes=\"(max-width: 1049px) 100vw, 1049px\" \/><\/a><\/figure><\/div>\n\n<div class=\"wp-block-image\">\n<figure class=\"aligncenter size-full is-resized\"><a href=\"https:\/\/sistemas.uel.br\/portaldepos\/index\" target=\"_blank\" rel=\"noreferrer noopener\"><img loading=\"lazy\" decoding=\"async\" width=\"670\" height=\"154\" src=\"https:\/\/sites.uel.br\/nead\/wp-content\/uploads\/2026\/03\/Group-1079.png\" alt=\"\" class=\"wp-image-6332\" style=\"width:400px\" srcset=\"https:\/\/sites.uel.br\/nead\/wp-content\/uploads\/2026\/03\/Group-1079.png 670w, https:\/\/sites.uel.br\/nead\/wp-content\/uploads\/2026\/03\/Group-1079-300x69.png 300w\" sizes=\"(max-width: 670px) 100vw, 670px\" \/><\/a><\/figure><\/div>\n\n\n<div style=\"height:45px\" aria-hidden=\"true\" class=\"wp-block-spacer\"><\/div>\n\n\n\n<figure class=\"wp-block-image size-full\"><img loading=\"lazy\" decoding=\"async\" width=\"1317\" height=\"1061\" src=\"https:\/\/sites.uel.br\/nead\/wp-content\/uploads\/2026\/02\/EFEBPerfil.png\" alt=\"\" class=\"wp-image-5984\" srcset=\"https:\/\/sites.uel.br\/nead\/wp-content\/uploads\/2026\/02\/EFEBPerfil.png 1317w, https:\/\/sites.uel.br\/nead\/wp-content\/uploads\/2026\/02\/EFEBPerfil-300x242.png 300w, https:\/\/sites.uel.br\/nead\/wp-content\/uploads\/2026\/02\/EFEBPerfil-1024x825.png 1024w, https:\/\/sites.uel.br\/nead\/wp-content\/uploads\/2026\/02\/EFEBPerfil-768x619.png 768w\" sizes=\"(max-width: 1317px) 100vw, 1317px\" \/><\/figure>\n\n\n\n<figure class=\"wp-block-image size-full\"><img loading=\"lazy\" decoding=\"async\" width=\"1317\" height=\"279\" src=\"https:\/\/sites.uel.br\/nead\/wp-content\/uploads\/2025\/04\/EFED-06-como-esta-organizado.png\" alt=\"\" class=\"wp-image-4543\" srcset=\"https:\/\/sites.uel.br\/nead\/wp-content\/uploads\/2025\/04\/EFED-06-como-esta-organizado.png 1317w, https:\/\/sites.uel.br\/nead\/wp-content\/uploads\/2025\/04\/EFED-06-como-esta-organizado-300x64.png 300w, https:\/\/sites.uel.br\/nead\/wp-content\/uploads\/2025\/04\/EFED-06-como-esta-organizado-1024x217.png 1024w, https:\/\/sites.uel.br\/nead\/wp-content\/uploads\/2025\/04\/EFED-06-como-esta-organizado-768x163.png 768w\" sizes=\"(max-width: 1317px) 100vw, 1317px\" \/><\/figure>\n\n\n\n<figure class=\"wp-block-image size-full\"><img loading=\"lazy\" decoding=\"async\" width=\"1317\" height=\"2031\" src=\"https:\/\/sites.uel.br\/nead\/wp-content\/uploads\/2025\/05\/EFED-07-disciplinas2.png\" alt=\"\" class=\"wp-image-4824\" srcset=\"https:\/\/sites.uel.br\/nead\/wp-content\/uploads\/2025\/05\/EFED-07-disciplinas2.png 1317w, https:\/\/sites.uel.br\/nead\/wp-content\/uploads\/2025\/05\/EFED-07-disciplinas2-195x300.png 195w, https:\/\/sites.uel.br\/nead\/wp-content\/uploads\/2025\/05\/EFED-07-disciplinas2-664x1024.png 664w, https:\/\/sites.uel.br\/nead\/wp-content\/uploads\/2025\/05\/EFED-07-disciplinas2-768x1184.png 768w, https:\/\/sites.uel.br\/nead\/wp-content\/uploads\/2025\/05\/EFED-07-disciplinas2-996x1536.png 996w\" sizes=\"(max-width: 1317px) 100vw, 1317px\" \/><\/figure>\n\n\n\n<figure class=\"wp-block-image size-full\"><img loading=\"lazy\" decoding=\"async\" width=\"1317\" height=\"1308\" src=\"https:\/\/sites.uel.br\/nead\/wp-content\/uploads\/2025\/04\/EFED-08-atividades.png\" alt=\"\" class=\"wp-image-4545\" srcset=\"https:\/\/sites.uel.br\/nead\/wp-content\/uploads\/2025\/04\/EFED-08-atividades.png 1317w, https:\/\/sites.uel.br\/nead\/wp-content\/uploads\/2025\/04\/EFED-08-atividades-300x298.png 300w, https:\/\/sites.uel.br\/nead\/wp-content\/uploads\/2025\/04\/EFED-08-atividades-1024x1017.png 1024w, https:\/\/sites.uel.br\/nead\/wp-content\/uploads\/2025\/04\/EFED-08-atividades-150x150.png 150w, https:\/\/sites.uel.br\/nead\/wp-content\/uploads\/2025\/04\/EFED-08-atividades-768x763.png 768w\" sizes=\"(max-width: 1317px) 100vw, 1317px\" \/><\/figure>\n\n\n\n<figure class=\"wp-block-image size-full\"><img loading=\"lazy\" decoding=\"async\" width=\"1317\" height=\"350\" src=\"https:\/\/sites.uel.br\/nead\/wp-content\/uploads\/2025\/04\/EFED-09-ambiente1-1.png\" alt=\"\" class=\"wp-image-4547\" srcset=\"https:\/\/sites.uel.br\/nead\/wp-content\/uploads\/2025\/04\/EFED-09-ambiente1-1.png 1317w, https:\/\/sites.uel.br\/nead\/wp-content\/uploads\/2025\/04\/EFED-09-ambiente1-1-300x80.png 300w, https:\/\/sites.uel.br\/nead\/wp-content\/uploads\/2025\/04\/EFED-09-ambiente1-1-1024x272.png 1024w, https:\/\/sites.uel.br\/nead\/wp-content\/uploads\/2025\/04\/EFED-09-ambiente1-1-768x204.png 768w\" sizes=\"(max-width: 1317px) 100vw, 1317px\" \/><\/figure>\n\n\n\n<figure class=\"wp-block-image size-full\"><img loading=\"lazy\" decoding=\"async\" width=\"1317\" height=\"925\" src=\"https:\/\/sites.uel.br\/nead\/wp-content\/uploads\/2025\/04\/EFED-10-ambiente2.png\" alt=\"\" class=\"wp-image-4548\" style=\"object-fit:cover\" srcset=\"https:\/\/sites.uel.br\/nead\/wp-content\/uploads\/2025\/04\/EFED-10-ambiente2.png 1317w, https:\/\/sites.uel.br\/nead\/wp-content\/uploads\/2025\/04\/EFED-10-ambiente2-300x211.png 300w, https:\/\/sites.uel.br\/nead\/wp-content\/uploads\/2025\/04\/EFED-10-ambiente2-1024x719.png 1024w, https:\/\/sites.uel.br\/nead\/wp-content\/uploads\/2025\/04\/EFED-10-ambiente2-768x539.png 768w\" sizes=\"(max-width: 1317px) 100vw, 1317px\" \/><\/figure>\n\n\n<div class=\"wp-block-image\">\n<figure class=\"aligncenter size-full is-resized\"><img loading=\"lazy\" decoding=\"async\" width=\"1104\" height=\"389\" src=\"https:\/\/sites.uel.br\/nead\/wp-content\/uploads\/2026\/02\/EFEBAvaliacao2.png\" alt=\"\" class=\"wp-image-5991\" style=\"width:900px\" srcset=\"https:\/\/sites.uel.br\/nead\/wp-content\/uploads\/2026\/02\/EFEBAvaliacao2.png 1104w, https:\/\/sites.uel.br\/nead\/wp-content\/uploads\/2026\/02\/EFEBAvaliacao2-300x106.png 300w, https:\/\/sites.uel.br\/nead\/wp-content\/uploads\/2026\/02\/EFEBAvaliacao2-1024x361.png 1024w, https:\/\/sites.uel.br\/nead\/wp-content\/uploads\/2026\/02\/EFEBAvaliacao2-768x271.png 768w\" sizes=\"(max-width: 1104px) 100vw, 1104px\" \/><\/figure><\/div>\n\n\n<figure class=\"wp-block-image size-full is-resized\"><img loading=\"lazy\" decoding=\"async\" width=\"1317\" height=\"1001\" src=\"https:\/\/sites.uel.br\/nead\/wp-content\/uploads\/2026\/02\/Polos26EFEB.png\" alt=\"\" class=\"wp-image-5979\" style=\"width:1062px\" srcset=\"https:\/\/sites.uel.br\/nead\/wp-content\/uploads\/2026\/02\/Polos26EFEB.png 1317w, https:\/\/sites.uel.br\/nead\/wp-content\/uploads\/2026\/02\/Polos26EFEB-300x228.png 300w, https:\/\/sites.uel.br\/nead\/wp-content\/uploads\/2026\/02\/Polos26EFEB-1024x778.png 1024w, https:\/\/sites.uel.br\/nead\/wp-content\/uploads\/2026\/02\/Polos26EFEB-768x584.png 768w\" sizes=\"(max-width: 1317px) 100vw, 1317px\" \/><\/figure>\n\n\n\n<figure class=\"wp-block-image size-full\"><img loading=\"lazy\" decoding=\"async\" width=\"1317\" height=\"181\" src=\"https:\/\/sites.uel.br\/nead\/wp-content\/uploads\/2025\/04\/EFED-13-contato.png\" alt=\"\" class=\"wp-image-4551\" srcset=\"https:\/\/sites.uel.br\/nead\/wp-content\/uploads\/2025\/04\/EFED-13-contato.png 1317w, https:\/\/sites.uel.br\/nead\/wp-content\/uploads\/2025\/04\/EFED-13-contato-300x41.png 300w, https:\/\/sites.uel.br\/nead\/wp-content\/uploads\/2025\/04\/EFED-13-contato-1024x141.png 1024w, https:\/\/sites.uel.br\/nead\/wp-content\/uploads\/2025\/04\/EFED-13-contato-768x106.png 768w\" sizes=\"(max-width: 1317px) 100vw, 1317px\" \/><\/figure>\n\n\n\n<figure class=\"wp-block-image size-full\"><img loading=\"lazy\" decoding=\"async\" width=\"1317\" height=\"1641\" src=\"https:\/\/sites.uel.br\/nead\/wp-content\/uploads\/2025\/04\/EFED-14-perguntas.png\" alt=\"\" class=\"wp-image-4552\" srcset=\"https:\/\/sites.uel.br\/nead\/wp-content\/uploads\/2025\/04\/EFED-14-perguntas.png 1317w, https:\/\/sites.uel.br\/nead\/wp-content\/uploads\/2025\/04\/EFED-14-perguntas-241x300.png 241w, https:\/\/sites.uel.br\/nead\/wp-content\/uploads\/2025\/04\/EFED-14-perguntas-822x1024.png 822w, https:\/\/sites.uel.br\/nead\/wp-content\/uploads\/2025\/04\/EFED-14-perguntas-768x957.png 768w, https:\/\/sites.uel.br\/nead\/wp-content\/uploads\/2025\/04\/EFED-14-perguntas-1233x1536.png 1233w\" sizes=\"(max-width: 1317px) 100vw, 1317px\" \/><\/figure>\n\n\n\n<figure class=\"wp-block-image size-full\"><img loading=\"lazy\" decoding=\"async\" width=\"1440\" height=\"298\" src=\"https:\/\/sites.uel.br\/nead\/wp-content\/uploads\/2024\/11\/logos_site_cursos.png\" alt=\"\" class=\"wp-image-3564\" srcset=\"https:\/\/sites.uel.br\/nead\/wp-content\/uploads\/2024\/11\/logos_site_cursos.png 1440w, https:\/\/sites.uel.br\/nead\/wp-content\/uploads\/2024\/11\/logos_site_cursos-300x62.png 300w, https:\/\/sites.uel.br\/nead\/wp-content\/uploads\/2024\/11\/logos_site_cursos-1024x212.png 1024w, https:\/\/sites.uel.br\/nead\/wp-content\/uploads\/2024\/11\/logos_site_cursos-768x159.png 768w\" sizes=\"(max-width: 1440px) 100vw, 1440px\" \/><\/figure>\n","protected":false},"excerpt":{"rendered":"","protected":false},"author":14,"featured_media":0,"parent":0,"menu_order":0,"comment_status":"closed","ping_status":"closed","template":"","meta":{"_themeisle_gutenberg_block_has_review":false,"footnotes":""},"acf":[],"_links":{"self":[{"href":"https:\/\/sites.uel.br\/nead\/wp-json\/wp\/v2\/pages\/4535"}],"collection":[{"href":"https:\/\/sites.uel.br\/nead\/wp-json\/wp\/v2\/pages"}],"about":[{"href":"https:\/\/sites.uel.br\/nead\/wp-json\/wp\/v2\/types\/page"}],"author":[{"embeddable":true,"href":"https:\/\/sites.uel.br\/nead\/wp-json\/wp\/v2\/users\/14"}],"replies":[{"embeddable":true,"href":"https:\/\/sites.uel.br\/nead\/wp-json\/wp\/v2\/comments?post=4535"}],"version-history":[{"count":42,"href":"https:\/\/sites.uel.br\/nead\/wp-json\/wp\/v2\/pages\/4535\/revisions"}],"predecessor-version":[{"id":6336,"href":"https:\/\/sites.uel.br\/nead\/wp-json\/wp\/v2\/pages\/4535\/revisions\/6336"}],"wp:attachment":[{"href":"https:\/\/sites.uel.br\/nead\/wp-json\/wp\/v2\/media?parent=4535"}],"curies":[{"name":"wp","href":"https:\/\/api.w.org\/{rel}","templated":true}]}}