{"id":4532,"date":"2025-04-30T11:31:05","date_gmt":"2025-04-30T14:31:05","guid":{"rendered":"https:\/\/sites.uel.br\/nead\/?page_id=4532"},"modified":"2025-09-03T10:43:11","modified_gmt":"2025-09-03T13:43:11","slug":"ens-lingua-portuguesa-e-tec-educacional-digital","status":"publish","type":"page","link":"https:\/\/sites.uel.br\/nead\/ens-lingua-portuguesa-e-tec-educacional-digital\/","title":{"rendered":"Especializa\u00e7\u00e3o em Ensino de L\u00edngua Portuguesa e Tecnologia Educacional Digital"},"content":{"rendered":"\n<figure class=\"wp-block-image size-full\"><img loading=\"lazy\" decoding=\"async\" width=\"1387\" height=\"263\" src=\"https:\/\/sites.uel.br\/nead\/wp-content\/uploads\/2025\/04\/LPTEC-01-banner.png\" alt=\"\" class=\"wp-image-4533\" srcset=\"https:\/\/sites.uel.br\/nead\/wp-content\/uploads\/2025\/04\/LPTEC-01-banner.png 1387w, https:\/\/sites.uel.br\/nead\/wp-content\/uploads\/2025\/04\/LPTEC-01-banner-300x57.png 300w, https:\/\/sites.uel.br\/nead\/wp-content\/uploads\/2025\/04\/LPTEC-01-banner-1024x194.png 1024w, https:\/\/sites.uel.br\/nead\/wp-content\/uploads\/2025\/04\/LPTEC-01-banner-768x146.png 768w\" sizes=\"(max-width: 1387px) 100vw, 1387px\" \/><\/figure>\n\n\n\n<figure class=\"wp-block-image size-full\"><img loading=\"lazy\" decoding=\"async\" width=\"1317\" height=\"166\" src=\"https:\/\/sites.uel.br\/nead\/wp-content\/uploads\/2025\/04\/LPTEC-02-botoes.png\" alt=\"\" class=\"wp-image-4640\" srcset=\"https:\/\/sites.uel.br\/nead\/wp-content\/uploads\/2025\/04\/LPTEC-02-botoes.png 1317w, https:\/\/sites.uel.br\/nead\/wp-content\/uploads\/2025\/04\/LPTEC-02-botoes-300x38.png 300w, https:\/\/sites.uel.br\/nead\/wp-content\/uploads\/2025\/04\/LPTEC-02-botoes-1024x129.png 1024w, https:\/\/sites.uel.br\/nead\/wp-content\/uploads\/2025\/04\/LPTEC-02-botoes-768x97.png 768w\" sizes=\"(max-width: 1317px) 100vw, 1317px\" \/><\/figure>\n\n\n\n<figure class=\"wp-block-image size-full\"><img loading=\"lazy\" decoding=\"async\" width=\"1317\" height=\"697\" src=\"https:\/\/sites.uel.br\/nead\/wp-content\/uploads\/2025\/07\/LPTEC-03-sobre-inscricoes-encerradas.png\" alt=\"\" class=\"wp-image-5212\" srcset=\"https:\/\/sites.uel.br\/nead\/wp-content\/uploads\/2025\/07\/LPTEC-03-sobre-inscricoes-encerradas.png 1317w, https:\/\/sites.uel.br\/nead\/wp-content\/uploads\/2025\/07\/LPTEC-03-sobre-inscricoes-encerradas-300x159.png 300w, https:\/\/sites.uel.br\/nead\/wp-content\/uploads\/2025\/07\/LPTEC-03-sobre-inscricoes-encerradas-1024x542.png 1024w, https:\/\/sites.uel.br\/nead\/wp-content\/uploads\/2025\/07\/LPTEC-03-sobre-inscricoes-encerradas-768x406.png 768w\" sizes=\"(max-width: 1317px) 100vw, 1317px\" \/><\/figure>\n\n\n\n<figure class=\"wp-block-image size-full is-resized\"><a href=\"https:\/\/sites.uel.br\/nead\/wp-content\/uploads\/2025\/06\/Edital_047-2025_Aluno_ELPTED_Prorrogacao_e_Inclusao_Polo_assinado.pdf\" target=\"_blank\" rel=\"noreferrer noopener\"><img loading=\"lazy\" decoding=\"async\" width=\"1317\" height=\"194\" src=\"https:\/\/sites.uel.br\/nead\/wp-content\/uploads\/2025\/06\/LPTEC-04-botao-prorrogacao-1.png\" alt=\"\" class=\"wp-image-5063\" style=\"width:1062px;height:auto\" srcset=\"https:\/\/sites.uel.br\/nead\/wp-content\/uploads\/2025\/06\/LPTEC-04-botao-prorrogacao-1.png 1317w, https:\/\/sites.uel.br\/nead\/wp-content\/uploads\/2025\/06\/LPTEC-04-botao-prorrogacao-1-300x44.png 300w, https:\/\/sites.uel.br\/nead\/wp-content\/uploads\/2025\/06\/LPTEC-04-botao-prorrogacao-1-1024x151.png 1024w, https:\/\/sites.uel.br\/nead\/wp-content\/uploads\/2025\/06\/LPTEC-04-botao-prorrogacao-1-768x113.png 768w\" sizes=\"(max-width: 1317px) 100vw, 1317px\" \/><\/a><\/figure>\n\n\n\n<figure class=\"wp-block-image size-full\"><img loading=\"lazy\" decoding=\"async\" width=\"1317\" height=\"1032\" src=\"https:\/\/sites.uel.br\/nead\/wp-content\/uploads\/2025\/04\/LPTEC-05-perfil.png\" alt=\"\" class=\"wp-image-4643\" srcset=\"https:\/\/sites.uel.br\/nead\/wp-content\/uploads\/2025\/04\/LPTEC-05-perfil.png 1317w, https:\/\/sites.uel.br\/nead\/wp-content\/uploads\/2025\/04\/LPTEC-05-perfil-300x235.png 300w, https:\/\/sites.uel.br\/nead\/wp-content\/uploads\/2025\/04\/LPTEC-05-perfil-1024x802.png 1024w, https:\/\/sites.uel.br\/nead\/wp-content\/uploads\/2025\/04\/LPTEC-05-perfil-768x602.png 768w\" sizes=\"(max-width: 1317px) 100vw, 1317px\" \/><\/figure>\n\n\n\n<figure class=\"wp-block-image size-full\"><img loading=\"lazy\" decoding=\"async\" width=\"1317\" height=\"296\" src=\"https:\/\/sites.uel.br\/nead\/wp-content\/uploads\/2025\/04\/LPTEC-06-como-esta-organizado.png\" alt=\"\" class=\"wp-image-4644\" srcset=\"https:\/\/sites.uel.br\/nead\/wp-content\/uploads\/2025\/04\/LPTEC-06-como-esta-organizado.png 1317w, https:\/\/sites.uel.br\/nead\/wp-content\/uploads\/2025\/04\/LPTEC-06-como-esta-organizado-300x67.png 300w, https:\/\/sites.uel.br\/nead\/wp-content\/uploads\/2025\/04\/LPTEC-06-como-esta-organizado-1024x230.png 1024w, https:\/\/sites.uel.br\/nead\/wp-content\/uploads\/2025\/04\/LPTEC-06-como-esta-organizado-768x173.png 768w\" sizes=\"(max-width: 1317px) 100vw, 1317px\" \/><\/figure>\n\n\n\n<figure class=\"wp-block-image size-full\"><img loading=\"lazy\" decoding=\"async\" width=\"1317\" height=\"1450\" src=\"https:\/\/sites.uel.br\/nead\/wp-content\/uploads\/2025\/09\/LPTEC-07-disciplinasatualizadas-1.png\" alt=\"\" class=\"wp-image-5682\" srcset=\"https:\/\/sites.uel.br\/nead\/wp-content\/uploads\/2025\/09\/LPTEC-07-disciplinasatualizadas-1.png 1317w, https:\/\/sites.uel.br\/nead\/wp-content\/uploads\/2025\/09\/LPTEC-07-disciplinasatualizadas-1-272x300.png 272w, https:\/\/sites.uel.br\/nead\/wp-content\/uploads\/2025\/09\/LPTEC-07-disciplinasatualizadas-1-930x1024.png 930w, https:\/\/sites.uel.br\/nead\/wp-content\/uploads\/2025\/09\/LPTEC-07-disciplinasatualizadas-1-768x846.png 768w\" sizes=\"(max-width: 1317px) 100vw, 1317px\" \/><\/figure>\n\n\n\n<figure class=\"wp-block-image size-full\"><img loading=\"lazy\" decoding=\"async\" width=\"1317\" height=\"1391\" src=\"https:\/\/sites.uel.br\/nead\/wp-content\/uploads\/2025\/04\/LPTEC-08-atividades.png\" alt=\"\" class=\"wp-image-4645\" srcset=\"https:\/\/sites.uel.br\/nead\/wp-content\/uploads\/2025\/04\/LPTEC-08-atividades.png 1317w, https:\/\/sites.uel.br\/nead\/wp-content\/uploads\/2025\/04\/LPTEC-08-atividades-284x300.png 284w, https:\/\/sites.uel.br\/nead\/wp-content\/uploads\/2025\/04\/LPTEC-08-atividades-970x1024.png 970w, https:\/\/sites.uel.br\/nead\/wp-content\/uploads\/2025\/04\/LPTEC-08-atividades-768x811.png 768w\" sizes=\"(max-width: 1317px) 100vw, 1317px\" \/><\/figure>\n\n\n\n<figure class=\"wp-block-image size-full\"><img loading=\"lazy\" decoding=\"async\" width=\"1317\" height=\"1258\" src=\"https:\/\/sites.uel.br\/nead\/wp-content\/uploads\/2025\/04\/LPTEC-09-ambiente-virtual.png\" alt=\"\" class=\"wp-image-4646\" srcset=\"https:\/\/sites.uel.br\/nead\/wp-content\/uploads\/2025\/04\/LPTEC-09-ambiente-virtual.png 1317w, https:\/\/sites.uel.br\/nead\/wp-content\/uploads\/2025\/04\/LPTEC-09-ambiente-virtual-300x287.png 300w, https:\/\/sites.uel.br\/nead\/wp-content\/uploads\/2025\/04\/LPTEC-09-ambiente-virtual-1024x978.png 1024w, https:\/\/sites.uel.br\/nead\/wp-content\/uploads\/2025\/04\/LPTEC-09-ambiente-virtual-768x734.png 768w\" sizes=\"(max-width: 1317px) 100vw, 1317px\" \/><\/figure>\n\n\n\n<figure class=\"wp-block-image size-full\"><img loading=\"lazy\" decoding=\"async\" width=\"1317\" height=\"408\" src=\"https:\/\/sites.uel.br\/nead\/wp-content\/uploads\/2025\/04\/LPTEC-10-avaliacoes.png\" alt=\"\" class=\"wp-image-4647\" srcset=\"https:\/\/sites.uel.br\/nead\/wp-content\/uploads\/2025\/04\/LPTEC-10-avaliacoes.png 1317w, https:\/\/sites.uel.br\/nead\/wp-content\/uploads\/2025\/04\/LPTEC-10-avaliacoes-300x93.png 300w, https:\/\/sites.uel.br\/nead\/wp-content\/uploads\/2025\/04\/LPTEC-10-avaliacoes-1024x317.png 1024w, https:\/\/sites.uel.br\/nead\/wp-content\/uploads\/2025\/04\/LPTEC-10-avaliacoes-768x238.png 768w\" sizes=\"(max-width: 1317px) 100vw, 1317px\" \/><\/figure>\n\n\n\n<figure class=\"wp-block-image size-full\"><img loading=\"lazy\" decoding=\"async\" width=\"1317\" height=\"997\" src=\"https:\/\/sites.uel.br\/nead\/wp-content\/uploads\/2025\/07\/LPTEC-11-polos2.png\" alt=\"\" class=\"wp-image-5446\" srcset=\"https:\/\/sites.uel.br\/nead\/wp-content\/uploads\/2025\/07\/LPTEC-11-polos2.png 1317w, https:\/\/sites.uel.br\/nead\/wp-content\/uploads\/2025\/07\/LPTEC-11-polos2-300x227.png 300w, https:\/\/sites.uel.br\/nead\/wp-content\/uploads\/2025\/07\/LPTEC-11-polos2-1024x775.png 1024w, https:\/\/sites.uel.br\/nead\/wp-content\/uploads\/2025\/07\/LPTEC-11-polos2-768x581.png 768w\" sizes=\"(max-width: 1317px) 100vw, 1317px\" \/><\/figure>\n\n\n\n<figure class=\"wp-block-image size-full\"><img loading=\"lazy\" decoding=\"async\" width=\"1317\" height=\"366\" src=\"https:\/\/sites.uel.br\/nead\/wp-content\/uploads\/2025\/07\/LPTEC-cards-polos.png\" alt=\"\" class=\"wp-image-5447\" srcset=\"https:\/\/sites.uel.br\/nead\/wp-content\/uploads\/2025\/07\/LPTEC-cards-polos.png 1317w, https:\/\/sites.uel.br\/nead\/wp-content\/uploads\/2025\/07\/LPTEC-cards-polos-300x83.png 300w, https:\/\/sites.uel.br\/nead\/wp-content\/uploads\/2025\/07\/LPTEC-cards-polos-1024x285.png 1024w, https:\/\/sites.uel.br\/nead\/wp-content\/uploads\/2025\/07\/LPTEC-cards-polos-768x213.png 768w\" sizes=\"(max-width: 1317px) 100vw, 1317px\" \/><\/figure>\n\n\n\n<figure class=\"wp-block-image size-full\"><img loading=\"lazy\" decoding=\"async\" width=\"1317\" height=\"195\" src=\"https:\/\/sites.uel.br\/nead\/wp-content\/uploads\/2025\/05\/LPTEC-12-contato.png\" alt=\"\" class=\"wp-image-4674\" srcset=\"https:\/\/sites.uel.br\/nead\/wp-content\/uploads\/2025\/05\/LPTEC-12-contato.png 1317w, https:\/\/sites.uel.br\/nead\/wp-content\/uploads\/2025\/05\/LPTEC-12-contato-300x44.png 300w, https:\/\/sites.uel.br\/nead\/wp-content\/uploads\/2025\/05\/LPTEC-12-contato-1024x152.png 1024w, https:\/\/sites.uel.br\/nead\/wp-content\/uploads\/2025\/05\/LPTEC-12-contato-768x114.png 768w\" sizes=\"(max-width: 1317px) 100vw, 1317px\" \/><\/figure>\n\n\n\n<figure class=\"wp-block-image size-full\"><img loading=\"lazy\" decoding=\"async\" width=\"1317\" height=\"1657\" src=\"https:\/\/sites.uel.br\/nead\/wp-content\/uploads\/2025\/04\/LPTEC-13-perguntas.png\" alt=\"\" class=\"wp-image-4650\" srcset=\"https:\/\/sites.uel.br\/nead\/wp-content\/uploads\/2025\/04\/LPTEC-13-perguntas.png 1317w, https:\/\/sites.uel.br\/nead\/wp-content\/uploads\/2025\/04\/LPTEC-13-perguntas-238x300.png 238w, https:\/\/sites.uel.br\/nead\/wp-content\/uploads\/2025\/04\/LPTEC-13-perguntas-814x1024.png 814w, https:\/\/sites.uel.br\/nead\/wp-content\/uploads\/2025\/04\/LPTEC-13-perguntas-768x966.png 768w, https:\/\/sites.uel.br\/nead\/wp-content\/uploads\/2025\/04\/LPTEC-13-perguntas-1221x1536.png 1221w\" sizes=\"(max-width: 1317px) 100vw, 1317px\" \/><\/figure>\n\n\n\n<figure class=\"wp-block-image size-full\"><img loading=\"lazy\" decoding=\"async\" width=\"1440\" height=\"298\" src=\"https:\/\/sites.uel.br\/nead\/wp-content\/uploads\/2024\/11\/logos_site_cursos.png\" alt=\"\" class=\"wp-image-3564\" srcset=\"https:\/\/sites.uel.br\/nead\/wp-content\/uploads\/2024\/11\/logos_site_cursos.png 1440w, https:\/\/sites.uel.br\/nead\/wp-content\/uploads\/2024\/11\/logos_site_cursos-300x62.png 300w, https:\/\/sites.uel.br\/nead\/wp-content\/uploads\/2024\/11\/logos_site_cursos-1024x212.png 1024w, https:\/\/sites.uel.br\/nead\/wp-content\/uploads\/2024\/11\/logos_site_cursos-768x159.png 768w\" sizes=\"(max-width: 1440px) 100vw, 1440px\" \/><\/figure>\n","protected":false},"excerpt":{"rendered":"","protected":false},"author":14,"featured_media":0,"parent":0,"menu_order":0,"comment_status":"closed","ping_status":"closed","template":"","meta":{"_themeisle_gutenberg_block_has_review":false,"footnotes":""},"acf":[],"_links":{"self":[{"href":"https:\/\/sites.uel.br\/nead\/wp-json\/wp\/v2\/pages\/4532"}],"collection":[{"href":"https:\/\/sites.uel.br\/nead\/wp-json\/wp\/v2\/pages"}],"about":[{"href":"https:\/\/sites.uel.br\/nead\/wp-json\/wp\/v2\/types\/page"}],"author":[{"embeddable":true,"href":"https:\/\/sites.uel.br\/nead\/wp-json\/wp\/v2\/users\/14"}],"replies":[{"embeddable":true,"href":"https:\/\/sites.uel.br\/nead\/wp-json\/wp\/v2\/comments?post=4532"}],"version-history":[{"count":18,"href":"https:\/\/sites.uel.br\/nead\/wp-json\/wp\/v2\/pages\/4532\/revisions"}],"predecessor-version":[{"id":5683,"href":"https:\/\/sites.uel.br\/nead\/wp-json\/wp\/v2\/pages\/4532\/revisions\/5683"}],"wp:attachment":[{"href":"https:\/\/sites.uel.br\/nead\/wp-json\/wp\/v2\/media?parent=4532"}],"curies":[{"name":"wp","href":"https:\/\/api.w.org\/{rel}","templated":true}]}}