{"id":4529,"date":"2025-05-06T11:56:50","date_gmt":"2025-05-06T14:56:50","guid":{"rendered":"https:\/\/sites.uel.br\/nead\/?page_id=4529"},"modified":"2025-07-24T09:39:22","modified_gmt":"2025-07-24T12:39:22","slug":"gestao-publica-pnap","status":"publish","type":"page","link":"https:\/\/sites.uel.br\/nead\/gestao-publica-pnap\/","title":{"rendered":"Especializa\u00e7\u00e3o em Gest\u00e3o P\u00fablica (PNAP)"},"content":{"rendered":"\n<figure class=\"wp-block-image size-full\"><img loading=\"lazy\" decoding=\"async\" width=\"1387\" height=\"262\" src=\"https:\/\/sites.uel.br\/nead\/wp-content\/uploads\/2025\/04\/espGP-01-banner.png\" alt=\"\" class=\"wp-image-4530\" srcset=\"https:\/\/sites.uel.br\/nead\/wp-content\/uploads\/2025\/04\/espGP-01-banner.png 1387w, https:\/\/sites.uel.br\/nead\/wp-content\/uploads\/2025\/04\/espGP-01-banner-300x57.png 300w, https:\/\/sites.uel.br\/nead\/wp-content\/uploads\/2025\/04\/espGP-01-banner-1024x193.png 1024w, https:\/\/sites.uel.br\/nead\/wp-content\/uploads\/2025\/04\/espGP-01-banner-768x145.png 768w\" sizes=\"(max-width: 1387px) 100vw, 1387px\" \/><\/figure>\n\n\n<div class=\"wp-block-image\">\n<figure class=\"aligncenter size-full\"><img loading=\"lazy\" decoding=\"async\" width=\"1317\" height=\"164\" src=\"https:\/\/sites.uel.br\/nead\/wp-content\/uploads\/2025\/05\/espGP-02-botoes.png\" alt=\"\" class=\"wp-image-4676\" srcset=\"https:\/\/sites.uel.br\/nead\/wp-content\/uploads\/2025\/05\/espGP-02-botoes.png 1317w, https:\/\/sites.uel.br\/nead\/wp-content\/uploads\/2025\/05\/espGP-02-botoes-300x37.png 300w, https:\/\/sites.uel.br\/nead\/wp-content\/uploads\/2025\/05\/espGP-02-botoes-1024x128.png 1024w, https:\/\/sites.uel.br\/nead\/wp-content\/uploads\/2025\/05\/espGP-02-botoes-768x96.png 768w\" sizes=\"(max-width: 1317px) 100vw, 1317px\" \/><\/figure><\/div>\n\n\n<figure class=\"wp-block-image size-full\"><img loading=\"lazy\" decoding=\"async\" width=\"1317\" height=\"406\" src=\"https:\/\/sites.uel.br\/nead\/wp-content\/uploads\/2025\/06\/espGP-03-sobre-encerradas.png\" alt=\"\" class=\"wp-image-5068\" srcset=\"https:\/\/sites.uel.br\/nead\/wp-content\/uploads\/2025\/06\/espGP-03-sobre-encerradas.png 1317w, https:\/\/sites.uel.br\/nead\/wp-content\/uploads\/2025\/06\/espGP-03-sobre-encerradas-300x92.png 300w, https:\/\/sites.uel.br\/nead\/wp-content\/uploads\/2025\/06\/espGP-03-sobre-encerradas-1024x316.png 1024w, https:\/\/sites.uel.br\/nead\/wp-content\/uploads\/2025\/06\/espGP-03-sobre-encerradas-768x237.png 768w\" sizes=\"(max-width: 1317px) 100vw, 1317px\" \/><\/figure>\n\n\n\n<figure class=\"wp-block-image size-full\"><a href=\"https:\/\/sites.uel.br\/nead\/wp-content\/uploads\/2025\/05\/Edital-042-2025_Aluno_Gestao-Publica.pdf\" target=\"_blank\" rel=\"noreferrer noopener\"><img loading=\"lazy\" decoding=\"async\" width=\"1317\" height=\"200\" src=\"https:\/\/sites.uel.br\/nead\/wp-content\/uploads\/2025\/05\/espGP-botao-edital.png\" alt=\"\" class=\"wp-image-4729\" srcset=\"https:\/\/sites.uel.br\/nead\/wp-content\/uploads\/2025\/05\/espGP-botao-edital.png 1317w, https:\/\/sites.uel.br\/nead\/wp-content\/uploads\/2025\/05\/espGP-botao-edital-300x46.png 300w, https:\/\/sites.uel.br\/nead\/wp-content\/uploads\/2025\/05\/espGP-botao-edital-1024x156.png 1024w, https:\/\/sites.uel.br\/nead\/wp-content\/uploads\/2025\/05\/espGP-botao-edital-768x117.png 768w\" sizes=\"(max-width: 1317px) 100vw, 1317px\" \/><\/a><\/figure>\n\n\n\n<figure class=\"wp-block-image size-full\"><img loading=\"lazy\" decoding=\"async\" width=\"1317\" height=\"1234\" src=\"https:\/\/sites.uel.br\/nead\/wp-content\/uploads\/2025\/05\/espGP-05-perfil-1.png\" alt=\"\" class=\"wp-image-4702\" srcset=\"https:\/\/sites.uel.br\/nead\/wp-content\/uploads\/2025\/05\/espGP-05-perfil-1.png 1317w, https:\/\/sites.uel.br\/nead\/wp-content\/uploads\/2025\/05\/espGP-05-perfil-1-300x281.png 300w, https:\/\/sites.uel.br\/nead\/wp-content\/uploads\/2025\/05\/espGP-05-perfil-1-1024x959.png 1024w, https:\/\/sites.uel.br\/nead\/wp-content\/uploads\/2025\/05\/espGP-05-perfil-1-768x720.png 768w\" sizes=\"(max-width: 1317px) 100vw, 1317px\" \/><\/figure>\n\n\n\n<figure class=\"wp-block-image size-full\"><img loading=\"lazy\" decoding=\"async\" width=\"1317\" height=\"223\" src=\"https:\/\/sites.uel.br\/nead\/wp-content\/uploads\/2025\/05\/espGP-06-como-o-curso.png\" alt=\"\" class=\"wp-image-4681\" srcset=\"https:\/\/sites.uel.br\/nead\/wp-content\/uploads\/2025\/05\/espGP-06-como-o-curso.png 1317w, https:\/\/sites.uel.br\/nead\/wp-content\/uploads\/2025\/05\/espGP-06-como-o-curso-300x51.png 300w, https:\/\/sites.uel.br\/nead\/wp-content\/uploads\/2025\/05\/espGP-06-como-o-curso-1024x173.png 1024w, https:\/\/sites.uel.br\/nead\/wp-content\/uploads\/2025\/05\/espGP-06-como-o-curso-768x130.png 768w\" sizes=\"(max-width: 1317px) 100vw, 1317px\" \/><\/figure>\n\n\n\n<figure class=\"wp-block-image size-full\"><img loading=\"lazy\" decoding=\"async\" width=\"1317\" height=\"1549\" src=\"https:\/\/sites.uel.br\/nead\/wp-content\/uploads\/2025\/05\/espGP-07-disciplinas.png\" alt=\"\" class=\"wp-image-4682\" srcset=\"https:\/\/sites.uel.br\/nead\/wp-content\/uploads\/2025\/05\/espGP-07-disciplinas.png 1317w, https:\/\/sites.uel.br\/nead\/wp-content\/uploads\/2025\/05\/espGP-07-disciplinas-255x300.png 255w, https:\/\/sites.uel.br\/nead\/wp-content\/uploads\/2025\/05\/espGP-07-disciplinas-871x1024.png 871w, https:\/\/sites.uel.br\/nead\/wp-content\/uploads\/2025\/05\/espGP-07-disciplinas-768x903.png 768w, https:\/\/sites.uel.br\/nead\/wp-content\/uploads\/2025\/05\/espGP-07-disciplinas-1306x1536.png 1306w\" sizes=\"(max-width: 1317px) 100vw, 1317px\" \/><\/figure>\n\n\n\n<figure class=\"wp-block-image size-full\"><img loading=\"lazy\" decoding=\"async\" width=\"1232\" height=\"1268\" src=\"https:\/\/sites.uel.br\/nead\/wp-content\/uploads\/2025\/05\/espGP-08-atividades-1.png\" alt=\"\" class=\"wp-image-4844\" srcset=\"https:\/\/sites.uel.br\/nead\/wp-content\/uploads\/2025\/05\/espGP-08-atividades-1.png 1232w, https:\/\/sites.uel.br\/nead\/wp-content\/uploads\/2025\/05\/espGP-08-atividades-1-291x300.png 291w, https:\/\/sites.uel.br\/nead\/wp-content\/uploads\/2025\/05\/espGP-08-atividades-1-995x1024.png 995w, https:\/\/sites.uel.br\/nead\/wp-content\/uploads\/2025\/05\/espGP-08-atividades-1-768x790.png 768w\" sizes=\"(max-width: 1232px) 100vw, 1232px\" \/><\/figure>\n\n\n\n<figure class=\"wp-block-image size-full\"><img loading=\"lazy\" decoding=\"async\" width=\"1317\" height=\"1250\" src=\"https:\/\/sites.uel.br\/nead\/wp-content\/uploads\/2025\/05\/espGP-09-ambiente.png\" alt=\"\" class=\"wp-image-4684\" srcset=\"https:\/\/sites.uel.br\/nead\/wp-content\/uploads\/2025\/05\/espGP-09-ambiente.png 1317w, https:\/\/sites.uel.br\/nead\/wp-content\/uploads\/2025\/05\/espGP-09-ambiente-300x285.png 300w, https:\/\/sites.uel.br\/nead\/wp-content\/uploads\/2025\/05\/espGP-09-ambiente-1024x972.png 1024w, https:\/\/sites.uel.br\/nead\/wp-content\/uploads\/2025\/05\/espGP-09-ambiente-768x729.png 768w\" sizes=\"(max-width: 1317px) 100vw, 1317px\" \/><\/figure>\n\n\n\n<figure class=\"wp-block-image size-full\"><img loading=\"lazy\" decoding=\"async\" width=\"1317\" height=\"375\" src=\"https:\/\/sites.uel.br\/nead\/wp-content\/uploads\/2025\/05\/espGP-10-avaliacoes.png\" alt=\"\" class=\"wp-image-4685\" srcset=\"https:\/\/sites.uel.br\/nead\/wp-content\/uploads\/2025\/05\/espGP-10-avaliacoes.png 1317w, https:\/\/sites.uel.br\/nead\/wp-content\/uploads\/2025\/05\/espGP-10-avaliacoes-300x85.png 300w, https:\/\/sites.uel.br\/nead\/wp-content\/uploads\/2025\/05\/espGP-10-avaliacoes-1024x292.png 1024w, https:\/\/sites.uel.br\/nead\/wp-content\/uploads\/2025\/05\/espGP-10-avaliacoes-768x219.png 768w\" sizes=\"(max-width: 1317px) 100vw, 1317px\" \/><\/figure>\n\n\n\n<figure class=\"wp-block-image size-full\"><img loading=\"lazy\" decoding=\"async\" width=\"1317\" height=\"931\" src=\"https:\/\/sites.uel.br\/nead\/wp-content\/uploads\/2025\/07\/espGP-11-polos.png\" alt=\"\" class=\"wp-image-5449\" srcset=\"https:\/\/sites.uel.br\/nead\/wp-content\/uploads\/2025\/07\/espGP-11-polos.png 1317w, https:\/\/sites.uel.br\/nead\/wp-content\/uploads\/2025\/07\/espGP-11-polos-300x212.png 300w, https:\/\/sites.uel.br\/nead\/wp-content\/uploads\/2025\/07\/espGP-11-polos-1024x724.png 1024w, https:\/\/sites.uel.br\/nead\/wp-content\/uploads\/2025\/07\/espGP-11-polos-768x543.png 768w\" sizes=\"(max-width: 1317px) 100vw, 1317px\" \/><\/figure>\n\n\n\n<figure class=\"wp-block-image size-full\"><img loading=\"lazy\" decoding=\"async\" width=\"1317\" height=\"1615\" src=\"https:\/\/sites.uel.br\/nead\/wp-content\/uploads\/2025\/07\/espGP-cards-polos.png\" alt=\"\" class=\"wp-image-5450\" srcset=\"https:\/\/sites.uel.br\/nead\/wp-content\/uploads\/2025\/07\/espGP-cards-polos.png 1317w, https:\/\/sites.uel.br\/nead\/wp-content\/uploads\/2025\/07\/espGP-cards-polos-245x300.png 245w, https:\/\/sites.uel.br\/nead\/wp-content\/uploads\/2025\/07\/espGP-cards-polos-835x1024.png 835w, https:\/\/sites.uel.br\/nead\/wp-content\/uploads\/2025\/07\/espGP-cards-polos-768x942.png 768w, https:\/\/sites.uel.br\/nead\/wp-content\/uploads\/2025\/07\/espGP-cards-polos-1253x1536.png 1253w\" sizes=\"(max-width: 1317px) 100vw, 1317px\" \/><\/figure>\n\n\n\n<figure class=\"wp-block-image size-full\"><img loading=\"lazy\" decoding=\"async\" width=\"1317\" height=\"178\" src=\"https:\/\/sites.uel.br\/nead\/wp-content\/uploads\/2025\/05\/espGP-12-contato-1.png\" alt=\"\" class=\"wp-image-4688\" srcset=\"https:\/\/sites.uel.br\/nead\/wp-content\/uploads\/2025\/05\/espGP-12-contato-1.png 1317w, https:\/\/sites.uel.br\/nead\/wp-content\/uploads\/2025\/05\/espGP-12-contato-1-300x41.png 300w, https:\/\/sites.uel.br\/nead\/wp-content\/uploads\/2025\/05\/espGP-12-contato-1-1024x138.png 1024w, https:\/\/sites.uel.br\/nead\/wp-content\/uploads\/2025\/05\/espGP-12-contato-1-768x104.png 768w\" sizes=\"(max-width: 1317px) 100vw, 1317px\" \/><\/figure>\n\n\n\n<figure class=\"wp-block-image size-full\"><img loading=\"lazy\" decoding=\"async\" width=\"1232\" height=\"1481\" src=\"https:\/\/sites.uel.br\/nead\/wp-content\/uploads\/2025\/05\/Group-895-1.png\" alt=\"\" class=\"wp-image-4921\" srcset=\"https:\/\/sites.uel.br\/nead\/wp-content\/uploads\/2025\/05\/Group-895-1.png 1232w, https:\/\/sites.uel.br\/nead\/wp-content\/uploads\/2025\/05\/Group-895-1-250x300.png 250w, https:\/\/sites.uel.br\/nead\/wp-content\/uploads\/2025\/05\/Group-895-1-852x1024.png 852w, https:\/\/sites.uel.br\/nead\/wp-content\/uploads\/2025\/05\/Group-895-1-768x923.png 768w\" sizes=\"(max-width: 1232px) 100vw, 1232px\" \/><\/figure>\n\n\n\n<figure class=\"wp-block-image size-full\"><img loading=\"lazy\" decoding=\"async\" width=\"1440\" height=\"298\" src=\"https:\/\/sites.uel.br\/nead\/wp-content\/uploads\/2024\/11\/logos_site_cursos.png\" alt=\"\" class=\"wp-image-3564\" srcset=\"https:\/\/sites.uel.br\/nead\/wp-content\/uploads\/2024\/11\/logos_site_cursos.png 1440w, https:\/\/sites.uel.br\/nead\/wp-content\/uploads\/2024\/11\/logos_site_cursos-300x62.png 300w, https:\/\/sites.uel.br\/nead\/wp-content\/uploads\/2024\/11\/logos_site_cursos-1024x212.png 1024w, https:\/\/sites.uel.br\/nead\/wp-content\/uploads\/2024\/11\/logos_site_cursos-768x159.png 768w\" sizes=\"(max-width: 1440px) 100vw, 1440px\" \/><\/figure>\n","protected":false},"excerpt":{"rendered":"","protected":false},"author":14,"featured_media":0,"parent":0,"menu_order":0,"comment_status":"closed","ping_status":"closed","template":"","meta":{"_themeisle_gutenberg_block_has_review":false,"footnotes":""},"acf":[],"_links":{"self":[{"href":"https:\/\/sites.uel.br\/nead\/wp-json\/wp\/v2\/pages\/4529"}],"collection":[{"href":"https:\/\/sites.uel.br\/nead\/wp-json\/wp\/v2\/pages"}],"about":[{"href":"https:\/\/sites.uel.br\/nead\/wp-json\/wp\/v2\/types\/page"}],"author":[{"embeddable":true,"href":"https:\/\/sites.uel.br\/nead\/wp-json\/wp\/v2\/users\/14"}],"replies":[{"embeddable":true,"href":"https:\/\/sites.uel.br\/nead\/wp-json\/wp\/v2\/comments?post=4529"}],"version-history":[{"count":21,"href":"https:\/\/sites.uel.br\/nead\/wp-json\/wp\/v2\/pages\/4529\/revisions"}],"predecessor-version":[{"id":5451,"href":"https:\/\/sites.uel.br\/nead\/wp-json\/wp\/v2\/pages\/4529\/revisions\/5451"}],"wp:attachment":[{"href":"https:\/\/sites.uel.br\/nead\/wp-json\/wp\/v2\/media?parent=4529"}],"curies":[{"name":"wp","href":"https:\/\/api.w.org\/{rel}","templated":true}]}}