{"id":4525,"date":"2025-04-30T08:57:56","date_gmt":"2025-04-30T11:57:56","guid":{"rendered":"https:\/\/sites.uel.br\/nead\/?page_id=4525"},"modified":"2025-07-31T08:44:31","modified_gmt":"2025-07-31T11:44:31","slug":"atividade-fisica-e-saude","status":"publish","type":"page","link":"https:\/\/sites.uel.br\/nead\/atividade-fisica-e-saude\/","title":{"rendered":"Especializa\u00e7\u00e3o em Atividade F\u00edsica e Sa\u00fade: da Aten\u00e7\u00e3o Prim\u00e1ria ao Atendimento Hospitalar"},"content":{"rendered":"\n<figure class=\"wp-block-image size-full\"><img loading=\"lazy\" decoding=\"async\" width=\"1387\" height=\"263\" src=\"https:\/\/sites.uel.br\/nead\/wp-content\/uploads\/2025\/04\/AFS-01-banner.png\" alt=\"\" class=\"wp-image-4527\" srcset=\"https:\/\/sites.uel.br\/nead\/wp-content\/uploads\/2025\/04\/AFS-01-banner.png 1387w, https:\/\/sites.uel.br\/nead\/wp-content\/uploads\/2025\/04\/AFS-01-banner-300x57.png 300w, https:\/\/sites.uel.br\/nead\/wp-content\/uploads\/2025\/04\/AFS-01-banner-1024x194.png 1024w, https:\/\/sites.uel.br\/nead\/wp-content\/uploads\/2025\/04\/AFS-01-banner-768x146.png 768w\" sizes=\"(max-width: 1387px) 100vw, 1387px\" \/><\/figure>\n\n\n\n<figure class=\"wp-block-image size-full\"><img loading=\"lazy\" decoding=\"async\" width=\"1317\" height=\"168\" src=\"https:\/\/sites.uel.br\/nead\/wp-content\/uploads\/2025\/04\/AFS-02-botoes-info.png\" alt=\"\" class=\"wp-image-4622\" srcset=\"https:\/\/sites.uel.br\/nead\/wp-content\/uploads\/2025\/04\/AFS-02-botoes-info.png 1317w, https:\/\/sites.uel.br\/nead\/wp-content\/uploads\/2025\/04\/AFS-02-botoes-info-300x38.png 300w, https:\/\/sites.uel.br\/nead\/wp-content\/uploads\/2025\/04\/AFS-02-botoes-info-1024x131.png 1024w, https:\/\/sites.uel.br\/nead\/wp-content\/uploads\/2025\/04\/AFS-02-botoes-info-768x98.png 768w\" sizes=\"(max-width: 1317px) 100vw, 1317px\" \/><\/figure>\n\n\n\n<figure class=\"wp-block-image size-full\"><img loading=\"lazy\" decoding=\"async\" width=\"1317\" height=\"396\" src=\"https:\/\/sites.uel.br\/nead\/wp-content\/uploads\/2025\/07\/AFS-03-sobre-inscricoes-encerradas.png\" alt=\"\" class=\"wp-image-5202\" srcset=\"https:\/\/sites.uel.br\/nead\/wp-content\/uploads\/2025\/07\/AFS-03-sobre-inscricoes-encerradas.png 1317w, https:\/\/sites.uel.br\/nead\/wp-content\/uploads\/2025\/07\/AFS-03-sobre-inscricoes-encerradas-300x90.png 300w, https:\/\/sites.uel.br\/nead\/wp-content\/uploads\/2025\/07\/AFS-03-sobre-inscricoes-encerradas-1024x308.png 1024w, https:\/\/sites.uel.br\/nead\/wp-content\/uploads\/2025\/07\/AFS-03-sobre-inscricoes-encerradas-768x231.png 768w\" sizes=\"(max-width: 1317px) 100vw, 1317px\" \/><\/figure>\n\n\n\n<figure class=\"wp-block-image size-full\"><a href=\"https:\/\/sites.uel.br\/nead\/wp-content\/uploads\/2025\/06\/Edital_046-2025_Aluno_Ativ_Fisica_e_Saude_Prorrogacao_assinado-1.pdf\" target=\"_blank\" rel=\"noreferrer noopener\"><img loading=\"lazy\" decoding=\"async\" width=\"1317\" height=\"178\" src=\"https:\/\/sites.uel.br\/nead\/wp-content\/uploads\/2025\/06\/AFS-botao-prorrogacao-1.png\" alt=\"\" class=\"wp-image-5038\" srcset=\"https:\/\/sites.uel.br\/nead\/wp-content\/uploads\/2025\/06\/AFS-botao-prorrogacao-1.png 1317w, https:\/\/sites.uel.br\/nead\/wp-content\/uploads\/2025\/06\/AFS-botao-prorrogacao-1-300x41.png 300w, https:\/\/sites.uel.br\/nead\/wp-content\/uploads\/2025\/06\/AFS-botao-prorrogacao-1-1024x138.png 1024w, https:\/\/sites.uel.br\/nead\/wp-content\/uploads\/2025\/06\/AFS-botao-prorrogacao-1-768x104.png 768w\" sizes=\"(max-width: 1317px) 100vw, 1317px\" \/><\/a><\/figure>\n\n\n\n<figure class=\"wp-block-image size-full\"><img loading=\"lazy\" decoding=\"async\" width=\"1317\" height=\"1412\" src=\"https:\/\/sites.uel.br\/nead\/wp-content\/uploads\/2025\/04\/AFS-05-perfil-academico.png\" alt=\"\" class=\"wp-image-4625\" srcset=\"https:\/\/sites.uel.br\/nead\/wp-content\/uploads\/2025\/04\/AFS-05-perfil-academico.png 1317w, https:\/\/sites.uel.br\/nead\/wp-content\/uploads\/2025\/04\/AFS-05-perfil-academico-280x300.png 280w, https:\/\/sites.uel.br\/nead\/wp-content\/uploads\/2025\/04\/AFS-05-perfil-academico-955x1024.png 955w, https:\/\/sites.uel.br\/nead\/wp-content\/uploads\/2025\/04\/AFS-05-perfil-academico-768x823.png 768w\" sizes=\"(max-width: 1317px) 100vw, 1317px\" \/><\/figure>\n\n\n\n<figure class=\"wp-block-image size-full\"><img loading=\"lazy\" decoding=\"async\" width=\"1317\" height=\"293\" src=\"https:\/\/sites.uel.br\/nead\/wp-content\/uploads\/2025\/04\/AFS-06-como-o-curso.png\" alt=\"\" class=\"wp-image-4626\" srcset=\"https:\/\/sites.uel.br\/nead\/wp-content\/uploads\/2025\/04\/AFS-06-como-o-curso.png 1317w, https:\/\/sites.uel.br\/nead\/wp-content\/uploads\/2025\/04\/AFS-06-como-o-curso-300x67.png 300w, https:\/\/sites.uel.br\/nead\/wp-content\/uploads\/2025\/04\/AFS-06-como-o-curso-1024x228.png 1024w, https:\/\/sites.uel.br\/nead\/wp-content\/uploads\/2025\/04\/AFS-06-como-o-curso-768x171.png 768w\" sizes=\"(max-width: 1317px) 100vw, 1317px\" \/><\/figure>\n\n\n\n<figure class=\"wp-block-image size-full\"><img loading=\"lazy\" decoding=\"async\" width=\"1317\" height=\"1857\" src=\"https:\/\/sites.uel.br\/nead\/wp-content\/uploads\/2025\/04\/AFS-07-disciplinas.png\" alt=\"\" class=\"wp-image-4627\" srcset=\"https:\/\/sites.uel.br\/nead\/wp-content\/uploads\/2025\/04\/AFS-07-disciplinas.png 1317w, https:\/\/sites.uel.br\/nead\/wp-content\/uploads\/2025\/04\/AFS-07-disciplinas-213x300.png 213w, https:\/\/sites.uel.br\/nead\/wp-content\/uploads\/2025\/04\/AFS-07-disciplinas-726x1024.png 726w, https:\/\/sites.uel.br\/nead\/wp-content\/uploads\/2025\/04\/AFS-07-disciplinas-768x1083.png 768w, https:\/\/sites.uel.br\/nead\/wp-content\/uploads\/2025\/04\/AFS-07-disciplinas-1089x1536.png 1089w\" sizes=\"(max-width: 1317px) 100vw, 1317px\" \/><\/figure>\n\n\n\n<figure class=\"wp-block-image size-full\"><img loading=\"lazy\" decoding=\"async\" width=\"1317\" height=\"1378\" src=\"https:\/\/sites.uel.br\/nead\/wp-content\/uploads\/2025\/04\/AFS-08-atividades.png\" alt=\"\" class=\"wp-image-4628\" srcset=\"https:\/\/sites.uel.br\/nead\/wp-content\/uploads\/2025\/04\/AFS-08-atividades.png 1317w, https:\/\/sites.uel.br\/nead\/wp-content\/uploads\/2025\/04\/AFS-08-atividades-287x300.png 287w, https:\/\/sites.uel.br\/nead\/wp-content\/uploads\/2025\/04\/AFS-08-atividades-979x1024.png 979w, https:\/\/sites.uel.br\/nead\/wp-content\/uploads\/2025\/04\/AFS-08-atividades-768x804.png 768w\" sizes=\"(max-width: 1317px) 100vw, 1317px\" \/><\/figure>\n\n\n\n<figure class=\"wp-block-image size-full\"><img loading=\"lazy\" decoding=\"async\" width=\"1317\" height=\"1242\" src=\"https:\/\/sites.uel.br\/nead\/wp-content\/uploads\/2025\/04\/AFS-09-ambiente-virtual.png\" alt=\"\" class=\"wp-image-4629\" srcset=\"https:\/\/sites.uel.br\/nead\/wp-content\/uploads\/2025\/04\/AFS-09-ambiente-virtual.png 1317w, https:\/\/sites.uel.br\/nead\/wp-content\/uploads\/2025\/04\/AFS-09-ambiente-virtual-300x283.png 300w, https:\/\/sites.uel.br\/nead\/wp-content\/uploads\/2025\/04\/AFS-09-ambiente-virtual-1024x966.png 1024w, https:\/\/sites.uel.br\/nead\/wp-content\/uploads\/2025\/04\/AFS-09-ambiente-virtual-768x724.png 768w\" sizes=\"(max-width: 1317px) 100vw, 1317px\" \/><\/figure>\n\n\n\n<figure class=\"wp-block-image size-full\"><img loading=\"lazy\" decoding=\"async\" width=\"1317\" height=\"348\" src=\"https:\/\/sites.uel.br\/nead\/wp-content\/uploads\/2025\/04\/AFS-10-avaliacoes.png\" alt=\"\" class=\"wp-image-4630\" srcset=\"https:\/\/sites.uel.br\/nead\/wp-content\/uploads\/2025\/04\/AFS-10-avaliacoes.png 1317w, https:\/\/sites.uel.br\/nead\/wp-content\/uploads\/2025\/04\/AFS-10-avaliacoes-300x79.png 300w, https:\/\/sites.uel.br\/nead\/wp-content\/uploads\/2025\/04\/AFS-10-avaliacoes-1024x271.png 1024w, https:\/\/sites.uel.br\/nead\/wp-content\/uploads\/2025\/04\/AFS-10-avaliacoes-768x203.png 768w\" sizes=\"(max-width: 1317px) 100vw, 1317px\" \/><\/figure>\n\n\n\n<figure class=\"wp-block-image size-full is-resized\"><img loading=\"lazy\" decoding=\"async\" width=\"1317\" height=\"1001\" src=\"https:\/\/sites.uel.br\/nead\/wp-content\/uploads\/2025\/07\/AFS-11-polos.png\" alt=\"\" class=\"wp-image-5438\" style=\"width:1062px;height:auto\" srcset=\"https:\/\/sites.uel.br\/nead\/wp-content\/uploads\/2025\/07\/AFS-11-polos.png 1317w, https:\/\/sites.uel.br\/nead\/wp-content\/uploads\/2025\/07\/AFS-11-polos-300x228.png 300w, https:\/\/sites.uel.br\/nead\/wp-content\/uploads\/2025\/07\/AFS-11-polos-1024x778.png 1024w, https:\/\/sites.uel.br\/nead\/wp-content\/uploads\/2025\/07\/AFS-11-polos-768x584.png 768w\" sizes=\"(max-width: 1317px) 100vw, 1317px\" \/><\/figure>\n\n\n\n<figure class=\"wp-block-image size-full\"><img loading=\"lazy\" decoding=\"async\" width=\"1317\" height=\"692\" src=\"https:\/\/sites.uel.br\/nead\/wp-content\/uploads\/2025\/07\/cards-esp-ativ-fisica-e-saude-site.png\" alt=\"\" class=\"wp-image-5524\" srcset=\"https:\/\/sites.uel.br\/nead\/wp-content\/uploads\/2025\/07\/cards-esp-ativ-fisica-e-saude-site.png 1317w, https:\/\/sites.uel.br\/nead\/wp-content\/uploads\/2025\/07\/cards-esp-ativ-fisica-e-saude-site-300x158.png 300w, https:\/\/sites.uel.br\/nead\/wp-content\/uploads\/2025\/07\/cards-esp-ativ-fisica-e-saude-site-1024x538.png 1024w, https:\/\/sites.uel.br\/nead\/wp-content\/uploads\/2025\/07\/cards-esp-ativ-fisica-e-saude-site-768x404.png 768w\" sizes=\"(max-width: 1317px) 100vw, 1317px\" \/><\/figure>\n\n\n\n<figure class=\"wp-block-image size-full\"><img loading=\"lazy\" decoding=\"async\" width=\"1317\" height=\"144\" src=\"https:\/\/sites.uel.br\/nead\/wp-content\/uploads\/2025\/04\/AFS-12-contato.png\" alt=\"\" class=\"wp-image-4632\" srcset=\"https:\/\/sites.uel.br\/nead\/wp-content\/uploads\/2025\/04\/AFS-12-contato.png 1317w, https:\/\/sites.uel.br\/nead\/wp-content\/uploads\/2025\/04\/AFS-12-contato-300x33.png 300w, https:\/\/sites.uel.br\/nead\/wp-content\/uploads\/2025\/04\/AFS-12-contato-1024x112.png 1024w, https:\/\/sites.uel.br\/nead\/wp-content\/uploads\/2025\/04\/AFS-12-contato-768x84.png 768w\" sizes=\"(max-width: 1317px) 100vw, 1317px\" \/><\/figure>\n\n\n\n<figure class=\"wp-block-image size-full\"><img loading=\"lazy\" decoding=\"async\" width=\"1317\" height=\"1649\" src=\"https:\/\/sites.uel.br\/nead\/wp-content\/uploads\/2025\/04\/AFS-13-perguntas.png\" alt=\"\" class=\"wp-image-4634\" srcset=\"https:\/\/sites.uel.br\/nead\/wp-content\/uploads\/2025\/04\/AFS-13-perguntas.png 1317w, https:\/\/sites.uel.br\/nead\/wp-content\/uploads\/2025\/04\/AFS-13-perguntas-240x300.png 240w, https:\/\/sites.uel.br\/nead\/wp-content\/uploads\/2025\/04\/AFS-13-perguntas-818x1024.png 818w, https:\/\/sites.uel.br\/nead\/wp-content\/uploads\/2025\/04\/AFS-13-perguntas-768x962.png 768w, https:\/\/sites.uel.br\/nead\/wp-content\/uploads\/2025\/04\/AFS-13-perguntas-1227x1536.png 1227w\" sizes=\"(max-width: 1317px) 100vw, 1317px\" \/><\/figure>\n\n\n\n<figure class=\"wp-block-image size-full\"><img loading=\"lazy\" decoding=\"async\" width=\"1440\" height=\"298\" src=\"https:\/\/sites.uel.br\/nead\/wp-content\/uploads\/2024\/11\/logos_site_cursos.png\" alt=\"\" class=\"wp-image-3564\" srcset=\"https:\/\/sites.uel.br\/nead\/wp-content\/uploads\/2024\/11\/logos_site_cursos.png 1440w, https:\/\/sites.uel.br\/nead\/wp-content\/uploads\/2024\/11\/logos_site_cursos-300x62.png 300w, https:\/\/sites.uel.br\/nead\/wp-content\/uploads\/2024\/11\/logos_site_cursos-1024x212.png 1024w, https:\/\/sites.uel.br\/nead\/wp-content\/uploads\/2024\/11\/logos_site_cursos-768x159.png 768w\" sizes=\"(max-width: 1440px) 100vw, 1440px\" \/><\/figure>\n","protected":false},"excerpt":{"rendered":"","protected":false},"author":14,"featured_media":0,"parent":0,"menu_order":0,"comment_status":"closed","ping_status":"closed","template":"","meta":{"_themeisle_gutenberg_block_has_review":false,"footnotes":""},"acf":[],"_links":{"self":[{"href":"https:\/\/sites.uel.br\/nead\/wp-json\/wp\/v2\/pages\/4525"}],"collection":[{"href":"https:\/\/sites.uel.br\/nead\/wp-json\/wp\/v2\/pages"}],"about":[{"href":"https:\/\/sites.uel.br\/nead\/wp-json\/wp\/v2\/types\/page"}],"author":[{"embeddable":true,"href":"https:\/\/sites.uel.br\/nead\/wp-json\/wp\/v2\/users\/14"}],"replies":[{"embeddable":true,"href":"https:\/\/sites.uel.br\/nead\/wp-json\/wp\/v2\/comments?post=4525"}],"version-history":[{"count":14,"href":"https:\/\/sites.uel.br\/nead\/wp-json\/wp\/v2\/pages\/4525\/revisions"}],"predecessor-version":[{"id":5525,"href":"https:\/\/sites.uel.br\/nead\/wp-json\/wp\/v2\/pages\/4525\/revisions\/5525"}],"wp:attachment":[{"href":"https:\/\/sites.uel.br\/nead\/wp-json\/wp\/v2\/media?parent=4525"}],"curies":[{"name":"wp","href":"https:\/\/api.w.org\/{rel}","templated":true}]}}