{"id":4499,"date":"2025-04-22T14:49:13","date_gmt":"2025-04-22T17:49:13","guid":{"rendered":"https:\/\/sites.uel.br\/nead\/?page_id=4499"},"modified":"2025-07-24T09:45:59","modified_gmt":"2025-07-24T12:45:59","slug":"ciencia-e-10","status":"publish","type":"page","link":"https:\/\/sites.uel.br\/nead\/ciencia-e-10\/","title":{"rendered":"Especializa\u00e7\u00e3o em Ensino de Ci\u00eancias \u201cCi\u00eancia \u00e9 10!\u201d"},"content":{"rendered":"\n<p><\/p>\n\n\n\n<figure class=\"wp-block-image size-full\"><img loading=\"lazy\" decoding=\"async\" width=\"1388\" height=\"263\" src=\"https:\/\/sites.uel.br\/nead\/wp-content\/uploads\/2025\/04\/C10-01-banner.png\" alt=\"\" class=\"wp-image-4500\" srcset=\"https:\/\/sites.uel.br\/nead\/wp-content\/uploads\/2025\/04\/C10-01-banner.png 1388w, https:\/\/sites.uel.br\/nead\/wp-content\/uploads\/2025\/04\/C10-01-banner-300x57.png 300w, https:\/\/sites.uel.br\/nead\/wp-content\/uploads\/2025\/04\/C10-01-banner-1024x194.png 1024w, https:\/\/sites.uel.br\/nead\/wp-content\/uploads\/2025\/04\/C10-01-banner-768x146.png 768w\" sizes=\"(max-width: 1388px) 100vw, 1388px\" \/><\/figure>\n\n\n\n<figure class=\"wp-block-image size-full\"><img loading=\"lazy\" decoding=\"async\" width=\"1317\" height=\"162\" src=\"https:\/\/sites.uel.br\/nead\/wp-content\/uploads\/2025\/04\/C10-02-dados-1.png\" alt=\"\" class=\"wp-image-4504\" srcset=\"https:\/\/sites.uel.br\/nead\/wp-content\/uploads\/2025\/04\/C10-02-dados-1.png 1317w, https:\/\/sites.uel.br\/nead\/wp-content\/uploads\/2025\/04\/C10-02-dados-1-300x37.png 300w, https:\/\/sites.uel.br\/nead\/wp-content\/uploads\/2025\/04\/C10-02-dados-1-1024x126.png 1024w, https:\/\/sites.uel.br\/nead\/wp-content\/uploads\/2025\/04\/C10-02-dados-1-768x94.png 768w\" sizes=\"(max-width: 1317px) 100vw, 1317px\" \/><\/figure>\n\n\n\n<figure class=\"wp-block-image size-full\"><img loading=\"lazy\" decoding=\"async\" width=\"1317\" height=\"585\" src=\"https:\/\/sites.uel.br\/nead\/wp-content\/uploads\/2025\/07\/C10-03-sobre-incricoes-encerradas.png\" alt=\"\" class=\"wp-image-5210\" srcset=\"https:\/\/sites.uel.br\/nead\/wp-content\/uploads\/2025\/07\/C10-03-sobre-incricoes-encerradas.png 1317w, https:\/\/sites.uel.br\/nead\/wp-content\/uploads\/2025\/07\/C10-03-sobre-incricoes-encerradas-300x133.png 300w, https:\/\/sites.uel.br\/nead\/wp-content\/uploads\/2025\/07\/C10-03-sobre-incricoes-encerradas-1024x455.png 1024w, https:\/\/sites.uel.br\/nead\/wp-content\/uploads\/2025\/07\/C10-03-sobre-incricoes-encerradas-768x341.png 768w\" sizes=\"(max-width: 1317px) 100vw, 1317px\" \/><\/figure>\n\n\n\n<figure class=\"wp-block-image size-full\"><a href=\"https:\/\/sites.uel.br\/nead\/wp-content\/uploads\/2025\/06\/Edital_045-2025_Aluno_Ciencia_e_10_Prorrogacao_assinado-1.pdf\" target=\"_blank\" rel=\"noreferrer noopener\"><img loading=\"lazy\" decoding=\"async\" width=\"1317\" height=\"164\" src=\"https:\/\/sites.uel.br\/nead\/wp-content\/uploads\/2025\/06\/C10-edital-prorrogacao.png\" alt=\"\" class=\"wp-image-5043\" srcset=\"https:\/\/sites.uel.br\/nead\/wp-content\/uploads\/2025\/06\/C10-edital-prorrogacao.png 1317w, https:\/\/sites.uel.br\/nead\/wp-content\/uploads\/2025\/06\/C10-edital-prorrogacao-300x37.png 300w, https:\/\/sites.uel.br\/nead\/wp-content\/uploads\/2025\/06\/C10-edital-prorrogacao-1024x128.png 1024w, https:\/\/sites.uel.br\/nead\/wp-content\/uploads\/2025\/06\/C10-edital-prorrogacao-768x96.png 768w\" sizes=\"(max-width: 1317px) 100vw, 1317px\" \/><\/a><\/figure>\n\n\n\n<figure class=\"wp-block-image size-full\"><img loading=\"lazy\" decoding=\"async\" width=\"1317\" height=\"1205\" src=\"https:\/\/sites.uel.br\/nead\/wp-content\/uploads\/2025\/05\/C10-05-perfil-academico2.png\" alt=\"\" class=\"wp-image-4848\" srcset=\"https:\/\/sites.uel.br\/nead\/wp-content\/uploads\/2025\/05\/C10-05-perfil-academico2.png 1317w, https:\/\/sites.uel.br\/nead\/wp-content\/uploads\/2025\/05\/C10-05-perfil-academico2-300x274.png 300w, https:\/\/sites.uel.br\/nead\/wp-content\/uploads\/2025\/05\/C10-05-perfil-academico2-1024x937.png 1024w, https:\/\/sites.uel.br\/nead\/wp-content\/uploads\/2025\/05\/C10-05-perfil-academico2-768x703.png 768w\" sizes=\"(max-width: 1317px) 100vw, 1317px\" \/><\/figure>\n\n\n\n<figure class=\"wp-block-image size-full\"><img loading=\"lazy\" decoding=\"async\" width=\"1317\" height=\"287\" src=\"https:\/\/sites.uel.br\/nead\/wp-content\/uploads\/2025\/04\/C10-06-como-o-curso-esta-organizado.png\" alt=\"\" class=\"wp-image-4510\" srcset=\"https:\/\/sites.uel.br\/nead\/wp-content\/uploads\/2025\/04\/C10-06-como-o-curso-esta-organizado.png 1317w, https:\/\/sites.uel.br\/nead\/wp-content\/uploads\/2025\/04\/C10-06-como-o-curso-esta-organizado-300x65.png 300w, https:\/\/sites.uel.br\/nead\/wp-content\/uploads\/2025\/04\/C10-06-como-o-curso-esta-organizado-1024x223.png 1024w, https:\/\/sites.uel.br\/nead\/wp-content\/uploads\/2025\/04\/C10-06-como-o-curso-esta-organizado-768x167.png 768w\" sizes=\"(max-width: 1317px) 100vw, 1317px\" \/><\/figure>\n\n\n\n<figure class=\"wp-block-image size-full\"><img loading=\"lazy\" decoding=\"async\" width=\"1317\" height=\"1318\" src=\"https:\/\/sites.uel.br\/nead\/wp-content\/uploads\/2025\/04\/C10-07-disciplinas.png\" alt=\"\" class=\"wp-image-4511\" srcset=\"https:\/\/sites.uel.br\/nead\/wp-content\/uploads\/2025\/04\/C10-07-disciplinas.png 1317w, https:\/\/sites.uel.br\/nead\/wp-content\/uploads\/2025\/04\/C10-07-disciplinas-300x300.png 300w, https:\/\/sites.uel.br\/nead\/wp-content\/uploads\/2025\/04\/C10-07-disciplinas-1024x1024.png 1024w, https:\/\/sites.uel.br\/nead\/wp-content\/uploads\/2025\/04\/C10-07-disciplinas-150x150.png 150w, https:\/\/sites.uel.br\/nead\/wp-content\/uploads\/2025\/04\/C10-07-disciplinas-768x769.png 768w\" sizes=\"(max-width: 1317px) 100vw, 1317px\" \/><\/figure>\n\n\n\n<figure class=\"wp-block-image size-full\"><img loading=\"lazy\" decoding=\"async\" width=\"1317\" height=\"740\" src=\"https:\/\/sites.uel.br\/nead\/wp-content\/uploads\/2025\/04\/C10-08-atividades-online-1.png\" alt=\"\" class=\"wp-image-4576\" srcset=\"https:\/\/sites.uel.br\/nead\/wp-content\/uploads\/2025\/04\/C10-08-atividades-online-1.png 1317w, https:\/\/sites.uel.br\/nead\/wp-content\/uploads\/2025\/04\/C10-08-atividades-online-1-300x169.png 300w, https:\/\/sites.uel.br\/nead\/wp-content\/uploads\/2025\/04\/C10-08-atividades-online-1-1024x575.png 1024w, https:\/\/sites.uel.br\/nead\/wp-content\/uploads\/2025\/04\/C10-08-atividades-online-1-768x432.png 768w\" sizes=\"(max-width: 1317px) 100vw, 1317px\" \/><\/figure>\n\n\n\n<figure class=\"wp-block-image size-full\"><a href=\"https:\/\/sites.uel.br\/nead\/wp-content\/uploads\/2025\/04\/Projeto-Pedagogico-Ciencia-e-10.pdf\" target=\"_blank\" rel=\"noreferrer noopener\"><img loading=\"lazy\" decoding=\"async\" width=\"1317\" height=\"505\" src=\"https:\/\/sites.uel.br\/nead\/wp-content\/uploads\/2025\/04\/C10-08-atividades-presenciais-1.png\" alt=\"\" class=\"wp-image-4577\" srcset=\"https:\/\/sites.uel.br\/nead\/wp-content\/uploads\/2025\/04\/C10-08-atividades-presenciais-1.png 1317w, https:\/\/sites.uel.br\/nead\/wp-content\/uploads\/2025\/04\/C10-08-atividades-presenciais-1-300x115.png 300w, https:\/\/sites.uel.br\/nead\/wp-content\/uploads\/2025\/04\/C10-08-atividades-presenciais-1-1024x393.png 1024w, https:\/\/sites.uel.br\/nead\/wp-content\/uploads\/2025\/04\/C10-08-atividades-presenciais-1-768x294.png 768w\" sizes=\"(max-width: 1317px) 100vw, 1317px\" \/><\/a><\/figure>\n\n\n\n<figure class=\"wp-block-image size-full\"><img loading=\"lazy\" decoding=\"async\" width=\"1317\" height=\"1242\" src=\"https:\/\/sites.uel.br\/nead\/wp-content\/uploads\/2025\/04\/C10-09-ambiente-virtual.png\" alt=\"\" class=\"wp-image-4514\" srcset=\"https:\/\/sites.uel.br\/nead\/wp-content\/uploads\/2025\/04\/C10-09-ambiente-virtual.png 1317w, https:\/\/sites.uel.br\/nead\/wp-content\/uploads\/2025\/04\/C10-09-ambiente-virtual-300x283.png 300w, https:\/\/sites.uel.br\/nead\/wp-content\/uploads\/2025\/04\/C10-09-ambiente-virtual-1024x966.png 1024w, https:\/\/sites.uel.br\/nead\/wp-content\/uploads\/2025\/04\/C10-09-ambiente-virtual-768x724.png 768w\" sizes=\"(max-width: 1317px) 100vw, 1317px\" \/><\/figure>\n\n\n\n<figure class=\"wp-block-image size-full\"><img loading=\"lazy\" decoding=\"async\" width=\"1317\" height=\"328\" src=\"https:\/\/sites.uel.br\/nead\/wp-content\/uploads\/2025\/04\/C10-10-avaliacoes.png\" alt=\"\" class=\"wp-image-4515\" srcset=\"https:\/\/sites.uel.br\/nead\/wp-content\/uploads\/2025\/04\/C10-10-avaliacoes.png 1317w, https:\/\/sites.uel.br\/nead\/wp-content\/uploads\/2025\/04\/C10-10-avaliacoes-300x75.png 300w, https:\/\/sites.uel.br\/nead\/wp-content\/uploads\/2025\/04\/C10-10-avaliacoes-1024x255.png 1024w, https:\/\/sites.uel.br\/nead\/wp-content\/uploads\/2025\/04\/C10-10-avaliacoes-768x191.png 768w\" sizes=\"(max-width: 1317px) 100vw, 1317px\" \/><\/figure>\n\n\n\n<figure class=\"wp-block-image size-full\"><img loading=\"lazy\" decoding=\"async\" width=\"1317\" height=\"120\" src=\"https:\/\/sites.uel.br\/nead\/wp-content\/uploads\/2025\/04\/C10-11-contato.png\" alt=\"\" class=\"wp-image-4517\" srcset=\"https:\/\/sites.uel.br\/nead\/wp-content\/uploads\/2025\/04\/C10-11-contato.png 1317w, https:\/\/sites.uel.br\/nead\/wp-content\/uploads\/2025\/04\/C10-11-contato-300x27.png 300w, https:\/\/sites.uel.br\/nead\/wp-content\/uploads\/2025\/04\/C10-11-contato-1024x93.png 1024w, https:\/\/sites.uel.br\/nead\/wp-content\/uploads\/2025\/04\/C10-11-contato-768x70.png 768w\" sizes=\"(max-width: 1317px) 100vw, 1317px\" \/><\/figure>\n\n\n\n<figure class=\"wp-block-image size-full\"><img loading=\"lazy\" decoding=\"async\" width=\"1317\" height=\"1997\" src=\"https:\/\/sites.uel.br\/nead\/wp-content\/uploads\/2025\/04\/C10-14-perguntas-frequentes-1.png\" alt=\"\" class=\"wp-image-4522\" srcset=\"https:\/\/sites.uel.br\/nead\/wp-content\/uploads\/2025\/04\/C10-14-perguntas-frequentes-1.png 1317w, https:\/\/sites.uel.br\/nead\/wp-content\/uploads\/2025\/04\/C10-14-perguntas-frequentes-1-198x300.png 198w, https:\/\/sites.uel.br\/nead\/wp-content\/uploads\/2025\/04\/C10-14-perguntas-frequentes-1-675x1024.png 675w, https:\/\/sites.uel.br\/nead\/wp-content\/uploads\/2025\/04\/C10-14-perguntas-frequentes-1-768x1165.png 768w, https:\/\/sites.uel.br\/nead\/wp-content\/uploads\/2025\/04\/C10-14-perguntas-frequentes-1-1013x1536.png 1013w\" sizes=\"(max-width: 1317px) 100vw, 1317px\" \/><\/figure>\n\n\n\n<figure class=\"wp-block-image size-full\"><img loading=\"lazy\" decoding=\"async\" width=\"1440\" height=\"298\" src=\"https:\/\/sites.uel.br\/nead\/wp-content\/uploads\/2024\/11\/logos_site_cursos.png\" alt=\"\" class=\"wp-image-3564\" srcset=\"https:\/\/sites.uel.br\/nead\/wp-content\/uploads\/2024\/11\/logos_site_cursos.png 1440w, https:\/\/sites.uel.br\/nead\/wp-content\/uploads\/2024\/11\/logos_site_cursos-300x62.png 300w, https:\/\/sites.uel.br\/nead\/wp-content\/uploads\/2024\/11\/logos_site_cursos-1024x212.png 1024w, https:\/\/sites.uel.br\/nead\/wp-content\/uploads\/2024\/11\/logos_site_cursos-768x159.png 768w\" sizes=\"(max-width: 1440px) 100vw, 1440px\" \/><\/figure>\n","protected":false},"excerpt":{"rendered":"","protected":false},"author":14,"featured_media":0,"parent":0,"menu_order":0,"comment_status":"closed","ping_status":"closed","template":"","meta":{"_themeisle_gutenberg_block_has_review":false,"footnotes":""},"acf":[],"_links":{"self":[{"href":"https:\/\/sites.uel.br\/nead\/wp-json\/wp\/v2\/pages\/4499"}],"collection":[{"href":"https:\/\/sites.uel.br\/nead\/wp-json\/wp\/v2\/pages"}],"about":[{"href":"https:\/\/sites.uel.br\/nead\/wp-json\/wp\/v2\/types\/page"}],"author":[{"embeddable":true,"href":"https:\/\/sites.uel.br\/nead\/wp-json\/wp\/v2\/users\/14"}],"replies":[{"embeddable":true,"href":"https:\/\/sites.uel.br\/nead\/wp-json\/wp\/v2\/comments?post=4499"}],"version-history":[{"count":24,"href":"https:\/\/sites.uel.br\/nead\/wp-json\/wp\/v2\/pages\/4499\/revisions"}],"predecessor-version":[{"id":5457,"href":"https:\/\/sites.uel.br\/nead\/wp-json\/wp\/v2\/pages\/4499\/revisions\/5457"}],"wp:attachment":[{"href":"https:\/\/sites.uel.br\/nead\/wp-json\/wp\/v2\/media?parent=4499"}],"curies":[{"name":"wp","href":"https:\/\/api.w.org\/{rel}","templated":true}]}}