{"id":4076,"date":"2025-02-28T11:25:01","date_gmt":"2025-02-28T14:25:01","guid":{"rendered":"https:\/\/sites.uel.br\/nead\/?page_id=4076"},"modified":"2025-07-24T09:25:20","modified_gmt":"2025-07-24T12:25:20","slug":"ensino-de-ingles-para-criancas","status":"publish","type":"page","link":"https:\/\/sites.uel.br\/nead\/ensino-de-ingles-para-criancas\/","title":{"rendered":"Especializa\u00e7\u00e3o em Ensino de Ingl\u00eas para Crian\u00e7as"},"content":{"rendered":"\n<figure class=\"wp-block-image size-full\"><img loading=\"lazy\" decoding=\"async\" width=\"1352\" height=\"257\" src=\"https:\/\/sites.uel.br\/nead\/wp-content\/uploads\/2025\/02\/EEIC-01-banner.png\" alt=\"\" class=\"wp-image-4082\" srcset=\"https:\/\/sites.uel.br\/nead\/wp-content\/uploads\/2025\/02\/EEIC-01-banner.png 1352w, https:\/\/sites.uel.br\/nead\/wp-content\/uploads\/2025\/02\/EEIC-01-banner-300x57.png 300w, https:\/\/sites.uel.br\/nead\/wp-content\/uploads\/2025\/02\/EEIC-01-banner-1024x195.png 1024w, https:\/\/sites.uel.br\/nead\/wp-content\/uploads\/2025\/02\/EEIC-01-banner-768x146.png 768w\" sizes=\"(max-width: 1352px) 100vw, 1352px\" \/><\/figure>\n\n\n\n<figure class=\"wp-block-image size-full\"><img loading=\"lazy\" decoding=\"async\" width=\"1317\" height=\"146\" src=\"https:\/\/sites.uel.br\/nead\/wp-content\/uploads\/2025\/03\/EEIC-02-botoes-especializacao-horas.png\" alt=\"\" class=\"wp-image-4138\" srcset=\"https:\/\/sites.uel.br\/nead\/wp-content\/uploads\/2025\/03\/EEIC-02-botoes-especializacao-horas.png 1317w, https:\/\/sites.uel.br\/nead\/wp-content\/uploads\/2025\/03\/EEIC-02-botoes-especializacao-horas-300x33.png 300w, https:\/\/sites.uel.br\/nead\/wp-content\/uploads\/2025\/03\/EEIC-02-botoes-especializacao-horas-1024x114.png 1024w, https:\/\/sites.uel.br\/nead\/wp-content\/uploads\/2025\/03\/EEIC-02-botoes-especializacao-horas-768x85.png 768w\" sizes=\"(max-width: 1317px) 100vw, 1317px\" \/><\/figure>\n\n\n\n<figure class=\"wp-block-image size-full\"><img loading=\"lazy\" decoding=\"async\" width=\"1317\" height=\"516\" src=\"https:\/\/sites.uel.br\/nead\/wp-content\/uploads\/2025\/07\/EEIC-incricoes-encerradas.png\" alt=\"\" class=\"wp-image-5443\" srcset=\"https:\/\/sites.uel.br\/nead\/wp-content\/uploads\/2025\/07\/EEIC-incricoes-encerradas.png 1317w, https:\/\/sites.uel.br\/nead\/wp-content\/uploads\/2025\/07\/EEIC-incricoes-encerradas-300x118.png 300w, https:\/\/sites.uel.br\/nead\/wp-content\/uploads\/2025\/07\/EEIC-incricoes-encerradas-1024x401.png 1024w, https:\/\/sites.uel.br\/nead\/wp-content\/uploads\/2025\/07\/EEIC-incricoes-encerradas-768x301.png 768w\" sizes=\"(max-width: 1317px) 100vw, 1317px\" \/><\/figure>\n\n\n\n<figure class=\"wp-block-image size-full\"><a href=\"https:\/\/sites.uel.br\/nead\/wp-content\/uploads\/2025\/03\/EDITAL-10-2025-SELECAO-ALUNO-2025-Retificado-prorrogado.pdf\" target=\"_blank\" rel=\"noreferrer noopener\"><img loading=\"lazy\" decoding=\"async\" width=\"1317\" height=\"175\" src=\"https:\/\/sites.uel.br\/nead\/wp-content\/uploads\/2025\/03\/EEIC-botao-edital.png\" alt=\"\" class=\"wp-image-4143\" srcset=\"https:\/\/sites.uel.br\/nead\/wp-content\/uploads\/2025\/03\/EEIC-botao-edital.png 1317w, https:\/\/sites.uel.br\/nead\/wp-content\/uploads\/2025\/03\/EEIC-botao-edital-300x40.png 300w, https:\/\/sites.uel.br\/nead\/wp-content\/uploads\/2025\/03\/EEIC-botao-edital-1024x136.png 1024w, https:\/\/sites.uel.br\/nead\/wp-content\/uploads\/2025\/03\/EEIC-botao-edital-768x102.png 768w\" sizes=\"(max-width: 1317px) 100vw, 1317px\" \/><\/a><\/figure>\n\n\n\n<figure class=\"wp-block-image size-full\"><img loading=\"lazy\" decoding=\"async\" width=\"1317\" height=\"916\" src=\"https:\/\/sites.uel.br\/nead\/wp-content\/uploads\/2025\/03\/EEIC-04-perfil-acad.png\" alt=\"\" class=\"wp-image-4149\" srcset=\"https:\/\/sites.uel.br\/nead\/wp-content\/uploads\/2025\/03\/EEIC-04-perfil-acad.png 1317w, https:\/\/sites.uel.br\/nead\/wp-content\/uploads\/2025\/03\/EEIC-04-perfil-acad-300x209.png 300w, https:\/\/sites.uel.br\/nead\/wp-content\/uploads\/2025\/03\/EEIC-04-perfil-acad-1024x712.png 1024w, https:\/\/sites.uel.br\/nead\/wp-content\/uploads\/2025\/03\/EEIC-04-perfil-acad-768x534.png 768w\" sizes=\"(max-width: 1317px) 100vw, 1317px\" \/><\/figure>\n\n\n\n<figure class=\"wp-block-image size-large\"><img loading=\"lazy\" decoding=\"async\" width=\"1024\" height=\"197\" src=\"https:\/\/sites.uel.br\/nead\/wp-content\/uploads\/2025\/03\/EEIC-05-como-esta-orgaizado-1024x197.png\" alt=\"\" class=\"wp-image-4151\" srcset=\"https:\/\/sites.uel.br\/nead\/wp-content\/uploads\/2025\/03\/EEIC-05-como-esta-orgaizado-1024x197.png 1024w, https:\/\/sites.uel.br\/nead\/wp-content\/uploads\/2025\/03\/EEIC-05-como-esta-orgaizado-300x58.png 300w, https:\/\/sites.uel.br\/nead\/wp-content\/uploads\/2025\/03\/EEIC-05-como-esta-orgaizado-768x148.png 768w, https:\/\/sites.uel.br\/nead\/wp-content\/uploads\/2025\/03\/EEIC-05-como-esta-orgaizado.png 1317w\" sizes=\"(max-width: 1024px) 100vw, 1024px\" \/><\/figure>\n\n\n\n<figure class=\"wp-block-image size-full\"><img loading=\"lazy\" decoding=\"async\" width=\"1317\" height=\"1348\" src=\"https:\/\/sites.uel.br\/nead\/wp-content\/uploads\/2025\/03\/EEIC-06-disciplinnas.png\" alt=\"\" class=\"wp-image-4153\" srcset=\"https:\/\/sites.uel.br\/nead\/wp-content\/uploads\/2025\/03\/EEIC-06-disciplinnas.png 1317w, https:\/\/sites.uel.br\/nead\/wp-content\/uploads\/2025\/03\/EEIC-06-disciplinnas-293x300.png 293w, https:\/\/sites.uel.br\/nead\/wp-content\/uploads\/2025\/03\/EEIC-06-disciplinnas-1000x1024.png 1000w, https:\/\/sites.uel.br\/nead\/wp-content\/uploads\/2025\/03\/EEIC-06-disciplinnas-768x786.png 768w\" sizes=\"(max-width: 1317px) 100vw, 1317px\" \/><\/figure>\n\n\n\n<figure class=\"wp-block-image size-full\"><img loading=\"lazy\" decoding=\"async\" width=\"1317\" height=\"1348\" src=\"https:\/\/sites.uel.br\/nead\/wp-content\/uploads\/2025\/03\/EEIC-07-atividades.png\" alt=\"\" class=\"wp-image-4155\" srcset=\"https:\/\/sites.uel.br\/nead\/wp-content\/uploads\/2025\/03\/EEIC-07-atividades.png 1317w, https:\/\/sites.uel.br\/nead\/wp-content\/uploads\/2025\/03\/EEIC-07-atividades-293x300.png 293w, https:\/\/sites.uel.br\/nead\/wp-content\/uploads\/2025\/03\/EEIC-07-atividades-1000x1024.png 1000w, https:\/\/sites.uel.br\/nead\/wp-content\/uploads\/2025\/03\/EEIC-07-atividades-768x786.png 768w\" sizes=\"(max-width: 1317px) 100vw, 1317px\" \/><\/figure>\n\n\n\n<figure class=\"wp-block-image size-full\"><img loading=\"lazy\" decoding=\"async\" width=\"1317\" height=\"1246\" src=\"https:\/\/sites.uel.br\/nead\/wp-content\/uploads\/2025\/03\/EEIC-08-ambiente-virtual-ap.png\" alt=\"\" class=\"wp-image-4156\" srcset=\"https:\/\/sites.uel.br\/nead\/wp-content\/uploads\/2025\/03\/EEIC-08-ambiente-virtual-ap.png 1317w, https:\/\/sites.uel.br\/nead\/wp-content\/uploads\/2025\/03\/EEIC-08-ambiente-virtual-ap-300x284.png 300w, https:\/\/sites.uel.br\/nead\/wp-content\/uploads\/2025\/03\/EEIC-08-ambiente-virtual-ap-1024x969.png 1024w, https:\/\/sites.uel.br\/nead\/wp-content\/uploads\/2025\/03\/EEIC-08-ambiente-virtual-ap-768x727.png 768w\" sizes=\"(max-width: 1317px) 100vw, 1317px\" \/><\/figure>\n\n\n\n<figure class=\"wp-block-image size-full\"><img loading=\"lazy\" decoding=\"async\" width=\"1317\" height=\"926\" src=\"https:\/\/sites.uel.br\/nead\/wp-content\/uploads\/2025\/07\/EEIC-10-polos.png\" alt=\"\" class=\"wp-image-5441\" srcset=\"https:\/\/sites.uel.br\/nead\/wp-content\/uploads\/2025\/07\/EEIC-10-polos.png 1317w, https:\/\/sites.uel.br\/nead\/wp-content\/uploads\/2025\/07\/EEIC-10-polos-300x211.png 300w, https:\/\/sites.uel.br\/nead\/wp-content\/uploads\/2025\/07\/EEIC-10-polos-1024x720.png 1024w, https:\/\/sites.uel.br\/nead\/wp-content\/uploads\/2025\/07\/EEIC-10-polos-768x540.png 768w\" sizes=\"(max-width: 1317px) 100vw, 1317px\" \/><\/figure>\n\n\n\n<figure class=\"wp-block-image size-full\"><img loading=\"lazy\" decoding=\"async\" width=\"1317\" height=\"366\" src=\"https:\/\/sites.uel.br\/nead\/wp-content\/uploads\/2025\/07\/EEIC-cards-polos.png\" alt=\"\" class=\"wp-image-5442\" srcset=\"https:\/\/sites.uel.br\/nead\/wp-content\/uploads\/2025\/07\/EEIC-cards-polos.png 1317w, https:\/\/sites.uel.br\/nead\/wp-content\/uploads\/2025\/07\/EEIC-cards-polos-300x83.png 300w, https:\/\/sites.uel.br\/nead\/wp-content\/uploads\/2025\/07\/EEIC-cards-polos-1024x285.png 1024w, https:\/\/sites.uel.br\/nead\/wp-content\/uploads\/2025\/07\/EEIC-cards-polos-768x213.png 768w\" sizes=\"(max-width: 1317px) 100vw, 1317px\" \/><\/figure>\n\n\n\n<figure class=\"wp-block-image size-full\"><img loading=\"lazy\" decoding=\"async\" width=\"1317\" height=\"385\" src=\"https:\/\/sites.uel.br\/nead\/wp-content\/uploads\/2025\/05\/EEIC-09-avaliacoes.png\" alt=\"\" class=\"wp-image-4945\" srcset=\"https:\/\/sites.uel.br\/nead\/wp-content\/uploads\/2025\/05\/EEIC-09-avaliacoes.png 1317w, https:\/\/sites.uel.br\/nead\/wp-content\/uploads\/2025\/05\/EEIC-09-avaliacoes-300x88.png 300w, https:\/\/sites.uel.br\/nead\/wp-content\/uploads\/2025\/05\/EEIC-09-avaliacoes-1024x299.png 1024w, https:\/\/sites.uel.br\/nead\/wp-content\/uploads\/2025\/05\/EEIC-09-avaliacoes-768x225.png 768w\" sizes=\"(max-width: 1317px) 100vw, 1317px\" \/><\/figure>\n\n\n\n<figure class=\"wp-block-image size-full\"><img loading=\"lazy\" decoding=\"async\" width=\"1317\" height=\"146\" src=\"https:\/\/sites.uel.br\/nead\/wp-content\/uploads\/2025\/02\/EEIC-12-contato.png\" alt=\"\" class=\"wp-image-4117\" srcset=\"https:\/\/sites.uel.br\/nead\/wp-content\/uploads\/2025\/02\/EEIC-12-contato.png 1317w, https:\/\/sites.uel.br\/nead\/wp-content\/uploads\/2025\/02\/EEIC-12-contato-300x33.png 300w, https:\/\/sites.uel.br\/nead\/wp-content\/uploads\/2025\/02\/EEIC-12-contato-1024x114.png 1024w, https:\/\/sites.uel.br\/nead\/wp-content\/uploads\/2025\/02\/EEIC-12-contato-768x85.png 768w\" sizes=\"(max-width: 1317px) 100vw, 1317px\" \/><\/figure>\n\n\n\n<figure class=\"wp-block-image size-full\"><img loading=\"lazy\" decoding=\"async\" width=\"1317\" height=\"1492\" src=\"https:\/\/sites.uel.br\/nead\/wp-content\/uploads\/2025\/03\/EEIC-11-perguntas-frequentes-1.png\" alt=\"\" class=\"wp-image-4212\" srcset=\"https:\/\/sites.uel.br\/nead\/wp-content\/uploads\/2025\/03\/EEIC-11-perguntas-frequentes-1.png 1317w, https:\/\/sites.uel.br\/nead\/wp-content\/uploads\/2025\/03\/EEIC-11-perguntas-frequentes-1-265x300.png 265w, https:\/\/sites.uel.br\/nead\/wp-content\/uploads\/2025\/03\/EEIC-11-perguntas-frequentes-1-904x1024.png 904w, https:\/\/sites.uel.br\/nead\/wp-content\/uploads\/2025\/03\/EEIC-11-perguntas-frequentes-1-768x870.png 768w\" sizes=\"(max-width: 1317px) 100vw, 1317px\" \/><\/figure>\n\n\n\n<figure class=\"wp-block-image size-full\"><img loading=\"lazy\" decoding=\"async\" width=\"1440\" height=\"298\" src=\"https:\/\/sites.uel.br\/nead\/wp-content\/uploads\/2024\/11\/logos_site_cursos.png\" alt=\"\" class=\"wp-image-3564\" srcset=\"https:\/\/sites.uel.br\/nead\/wp-content\/uploads\/2024\/11\/logos_site_cursos.png 1440w, https:\/\/sites.uel.br\/nead\/wp-content\/uploads\/2024\/11\/logos_site_cursos-300x62.png 300w, https:\/\/sites.uel.br\/nead\/wp-content\/uploads\/2024\/11\/logos_site_cursos-1024x212.png 1024w, https:\/\/sites.uel.br\/nead\/wp-content\/uploads\/2024\/11\/logos_site_cursos-768x159.png 768w\" sizes=\"(max-width: 1440px) 100vw, 1440px\" \/><\/figure>\n","protected":false},"excerpt":{"rendered":"","protected":false},"author":14,"featured_media":0,"parent":0,"menu_order":0,"comment_status":"closed","ping_status":"closed","template":"","meta":{"_themeisle_gutenberg_block_has_review":false,"footnotes":""},"acf":[],"_links":{"self":[{"href":"https:\/\/sites.uel.br\/nead\/wp-json\/wp\/v2\/pages\/4076"}],"collection":[{"href":"https:\/\/sites.uel.br\/nead\/wp-json\/wp\/v2\/pages"}],"about":[{"href":"https:\/\/sites.uel.br\/nead\/wp-json\/wp\/v2\/types\/page"}],"author":[{"embeddable":true,"href":"https:\/\/sites.uel.br\/nead\/wp-json\/wp\/v2\/users\/14"}],"replies":[{"embeddable":true,"href":"https:\/\/sites.uel.br\/nead\/wp-json\/wp\/v2\/comments?post=4076"}],"version-history":[{"count":39,"href":"https:\/\/sites.uel.br\/nead\/wp-json\/wp\/v2\/pages\/4076\/revisions"}],"predecessor-version":[{"id":5444,"href":"https:\/\/sites.uel.br\/nead\/wp-json\/wp\/v2\/pages\/4076\/revisions\/5444"}],"wp:attachment":[{"href":"https:\/\/sites.uel.br\/nead\/wp-json\/wp\/v2\/media?parent=4076"}],"curies":[{"name":"wp","href":"https:\/\/api.w.org\/{rel}","templated":true}]}}