{"id":4042,"date":"2025-03-07T15:40:04","date_gmt":"2025-03-07T18:40:04","guid":{"rendered":"https:\/\/sites.uel.br\/nead\/?page_id=4042"},"modified":"2025-07-24T09:46:20","modified_gmt":"2025-07-24T12:46:20","slug":"educacao-fisica-inclusiva","status":"publish","type":"page","link":"https:\/\/sites.uel.br\/nead\/educacao-fisica-inclusiva\/","title":{"rendered":"Especializa\u00e7\u00e3o em Educa\u00e7\u00e3o F\u00edsica Inclusiva"},"content":{"rendered":"\n<figure class=\"wp-block-image size-full\"><img loading=\"lazy\" decoding=\"async\" width=\"1442\" height=\"273\" src=\"https:\/\/sites.uel.br\/nead\/wp-content\/uploads\/2025\/02\/EFI-01-banner.png\" alt=\"\" class=\"wp-image-4043\" srcset=\"https:\/\/sites.uel.br\/nead\/wp-content\/uploads\/2025\/02\/EFI-01-banner.png 1442w, https:\/\/sites.uel.br\/nead\/wp-content\/uploads\/2025\/02\/EFI-01-banner-300x57.png 300w, https:\/\/sites.uel.br\/nead\/wp-content\/uploads\/2025\/02\/EFI-01-banner-1024x194.png 1024w, https:\/\/sites.uel.br\/nead\/wp-content\/uploads\/2025\/02\/EFI-01-banner-768x145.png 768w\" sizes=\"(max-width: 1442px) 100vw, 1442px\" \/><\/figure>\n\n\n\n<figure class=\"wp-block-image size-full\"><img loading=\"lazy\" decoding=\"async\" width=\"1440\" height=\"199\" src=\"https:\/\/sites.uel.br\/nead\/wp-content\/uploads\/2025\/02\/EFI-02-botoes-especializacao-horas.png\" alt=\"\" class=\"wp-image-4052\" srcset=\"https:\/\/sites.uel.br\/nead\/wp-content\/uploads\/2025\/02\/EFI-02-botoes-especializacao-horas.png 1440w, https:\/\/sites.uel.br\/nead\/wp-content\/uploads\/2025\/02\/EFI-02-botoes-especializacao-horas-300x41.png 300w, https:\/\/sites.uel.br\/nead\/wp-content\/uploads\/2025\/02\/EFI-02-botoes-especializacao-horas-1024x142.png 1024w, https:\/\/sites.uel.br\/nead\/wp-content\/uploads\/2025\/02\/EFI-02-botoes-especializacao-horas-768x106.png 768w\" sizes=\"(max-width: 1440px) 100vw, 1440px\" \/><\/figure>\n\n\n\n<figure class=\"wp-block-image size-full\"><img loading=\"lazy\" decoding=\"async\" width=\"1317\" height=\"355\" src=\"https:\/\/sites.uel.br\/nead\/wp-content\/uploads\/2025\/07\/01-incricoes-ENCERRADAS-1.png\" alt=\"\" class=\"wp-image-5206\" srcset=\"https:\/\/sites.uel.br\/nead\/wp-content\/uploads\/2025\/07\/01-incricoes-ENCERRADAS-1.png 1317w, https:\/\/sites.uel.br\/nead\/wp-content\/uploads\/2025\/07\/01-incricoes-ENCERRADAS-1-300x81.png 300w, https:\/\/sites.uel.br\/nead\/wp-content\/uploads\/2025\/07\/01-incricoes-ENCERRADAS-1-1024x276.png 1024w, https:\/\/sites.uel.br\/nead\/wp-content\/uploads\/2025\/07\/01-incricoes-ENCERRADAS-1-768x207.png 768w\" sizes=\"(max-width: 1317px) 100vw, 1317px\" \/><\/figure>\n\n\n\n<figure class=\"wp-block-image size-full\"><a href=\"https:\/\/sites.uel.br\/nead\/wp-content\/uploads\/2025\/06\/Edital_044-2025_Aluno_Ed_Fisica_Inclusiva_Prorrogacao_Inclusao_Polo_assinado.pdf\" target=\"_blank\" rel=\"noreferrer noopener\"><img loading=\"lazy\" decoding=\"async\" width=\"1317\" height=\"164\" src=\"https:\/\/sites.uel.br\/nead\/wp-content\/uploads\/2025\/06\/botao-prorrogacao.png\" alt=\"\" class=\"wp-image-5049\" srcset=\"https:\/\/sites.uel.br\/nead\/wp-content\/uploads\/2025\/06\/botao-prorrogacao.png 1317w, https:\/\/sites.uel.br\/nead\/wp-content\/uploads\/2025\/06\/botao-prorrogacao-300x37.png 300w, https:\/\/sites.uel.br\/nead\/wp-content\/uploads\/2025\/06\/botao-prorrogacao-1024x128.png 1024w, https:\/\/sites.uel.br\/nead\/wp-content\/uploads\/2025\/06\/botao-prorrogacao-768x96.png 768w\" sizes=\"(max-width: 1317px) 100vw, 1317px\" \/><\/a><\/figure>\n\n\n\n<figure class=\"wp-block-image size-full\"><img loading=\"lazy\" decoding=\"async\" width=\"1317\" height=\"1147\" src=\"https:\/\/sites.uel.br\/nead\/wp-content\/uploads\/2025\/05\/EFI-perfil-academico.png\" alt=\"\" class=\"wp-image-4846\" srcset=\"https:\/\/sites.uel.br\/nead\/wp-content\/uploads\/2025\/05\/EFI-perfil-academico.png 1317w, https:\/\/sites.uel.br\/nead\/wp-content\/uploads\/2025\/05\/EFI-perfil-academico-300x261.png 300w, https:\/\/sites.uel.br\/nead\/wp-content\/uploads\/2025\/05\/EFI-perfil-academico-1024x892.png 1024w, https:\/\/sites.uel.br\/nead\/wp-content\/uploads\/2025\/05\/EFI-perfil-academico-768x669.png 768w\" sizes=\"(max-width: 1317px) 100vw, 1317px\" \/><\/figure>\n\n\n\n<figure class=\"wp-block-image size-full\"><img loading=\"lazy\" decoding=\"async\" width=\"1317\" height=\"247\" src=\"https:\/\/sites.uel.br\/nead\/wp-content\/uploads\/2025\/03\/EFI-04-org.png\" alt=\"\" class=\"wp-image-4166\" srcset=\"https:\/\/sites.uel.br\/nead\/wp-content\/uploads\/2025\/03\/EFI-04-org.png 1317w, https:\/\/sites.uel.br\/nead\/wp-content\/uploads\/2025\/03\/EFI-04-org-300x56.png 300w, https:\/\/sites.uel.br\/nead\/wp-content\/uploads\/2025\/03\/EFI-04-org-1024x192.png 1024w, https:\/\/sites.uel.br\/nead\/wp-content\/uploads\/2025\/03\/EFI-04-org-768x144.png 768w\" sizes=\"(max-width: 1317px) 100vw, 1317px\" \/><\/figure>\n\n\n\n<figure class=\"wp-block-image size-full\"><img loading=\"lazy\" decoding=\"async\" width=\"1317\" height=\"1837\" src=\"https:\/\/sites.uel.br\/nead\/wp-content\/uploads\/2025\/03\/EFI-05-disc.png\" alt=\"\" class=\"wp-image-4167\" srcset=\"https:\/\/sites.uel.br\/nead\/wp-content\/uploads\/2025\/03\/EFI-05-disc.png 1317w, https:\/\/sites.uel.br\/nead\/wp-content\/uploads\/2025\/03\/EFI-05-disc-215x300.png 215w, https:\/\/sites.uel.br\/nead\/wp-content\/uploads\/2025\/03\/EFI-05-disc-734x1024.png 734w, https:\/\/sites.uel.br\/nead\/wp-content\/uploads\/2025\/03\/EFI-05-disc-768x1071.png 768w, https:\/\/sites.uel.br\/nead\/wp-content\/uploads\/2025\/03\/EFI-05-disc-1101x1536.png 1101w\" sizes=\"(max-width: 1317px) 100vw, 1317px\" \/><\/figure>\n\n\n\n<figure class=\"wp-block-image size-full\"><img loading=\"lazy\" decoding=\"async\" width=\"1317\" height=\"1486\" src=\"https:\/\/sites.uel.br\/nead\/wp-content\/uploads\/2025\/03\/EFI-06-ativ.png\" alt=\"\" class=\"wp-image-4170\" srcset=\"https:\/\/sites.uel.br\/nead\/wp-content\/uploads\/2025\/03\/EFI-06-ativ.png 1317w, https:\/\/sites.uel.br\/nead\/wp-content\/uploads\/2025\/03\/EFI-06-ativ-266x300.png 266w, https:\/\/sites.uel.br\/nead\/wp-content\/uploads\/2025\/03\/EFI-06-ativ-908x1024.png 908w, https:\/\/sites.uel.br\/nead\/wp-content\/uploads\/2025\/03\/EFI-06-ativ-768x867.png 768w\" sizes=\"(max-width: 1317px) 100vw, 1317px\" \/><\/figure>\n\n\n\n<figure class=\"wp-block-image size-full\"><img loading=\"lazy\" decoding=\"async\" width=\"1317\" height=\"1217\" src=\"https:\/\/sites.uel.br\/nead\/wp-content\/uploads\/2025\/03\/EFI-07-amb.png\" alt=\"\" class=\"wp-image-4171\" srcset=\"https:\/\/sites.uel.br\/nead\/wp-content\/uploads\/2025\/03\/EFI-07-amb.png 1317w, https:\/\/sites.uel.br\/nead\/wp-content\/uploads\/2025\/03\/EFI-07-amb-300x277.png 300w, https:\/\/sites.uel.br\/nead\/wp-content\/uploads\/2025\/03\/EFI-07-amb-1024x946.png 1024w, https:\/\/sites.uel.br\/nead\/wp-content\/uploads\/2025\/03\/EFI-07-amb-768x710.png 768w\" sizes=\"(max-width: 1317px) 100vw, 1317px\" \/><\/figure>\n\n\n\n<figure class=\"wp-block-image size-full\"><img loading=\"lazy\" decoding=\"async\" width=\"1440\" height=\"534\" src=\"https:\/\/sites.uel.br\/nead\/wp-content\/uploads\/2025\/02\/EFI-10-avaliacoes.png\" alt=\"\" class=\"wp-image-4059\" srcset=\"https:\/\/sites.uel.br\/nead\/wp-content\/uploads\/2025\/02\/EFI-10-avaliacoes.png 1440w, https:\/\/sites.uel.br\/nead\/wp-content\/uploads\/2025\/02\/EFI-10-avaliacoes-300x111.png 300w, https:\/\/sites.uel.br\/nead\/wp-content\/uploads\/2025\/02\/EFI-10-avaliacoes-1024x380.png 1024w, https:\/\/sites.uel.br\/nead\/wp-content\/uploads\/2025\/02\/EFI-10-avaliacoes-768x285.png 768w\" sizes=\"(max-width: 1440px) 100vw, 1440px\" \/><\/figure>\n\n\n\n<figure class=\"wp-block-image size-full\"><img loading=\"lazy\" decoding=\"async\" width=\"1317\" height=\"258\" src=\"https:\/\/sites.uel.br\/nead\/wp-content\/uploads\/2025\/03\/EFI-contato-1.png\" alt=\"\" class=\"wp-image-4179\" srcset=\"https:\/\/sites.uel.br\/nead\/wp-content\/uploads\/2025\/03\/EFI-contato-1.png 1317w, https:\/\/sites.uel.br\/nead\/wp-content\/uploads\/2025\/03\/EFI-contato-1-300x59.png 300w, https:\/\/sites.uel.br\/nead\/wp-content\/uploads\/2025\/03\/EFI-contato-1-1024x201.png 1024w, https:\/\/sites.uel.br\/nead\/wp-content\/uploads\/2025\/03\/EFI-contato-1-768x150.png 768w\" sizes=\"(max-width: 1317px) 100vw, 1317px\" \/><\/figure>\n\n\n\n<figure class=\"wp-block-image size-full\"><img loading=\"lazy\" decoding=\"async\" width=\"1317\" height=\"1510\" src=\"https:\/\/sites.uel.br\/nead\/wp-content\/uploads\/2025\/03\/EFI-13-perguntas.png\" alt=\"\" class=\"wp-image-4215\" srcset=\"https:\/\/sites.uel.br\/nead\/wp-content\/uploads\/2025\/03\/EFI-13-perguntas.png 1317w, https:\/\/sites.uel.br\/nead\/wp-content\/uploads\/2025\/03\/EFI-13-perguntas-262x300.png 262w, https:\/\/sites.uel.br\/nead\/wp-content\/uploads\/2025\/03\/EFI-13-perguntas-893x1024.png 893w, https:\/\/sites.uel.br\/nead\/wp-content\/uploads\/2025\/03\/EFI-13-perguntas-768x881.png 768w\" sizes=\"(max-width: 1317px) 100vw, 1317px\" \/><\/figure>\n\n\n\n<figure class=\"wp-block-image size-large\"><img loading=\"lazy\" decoding=\"async\" width=\"1024\" height=\"212\" src=\"https:\/\/sites.uel.br\/nead\/wp-content\/uploads\/2024\/11\/logos_site_cursos-1024x212.png\" alt=\"\" class=\"wp-image-3564\" srcset=\"https:\/\/sites.uel.br\/nead\/wp-content\/uploads\/2024\/11\/logos_site_cursos-1024x212.png 1024w, https:\/\/sites.uel.br\/nead\/wp-content\/uploads\/2024\/11\/logos_site_cursos-300x62.png 300w, https:\/\/sites.uel.br\/nead\/wp-content\/uploads\/2024\/11\/logos_site_cursos-768x159.png 768w, https:\/\/sites.uel.br\/nead\/wp-content\/uploads\/2024\/11\/logos_site_cursos.png 1440w\" sizes=\"(max-width: 1024px) 100vw, 1024px\" \/><\/figure>\n","protected":false},"excerpt":{"rendered":"","protected":false},"author":14,"featured_media":0,"parent":0,"menu_order":0,"comment_status":"closed","ping_status":"closed","template":"","meta":{"_themeisle_gutenberg_block_has_review":false,"footnotes":""},"acf":[],"_links":{"self":[{"href":"https:\/\/sites.uel.br\/nead\/wp-json\/wp\/v2\/pages\/4042"}],"collection":[{"href":"https:\/\/sites.uel.br\/nead\/wp-json\/wp\/v2\/pages"}],"about":[{"href":"https:\/\/sites.uel.br\/nead\/wp-json\/wp\/v2\/types\/page"}],"author":[{"embeddable":true,"href":"https:\/\/sites.uel.br\/nead\/wp-json\/wp\/v2\/users\/14"}],"replies":[{"embeddable":true,"href":"https:\/\/sites.uel.br\/nead\/wp-json\/wp\/v2\/comments?post=4042"}],"version-history":[{"count":46,"href":"https:\/\/sites.uel.br\/nead\/wp-json\/wp\/v2\/pages\/4042\/revisions"}],"predecessor-version":[{"id":5458,"href":"https:\/\/sites.uel.br\/nead\/wp-json\/wp\/v2\/pages\/4042\/revisions\/5458"}],"wp:attachment":[{"href":"https:\/\/sites.uel.br\/nead\/wp-json\/wp\/v2\/media?parent=4042"}],"curies":[{"name":"wp","href":"https:\/\/api.w.org\/{rel}","templated":true}]}}