{"id":3879,"date":"2025-03-11T09:05:26","date_gmt":"2025-03-11T12:05:26","guid":{"rendered":"https:\/\/sites.uel.br\/nead\/?page_id=3879"},"modified":"2025-07-01T16:07:54","modified_gmt":"2025-07-01T19:07:54","slug":"perguntas-frequentes","status":"publish","type":"page","link":"https:\/\/sites.uel.br\/nead\/perguntas-frequentes\/","title":{"rendered":"Perguntas Frequentes"},"content":{"rendered":"\n<figure class=\"wp-block-image size-full\"><img loading=\"lazy\" decoding=\"async\" width=\"6298\" height=\"744\" src=\"https:\/\/sites.uel.br\/nead\/wp-content\/uploads\/2024\/08\/capinha-site-NEAD-3.png\" alt=\"\" class=\"wp-image-2508\" srcset=\"https:\/\/sites.uel.br\/nead\/wp-content\/uploads\/2024\/08\/capinha-site-NEAD-3.png 6298w, https:\/\/sites.uel.br\/nead\/wp-content\/uploads\/2024\/08\/capinha-site-NEAD-3-300x35.png 300w, https:\/\/sites.uel.br\/nead\/wp-content\/uploads\/2024\/08\/capinha-site-NEAD-3-1024x121.png 1024w, https:\/\/sites.uel.br\/nead\/wp-content\/uploads\/2024\/08\/capinha-site-NEAD-3-768x91.png 768w, https:\/\/sites.uel.br\/nead\/wp-content\/uploads\/2024\/08\/capinha-site-NEAD-3-1536x181.png 1536w, https:\/\/sites.uel.br\/nead\/wp-content\/uploads\/2024\/08\/capinha-site-NEAD-3-2048x242.png 2048w\" sizes=\"(max-width: 6298px) 100vw, 6298px\" \/><\/figure>\n\n\n\n<div id=\"wp-block-themeisle-blocks-accordion-b1a21bf4\" class=\"wp-block-themeisle-blocks-accordion exclusive\">\n<details class=\"wp-block-themeisle-blocks-accordion-item\"><summary class=\"wp-block-themeisle-blocks-accordion-item__title\"><div>\u25b8 <strong>Os cursos a dist\u00e2ncia ofertados pela UEL s\u00e3o 100% online?<\/strong><\/div><\/summary><div class=\"wp-block-themeisle-blocks-accordion-item__content\">\n<p><strong>R:<\/strong> N\u00e3o. H\u00e1 atividades acad\u00eamicas presenciais (como provas semestrais) que s\u00e3o realizadas nos polos em que o estudante est\u00e1 matriculado.<\/p>\n<\/div><\/details>\n\n\n\n<details class=\"wp-block-themeisle-blocks-accordion-item\"><summary class=\"wp-block-themeisle-blocks-accordion-item__title\"><div>\u25b8 <strong>Quais cursos EaD s\u00e3o oferecidos pela UEL?<\/strong><\/div><\/summary><div class=\"wp-block-themeisle-blocks-accordion-item__content\">\n<p><strong>R: <\/strong>Atualmente, a Universidade Estadual de Londrina oferece dois cursos de gradua\u00e7\u00e3o (Licenciatura em Computa\u00e7\u00e3o e Tecnologia em Gest\u00e3o P\u00fablica) e nove cursos de p\u00f3s-gradua\u00e7\u00e3o (Atividade F\u00edsica e Sa\u00fade: da Aten\u00e7\u00e3o Prim\u00e1ria ao Atendimento Hospitalar; Educa\u00e7\u00e3o Digital para os Anos Iniciais do Ensino Fundamental; Educa\u00e7\u00e3o F\u00edsica Inclusiva; Educa\u00e7\u00e3o F\u00edsica na Educa\u00e7\u00e3o B\u00e1sica; Ensino de Ci\u00eancias \u201cCi\u00eancia \u00e9 10!\u201d; Ensino de L\u00edngua Portuguesa e Tecnologia Educacional Digital; Ensino de Ingl\u00eas para Crian\u00e7as; Gest\u00e3o P\u00fablica (PNAP) e Tecnologias de Inform\u00e1tica na Educa\u00e7\u00e3o). Novos cursos ser\u00e3o implementados de forma gradual em 2025 e 2026.<\/p>\n<\/div><\/details>\n\n\n\n<details class=\"wp-block-themeisle-blocks-accordion-item\"><summary class=\"wp-block-themeisle-blocks-accordion-item__title\"><div>\u25b8 <strong>As gradua\u00e7\u00f5es e p\u00f3s-gradua\u00e7\u00f5es EaD da UEL s\u00e3o reconhecidas pelo MEC?<\/strong><\/div><\/summary><div class=\"wp-block-themeisle-blocks-accordion-item__content\">\n<p><strong>R:<\/strong> Sim. Os cursos a dist\u00e2ncia s\u00e3o reconhecidos pelo Minist\u00e9rio da Educa\u00e7\u00e3o (MEC). Ao concluir, os estudantes recebem certificado da Universidade Estadual de Londrina.<\/p>\n<\/div><\/details>\n\n\n\n<details class=\"wp-block-themeisle-blocks-accordion-item\"><summary class=\"wp-block-themeisle-blocks-accordion-item__title\"><div>\u25b8 <strong>Como se inscrever nos cursos de gradua\u00e7\u00e3o EaD da UEL?<\/strong><\/div><\/summary><div class=\"wp-block-themeisle-blocks-accordion-item__content\">\n<p><strong>R:<\/strong> Cada curso de gradua\u00e7\u00e3o e de p\u00f3s-gradua\u00e7\u00e3o a dist\u00e2ncia apresenta datas e editais espec\u00edficos para o processo seletivo dos estudantes. Entre as formas de ingresso na <strong>gradua\u00e7\u00e3o<\/strong> est\u00e3o a classifica\u00e7\u00e3o por meio da pontua\u00e7\u00e3o obtida no Vestibular da UEL ou no Exame Nacional do Ensino M\u00e9dio (Enem). Os estudantes tamb\u00e9m podem ser selecionados como Portadores de Diploma de Curso Superior, seguindo as normas da UEL.<\/p>\n<\/div><\/details>\n\n\n\n<details class=\"wp-block-themeisle-blocks-accordion-item\"><summary class=\"wp-block-themeisle-blocks-accordion-item__title\"><div>\u25b8 <strong>Como se inscrever nos cursos de p\u00f3s-gradua\u00e7\u00e3o EaD da UEL?<\/strong><\/div><\/summary><div class=\"wp-block-themeisle-blocks-accordion-item__content\">\n<p><strong>R:<\/strong> Cada curso de gradua\u00e7\u00e3o e de p\u00f3s-gradua\u00e7\u00e3o a dist\u00e2ncia apresenta datas e editais espec\u00edficos para o processo seletivo dos estudantes. Com rela\u00e7\u00e3o aos cursos de <strong>p\u00f3s-gradua\u00e7\u00e3o<\/strong>, os editais de sele\u00e7\u00e3o s\u00e3o publicados na p\u00e1gina do Nead (<a href=\"https:\/\/sites.uel.br\/nead\/editais\/\">https:\/\/sites.uel.br\/nead\/editais\/<\/a>) e tamb\u00e9m no site da Pr\u00f3-Reitoria de Pesquisa e P\u00f3s-Gradua\u00e7\u00e3o da UEL (PROPPG) (<a href=\"https:\/\/sites.uel.br\/proppg\/editais-abertos\/\">https:\/\/sites.uel.br\/proppg\/editais-abertos\/<\/a>).<\/p>\n<\/div><\/details>\n\n\n\n<details class=\"wp-block-themeisle-blocks-accordion-item\"><summary class=\"wp-block-themeisle-blocks-accordion-item__title\"><div>\u25b8 <strong>H\u00e1 cobran\u00e7a de mensalidade?<\/strong><\/div><\/summary><div class=\"wp-block-themeisle-blocks-accordion-item__content\">\n<p><strong>R:<\/strong> N\u00e3o. H\u00e1 apenas a cobran\u00e7a de uma taxa de inscri\u00e7\u00e3o para participar do processo seletivo.<\/p>\n<\/div><\/details>\n\n\n\n<details class=\"wp-block-themeisle-blocks-accordion-item\"><summary class=\"wp-block-themeisle-blocks-accordion-item__title\"><div>\u25b8 <strong>Quais s\u00e3o os requisitos m\u00ednimos para realizar o curso?<\/strong><\/div><\/summary><div class=\"wp-block-themeisle-blocks-accordion-item__content\">\n<p><strong>R:<\/strong> Ter acesso \u00e0 internet, organizar uma rotina de estudos para o cumprimento das atividades e ter disponibilidade para ir at\u00e9 o polo nas datas estabelecidas pela coordena\u00e7\u00e3o dos cursos.<\/p>\n<\/div><\/details>\n\n\n\n<details class=\"wp-block-themeisle-blocks-accordion-item\"><summary class=\"wp-block-themeisle-blocks-accordion-item__title\"><div>\u25b8 <strong>Os cursos EaD da UEL s\u00e3o ofertados em quais cidades?<\/strong><\/div><\/summary><div class=\"wp-block-themeisle-blocks-accordion-item__content\">\n<p><strong>R:<\/strong> A escolha dos munic\u00edpios que ofertam cada um dos cursos a dist\u00e2ncia da UEL \u00e9 feita de acordo com crit\u00e9rios espec\u00edficos considerando as demandas elencadas pelos polos UAB (Universidade Aberta do Brasil). A quantidade de polos e as cidades contempladas s\u00e3o divulgadas nos editais de inscri\u00e7\u00e3o dos estudantes.<\/p>\n<\/div><\/details>\n\n\n\n<details class=\"wp-block-themeisle-blocks-accordion-item\"><summary class=\"wp-block-themeisle-blocks-accordion-item__title\"><div>\u25b8 <strong>\u00c9 poss\u00edvel solicitar a mudan\u00e7a de polo EaD no decorrer do curso?<\/strong><\/div><\/summary><div class=\"wp-block-themeisle-blocks-accordion-item__content\">\n<p><strong>R:<\/strong> N\u00e3o. O aluno deve estar atento, no momento da inscri\u00e7\u00e3o, para verificar se poder\u00e1 comparecer ao polo no qual est\u00e1 se inscrevendo.<\/p>\n<\/div><\/details>\n\n\n\n<details class=\"wp-block-themeisle-blocks-accordion-item\"><summary class=\"wp-block-themeisle-blocks-accordion-item__title\"><div>\u25b8 <strong>Na p\u00f3s-gradua\u00e7\u00e3o, \u00e9 necess\u00e1rio fazer Trabalho de Conclus\u00e3o de Curso (TCC)?<\/strong><\/div><\/summary><div class=\"wp-block-themeisle-blocks-accordion-item__content\">\n<p><strong>R:<\/strong> Depende do curso. Cada especializa\u00e7\u00e3o possui projeto pedag\u00f3gico espec\u00edfico. Confira na p\u00e1gina do curso escolhido se h\u00e1 a exig\u00eancia de TCC (<a href=\"https:\/\/sites.uel.br\/nead\/pos-graduacao\/\">https:\/\/sites.uel.br\/nead\/pos-graduacao\/<\/a>).<\/p>\n<\/div><\/details>\n\n\n\n<details class=\"wp-block-themeisle-blocks-accordion-item\"><summary class=\"wp-block-themeisle-blocks-accordion-item__title\"><div>\u25b8 <strong>Por que h\u00e1 a necessidade de ir at\u00e9 os polos de apoio se o curso \u00e9 EaD?<\/strong><\/div><\/summary><div class=\"wp-block-themeisle-blocks-accordion-item__content\">\n<p><strong>R: <\/strong>Os projetos pedag\u00f3gicos dos cursos EaD da UEL seguem resolu\u00e7\u00f5es definidas pelo Minist\u00e9rio da Educa\u00e7\u00e3o (MEC), Conselho Nacional de Educa\u00e7\u00e3o (CNE) e diretrizes e bases da educa\u00e7\u00e3o nacional estabelecidos pela legisla\u00e7\u00e3o brasileira, que estabelecem a obrigatoriedade de momentos presenciais como a realiza\u00e7\u00e3o de avalia\u00e7\u00f5es.<\/p>\n<\/div><\/details>\n\n\n\n<details class=\"wp-block-themeisle-blocks-accordion-item\"><summary class=\"wp-block-themeisle-blocks-accordion-item__title\"><div>\u25b8 <strong>Alunos matriculados no polo Londrina realizam as atividades no campus da UEL?<\/strong><\/div><\/summary><div class=\"wp-block-themeisle-blocks-accordion-item__content\">\n<p><strong>R:<\/strong> Em Londrina, o polo UAB (Universidade Aberta do Brasil) fica na Escola de Governo da Prefeitura de Londrina, no Centro C\u00edvico. O endere\u00e7o \u00e9 Rua An\u00edsio Rigioli, s\/n (Caapsml &#8211; t\u00e9rreo). O hor\u00e1rio de atendimento \u00e9 de segunda a sexta-feira, das 12h \u00e0s 18h.<\/p>\n<\/div><\/details>\n\n\n\n<details class=\"wp-block-themeisle-blocks-accordion-item\"><summary class=\"wp-block-themeisle-blocks-accordion-item__title\"><div>\u25b8<strong> Quando a UEL iniciou a oferta de cursos EaD?<\/strong><\/div><\/summary><div class=\"wp-block-themeisle-blocks-accordion-item__content\">\n<p><strong>R:<\/strong> O Nead (N\u00facleo de Educa\u00e7\u00e3o a Dist\u00e2ncia) da UEL iniciou as atividades em 2009 e passou a fazer parte do sistema Universidade Aberta do Brasil (UAB) em 2010. O programa nacional re\u00fane universidades p\u00fablicas para oferecer cursos de n\u00edvel superior por meio da educa\u00e7\u00e3o a dist\u00e2ncia (EaD). A UAB foi criada pelo governo federal em 2006 e est\u00e1 vinculada \u00e0 Capes (Coordena\u00e7\u00e3o de Aperfei\u00e7oamento de Pessoal de N\u00edvel Superior), junto ao Minist\u00e9rio da Educa\u00e7\u00e3o. Os polos EaD s\u00e3o vinculados \u00e0 UAB com o apoio dos gestores municipais.<\/p>\n\n\n\n<p>O programa de educa\u00e7\u00e3o a dist\u00e2ncia busca qualificar professores da educa\u00e7\u00e3o b\u00e1sica, democratizar o acesso ao Ensino Superior e fomentar o desenvolvimento dos munic\u00edpios por meio da forma\u00e7\u00e3o de novos profissionais nas mais diversas \u00e1reas. No Paran\u00e1, as institui\u00e7\u00f5es estaduais de Ensino Superior que oferecem cursos EaD por meio do Sistema UAB integram tamb\u00e9m o sistema da Universidade Virtual do Paran\u00e1 (UVPR).<\/p>\n\n\n\n<p>A oferta de cursos a dist\u00e2ncia na UEL \u00e9 viabilizada por meio da parceria entre a UAB, a UVPR e os centros e departamentos de ensino da UEL.<\/p>\n<\/div><\/details>\n<\/div>\n","protected":false},"excerpt":{"rendered":"","protected":false},"author":14,"featured_media":0,"parent":0,"menu_order":0,"comment_status":"closed","ping_status":"closed","template":"","meta":{"_themeisle_gutenberg_block_has_review":false,"footnotes":""},"acf":[],"_links":{"self":[{"href":"https:\/\/sites.uel.br\/nead\/wp-json\/wp\/v2\/pages\/3879"}],"collection":[{"href":"https:\/\/sites.uel.br\/nead\/wp-json\/wp\/v2\/pages"}],"about":[{"href":"https:\/\/sites.uel.br\/nead\/wp-json\/wp\/v2\/types\/page"}],"author":[{"embeddable":true,"href":"https:\/\/sites.uel.br\/nead\/wp-json\/wp\/v2\/users\/14"}],"replies":[{"embeddable":true,"href":"https:\/\/sites.uel.br\/nead\/wp-json\/wp\/v2\/comments?post=3879"}],"version-history":[{"count":19,"href":"https:\/\/sites.uel.br\/nead\/wp-json\/wp\/v2\/pages\/3879\/revisions"}],"predecessor-version":[{"id":5165,"href":"https:\/\/sites.uel.br\/nead\/wp-json\/wp\/v2\/pages\/3879\/revisions\/5165"}],"wp:attachment":[{"href":"https:\/\/sites.uel.br\/nead\/wp-json\/wp\/v2\/media?parent=3879"}],"curies":[{"name":"wp","href":"https:\/\/api.w.org\/{rel}","templated":true}]}}