{"id":3699,"date":"2024-11-13T08:55:00","date_gmt":"2024-11-13T11:55:00","guid":{"rendered":"https:\/\/sites.uel.br\/nead\/?page_id=3699"},"modified":"2024-12-13T09:17:45","modified_gmt":"2024-12-13T12:17:45","slug":"softwares-e-links-uteis-para-ead","status":"publish","type":"page","link":"https:\/\/sites.uel.br\/nead\/softwares-e-links-uteis-para-ead\/","title":{"rendered":"Softwares e Links \u00dateis para EaD"},"content":{"rendered":"\n<figure class=\"wp-block-image size-full\"><img loading=\"lazy\" decoding=\"async\" width=\"6298\" height=\"744\" src=\"https:\/\/sites.uel.br\/nead\/wp-content\/uploads\/2024\/08\/capinha-site-NEAD-3.png\" alt=\"\" class=\"wp-image-2508\" srcset=\"https:\/\/sites.uel.br\/nead\/wp-content\/uploads\/2024\/08\/capinha-site-NEAD-3.png 6298w, https:\/\/sites.uel.br\/nead\/wp-content\/uploads\/2024\/08\/capinha-site-NEAD-3-300x35.png 300w, https:\/\/sites.uel.br\/nead\/wp-content\/uploads\/2024\/08\/capinha-site-NEAD-3-1024x121.png 1024w, https:\/\/sites.uel.br\/nead\/wp-content\/uploads\/2024\/08\/capinha-site-NEAD-3-768x91.png 768w, https:\/\/sites.uel.br\/nead\/wp-content\/uploads\/2024\/08\/capinha-site-NEAD-3-1536x181.png 1536w, https:\/\/sites.uel.br\/nead\/wp-content\/uploads\/2024\/08\/capinha-site-NEAD-3-2048x242.png 2048w\" sizes=\"(max-width: 6298px) 100vw, 6298px\" \/><\/figure>\n\n\n\n<div class=\"wp-block-cover has-parallax\" style=\"min-height:206px;aspect-ratio:unset;\"><span aria-hidden=\"true\" class=\"wp-block-cover__background has-background-dim\" style=\"background-color:#5e616c\"><\/span><div class=\"wp-block-cover__image-background wp-image-3863 has-parallax\" style=\"background-position:50% 50%;background-image:url(https:\/\/sites.uel.br\/nead\/wp-content\/uploads\/2024\/11\/representation-user-experience-interface-design.jpg)\"><\/div><div class=\"wp-block-cover__inner-container is-layout-constrained wp-block-cover-is-layout-constrained\">\n<p><\/p>\n\n\n\n<p class=\"has-text-align-center has-text-color has-link-color has-large-font-size wp-elements-a7c1229f64a00564c94ae7ded1df7515\" style=\"color:#ffffff\"><strong>Softwares e Links \u00dateis para EaD<\/strong><\/p>\n\n\n\n<p class=\"has-text-align-center has-text-color has-link-color wp-elements-55ab1a55912ae99cf7bcac730531e5d0\" style=\"color:#ffffff\">Todos os softwares s\u00e3o gratuitos &#8211; clique no bot\u00e3o para ser direcionado ao seu site<\/p>\n\n\n\n<hr class=\"wp-block-separator has-text-color has-alpha-channel-opacity has-background is-style-dots\" style=\"background-color:#ffffff;color:#ffffff\" \/>\n<\/div><\/div>\n\n\n\n<div class=\"wp-block-columns is-layout-flex wp-container-core-columns-is-layout-1 wp-block-columns-is-layout-flex\">\n<div class=\"wp-block-column is-layout-flow wp-block-column-is-layout-flow\"><\/div>\n<\/div>\n\n\n\n<div class=\"wp-block-columns is-layout-flex wp-container-core-columns-is-layout-2 wp-block-columns-is-layout-flex\">\n<div class=\"wp-block-column is-layout-flow wp-block-column-is-layout-flow\">\n<p class=\"has-text-color has-background has-link-color wp-elements-39e175a234d2aab6289dc8df4222f978\" style=\"color:#ffffff;background-color:#01756e;font-size:18px\"><strong>Softwares de Edi\u00e7\u00e3o<\/strong><\/p>\n<\/div>\n<\/div>\n\n\n\n<div class=\"wp-block-columns is-layout-flex wp-container-core-columns-is-layout-3 wp-block-columns-is-layout-flex\">\n<div class=\"wp-block-column is-layout-flow wp-block-column-is-layout-flow\">\n<figure class=\"wp-block-image size-full\"><a href=\"https:\/\/www.audacityteam.org\/\" target=\"_blank\" rel=\"noreferrer noopener\"><img loading=\"lazy\" decoding=\"async\" width=\"658\" height=\"746\" src=\"https:\/\/sites.uel.br\/nead\/wp-content\/uploads\/2024\/11\/audacity.png\" alt=\"\" class=\"wp-image-3823\" srcset=\"https:\/\/sites.uel.br\/nead\/wp-content\/uploads\/2024\/11\/audacity.png 658w, https:\/\/sites.uel.br\/nead\/wp-content\/uploads\/2024\/11\/audacity-265x300.png 265w\" sizes=\"(max-width: 658px) 100vw, 658px\" \/><\/a><\/figure>\n<\/div>\n\n\n\n<div class=\"wp-block-column is-layout-flow wp-block-column-is-layout-flow\">\n<figure class=\"wp-block-image size-full\"><a href=\"https:\/\/www.gimp.org\/\" target=\"_blank\" rel=\"noreferrer noopener\"><img loading=\"lazy\" decoding=\"async\" width=\"658\" height=\"746\" src=\"https:\/\/sites.uel.br\/nead\/wp-content\/uploads\/2024\/11\/gimp.png\" alt=\"\" class=\"wp-image-3824\" srcset=\"https:\/\/sites.uel.br\/nead\/wp-content\/uploads\/2024\/11\/gimp.png 658w, https:\/\/sites.uel.br\/nead\/wp-content\/uploads\/2024\/11\/gimp-265x300.png 265w\" sizes=\"(max-width: 658px) 100vw, 658px\" \/><\/a><\/figure>\n<\/div>\n\n\n\n<div class=\"wp-block-column is-layout-flow wp-block-column-is-layout-flow\">\n<figure class=\"wp-block-image size-full\"><a href=\"https:\/\/pt-br.libreoffice.org\/\" target=\"_blank\" rel=\"noreferrer noopener\"><img loading=\"lazy\" decoding=\"async\" width=\"658\" height=\"746\" src=\"https:\/\/sites.uel.br\/nead\/wp-content\/uploads\/2024\/11\/libre-office.png\" alt=\"\" class=\"wp-image-3825\" srcset=\"https:\/\/sites.uel.br\/nead\/wp-content\/uploads\/2024\/11\/libre-office.png 658w, https:\/\/sites.uel.br\/nead\/wp-content\/uploads\/2024\/11\/libre-office-265x300.png 265w\" sizes=\"(max-width: 658px) 100vw, 658px\" \/><\/a><\/figure>\n<\/div>\n\n\n\n<div class=\"wp-block-column is-layout-flow wp-block-column-is-layout-flow\">\n<figure class=\"wp-block-image size-full\"><a href=\"https:\/\/inkscape.org\/pt-br\/\" target=\"_blank\" rel=\"noreferrer noopener\"><img loading=\"lazy\" decoding=\"async\" width=\"658\" height=\"746\" src=\"https:\/\/sites.uel.br\/nead\/wp-content\/uploads\/2024\/11\/inkscape.png\" alt=\"\" class=\"wp-image-3826\" srcset=\"https:\/\/sites.uel.br\/nead\/wp-content\/uploads\/2024\/11\/inkscape.png 658w, https:\/\/sites.uel.br\/nead\/wp-content\/uploads\/2024\/11\/inkscape-265x300.png 265w\" sizes=\"(max-width: 658px) 100vw, 658px\" \/><\/a><\/figure>\n<\/div>\n\n\n\n<div class=\"wp-block-column is-layout-flow wp-block-column-is-layout-flow\">\n<figure class=\"wp-block-image size-full\"><a href=\"https:\/\/workspace.google.com\/intl\/pt-BR\/products\/drive\/\" target=\"_blank\" rel=\"noreferrer noopener\"><img loading=\"lazy\" decoding=\"async\" width=\"658\" height=\"744\" src=\"https:\/\/sites.uel.br\/nead\/wp-content\/uploads\/2024\/11\/google-drive.png\" alt=\"\" class=\"wp-image-3837\" srcset=\"https:\/\/sites.uel.br\/nead\/wp-content\/uploads\/2024\/11\/google-drive.png 658w, https:\/\/sites.uel.br\/nead\/wp-content\/uploads\/2024\/11\/google-drive-265x300.png 265w\" sizes=\"(max-width: 658px) 100vw, 658px\" \/><\/a><\/figure>\n<\/div>\n<\/div>\n\n\n\n<p class=\"has-text-color has-background has-link-color wp-elements-48f024c69805e2e8670285d4204d1543\" style=\"color:#ffffff;background-color:#00a79d;font-size:18px\"><strong>Outros<\/strong><\/p>\n\n\n\n<div class=\"wp-block-columns is-layout-flex wp-container-core-columns-is-layout-4 wp-block-columns-is-layout-flex\">\n<div class=\"wp-block-column is-layout-flow wp-block-column-is-layout-flow\">\n<figure class=\"wp-block-image size-full\"><a href=\"https:\/\/get.adobe.com\/br\/reader\/\" target=\"_blank\" rel=\"noreferrer noopener\"><img loading=\"lazy\" decoding=\"async\" width=\"658\" height=\"567\" src=\"https:\/\/sites.uel.br\/nead\/wp-content\/uploads\/2024\/11\/acrobat.png\" alt=\"\" class=\"wp-image-3828\" srcset=\"https:\/\/sites.uel.br\/nead\/wp-content\/uploads\/2024\/11\/acrobat.png 658w, https:\/\/sites.uel.br\/nead\/wp-content\/uploads\/2024\/11\/acrobat-300x259.png 300w\" sizes=\"(max-width: 658px) 100vw, 658px\" \/><\/a><\/figure>\n<\/div>\n\n\n\n<div class=\"wp-block-column is-layout-flow wp-block-column-is-layout-flow\">\n<figure class=\"wp-block-image size-full\"><a href=\"https:\/\/www.win-rar.com\/start.html?&amp;L=9\" target=\"_blank\" rel=\"noreferrer noopener\"><img loading=\"lazy\" decoding=\"async\" width=\"658\" height=\"567\" src=\"https:\/\/sites.uel.br\/nead\/wp-content\/uploads\/2024\/11\/winrar-2.png\" alt=\"\" class=\"wp-image-3829\" srcset=\"https:\/\/sites.uel.br\/nead\/wp-content\/uploads\/2024\/11\/winrar-2.png 658w, https:\/\/sites.uel.br\/nead\/wp-content\/uploads\/2024\/11\/winrar-2-300x259.png 300w\" sizes=\"(max-width: 658px) 100vw, 658px\" \/><\/a><\/figure>\n<\/div>\n\n\n\n<div class=\"wp-block-column is-layout-flow wp-block-column-is-layout-flow\">\n<figure class=\"wp-block-image size-full\"><a href=\"https:\/\/www.avg.com\/pt-br\/free-antivirus-download#pc\" target=\"_blank\" rel=\"noreferrer noopener\"><img loading=\"lazy\" decoding=\"async\" width=\"658\" height=\"559\" src=\"https:\/\/sites.uel.br\/nead\/wp-content\/uploads\/2024\/11\/avg.png\" alt=\"\" class=\"wp-image-3830\" srcset=\"https:\/\/sites.uel.br\/nead\/wp-content\/uploads\/2024\/11\/avg.png 658w, https:\/\/sites.uel.br\/nead\/wp-content\/uploads\/2024\/11\/avg-300x255.png 300w\" sizes=\"(max-width: 658px) 100vw, 658px\" \/><\/a><\/figure>\n<\/div>\n\n\n\n<div class=\"wp-block-column is-layout-flow wp-block-column-is-layout-flow\">\n<figure class=\"wp-block-image size-full\"><a href=\"https:\/\/www.videolan.org\/index.pt_BR.html\" target=\"_blank\" rel=\"noreferrer noopener\"><img loading=\"lazy\" decoding=\"async\" width=\"658\" height=\"567\" src=\"https:\/\/sites.uel.br\/nead\/wp-content\/uploads\/2024\/11\/vlc.png\" alt=\"\" class=\"wp-image-3831\" srcset=\"https:\/\/sites.uel.br\/nead\/wp-content\/uploads\/2024\/11\/vlc.png 658w, https:\/\/sites.uel.br\/nead\/wp-content\/uploads\/2024\/11\/vlc-300x259.png 300w\" sizes=\"(max-width: 658px) 100vw, 658px\" \/><\/a><\/figure>\n<\/div>\n\n\n\n<div class=\"wp-block-column is-layout-flow wp-block-column-is-layout-flow\"><\/div>\n<\/div>\n\n\n\n<p class=\"has-text-color has-background has-link-color wp-elements-9932547facf8def8f8934023083d351b\" style=\"color:#ffffff;background-color:#01756e;font-size:18px\"><strong>Sites e Apps de Organiza\u00e7\u00e3o<\/strong><\/p>\n\n\n\n<div class=\"wp-block-columns is-layout-flex wp-container-core-columns-is-layout-5 wp-block-columns-is-layout-flex\">\n<div class=\"wp-block-column is-layout-flow wp-block-column-is-layout-flow\">\n<figure class=\"wp-block-image size-full\"><a href=\"https:\/\/www.notion.so\/pt\" target=\"_blank\" rel=\"noreferrer noopener\"><img loading=\"lazy\" decoding=\"async\" width=\"658\" height=\"931\" src=\"https:\/\/sites.uel.br\/nead\/wp-content\/uploads\/2024\/11\/notion-1.png\" alt=\"\" class=\"wp-image-3832\" srcset=\"https:\/\/sites.uel.br\/nead\/wp-content\/uploads\/2024\/11\/notion-1.png 658w, https:\/\/sites.uel.br\/nead\/wp-content\/uploads\/2024\/11\/notion-1-212x300.png 212w\" sizes=\"(max-width: 658px) 100vw, 658px\" \/><\/a><\/figure>\n<\/div>\n\n\n\n<div class=\"wp-block-column is-layout-flow wp-block-column-is-layout-flow\">\n<figure class=\"wp-block-image size-full\"><a href=\"https:\/\/trello.com\/\" target=\"_blank\" rel=\"noreferrer noopener\"><img loading=\"lazy\" decoding=\"async\" width=\"658\" height=\"931\" src=\"https:\/\/sites.uel.br\/nead\/wp-content\/uploads\/2024\/11\/trello-1.png\" alt=\"\" class=\"wp-image-3833\" srcset=\"https:\/\/sites.uel.br\/nead\/wp-content\/uploads\/2024\/11\/trello-1.png 658w, https:\/\/sites.uel.br\/nead\/wp-content\/uploads\/2024\/11\/trello-1-212x300.png 212w\" sizes=\"(max-width: 658px) 100vw, 658px\" \/><\/a><\/figure>\n<\/div>\n\n\n\n<div class=\"wp-block-column is-layout-flow wp-block-column-is-layout-flow\">\n<figure class=\"wp-block-image size-full\"><a href=\"https:\/\/www.forestapp.cc\/\" target=\"_blank\" rel=\"noreferrer noopener\"><img loading=\"lazy\" decoding=\"async\" width=\"658\" height=\"931\" src=\"https:\/\/sites.uel.br\/nead\/wp-content\/uploads\/2024\/11\/forest-app-1.png\" alt=\"\" class=\"wp-image-3834\" srcset=\"https:\/\/sites.uel.br\/nead\/wp-content\/uploads\/2024\/11\/forest-app-1.png 658w, https:\/\/sites.uel.br\/nead\/wp-content\/uploads\/2024\/11\/forest-app-1-212x300.png 212w\" sizes=\"(max-width: 658px) 100vw, 658px\" \/><\/a><\/figure>\n<\/div>\n\n\n\n<div class=\"wp-block-column is-layout-flow wp-block-column-is-layout-flow\">\n<figure class=\"wp-block-image size-full\"><a href=\"https:\/\/todoist.com\/pt-BR\" target=\"_blank\" rel=\"noreferrer noopener\"><img loading=\"lazy\" decoding=\"async\" width=\"658\" height=\"931\" src=\"https:\/\/sites.uel.br\/nead\/wp-content\/uploads\/2024\/11\/todoist-1.png\" alt=\"\" class=\"wp-image-3835\" srcset=\"https:\/\/sites.uel.br\/nead\/wp-content\/uploads\/2024\/11\/todoist-1.png 658w, https:\/\/sites.uel.br\/nead\/wp-content\/uploads\/2024\/11\/todoist-1-212x300.png 212w\" sizes=\"(max-width: 658px) 100vw, 658px\" \/><\/a><\/figure>\n<\/div>\n\n\n\n<div class=\"wp-block-column is-layout-flow wp-block-column-is-layout-flow\"><\/div>\n<\/div>\n\n\n\n<p class=\"has-text-color has-background has-link-color wp-elements-b9625c0ef4569cc4d2aa367fe058a214\" style=\"color:#ffffff;background-color:#00a79d\"><strong>Sites sobre EaD no Brasil<\/strong><\/p>\n\n\n\n<p class=\"has-text-color has-link-color wp-elements-88b8cf1fa10084526f8397a043aaf2ba\" style=\"color:#00a79d\"><strong><a href=\"https:\/\/www.gov.br\/capes\/pt-br\/acesso-a-informacao\/acoes-e-programas\/educacao-a-distancia\/universidade-aberta-do-brasil\" target=\"_blank\" rel=\"noreferrer noopener\">Universidade Aberta do Brasil<\/a><\/strong><\/p>\n\n\n\n<p class=\"has-text-color has-link-color wp-elements-e4f906cbe29ed34eb1acb0c109a6d24a\" style=\"color:#00a79d\"><strong><a href=\"https:\/\/freire.capes.gov.br\/portal\/\" target=\"_blank\" rel=\"noreferrer noopener\">Plataforma Freire<\/a><\/strong><\/p>\n\n\n\n<p class=\"has-text-color has-link-color wp-elements-db95bca9db945b5795a97cdb0947848a\" style=\"color:#00a79d\"><strong><a href=\"https:\/\/emec.mec.gov.br\/emec\/nova\" target=\"_blank\" rel=\"noreferrer noopener\">E-MEC<\/a><\/strong><\/p>\n\n\n\n<p class=\"has-text-color has-link-color wp-elements-93cdd1413a2f8c2f1301183859e5dd72\" style=\"color:#00a79d\"><strong><a href=\"https:\/\/plataformaintegrada.mec.gov.br\/\" target=\"_blank\" rel=\"noreferrer noopener\">Plataforma MEC de Recursos Educacionais Digitais<\/a><\/strong><\/p>\n\n\n\n<p class=\"has-text-color has-link-color wp-elements-73caf902be3a1fd8ee9b50bde3aace42\" style=\"color:#00a79d\"><strong><a href=\"https:\/\/www.abed.org.br\/site\/pt\/\" target=\"_blank\" rel=\"noreferrer noopener\">Associa\u00e7\u00e3o Brasileira de Educa\u00e7\u00e3o a Dist\u00e2ncia<\/a><\/strong><\/p>\n\n\n\n<p class=\"has-text-color has-link-color wp-elements-e25f5f6b04caedc77e6e123563b2cb8f\" style=\"color:#00a79d\"><strong><a href=\"http:\/\/abt-br.org.br\/\" target=\"_blank\" rel=\"noreferrer noopener\">Associa\u00e7\u00e3o Brasileira de Tecnologia Educacional<\/a><\/strong><\/p>\n\n\n\n<div class=\"wp-block-columns is-layout-flex wp-container-core-columns-is-layout-6 wp-block-columns-is-layout-flex\">\n<div class=\"wp-block-column is-layout-flow wp-block-column-is-layout-flow\"><\/div>\n<\/div>\n\n\n\n<p class=\"has-text-color has-background has-link-color wp-elements-f42fd3ca65d455d4c85aca58b815fda9\" style=\"color:#ffffff;background-color:#01756e\"><strong>Navegadores de Internet<\/strong><\/p>\n\n\n\n<div class=\"wp-block-columns is-layout-flex wp-container-core-columns-is-layout-7 wp-block-columns-is-layout-flex\">\n<div class=\"wp-block-column is-layout-flow wp-block-column-is-layout-flow\">\n<figure class=\"wp-block-image size-full\"><a href=\"https:\/\/www.google.com\/intl\/pt-BR\/chrome\/\" target=\"_blank\" rel=\"noreferrer noopener\"><img loading=\"lazy\" decoding=\"async\" width=\"658\" height=\"313\" src=\"https:\/\/sites.uel.br\/nead\/wp-content\/uploads\/2024\/11\/chrome.png\" alt=\"\" class=\"wp-image-3849\" srcset=\"https:\/\/sites.uel.br\/nead\/wp-content\/uploads\/2024\/11\/chrome.png 658w, https:\/\/sites.uel.br\/nead\/wp-content\/uploads\/2024\/11\/chrome-300x143.png 300w\" sizes=\"(max-width: 658px) 100vw, 658px\" \/><\/a><\/figure>\n<\/div>\n\n\n\n<div class=\"wp-block-column is-layout-flow wp-block-column-is-layout-flow\">\n<figure class=\"wp-block-image size-full\"><a href=\"https:\/\/www.mozilla.org\/pt-BR\/firefox\/new\/\" target=\"_blank\" rel=\"noreferrer noopener\"><img loading=\"lazy\" decoding=\"async\" width=\"658\" height=\"313\" src=\"https:\/\/sites.uel.br\/nead\/wp-content\/uploads\/2024\/11\/mozilla-1.png\" alt=\"\" class=\"wp-image-3854\" srcset=\"https:\/\/sites.uel.br\/nead\/wp-content\/uploads\/2024\/11\/mozilla-1.png 658w, https:\/\/sites.uel.br\/nead\/wp-content\/uploads\/2024\/11\/mozilla-1-300x143.png 300w\" sizes=\"(max-width: 658px) 100vw, 658px\" \/><\/a><\/figure>\n<\/div>\n\n\n\n<div class=\"wp-block-column is-layout-flow wp-block-column-is-layout-flow\">\n<figure class=\"wp-block-image size-full\"><a href=\"https:\/\/www.opera.com\/pt\/\" target=\"_blank\" rel=\"noreferrer noopener\"><img loading=\"lazy\" decoding=\"async\" width=\"658\" height=\"313\" src=\"https:\/\/sites.uel.br\/nead\/wp-content\/uploads\/2024\/11\/opera.png\" alt=\"\" class=\"wp-image-3851\" srcset=\"https:\/\/sites.uel.br\/nead\/wp-content\/uploads\/2024\/11\/opera.png 658w, https:\/\/sites.uel.br\/nead\/wp-content\/uploads\/2024\/11\/opera-300x143.png 300w\" sizes=\"(max-width: 658px) 100vw, 658px\" \/><\/a><\/figure>\n<\/div>\n\n\n\n<div class=\"wp-block-column is-layout-flow wp-block-column-is-layout-flow\"><\/div>\n\n\n\n<div class=\"wp-block-column is-layout-flow wp-block-column-is-layout-flow\"><\/div>\n<\/div>\n","protected":false},"excerpt":{"rendered":"<p>Softwares de Edi\u00e7\u00e3o Outros Sites e Apps de Organiza\u00e7\u00e3o Sites sobre EaD no Brasil Universidade Aberta do Brasil Plataforma Freire E-MEC Plataforma MEC de Recursos Educacionais Digitais Associa\u00e7\u00e3o Brasileira de Educa\u00e7\u00e3o a Dist\u00e2ncia Associa\u00e7\u00e3o Brasileira de Tecnologia Educacional Navegadores de Internet<\/p>\n","protected":false},"author":14,"featured_media":0,"parent":0,"menu_order":0,"comment_status":"closed","ping_status":"closed","template":"","meta":{"_themeisle_gutenberg_block_has_review":false,"footnotes":""},"acf":[],"_links":{"self":[{"href":"https:\/\/sites.uel.br\/nead\/wp-json\/wp\/v2\/pages\/3699"}],"collection":[{"href":"https:\/\/sites.uel.br\/nead\/wp-json\/wp\/v2\/pages"}],"about":[{"href":"https:\/\/sites.uel.br\/nead\/wp-json\/wp\/v2\/types\/page"}],"author":[{"embeddable":true,"href":"https:\/\/sites.uel.br\/nead\/wp-json\/wp\/v2\/users\/14"}],"replies":[{"embeddable":true,"href":"https:\/\/sites.uel.br\/nead\/wp-json\/wp\/v2\/comments?post=3699"}],"version-history":[{"count":67,"href":"https:\/\/sites.uel.br\/nead\/wp-json\/wp\/v2\/pages\/3699\/revisions"}],"predecessor-version":[{"id":3953,"href":"https:\/\/sites.uel.br\/nead\/wp-json\/wp\/v2\/pages\/3699\/revisions\/3953"}],"wp:attachment":[{"href":"https:\/\/sites.uel.br\/nead\/wp-json\/wp\/v2\/media?parent=3699"}],"curies":[{"name":"wp","href":"https:\/\/api.w.org\/{rel}","templated":true}]}}