{"id":3536,"date":"2024-11-07T09:42:30","date_gmt":"2024-11-07T12:42:30","guid":{"rendered":"https:\/\/sites.uel.br\/nead\/?page_id=3536"},"modified":"2025-07-24T09:45:01","modified_gmt":"2025-07-24T12:45:01","slug":"tecnologias-de-informatica-na-educacao","status":"publish","type":"page","link":"https:\/\/sites.uel.br\/nead\/tecnologias-de-informatica-na-educacao\/","title":{"rendered":"Especializa\u00e7\u00e3o em Tecnologias de Inform\u00e1tica na Educa\u00e7\u00e3o"},"content":{"rendered":"\n<figure class=\"wp-block-image size-full\"><img loading=\"lazy\" decoding=\"async\" width=\"1440\" height=\"273\" src=\"https:\/\/sites.uel.br\/nead\/wp-content\/uploads\/2024\/10\/ETIE-01-banner.png\" alt=\"\" class=\"wp-image-3522\" srcset=\"https:\/\/sites.uel.br\/nead\/wp-content\/uploads\/2024\/10\/ETIE-01-banner.png 1440w, https:\/\/sites.uel.br\/nead\/wp-content\/uploads\/2024\/10\/ETIE-01-banner-300x57.png 300w, https:\/\/sites.uel.br\/nead\/wp-content\/uploads\/2024\/10\/ETIE-01-banner-1024x194.png 1024w, https:\/\/sites.uel.br\/nead\/wp-content\/uploads\/2024\/10\/ETIE-01-banner-768x146.png 768w\" sizes=\"(max-width: 1440px) 100vw, 1440px\" \/><\/figure>\n\n\n\n<figure class=\"wp-block-image size-full\"><img loading=\"lazy\" decoding=\"async\" width=\"1440\" height=\"144\" src=\"https:\/\/sites.uel.br\/nead\/wp-content\/uploads\/2024\/10\/ETIE-02-botoes-especializacao-horas.png\" alt=\"\" class=\"wp-image-3523\" srcset=\"https:\/\/sites.uel.br\/nead\/wp-content\/uploads\/2024\/10\/ETIE-02-botoes-especializacao-horas.png 1440w, https:\/\/sites.uel.br\/nead\/wp-content\/uploads\/2024\/10\/ETIE-02-botoes-especializacao-horas-300x30.png 300w, https:\/\/sites.uel.br\/nead\/wp-content\/uploads\/2024\/10\/ETIE-02-botoes-especializacao-horas-1024x102.png 1024w, https:\/\/sites.uel.br\/nead\/wp-content\/uploads\/2024\/10\/ETIE-02-botoes-especializacao-horas-768x77.png 768w\" sizes=\"(max-width: 1440px) 100vw, 1440px\" \/><\/figure>\n\n\n\n<figure class=\"wp-block-image size-full\"><img loading=\"lazy\" decoding=\"async\" width=\"1317\" height=\"417\" src=\"https:\/\/sites.uel.br\/nead\/wp-content\/uploads\/2025\/07\/ETIE-03-sobre-inscricoes-encerradas.png\" alt=\"\" class=\"wp-image-5214\" srcset=\"https:\/\/sites.uel.br\/nead\/wp-content\/uploads\/2025\/07\/ETIE-03-sobre-inscricoes-encerradas.png 1317w, https:\/\/sites.uel.br\/nead\/wp-content\/uploads\/2025\/07\/ETIE-03-sobre-inscricoes-encerradas-300x95.png 300w, https:\/\/sites.uel.br\/nead\/wp-content\/uploads\/2025\/07\/ETIE-03-sobre-inscricoes-encerradas-1024x324.png 1024w, https:\/\/sites.uel.br\/nead\/wp-content\/uploads\/2025\/07\/ETIE-03-sobre-inscricoes-encerradas-768x243.png 768w\" sizes=\"(max-width: 1317px) 100vw, 1317px\" \/><\/figure>\n\n\n\n<figure class=\"wp-block-image size-full\"><a href=\"https:\/\/sites.uel.br\/nead\/wp-content\/uploads\/2025\/06\/Edital_041-2025_Aluno_TIE_Prorrogacao_Inclusao_Polo_assinado.pdf\" target=\"_blank\" rel=\"noreferrer noopener\"><img loading=\"lazy\" decoding=\"async\" width=\"1317\" height=\"206\" src=\"https:\/\/sites.uel.br\/nead\/wp-content\/uploads\/2025\/06\/ETIE-botao-porrogacao.png\" alt=\"\" class=\"wp-image-5071\" srcset=\"https:\/\/sites.uel.br\/nead\/wp-content\/uploads\/2025\/06\/ETIE-botao-porrogacao.png 1317w, https:\/\/sites.uel.br\/nead\/wp-content\/uploads\/2025\/06\/ETIE-botao-porrogacao-300x47.png 300w, https:\/\/sites.uel.br\/nead\/wp-content\/uploads\/2025\/06\/ETIE-botao-porrogacao-1024x160.png 1024w, https:\/\/sites.uel.br\/nead\/wp-content\/uploads\/2025\/06\/ETIE-botao-porrogacao-768x120.png 768w\" sizes=\"(max-width: 1317px) 100vw, 1317px\" \/><\/a><\/figure>\n\n\n\n<figure class=\"wp-block-image size-full\"><img loading=\"lazy\" decoding=\"async\" width=\"1440\" height=\"1064\" src=\"https:\/\/sites.uel.br\/nead\/wp-content\/uploads\/2024\/11\/ETIE-07-perfil-academico.png\" alt=\"\" class=\"wp-image-3559\" style=\"object-fit:cover\" srcset=\"https:\/\/sites.uel.br\/nead\/wp-content\/uploads\/2024\/11\/ETIE-07-perfil-academico.png 1440w, https:\/\/sites.uel.br\/nead\/wp-content\/uploads\/2024\/11\/ETIE-07-perfil-academico-300x222.png 300w, https:\/\/sites.uel.br\/nead\/wp-content\/uploads\/2024\/11\/ETIE-07-perfil-academico-1024x757.png 1024w, https:\/\/sites.uel.br\/nead\/wp-content\/uploads\/2024\/11\/ETIE-07-perfil-academico-768x567.png 768w\" sizes=\"(max-width: 1440px) 100vw, 1440px\" \/><\/figure>\n\n\n\n<figure class=\"wp-block-image size-full\"><img loading=\"lazy\" decoding=\"async\" width=\"1317\" height=\"281\" src=\"https:\/\/sites.uel.br\/nead\/wp-content\/uploads\/2025\/04\/ETIE-06-como-esta-organizado-o-curso.png\" alt=\"\" class=\"wp-image-4597\" srcset=\"https:\/\/sites.uel.br\/nead\/wp-content\/uploads\/2025\/04\/ETIE-06-como-esta-organizado-o-curso.png 1317w, https:\/\/sites.uel.br\/nead\/wp-content\/uploads\/2025\/04\/ETIE-06-como-esta-organizado-o-curso-300x64.png 300w, https:\/\/sites.uel.br\/nead\/wp-content\/uploads\/2025\/04\/ETIE-06-como-esta-organizado-o-curso-1024x218.png 1024w, https:\/\/sites.uel.br\/nead\/wp-content\/uploads\/2025\/04\/ETIE-06-como-esta-organizado-o-curso-768x164.png 768w\" sizes=\"(max-width: 1317px) 100vw, 1317px\" \/><\/figure>\n\n\n\n<figure class=\"wp-block-image size-full\"><img loading=\"lazy\" decoding=\"async\" width=\"1317\" height=\"1462\" src=\"https:\/\/sites.uel.br\/nead\/wp-content\/uploads\/2025\/04\/ETIE-06.2-disciplinas-1.png\" alt=\"\" class=\"wp-image-4604\" srcset=\"https:\/\/sites.uel.br\/nead\/wp-content\/uploads\/2025\/04\/ETIE-06.2-disciplinas-1.png 1317w, https:\/\/sites.uel.br\/nead\/wp-content\/uploads\/2025\/04\/ETIE-06.2-disciplinas-1-270x300.png 270w, https:\/\/sites.uel.br\/nead\/wp-content\/uploads\/2025\/04\/ETIE-06.2-disciplinas-1-922x1024.png 922w, https:\/\/sites.uel.br\/nead\/wp-content\/uploads\/2025\/04\/ETIE-06.2-disciplinas-1-768x853.png 768w\" sizes=\"(max-width: 1317px) 100vw, 1317px\" \/><\/figure>\n\n\n\n<figure class=\"wp-block-image size-full\"><img loading=\"lazy\" decoding=\"async\" width=\"1317\" height=\"1298\" src=\"https:\/\/sites.uel.br\/nead\/wp-content\/uploads\/2025\/04\/ETIE-08-atividades.png\" alt=\"\" class=\"wp-image-4599\" srcset=\"https:\/\/sites.uel.br\/nead\/wp-content\/uploads\/2025\/04\/ETIE-08-atividades.png 1317w, https:\/\/sites.uel.br\/nead\/wp-content\/uploads\/2025\/04\/ETIE-08-atividades-300x296.png 300w, https:\/\/sites.uel.br\/nead\/wp-content\/uploads\/2025\/04\/ETIE-08-atividades-1024x1009.png 1024w, https:\/\/sites.uel.br\/nead\/wp-content\/uploads\/2025\/04\/ETIE-08-atividades-768x757.png 768w\" sizes=\"(max-width: 1317px) 100vw, 1317px\" \/><\/figure>\n\n\n<div class=\"wp-block-image is-style-default\">\n<figure class=\"aligncenter size-full is-resized\"><img loading=\"lazy\" decoding=\"async\" width=\"1317\" height=\"1268\" src=\"https:\/\/sites.uel.br\/nead\/wp-content\/uploads\/2025\/04\/ETIE-09-ambiente-virtual.png\" alt=\"\" class=\"wp-image-4600\" style=\"width:900px\" srcset=\"https:\/\/sites.uel.br\/nead\/wp-content\/uploads\/2025\/04\/ETIE-09-ambiente-virtual.png 1317w, https:\/\/sites.uel.br\/nead\/wp-content\/uploads\/2025\/04\/ETIE-09-ambiente-virtual-300x289.png 300w, https:\/\/sites.uel.br\/nead\/wp-content\/uploads\/2025\/04\/ETIE-09-ambiente-virtual-1024x986.png 1024w, https:\/\/sites.uel.br\/nead\/wp-content\/uploads\/2025\/04\/ETIE-09-ambiente-virtual-768x739.png 768w\" sizes=\"(max-width: 1317px) 100vw, 1317px\" \/><\/figure><\/div>\n\n\n<figure class=\"wp-block-image size-full\"><img loading=\"lazy\" decoding=\"async\" width=\"1317\" height=\"329\" src=\"https:\/\/sites.uel.br\/nead\/wp-content\/uploads\/2025\/03\/ETIE-10-avaliacoes.png\" alt=\"\" class=\"wp-image-4198\" srcset=\"https:\/\/sites.uel.br\/nead\/wp-content\/uploads\/2025\/03\/ETIE-10-avaliacoes.png 1317w, https:\/\/sites.uel.br\/nead\/wp-content\/uploads\/2025\/03\/ETIE-10-avaliacoes-300x75.png 300w, https:\/\/sites.uel.br\/nead\/wp-content\/uploads\/2025\/03\/ETIE-10-avaliacoes-1024x256.png 1024w, https:\/\/sites.uel.br\/nead\/wp-content\/uploads\/2025\/03\/ETIE-10-avaliacoes-768x192.png 768w\" sizes=\"(max-width: 1317px) 100vw, 1317px\" \/><\/figure>\n\n\n<div class=\"wp-block-image\">\n<figure class=\"aligncenter size-full is-resized\"><img loading=\"lazy\" decoding=\"async\" width=\"1317\" height=\"988\" src=\"https:\/\/sites.uel.br\/nead\/wp-content\/uploads\/2025\/07\/ETIE-11-polos2.png\" alt=\"\" class=\"wp-image-5454\" style=\"width:850px\" srcset=\"https:\/\/sites.uel.br\/nead\/wp-content\/uploads\/2025\/07\/ETIE-11-polos2.png 1317w, https:\/\/sites.uel.br\/nead\/wp-content\/uploads\/2025\/07\/ETIE-11-polos2-300x225.png 300w, https:\/\/sites.uel.br\/nead\/wp-content\/uploads\/2025\/07\/ETIE-11-polos2-1024x768.png 1024w, https:\/\/sites.uel.br\/nead\/wp-content\/uploads\/2025\/07\/ETIE-11-polos2-768x576.png 768w\" sizes=\"(max-width: 1317px) 100vw, 1317px\" \/><\/figure><\/div>\n\n\n<figure class=\"wp-block-image size-full\"><img loading=\"lazy\" decoding=\"async\" width=\"1317\" height=\"1321\" src=\"https:\/\/sites.uel.br\/nead\/wp-content\/uploads\/2025\/07\/ETIE-cards-polos.png\" alt=\"\" class=\"wp-image-5455\" srcset=\"https:\/\/sites.uel.br\/nead\/wp-content\/uploads\/2025\/07\/ETIE-cards-polos.png 1317w, https:\/\/sites.uel.br\/nead\/wp-content\/uploads\/2025\/07\/ETIE-cards-polos-300x300.png 300w, https:\/\/sites.uel.br\/nead\/wp-content\/uploads\/2025\/07\/ETIE-cards-polos-1021x1024.png 1021w, https:\/\/sites.uel.br\/nead\/wp-content\/uploads\/2025\/07\/ETIE-cards-polos-150x150.png 150w, https:\/\/sites.uel.br\/nead\/wp-content\/uploads\/2025\/07\/ETIE-cards-polos-768x770.png 768w\" sizes=\"(max-width: 1317px) 100vw, 1317px\" \/><\/figure>\n\n\n\n<figure class=\"wp-block-image size-full is-resized\"><img loading=\"lazy\" decoding=\"async\" width=\"1317\" height=\"330\" src=\"https:\/\/sites.uel.br\/nead\/wp-content\/uploads\/2025\/03\/ETIE-contato.png\" alt=\"\" class=\"wp-image-4240\" style=\"width:1062px;height:auto\" srcset=\"https:\/\/sites.uel.br\/nead\/wp-content\/uploads\/2025\/03\/ETIE-contato.png 1317w, https:\/\/sites.uel.br\/nead\/wp-content\/uploads\/2025\/03\/ETIE-contato-300x75.png 300w, https:\/\/sites.uel.br\/nead\/wp-content\/uploads\/2025\/03\/ETIE-contato-1024x257.png 1024w, https:\/\/sites.uel.br\/nead\/wp-content\/uploads\/2025\/03\/ETIE-contato-768x192.png 768w\" sizes=\"(max-width: 1317px) 100vw, 1317px\" \/><\/figure>\n\n\n\n<figure class=\"wp-block-image size-full\"><img loading=\"lazy\" decoding=\"async\" width=\"1317\" height=\"1621\" src=\"https:\/\/sites.uel.br\/nead\/wp-content\/uploads\/2025\/04\/ETIE-13-perguntas-frequentes.png\" alt=\"\" class=\"wp-image-4602\" srcset=\"https:\/\/sites.uel.br\/nead\/wp-content\/uploads\/2025\/04\/ETIE-13-perguntas-frequentes.png 1317w, https:\/\/sites.uel.br\/nead\/wp-content\/uploads\/2025\/04\/ETIE-13-perguntas-frequentes-244x300.png 244w, https:\/\/sites.uel.br\/nead\/wp-content\/uploads\/2025\/04\/ETIE-13-perguntas-frequentes-832x1024.png 832w, https:\/\/sites.uel.br\/nead\/wp-content\/uploads\/2025\/04\/ETIE-13-perguntas-frequentes-768x945.png 768w, https:\/\/sites.uel.br\/nead\/wp-content\/uploads\/2025\/04\/ETIE-13-perguntas-frequentes-1248x1536.png 1248w\" sizes=\"(max-width: 1317px) 100vw, 1317px\" \/><\/figure>\n\n\n\n<figure class=\"wp-block-image size-full\"><img loading=\"lazy\" decoding=\"async\" width=\"1440\" height=\"298\" src=\"https:\/\/sites.uel.br\/nead\/wp-content\/uploads\/2024\/11\/logos_site_cursos.png\" alt=\"\" class=\"wp-image-3564\" srcset=\"https:\/\/sites.uel.br\/nead\/wp-content\/uploads\/2024\/11\/logos_site_cursos.png 1440w, https:\/\/sites.uel.br\/nead\/wp-content\/uploads\/2024\/11\/logos_site_cursos-300x62.png 300w, https:\/\/sites.uel.br\/nead\/wp-content\/uploads\/2024\/11\/logos_site_cursos-1024x212.png 1024w, https:\/\/sites.uel.br\/nead\/wp-content\/uploads\/2024\/11\/logos_site_cursos-768x159.png 768w\" sizes=\"(max-width: 1440px) 100vw, 1440px\" \/><\/figure>\n","protected":false},"excerpt":{"rendered":"","protected":false},"author":14,"featured_media":0,"parent":0,"menu_order":0,"comment_status":"closed","ping_status":"closed","template":"","meta":{"_themeisle_gutenberg_block_has_review":false,"footnotes":""},"acf":[],"_links":{"self":[{"href":"https:\/\/sites.uel.br\/nead\/wp-json\/wp\/v2\/pages\/3536"}],"collection":[{"href":"https:\/\/sites.uel.br\/nead\/wp-json\/wp\/v2\/pages"}],"about":[{"href":"https:\/\/sites.uel.br\/nead\/wp-json\/wp\/v2\/types\/page"}],"author":[{"embeddable":true,"href":"https:\/\/sites.uel.br\/nead\/wp-json\/wp\/v2\/users\/14"}],"replies":[{"embeddable":true,"href":"https:\/\/sites.uel.br\/nead\/wp-json\/wp\/v2\/comments?post=3536"}],"version-history":[{"count":41,"href":"https:\/\/sites.uel.br\/nead\/wp-json\/wp\/v2\/pages\/3536\/revisions"}],"predecessor-version":[{"id":5456,"href":"https:\/\/sites.uel.br\/nead\/wp-json\/wp\/v2\/pages\/3536\/revisions\/5456"}],"wp:attachment":[{"href":"https:\/\/sites.uel.br\/nead\/wp-json\/wp\/v2\/media?parent=3536"}],"curies":[{"name":"wp","href":"https:\/\/api.w.org\/{rel}","templated":true}]}}