{"id":1823,"date":"2024-07-25T15:30:47","date_gmt":"2024-07-25T18:30:47","guid":{"rendered":"https:\/\/sites.uel.br\/nead\/?page_id=1823"},"modified":"2024-08-14T15:21:16","modified_gmt":"2024-08-14T18:21:16","slug":"uab","status":"publish","type":"page","link":"https:\/\/sites.uel.br\/nead\/uab\/","title":{"rendered":"UAB"},"content":{"rendered":"\n<figure class=\"wp-block-image size-large is-resized\"><img loading=\"lazy\" decoding=\"async\" width=\"1024\" height=\"121\" src=\"https:\/\/sites.uel.br\/nead\/wp-content\/uploads\/2024\/08\/capinha-site-UAB-2-1024x121.png\" alt=\"\" class=\"wp-image-2510\" style=\"width:1062px;height:auto\" srcset=\"https:\/\/sites.uel.br\/nead\/wp-content\/uploads\/2024\/08\/capinha-site-UAB-2-1024x121.png 1024w, https:\/\/sites.uel.br\/nead\/wp-content\/uploads\/2024\/08\/capinha-site-UAB-2-300x35.png 300w, https:\/\/sites.uel.br\/nead\/wp-content\/uploads\/2024\/08\/capinha-site-UAB-2-768x91.png 768w, https:\/\/sites.uel.br\/nead\/wp-content\/uploads\/2024\/08\/capinha-site-UAB-2-1536x181.png 1536w, https:\/\/sites.uel.br\/nead\/wp-content\/uploads\/2024\/08\/capinha-site-UAB-2-2048x242.png 2048w\" sizes=\"(max-width: 1024px) 100vw, 1024px\" \/><\/figure>\n\n\n\n<div style=\"height:25px\" aria-hidden=\"true\" class=\"wp-block-spacer\"><\/div>\n\n\n<div class=\"wp-block-image\">\n<figure class=\"aligncenter size-full is-resized\"><img loading=\"lazy\" decoding=\"async\" width=\"462\" height=\"260\" src=\"https:\/\/sites.uel.br\/nead\/wp-content\/uploads\/2024\/07\/Imagem_Site_1.png\" alt=\"\" class=\"wp-image-1825\" style=\"width:500px\" srcset=\"https:\/\/sites.uel.br\/nead\/wp-content\/uploads\/2024\/07\/Imagem_Site_1.png 462w, https:\/\/sites.uel.br\/nead\/wp-content\/uploads\/2024\/07\/Imagem_Site_1-300x169.png 300w\" sizes=\"(max-width: 462px) 100vw, 462px\" \/><\/figure><\/div>\n\n\n<h2 class=\"wp-block-heading has-text-align-center has-cinza-claro-color has-text-color has-background has-link-color wp-elements-0769daa7d485430d02291e66b92047b6\" style=\"background-color:#0090c9;font-size:30px\">Universidade Aberta do Brasil<\/h2>\n\n\n\n<p class=\"has-text-align-center has-cinza-escuro-color has-text-color has-link-color wp-elements-e8d940c10304ab89c21e462fafc87d2f\" style=\"font-size:17px\">Criado em 2006, o sistema <a href=\"https:\/\/sites.uel.br\/nead\/wp-content\/uploads\/2024\/08\/DECRETO-SISTEMA-UAB.pdf\" target=\"_blank\" rel=\"noreferrer noopener\"><strong>Universidade Aberta do Brasil (UAB)<\/strong><\/a> \u00e9 um sistema integrado por universidades p\u00fablicas.<\/p>\n\n\n\n<div style=\"height:75px\" aria-hidden=\"true\" class=\"wp-block-spacer\"><\/div>\n\n\n\n<div class=\"wp-block-media-text is-stacked-on-mobile\" style=\"grid-template-columns:38% auto\"><figure class=\"wp-block-media-text__media\"><img loading=\"lazy\" decoding=\"async\" width=\"559\" height=\"506\" src=\"https:\/\/sites.uel.br\/nead\/wp-content\/uploads\/2024\/07\/uab-icone1.png\" alt=\"\" class=\"wp-image-1832 size-full\" srcset=\"https:\/\/sites.uel.br\/nead\/wp-content\/uploads\/2024\/07\/uab-icone1.png 559w, https:\/\/sites.uel.br\/nead\/wp-content\/uploads\/2024\/07\/uab-icone1-300x272.png 300w\" sizes=\"(max-width: 559px) 100vw, 559px\" \/><\/figure><div class=\"wp-block-media-text__content\">\n<h3 class=\"wp-block-heading has-text-align-left has-text-color has-link-color wp-elements-87536621af2c99287ac1ab202def78dd\" style=\"color:#0090c9\">Nossa Miss\u00e3o<\/h3>\n\n\n\n<p style=\"font-size:17px\">A UAB oferece <strong>cursos de n\u00edvel superior<\/strong> para camadas da popula\u00e7\u00e3o que t\u00eam dificuldade de acesso \u00e0 forma\u00e7\u00e3o universit\u00e1ria, por meio do uso da metodologia da <strong>educa\u00e7\u00e3o a dist\u00e2ncia<\/strong> (EaD).&nbsp;<\/p>\n\n\n\n<p style=\"font-size:17px\">O p\u00fablico em geral \u00e9 atendido pela UAB, mas os professores que atuam na educa\u00e7\u00e3o b\u00e1sica t\u00eam prioridade de forma\u00e7\u00e3o, seguidos dos dirigentes, gestores e trabalhadores em educa\u00e7\u00e3o b\u00e1sica dos estados, munic\u00edpios e do Distrito Federal.<\/p>\n\n\n\n<p style=\"font-size:17px\">A UAB tamb\u00e9m apoia pesquisas em metodologias inovadoras de ensino superior respaldadas em tecnologias de informa\u00e7\u00e3o e comunica\u00e7\u00e3o.&nbsp;<\/p>\n<\/div><\/div>\n\n\n\n<div style=\"height:100px\" aria-hidden=\"true\" class=\"wp-block-spacer\"><\/div>\n\n\n\n<div class=\"wp-block-media-text has-media-on-the-right is-stacked-on-mobile\" style=\"grid-template-columns:auto 38%\"><div class=\"wp-block-media-text__content\">\n<h3 class=\"wp-block-heading has-text-align-right has-text-color has-link-color wp-elements-1c0aad5e8c1b893451888a5208437615\" style=\"color:#0090c9\">UAB na UEL<\/h3>\n\n\n\n<p class=\"has-text-align-right\" style=\"font-size:17px\">A&nbsp;<strong>UAB<\/strong>&nbsp;funciona como um eficaz instrumento para a universaliza\u00e7\u00e3o do acesso ao ensino superior e para a requalifica\u00e7\u00e3o do professor em outras disciplinas,&nbsp;<strong>fortalecendo a escola no interior do Brasil<\/strong>, minimizando a concentra\u00e7\u00e3o de oferta de cursos de gradua\u00e7\u00e3o nos grandes centros urbanos e evitando o fluxo migrat\u00f3rio para as grandes cidades.<\/p>\n\n\n\n<p class=\"has-text-align-right\" style=\"font-size:17px\">Assim, o Sistema UAB funciona como articulador entre a&nbsp;<strong>UEL<\/strong>&nbsp;e os&nbsp;<strong>governos&nbsp;estaduais e municipais<\/strong>, com o objetivo de atender \u00e0s demandas por educa\u00e7\u00e3o&nbsp;superior. Essa articula\u00e7\u00e3o estabelece, por meio dos polos de apoio&nbsp;presencial, qual munic\u00edpio ou microrregi\u00e3o receber\u00e1 os cursos ministrados&nbsp;pela Universidade Estadual de Londrina. O Sistema UAB \u00e9 um dos&nbsp;respons\u00e1veis pelo fomento de determinadas a\u00e7\u00f5es de modo a assegurar o bom&nbsp;funcionamento dos cursos de&nbsp;EaD. Para isso, a UEL tamb\u00e9m recebe recursos&nbsp;financeiros da&nbsp;<strong>Capes<\/strong>&nbsp;(Coordena\u00e7\u00e3o de Aperfei\u00e7oamento de Pessoal de N\u00edvel&nbsp;Superior).<\/p>\n\n\n\n<p class=\"has-text-align-right has-cinza-escuro-color has-text-color has-link-color wp-elements-d53aa7750b795f52547e0a7fff31d5b9\" style=\"font-size:17px\"><strong><a href=\"https:\/\/sites.uel.br\/nead\/wp-content\/uploads\/2024\/07\/ies-UEL-110-DOU_08122010Crendenciamento_oferta_ead_uab.pdf\" target=\"_blank\" rel=\"noreferrer noopener\">Clique aqui para acessar documentos da UAB na UEL.<\/a><\/strong><\/p>\n<\/div><figure class=\"wp-block-media-text__media\"><img loading=\"lazy\" decoding=\"async\" width=\"838\" height=\"500\" src=\"https:\/\/sites.uel.br\/nead\/wp-content\/uploads\/2024\/05\/NEAD-UEL-1.png\" alt=\"\" class=\"wp-image-748 size-full\" srcset=\"https:\/\/sites.uel.br\/nead\/wp-content\/uploads\/2024\/05\/NEAD-UEL-1.png 838w, https:\/\/sites.uel.br\/nead\/wp-content\/uploads\/2024\/05\/NEAD-UEL-1-300x179.png 300w, https:\/\/sites.uel.br\/nead\/wp-content\/uploads\/2024\/05\/NEAD-UEL-1-768x458.png 768w\" sizes=\"(max-width: 838px) 100vw, 838px\" \/><\/figure><\/div>\n\n\n\n<div style=\"height:100px\" aria-hidden=\"true\" class=\"wp-block-spacer\"><\/div>\n\n\n\n<div class=\"wp-block-columns is-layout-flex wp-container-core-columns-is-layout-1 wp-block-columns-is-layout-flex\">\n<div class=\"wp-block-column is-layout-flow wp-block-column-is-layout-flow\" style=\"flex-basis:25%\"><\/div>\n\n\n\n<div class=\"wp-block-column is-layout-flow wp-block-column-is-layout-flow\" style=\"flex-basis:50%\">\n<h3 class=\"wp-block-heading has-text-align-center has-text-color has-link-color wp-elements-392153c22b331637e3d110f0bc7881eb\" style=\"color:#0090c9\">Polos de Apoio<\/h3>\n\n\n\n<p class=\"has-text-align-center\" style=\"font-size:17px\">A UAB estimula a cria\u00e7\u00e3o de centros de forma\u00e7\u00e3o permanentes por meio dos polos de apoio presencial em localidades estrat\u00e9gicas.<\/p>\n\n\n\n<p class=\"has-text-align-center\" style=\"font-size:17px\">Hoje, o sistema \u00e9 coordenado pela Diretoria de Educa\u00e7\u00e3o a Dist\u00e2ncia (DED) da <strong>Capes<\/strong> (Coordena\u00e7\u00e3o de Aperfei\u00e7oamento de Pessoal de N\u00edvel Superior).<\/p>\n<\/div>\n\n\n\n<div class=\"wp-block-column is-layout-flow wp-block-column-is-layout-flow\" style=\"flex-basis:25%\"><\/div>\n<\/div>\n\n\n<div class=\"wp-block-image\">\n<figure class=\"aligncenter size-large is-resized\"><a href=\"https:\/\/sisuab2.capes.gov.br\/sisuab2\/login.xhtml\" target=\"_blank\" rel=\"noreferrer noopener\"><img loading=\"lazy\" decoding=\"async\" width=\"1024\" height=\"659\" src=\"https:\/\/sites.uel.br\/nead\/wp-content\/uploads\/2024\/07\/polos-uab-1024x659.png\" alt=\"\" class=\"wp-image-1867\" style=\"width:650px\" srcset=\"https:\/\/sites.uel.br\/nead\/wp-content\/uploads\/2024\/07\/polos-uab-1024x659.png 1024w, https:\/\/sites.uel.br\/nead\/wp-content\/uploads\/2024\/07\/polos-uab-300x193.png 300w, https:\/\/sites.uel.br\/nead\/wp-content\/uploads\/2024\/07\/polos-uab-768x494.png 768w, https:\/\/sites.uel.br\/nead\/wp-content\/uploads\/2024\/07\/polos-uab.png 1099w\" sizes=\"(max-width: 1024px) 100vw, 1024px\" \/><\/a><figcaption class=\"wp-element-caption\">(Clique na imagem para conferir os munic\u00edpios com polos UAB.)<\/figcaption><\/figure><\/div>\n\n\n<div style=\"height:50px\" aria-hidden=\"true\" class=\"wp-block-spacer\"><\/div>\n\n\n<div class=\"wp-block-image\">\n<figure class=\"aligncenter size-full is-resized\"><img loading=\"lazy\" decoding=\"async\" width=\"693\" height=\"124\" src=\"https:\/\/sites.uel.br\/nead\/wp-content\/uploads\/2024\/07\/uab-logos.png\" alt=\"\" class=\"wp-image-1884\" style=\"width:500px\" srcset=\"https:\/\/sites.uel.br\/nead\/wp-content\/uploads\/2024\/07\/uab-logos.png 693w, https:\/\/sites.uel.br\/nead\/wp-content\/uploads\/2024\/07\/uab-logos-300x54.png 300w\" sizes=\"(max-width: 693px) 100vw, 693px\" \/><\/figure><\/div>","protected":false},"excerpt":{"rendered":"<p>Universidade Aberta do Brasil Criado em 2006, o sistema Universidade Aberta do Brasil (UAB) \u00e9 um sistema integrado por universidades p\u00fablicas. Nossa Miss\u00e3o A UAB oferece cursos de n\u00edvel superior para camadas da popula\u00e7\u00e3o que t\u00eam dificuldade de acesso \u00e0 forma\u00e7\u00e3o universit\u00e1ria, por meio do uso da metodologia da educa\u00e7\u00e3o a dist\u00e2ncia (EaD).&nbsp; O p\u00fablico [&hellip;]<\/p>\n","protected":false},"author":11,"featured_media":0,"parent":0,"menu_order":0,"comment_status":"closed","ping_status":"closed","template":"","meta":{"_themeisle_gutenberg_block_has_review":false,"footnotes":""},"acf":[],"_links":{"self":[{"href":"https:\/\/sites.uel.br\/nead\/wp-json\/wp\/v2\/pages\/1823"}],"collection":[{"href":"https:\/\/sites.uel.br\/nead\/wp-json\/wp\/v2\/pages"}],"about":[{"href":"https:\/\/sites.uel.br\/nead\/wp-json\/wp\/v2\/types\/page"}],"author":[{"embeddable":true,"href":"https:\/\/sites.uel.br\/nead\/wp-json\/wp\/v2\/users\/11"}],"replies":[{"embeddable":true,"href":"https:\/\/sites.uel.br\/nead\/wp-json\/wp\/v2\/comments?post=1823"}],"version-history":[{"count":147,"href":"https:\/\/sites.uel.br\/nead\/wp-json\/wp\/v2\/pages\/1823\/revisions"}],"predecessor-version":[{"id":2588,"href":"https:\/\/sites.uel.br\/nead\/wp-json\/wp\/v2\/pages\/1823\/revisions\/2588"}],"wp:attachment":[{"href":"https:\/\/sites.uel.br\/nead\/wp-json\/wp\/v2\/media?parent=1823"}],"curies":[{"name":"wp","href":"https:\/\/api.w.org\/{rel}","templated":true}]}}