{"id":1813,"date":"2024-08-13T10:19:05","date_gmt":"2024-08-13T13:19:05","guid":{"rendered":"https:\/\/sites.uel.br\/nead\/?page_id=1813"},"modified":"2024-12-03T11:19:06","modified_gmt":"2024-12-03T14:19:06","slug":"area-do-professor-ead","status":"publish","type":"page","link":"https:\/\/sites.uel.br\/nead\/area-do-professor-ead\/","title":{"rendered":"\u00c1rea do Professor EaD"},"content":{"rendered":"\n<figure class=\"wp-block-image size-full\"><img loading=\"lazy\" decoding=\"async\" width=\"6298\" height=\"744\" src=\"https:\/\/sites.uel.br\/nead\/wp-content\/uploads\/2024\/08\/capinha-site-NEAD-3.png\" alt=\"\" class=\"wp-image-2508\" style=\"object-fit:cover\" srcset=\"https:\/\/sites.uel.br\/nead\/wp-content\/uploads\/2024\/08\/capinha-site-NEAD-3.png 6298w, https:\/\/sites.uel.br\/nead\/wp-content\/uploads\/2024\/08\/capinha-site-NEAD-3-300x35.png 300w, https:\/\/sites.uel.br\/nead\/wp-content\/uploads\/2024\/08\/capinha-site-NEAD-3-1024x121.png 1024w, https:\/\/sites.uel.br\/nead\/wp-content\/uploads\/2024\/08\/capinha-site-NEAD-3-768x91.png 768w, https:\/\/sites.uel.br\/nead\/wp-content\/uploads\/2024\/08\/capinha-site-NEAD-3-1536x181.png 1536w, https:\/\/sites.uel.br\/nead\/wp-content\/uploads\/2024\/08\/capinha-site-NEAD-3-2048x242.png 2048w\" sizes=\"(max-width: 6298px) 100vw, 6298px\" \/><\/figure>\n\n\n\n<div style=\"height:5px\" aria-hidden=\"true\" class=\"wp-block-spacer\"><\/div>\n\n\n\n<div class=\"wp-block-cover has-parallax has-cinza-claro-color has-text-color has-link-color wp-elements-5fe0251cbaf37f86726b98af47bc5695\" style=\"min-height:300px;aspect-ratio:unset;\"><span aria-hidden=\"true\" class=\"wp-block-cover__background has-background-dim-20 has-background-dim\"><\/span><div class=\"wp-block-cover__image-background wp-image-2679 has-parallax\" style=\"background-position:50% 50%;background-image:url(https:\/\/sites.uel.br\/nead\/wp-content\/uploads\/2024\/08\/pexels-vlada-karpovich-4050347-scaled-e1723818323862.jpg)\"><\/div><div class=\"wp-block-cover__inner-container is-layout-constrained wp-block-cover-is-layout-constrained\">\n<h3 class=\"wp-block-heading has-text-align-center has-cinza-claro-color has-text-color has-link-color has-large-font-size wp-elements-6d873b693ce4d18a58ff619284243d5d\">Bem-vindo \u00e0 \u00c1rea do Professor EaD<\/h3>\n\n\n\n<p class=\"has-text-align-center has-cinza-claro-color has-text-color has-link-color wp-elements-6a566285f809d99ee130808381aa5710\">Aqui voc\u00ea encontra informa\u00e7\u00f5es \u00fateis que o ajudar\u00e3o no decorrer do curso.<\/p>\n\n\n\n<hr class=\"wp-block-separator has-text-color has-cinza-claro-color has-alpha-channel-opacity has-cinza-claro-background-color has-background is-style-dots\" \/>\n<\/div><\/div>\n\n\n\n<div style=\"height:47px\" aria-hidden=\"true\" class=\"wp-block-spacer\"><\/div>\n\n\n\n<div class=\"wp-block-columns is-layout-flex wp-container-core-columns-is-layout-1 wp-block-columns-is-layout-flex\">\n<div class=\"wp-block-column is-layout-flow wp-block-column-is-layout-flow\">\n<figure class=\"wp-block-image size-large\"><a href=\"https:\/\/ava.uel.br\/\" target=\"_blank\" rel=\"noreferrer noopener\"><img loading=\"lazy\" decoding=\"async\" width=\"1024\" height=\"492\" src=\"https:\/\/sites.uel.br\/nead\/wp-content\/uploads\/2024\/11\/Area-do-Aluno-botao-acesso-ao-ambiente-virtual-1024x492.png\" alt=\"\" class=\"wp-image-3669\" srcset=\"https:\/\/sites.uel.br\/nead\/wp-content\/uploads\/2024\/11\/Area-do-Aluno-botao-acesso-ao-ambiente-virtual-1024x492.png 1024w, https:\/\/sites.uel.br\/nead\/wp-content\/uploads\/2024\/11\/Area-do-Aluno-botao-acesso-ao-ambiente-virtual-300x144.png 300w, https:\/\/sites.uel.br\/nead\/wp-content\/uploads\/2024\/11\/Area-do-Aluno-botao-acesso-ao-ambiente-virtual-768x369.png 768w, https:\/\/sites.uel.br\/nead\/wp-content\/uploads\/2024\/11\/Area-do-Aluno-botao-acesso-ao-ambiente-virtual.png 1389w\" sizes=\"(max-width: 1024px) 100vw, 1024px\" \/><\/a><\/figure>\n<\/div>\n\n\n\n<div class=\"wp-block-column is-layout-flow wp-block-column-is-layout-flow\"><div class=\"wp-block-image\">\n<figure class=\"aligncenter size-full is-resized\"><a href=\"https:\/\/ava.uel.br\/\" target=\"_blank\" rel=\"noreferrer noopener\"><img loading=\"lazy\" decoding=\"async\" width=\"853\" height=\"567\" src=\"https:\/\/sites.uel.br\/nead\/wp-content\/uploads\/2024\/11\/Area-do-Aluno-ilustracao-moodle.png\" alt=\"\" class=\"wp-image-3673\" style=\"width:302px;height:auto\" srcset=\"https:\/\/sites.uel.br\/nead\/wp-content\/uploads\/2024\/11\/Area-do-Aluno-ilustracao-moodle.png 853w, https:\/\/sites.uel.br\/nead\/wp-content\/uploads\/2024\/11\/Area-do-Aluno-ilustracao-moodle-300x199.png 300w, https:\/\/sites.uel.br\/nead\/wp-content\/uploads\/2024\/11\/Area-do-Aluno-ilustracao-moodle-768x510.png 768w\" sizes=\"(max-width: 853px) 100vw, 853px\" \/><\/a><\/figure><\/div><\/div>\n<\/div>\n\n\n\n<div class=\"wp-block-columns is-layout-flex wp-container-core-columns-is-layout-2 wp-block-columns-is-layout-flex\">\n<div class=\"wp-block-column is-layout-flow wp-block-column-is-layout-flow\">\n<figure class=\"wp-block-image size-large\"><a href=\"https:\/\/sites.uel.br\/nead\/wp-content\/uploads\/2024\/08\/Moodle-UEL-Guia-do-Professor.pdf\" target=\"_blank\" rel=\"noreferrer noopener\"><img loading=\"lazy\" decoding=\"async\" width=\"1024\" height=\"576\" src=\"https:\/\/sites.uel.br\/nead\/wp-content\/uploads\/2024\/11\/Area-do-Professor-guia-moodle-professor-1024x576.png\" alt=\"\" class=\"wp-image-3682\" srcset=\"https:\/\/sites.uel.br\/nead\/wp-content\/uploads\/2024\/11\/Area-do-Professor-guia-moodle-professor-1024x576.png 1024w, https:\/\/sites.uel.br\/nead\/wp-content\/uploads\/2024\/11\/Area-do-Professor-guia-moodle-professor-300x169.png 300w, https:\/\/sites.uel.br\/nead\/wp-content\/uploads\/2024\/11\/Area-do-Professor-guia-moodle-professor-768x432.png 768w, https:\/\/sites.uel.br\/nead\/wp-content\/uploads\/2024\/11\/Area-do-Professor-guia-moodle-professor.png 1388w\" sizes=\"(max-width: 1024px) 100vw, 1024px\" \/><\/a><\/figure>\n<\/div>\n\n\n\n<div class=\"wp-block-column is-layout-flow wp-block-column-is-layout-flow\">\n<figure class=\"wp-block-image size-large\"><a href=\"https:\/\/sites.uel.br\/nead\/wp-content\/uploads\/2024\/08\/Guia-do-Coordenador-de-Tutoria.pdf\" target=\"_blank\" rel=\"noreferrer noopener\"><img loading=\"lazy\" decoding=\"async\" width=\"1024\" height=\"574\" src=\"https:\/\/sites.uel.br\/nead\/wp-content\/uploads\/2024\/11\/Area-do-Professor-guia-de-atribuicoes-do-coordenador-de-tutoria-1024x574.png\" alt=\"\" class=\"wp-image-3681\" srcset=\"https:\/\/sites.uel.br\/nead\/wp-content\/uploads\/2024\/11\/Area-do-Professor-guia-de-atribuicoes-do-coordenador-de-tutoria-1024x574.png 1024w, https:\/\/sites.uel.br\/nead\/wp-content\/uploads\/2024\/11\/Area-do-Professor-guia-de-atribuicoes-do-coordenador-de-tutoria-300x168.png 300w, https:\/\/sites.uel.br\/nead\/wp-content\/uploads\/2024\/11\/Area-do-Professor-guia-de-atribuicoes-do-coordenador-de-tutoria-768x431.png 768w, https:\/\/sites.uel.br\/nead\/wp-content\/uploads\/2024\/11\/Area-do-Professor-guia-de-atribuicoes-do-coordenador-de-tutoria.png 1387w\" sizes=\"(max-width: 1024px) 100vw, 1024px\" \/><\/a><\/figure>\n<\/div>\n<\/div>\n\n\n\n<div class=\"wp-block-columns is-layout-flex wp-container-core-columns-is-layout-3 wp-block-columns-is-layout-flex\">\n<div class=\"wp-block-column is-layout-flow wp-block-column-is-layout-flow\" style=\"flex-basis:25%\"><\/div>\n\n\n\n<div class=\"wp-block-column is-layout-flow wp-block-column-is-layout-flow\" style=\"flex-basis:50%\">\n<figure class=\"wp-block-image size-large\"><a href=\"https:\/\/sites.uel.br\/nead\/softwares-e-links-uteis-para-ead\/\" target=\"_blank\" rel=\"noreferrer noopener\"><img loading=\"lazy\" decoding=\"async\" width=\"1024\" height=\"281\" src=\"https:\/\/sites.uel.br\/nead\/wp-content\/uploads\/2024\/11\/Area-do-Aluno-softwares-e-links-uteis-1024x281.png\" alt=\"\" class=\"wp-image-3675\" srcset=\"https:\/\/sites.uel.br\/nead\/wp-content\/uploads\/2024\/11\/Area-do-Aluno-softwares-e-links-uteis-1024x281.png 1024w, https:\/\/sites.uel.br\/nead\/wp-content\/uploads\/2024\/11\/Area-do-Aluno-softwares-e-links-uteis-300x82.png 300w, https:\/\/sites.uel.br\/nead\/wp-content\/uploads\/2024\/11\/Area-do-Aluno-softwares-e-links-uteis-768x211.png 768w, https:\/\/sites.uel.br\/nead\/wp-content\/uploads\/2024\/11\/Area-do-Aluno-softwares-e-links-uteis.png 1389w\" sizes=\"(max-width: 1024px) 100vw, 1024px\" \/><\/a><\/figure>\n<\/div>\n\n\n\n<div class=\"wp-block-column is-layout-flow wp-block-column-is-layout-flow\" style=\"flex-basis:25%\"><\/div>\n<\/div>\n\n\n\n<div style=\"height:100px\" aria-hidden=\"true\" class=\"wp-block-spacer\"><\/div>\n","protected":false},"excerpt":{"rendered":"","protected":false},"author":11,"featured_media":0,"parent":0,"menu_order":0,"comment_status":"closed","ping_status":"closed","template":"","meta":{"_themeisle_gutenberg_block_has_review":false,"footnotes":""},"acf":[],"_links":{"self":[{"href":"https:\/\/sites.uel.br\/nead\/wp-json\/wp\/v2\/pages\/1813"}],"collection":[{"href":"https:\/\/sites.uel.br\/nead\/wp-json\/wp\/v2\/pages"}],"about":[{"href":"https:\/\/sites.uel.br\/nead\/wp-json\/wp\/v2\/types\/page"}],"author":[{"embeddable":true,"href":"https:\/\/sites.uel.br\/nead\/wp-json\/wp\/v2\/users\/11"}],"replies":[{"embeddable":true,"href":"https:\/\/sites.uel.br\/nead\/wp-json\/wp\/v2\/comments?post=1813"}],"version-history":[{"count":43,"href":"https:\/\/sites.uel.br\/nead\/wp-json\/wp\/v2\/pages\/1813\/revisions"}],"predecessor-version":[{"id":3954,"href":"https:\/\/sites.uel.br\/nead\/wp-json\/wp\/v2\/pages\/1813\/revisions\/3954"}],"wp:attachment":[{"href":"https:\/\/sites.uel.br\/nead\/wp-json\/wp\/v2\/media?parent=1813"}],"curies":[{"name":"wp","href":"https:\/\/api.w.org\/{rel}","templated":true}]}}