{"id":1811,"date":"2024-08-12T15:51:32","date_gmt":"2024-08-12T18:51:32","guid":{"rendered":"https:\/\/sites.uel.br\/nead\/?page_id=1811"},"modified":"2025-08-12T10:45:02","modified_gmt":"2025-08-12T13:45:02","slug":"area-do-aluno-ead","status":"publish","type":"page","link":"https:\/\/sites.uel.br\/nead\/area-do-aluno-ead\/","title":{"rendered":"\u00c1rea do Aluno EaD"},"content":{"rendered":"\n<figure class=\"wp-block-image size-full\"><img loading=\"lazy\" decoding=\"async\" width=\"6298\" height=\"744\" src=\"https:\/\/sites.uel.br\/nead\/wp-content\/uploads\/2024\/08\/capinha-site-NEAD-3.png\" alt=\"\" class=\"wp-image-2508\" style=\"object-fit:cover\" srcset=\"https:\/\/sites.uel.br\/nead\/wp-content\/uploads\/2024\/08\/capinha-site-NEAD-3.png 6298w, https:\/\/sites.uel.br\/nead\/wp-content\/uploads\/2024\/08\/capinha-site-NEAD-3-300x35.png 300w, https:\/\/sites.uel.br\/nead\/wp-content\/uploads\/2024\/08\/capinha-site-NEAD-3-1024x121.png 1024w, https:\/\/sites.uel.br\/nead\/wp-content\/uploads\/2024\/08\/capinha-site-NEAD-3-768x91.png 768w, https:\/\/sites.uel.br\/nead\/wp-content\/uploads\/2024\/08\/capinha-site-NEAD-3-1536x181.png 1536w, https:\/\/sites.uel.br\/nead\/wp-content\/uploads\/2024\/08\/capinha-site-NEAD-3-2048x242.png 2048w\" sizes=\"(max-width: 6298px) 100vw, 6298px\" \/><\/figure>\n\n\n\n<div style=\"height:5px\" aria-hidden=\"true\" class=\"wp-block-spacer\"><\/div>\n\n\n\n<div class=\"wp-block-cover has-parallax has-cinza-claro-color has-text-color has-link-color wp-elements-af803ce1c5b1265be7d050cf9a70e86f\" style=\"min-height:300px;aspect-ratio:unset;\"><span aria-hidden=\"true\" class=\"wp-block-cover__background has-background-dim-20 has-background-dim\"><\/span><div class=\"wp-block-cover__image-background wp-image-2644 has-parallax\" style=\"background-position:50% 50%;background-image:url(https:\/\/sites.uel.br\/nead\/wp-content\/uploads\/2024\/08\/pexels-julia-m-cameron-4144923-scaled-e1723743986484.jpg)\"><\/div><div class=\"wp-block-cover__inner-container is-layout-flow wp-block-cover-is-layout-flow\">\n<h3 class=\"wp-block-heading has-text-align-center has-cinza-claro-color has-text-color has-link-color has-large-font-size wp-elements-c9a6cefe097500f56eae3b3a2c4d161d\">Bem-vindo \u00e0 \u00c1rea do Aluno EaD<\/h3>\n\n\n\n<p class=\"has-text-align-center has-cinza-claro-color has-text-color has-link-color wp-elements-946c81cd4cf60078d4b6e41772497316\">Aqui voc\u00ea encontra informa\u00e7\u00f5es \u00fateis para o melhor aproveitamento do curso.<\/p>\n\n\n\n<hr class=\"wp-block-separator has-text-color has-cinza-claro-color has-alpha-channel-opacity has-cinza-claro-background-color has-background is-style-dots\"\/>\n<\/div><\/div>\n\n\n\n<div style=\"height:48px\" aria-hidden=\"true\" class=\"wp-block-spacer\"><\/div>\n\n\n\n<div class=\"wp-block-columns is-layout-flex wp-container-core-columns-is-layout-1 wp-block-columns-is-layout-flex\">\n<div class=\"wp-block-column is-layout-flow wp-block-column-is-layout-flow\">\n<figure class=\"wp-block-image size-large\"><a href=\"https:\/\/ava.uel.br\/\" target=\"_blank\" rel=\"noreferrer noopener\"><img loading=\"lazy\" decoding=\"async\" width=\"1024\" height=\"492\" src=\"https:\/\/sites.uel.br\/nead\/wp-content\/uploads\/2024\/11\/Area-do-Aluno-botao-acesso-ao-ambiente-virtual-1024x492.png\" alt=\"\" class=\"wp-image-3669\" srcset=\"https:\/\/sites.uel.br\/nead\/wp-content\/uploads\/2024\/11\/Area-do-Aluno-botao-acesso-ao-ambiente-virtual-1024x492.png 1024w, https:\/\/sites.uel.br\/nead\/wp-content\/uploads\/2024\/11\/Area-do-Aluno-botao-acesso-ao-ambiente-virtual-300x144.png 300w, https:\/\/sites.uel.br\/nead\/wp-content\/uploads\/2024\/11\/Area-do-Aluno-botao-acesso-ao-ambiente-virtual-768x369.png 768w, https:\/\/sites.uel.br\/nead\/wp-content\/uploads\/2024\/11\/Area-do-Aluno-botao-acesso-ao-ambiente-virtual.png 1389w\" sizes=\"(max-width: 1024px) 100vw, 1024px\" \/><\/a><\/figure>\n<\/div>\n\n\n\n<div class=\"wp-block-column is-layout-flow wp-block-column-is-layout-flow\"><div class=\"wp-block-image\">\n<figure class=\"aligncenter size-full is-resized\"><a href=\"https:\/\/ava.uel.br\/\" target=\"_blank\" rel=\"noreferrer noopener\"><img loading=\"lazy\" decoding=\"async\" width=\"853\" height=\"567\" src=\"https:\/\/sites.uel.br\/nead\/wp-content\/uploads\/2024\/11\/Area-do-Aluno-ilustracao-moodle.png\" alt=\"\" class=\"wp-image-3673\" style=\"width:301px;height:auto\" srcset=\"https:\/\/sites.uel.br\/nead\/wp-content\/uploads\/2024\/11\/Area-do-Aluno-ilustracao-moodle.png 853w, https:\/\/sites.uel.br\/nead\/wp-content\/uploads\/2024\/11\/Area-do-Aluno-ilustracao-moodle-300x199.png 300w, https:\/\/sites.uel.br\/nead\/wp-content\/uploads\/2024\/11\/Area-do-Aluno-ilustracao-moodle-768x510.png 768w\" sizes=\"(max-width: 853px) 100vw, 853px\" \/><\/a><\/figure><\/div><\/div>\n<\/div>\n\n\n\n<div class=\"wp-block-columns is-layout-flex wp-container-core-columns-is-layout-2 wp-block-columns-is-layout-flex\">\n<div class=\"wp-block-column is-layout-flow wp-block-column-is-layout-flow\">\n<figure class=\"wp-block-image size-full\"><a href=\"https:\/\/sistemas.uel.br\/portaldoestudante\/index\" target=\"_blank\" rel=\"noreferrer noopener\"><img loading=\"lazy\" decoding=\"async\" width=\"1039\" height=\"285\" src=\"https:\/\/sites.uel.br\/nead\/wp-content\/uploads\/2025\/08\/Area-do-Aluno-Portal-do-estudante-graduacao.png\" alt=\"\" class=\"wp-image-5538\" srcset=\"https:\/\/sites.uel.br\/nead\/wp-content\/uploads\/2025\/08\/Area-do-Aluno-Portal-do-estudante-graduacao.png 1039w, https:\/\/sites.uel.br\/nead\/wp-content\/uploads\/2025\/08\/Area-do-Aluno-Portal-do-estudante-graduacao-300x82.png 300w, https:\/\/sites.uel.br\/nead\/wp-content\/uploads\/2025\/08\/Area-do-Aluno-Portal-do-estudante-graduacao-1024x281.png 1024w, https:\/\/sites.uel.br\/nead\/wp-content\/uploads\/2025\/08\/Area-do-Aluno-Portal-do-estudante-graduacao-768x211.png 768w\" sizes=\"(max-width: 1039px) 100vw, 1039px\" \/><\/a><\/figure>\n\n\n\n<figure class=\"wp-block-image size-large\"><a href=\"https:\/\/sites.uel.br\/nead\/softwares-e-links-uteis-para-ead\/\" target=\"_blank\" rel=\"noreferrer noopener\"><img loading=\"lazy\" decoding=\"async\" width=\"1024\" height=\"281\" src=\"https:\/\/sites.uel.br\/nead\/wp-content\/uploads\/2025\/08\/Area-do-Aluno-softwares-e-links-uteis-1-1024x281.png\" alt=\"\" class=\"wp-image-5542\" srcset=\"https:\/\/sites.uel.br\/nead\/wp-content\/uploads\/2025\/08\/Area-do-Aluno-softwares-e-links-uteis-1-1024x281.png 1024w, https:\/\/sites.uel.br\/nead\/wp-content\/uploads\/2025\/08\/Area-do-Aluno-softwares-e-links-uteis-1-300x82.png 300w, https:\/\/sites.uel.br\/nead\/wp-content\/uploads\/2025\/08\/Area-do-Aluno-softwares-e-links-uteis-1-768x211.png 768w, https:\/\/sites.uel.br\/nead\/wp-content\/uploads\/2025\/08\/Area-do-Aluno-softwares-e-links-uteis-1.png 1389w\" sizes=\"(max-width: 1024px) 100vw, 1024px\" \/><\/a><\/figure>\n<\/div>\n\n\n\n<div class=\"wp-block-column is-layout-flow wp-block-column-is-layout-flow\">\n<figure class=\"wp-block-image size-large\"><a href=\"https:\/\/sistemas.uel.br\/portaldepos\/index\" target=\"_blank\" rel=\"noreferrer noopener\"><img loading=\"lazy\" decoding=\"async\" width=\"1024\" height=\"281\" src=\"https:\/\/sites.uel.br\/nead\/wp-content\/uploads\/2025\/08\/Area-do-Aluno-Portal-do-estudante-de-pos-graduacao-1024x281.png\" alt=\"\" class=\"wp-image-5539\" srcset=\"https:\/\/sites.uel.br\/nead\/wp-content\/uploads\/2025\/08\/Area-do-Aluno-Portal-do-estudante-de-pos-graduacao-1024x281.png 1024w, https:\/\/sites.uel.br\/nead\/wp-content\/uploads\/2025\/08\/Area-do-Aluno-Portal-do-estudante-de-pos-graduacao-300x82.png 300w, https:\/\/sites.uel.br\/nead\/wp-content\/uploads\/2025\/08\/Area-do-Aluno-Portal-do-estudante-de-pos-graduacao-768x211.png 768w, https:\/\/sites.uel.br\/nead\/wp-content\/uploads\/2025\/08\/Area-do-Aluno-Portal-do-estudante-de-pos-graduacao.png 1039w\" sizes=\"(max-width: 1024px) 100vw, 1024px\" \/><\/a><\/figure>\n\n\n\n<figure class=\"wp-block-image size-full\"><a href=\"https:\/\/sites.uel.br\/nead\/glossario\/\" target=\"_blank\" rel=\"noreferrer noopener\"><img loading=\"lazy\" decoding=\"async\" width=\"1040\" height=\"285\" src=\"https:\/\/sites.uel.br\/nead\/wp-content\/uploads\/2025\/08\/Area-do-Aluno-glossario.png\" alt=\"\" class=\"wp-image-5543\" srcset=\"https:\/\/sites.uel.br\/nead\/wp-content\/uploads\/2025\/08\/Area-do-Aluno-glossario.png 1040w, https:\/\/sites.uel.br\/nead\/wp-content\/uploads\/2025\/08\/Area-do-Aluno-glossario-300x82.png 300w, https:\/\/sites.uel.br\/nead\/wp-content\/uploads\/2025\/08\/Area-do-Aluno-glossario-1024x281.png 1024w, https:\/\/sites.uel.br\/nead\/wp-content\/uploads\/2025\/08\/Area-do-Aluno-glossario-768x210.png 768w\" sizes=\"(max-width: 1040px) 100vw, 1040px\" \/><\/a><\/figure>\n<\/div>\n<\/div>\n\n\n\n<div class=\"wp-block-columns is-layout-flex wp-container-core-columns-is-layout-3 wp-block-columns-is-layout-flex\">\n<div class=\"wp-block-column is-layout-flow wp-block-column-is-layout-flow\">\n<figure class=\"wp-block-image size-full\"><a href=\"https:\/\/sites.uel.br\/bibliotecas\/wp-content\/uploads\/2025\/02\/ABNT-fev.-2025.pdf\" target=\"_blank\" rel=\"noreferrer noopener\"><img loading=\"lazy\" decoding=\"async\" width=\"1038\" height=\"548\" src=\"https:\/\/sites.uel.br\/nead\/wp-content\/uploads\/2025\/04\/Area-do-Aluno-guia-de-normas-da-abnt-bce-1.png\" alt=\"\" class=\"wp-image-4441\" srcset=\"https:\/\/sites.uel.br\/nead\/wp-content\/uploads\/2025\/04\/Area-do-Aluno-guia-de-normas-da-abnt-bce-1.png 1038w, https:\/\/sites.uel.br\/nead\/wp-content\/uploads\/2025\/04\/Area-do-Aluno-guia-de-normas-da-abnt-bce-1-300x158.png 300w, https:\/\/sites.uel.br\/nead\/wp-content\/uploads\/2025\/04\/Area-do-Aluno-guia-de-normas-da-abnt-bce-1-1024x541.png 1024w, https:\/\/sites.uel.br\/nead\/wp-content\/uploads\/2025\/04\/Area-do-Aluno-guia-de-normas-da-abnt-bce-1-768x405.png 768w\" sizes=\"(max-width: 1038px) 100vw, 1038px\" \/><\/a><\/figure>\n<\/div>\n\n\n\n<div class=\"wp-block-column is-layout-flow wp-block-column-is-layout-flow\">\n<figure class=\"wp-block-image size-full\"><a href=\"https:\/\/sites.uel.br\/nead\/wp-content\/uploads\/2024\/08\/Guia_sobre_plagio_academico.pdf\" target=\"_blank\" rel=\"noreferrer noopener\"><img loading=\"lazy\" decoding=\"async\" width=\"1388\" height=\"730\" src=\"https:\/\/sites.uel.br\/nead\/wp-content\/uploads\/2024\/11\/Area-do-Aluno-Guia-sobre-plagio-academico.png\" alt=\"\" class=\"wp-image-3672\" srcset=\"https:\/\/sites.uel.br\/nead\/wp-content\/uploads\/2024\/11\/Area-do-Aluno-Guia-sobre-plagio-academico.png 1388w, https:\/\/sites.uel.br\/nead\/wp-content\/uploads\/2024\/11\/Area-do-Aluno-Guia-sobre-plagio-academico-300x158.png 300w, https:\/\/sites.uel.br\/nead\/wp-content\/uploads\/2024\/11\/Area-do-Aluno-Guia-sobre-plagio-academico-1024x539.png 1024w, https:\/\/sites.uel.br\/nead\/wp-content\/uploads\/2024\/11\/Area-do-Aluno-Guia-sobre-plagio-academico-768x404.png 768w\" sizes=\"(max-width: 1388px) 100vw, 1388px\" \/><\/a><\/figure>\n<\/div>\n<\/div>\n\n\n\n<div class=\"wp-block-columns is-layout-flex wp-container-core-columns-is-layout-4 wp-block-columns-is-layout-flex\">\n<div class=\"wp-block-column is-layout-flow wp-block-column-is-layout-flow\"><div class=\"wp-block-image\">\n<figure class=\"aligncenter size-full is-resized\"><a href=\"https:\/\/sites.uel.br\/nead\/wp-content\/uploads\/2024\/08\/Tutoriais-Word.pdf\" target=\"_blank\" rel=\"noreferrer noopener\"><img loading=\"lazy\" decoding=\"async\" width=\"1388\" height=\"778\" src=\"https:\/\/sites.uel.br\/nead\/wp-content\/uploads\/2024\/11\/Area-do-Aluno-tutoriais-para-microsoft-word.png\" alt=\"\" class=\"wp-image-3676\" style=\"width:508px;height:auto\" srcset=\"https:\/\/sites.uel.br\/nead\/wp-content\/uploads\/2024\/11\/Area-do-Aluno-tutoriais-para-microsoft-word.png 1388w, https:\/\/sites.uel.br\/nead\/wp-content\/uploads\/2024\/11\/Area-do-Aluno-tutoriais-para-microsoft-word-300x168.png 300w, https:\/\/sites.uel.br\/nead\/wp-content\/uploads\/2024\/11\/Area-do-Aluno-tutoriais-para-microsoft-word-1024x574.png 1024w, https:\/\/sites.uel.br\/nead\/wp-content\/uploads\/2024\/11\/Area-do-Aluno-tutoriais-para-microsoft-word-768x430.png 768w\" sizes=\"(max-width: 1388px) 100vw, 1388px\" \/><\/a><\/figure><\/div><\/div>\n<\/div>\n\n\n\n<div style=\"height:100px\" aria-hidden=\"true\" class=\"wp-block-spacer\"><\/div>\n","protected":false},"excerpt":{"rendered":"","protected":false},"author":11,"featured_media":0,"parent":0,"menu_order":0,"comment_status":"closed","ping_status":"closed","template":"","meta":{"_themeisle_gutenberg_block_has_review":false,"footnotes":""},"acf":[],"_links":{"self":[{"href":"https:\/\/sites.uel.br\/nead\/wp-json\/wp\/v2\/pages\/1811"}],"collection":[{"href":"https:\/\/sites.uel.br\/nead\/wp-json\/wp\/v2\/pages"}],"about":[{"href":"https:\/\/sites.uel.br\/nead\/wp-json\/wp\/v2\/types\/page"}],"author":[{"embeddable":true,"href":"https:\/\/sites.uel.br\/nead\/wp-json\/wp\/v2\/users\/11"}],"replies":[{"embeddable":true,"href":"https:\/\/sites.uel.br\/nead\/wp-json\/wp\/v2\/comments?post=1811"}],"version-history":[{"count":112,"href":"https:\/\/sites.uel.br\/nead\/wp-json\/wp\/v2\/pages\/1811\/revisions"}],"predecessor-version":[{"id":5602,"href":"https:\/\/sites.uel.br\/nead\/wp-json\/wp\/v2\/pages\/1811\/revisions\/5602"}],"wp:attachment":[{"href":"https:\/\/sites.uel.br\/nead\/wp-json\/wp\/v2\/media?parent=1811"}],"curies":[{"name":"wp","href":"https:\/\/api.w.org\/{rel}","templated":true}]}}