{"id":1744,"date":"2024-07-24T13:54:30","date_gmt":"2024-07-24T16:54:30","guid":{"rendered":"https:\/\/sites.uel.br\/nead\/?page_id=1744"},"modified":"2024-11-07T09:30:07","modified_gmt":"2024-11-07T12:30:07","slug":"legislacao-nead","status":"publish","type":"page","link":"https:\/\/sites.uel.br\/nead\/legislacao-nead\/","title":{"rendered":"Legisla\u00e7\u00e3o Nead"},"content":{"rendered":"\n<figure class=\"wp-block-image size-full is-resized\"><img loading=\"lazy\" decoding=\"async\" width=\"6298\" height=\"744\" src=\"https:\/\/sites.uel.br\/nead\/wp-content\/uploads\/2024\/08\/capinha-site-NEAD-3.png\" alt=\"\" class=\"wp-image-2508\" style=\"width:1062px;height:auto\" srcset=\"https:\/\/sites.uel.br\/nead\/wp-content\/uploads\/2024\/08\/capinha-site-NEAD-3.png 6298w, https:\/\/sites.uel.br\/nead\/wp-content\/uploads\/2024\/08\/capinha-site-NEAD-3-300x35.png 300w, https:\/\/sites.uel.br\/nead\/wp-content\/uploads\/2024\/08\/capinha-site-NEAD-3-1024x121.png 1024w, https:\/\/sites.uel.br\/nead\/wp-content\/uploads\/2024\/08\/capinha-site-NEAD-3-768x91.png 768w, https:\/\/sites.uel.br\/nead\/wp-content\/uploads\/2024\/08\/capinha-site-NEAD-3-1536x181.png 1536w, https:\/\/sites.uel.br\/nead\/wp-content\/uploads\/2024\/08\/capinha-site-NEAD-3-2048x242.png 2048w\" sizes=\"(max-width: 6298px) 100vw, 6298px\" \/><\/figure>\n\n\n\n<div style=\"height:50px\" aria-hidden=\"true\" class=\"wp-block-spacer\"><\/div>\n\n\n\n<p style=\"font-size:17px\"><strong><a href=\"https:\/\/sites.uel.br\/nead\/wp-content\/uploads\/2024\/07\/Resolucao-CU-154-2008.pdf\" target=\"_blank\" rel=\"noreferrer noopener\">Resolu\u00e7\u00e3o CU n\u00ba 0154\/2008<\/a><\/strong> \u2013 Altera o artigo 22 do Regimento Geral da Universidade.<\/p>\n\n\n\n<div style=\"height:20px\" aria-hidden=\"true\" class=\"wp-block-spacer\"><\/div>\n\n\n\n<p style=\"font-size:17px\"><a href=\"https:\/\/sites.uel.br\/nead\/wp-content\/uploads\/2024\/07\/Resolucao-CA-CU-069-2009.pdf\" target=\"_blank\" rel=\"noreferrer noopener\">\u200b\u200b<strong>Resolu\u00e7\u00e3o CA\/CU n\u00ba 0069\/2009<\/strong><\/a> \u2013 Cria o N\u00facleo de Educa\u00e7\u00e3o a Dist\u00e2ncia da UEL, vinculado \u00e0 Reitoria.<\/p>\n\n\n\n<div style=\"height:20px\" aria-hidden=\"true\" class=\"wp-block-spacer\"><\/div>\n\n\n\n<p style=\"font-size:17px\"><strong><a href=\"https:\/\/sites.uel.br\/nead\/wp-content\/uploads\/2024\/07\/Resolucao-CEPE-051-2010.pdf\" target=\"_blank\" rel=\"noreferrer noopener\">Resolu\u00e7\u00e3o CEPE n\u00ba 0051\/2010<\/a><\/strong> \u2013 Regulamenta a cria\u00e7\u00e3o de cursos na modalidade a dist\u00e2ncia na UEL.<\/p>\n\n\n\n<div style=\"height:20px\" aria-hidden=\"true\" class=\"wp-block-spacer\"><\/div>\n\n\n\n<p style=\"font-size:17px\"><a href=\"https:\/\/sites.uel.br\/nead\/wp-content\/uploads\/2024\/07\/Resolucao-CEPE-015-2011.pdf\" target=\"_blank\" rel=\"noreferrer noopener\"><strong>Resolu\u00e7\u00e3o CEPE n\u00ba 015\/2011<\/strong><\/a> \u2013 Regulamenta a oferta de atividades acad\u00eamicas de forma semipresencial e d\u00e1 outras provid\u00eancias.<\/p>\n\n\n\n<div style=\"height:20px\" aria-hidden=\"true\" class=\"wp-block-spacer\"><\/div>\n\n\n\n<p style=\"font-size:17px\"><strong><a href=\"https:\/\/sites.uel.br\/nead\/wp-content\/uploads\/2024\/07\/Instrucao-de-Servico-PROGRAD-06-2011.pdf\" target=\"_blank\" rel=\"noreferrer noopener\">Instru\u00e7\u00e3o de servi\u00e7o PROGRAD n\u00ba 06\/2011<\/a><\/strong> \u2013 Estabelece procedimentos para oferta de atividades acad\u00eamicas na modalidade semipresencial para os Cursos de Gradua\u00e7\u00e3o da UEL.<\/p>\n\n\n\n<div style=\"height:20px\" aria-hidden=\"true\" class=\"wp-block-spacer\"><\/div>\n\n\n\n<p style=\"font-size:17px\"><strong><a href=\"https:\/\/sites.uel.br\/nead\/wp-content\/uploads\/2024\/07\/Resolucao-CEPE-150-2012.pdf\" target=\"_blank\" rel=\"noreferrer noopener\">Resolu\u00e7\u00e3o CEPE n\u00ba 150\/2012<\/a><\/strong> \u2013 Regulamenta procedimentos acad\u00eamicos e administrativos para os Cursos de Gradua\u00e7\u00e3o na modalidade a dist\u00e2ncia da Universidade Estadual de Londrina.<\/p>\n\n\n\n<div style=\"height:20px\" aria-hidden=\"true\" class=\"wp-block-spacer\"><\/div>\n\n\n\n<p style=\"font-size:17px\"><strong><a href=\"https:\/\/sites.uel.br\/nead\/wp-content\/uploads\/2024\/07\/Instrucao-de-Servico-NEAD-001-2014.pdf\" target=\"_blank\" rel=\"noreferrer noopener\">Instru\u00e7\u00e3o de servi\u00e7o NEAD n\u00ba 001\/2014<\/a><\/strong> \u2013 Estabelece procedimentos relativos a disponibiliza\u00e7\u00e3o de informa\u00e7\u00f5es e dados dos Cursos EaD e da Plataforma Moodle.<\/p>\n\n\n\n<div style=\"height:20px\" aria-hidden=\"true\" class=\"wp-block-spacer\"><\/div>\n\n\n\n<p style=\"font-size:17px\"><strong><a href=\"https:\/\/sites.uel.br\/nead\/wp-content\/uploads\/2024\/07\/Resolucao-CEPE-033-2014.pdf\" target=\"_blank\" rel=\"noreferrer noopener\">Resolu\u00e7\u00e3o CEPE n\u00ba 033\/2014<\/a><\/strong> \u2013 Altera o Regulamento dos Cursos P\u00f3s-Gradua\u00e7\u00e3o Latu sensu.<\/p>\n\n\n\n<div style=\"height:100px\" aria-hidden=\"true\" class=\"wp-block-spacer\"><\/div>\n","protected":false},"excerpt":{"rendered":"<p>Resolu\u00e7\u00e3o CU n\u00ba 0154\/2008 \u2013 Altera o artigo 22 do Regimento Geral da Universidade. \u200b\u200bResolu\u00e7\u00e3o CA\/CU n\u00ba 0069\/2009 \u2013 Cria o N\u00facleo de Educa\u00e7\u00e3o a Dist\u00e2ncia da UEL, vinculado \u00e0 Reitoria. Resolu\u00e7\u00e3o CEPE n\u00ba 0051\/2010 \u2013 Regulamenta a cria\u00e7\u00e3o de cursos na modalidade a dist\u00e2ncia na UEL. Resolu\u00e7\u00e3o CEPE n\u00ba 015\/2011 \u2013 Regulamenta a oferta [&hellip;]<\/p>\n","protected":false},"author":11,"featured_media":0,"parent":0,"menu_order":0,"comment_status":"closed","ping_status":"closed","template":"","meta":{"_themeisle_gutenberg_block_has_review":false,"footnotes":""},"acf":[],"_links":{"self":[{"href":"https:\/\/sites.uel.br\/nead\/wp-json\/wp\/v2\/pages\/1744"}],"collection":[{"href":"https:\/\/sites.uel.br\/nead\/wp-json\/wp\/v2\/pages"}],"about":[{"href":"https:\/\/sites.uel.br\/nead\/wp-json\/wp\/v2\/types\/page"}],"author":[{"embeddable":true,"href":"https:\/\/sites.uel.br\/nead\/wp-json\/wp\/v2\/users\/11"}],"replies":[{"embeddable":true,"href":"https:\/\/sites.uel.br\/nead\/wp-json\/wp\/v2\/comments?post=1744"}],"version-history":[{"count":25,"href":"https:\/\/sites.uel.br\/nead\/wp-json\/wp\/v2\/pages\/1744\/revisions"}],"predecessor-version":[{"id":3618,"href":"https:\/\/sites.uel.br\/nead\/wp-json\/wp\/v2\/pages\/1744\/revisions\/3618"}],"wp:attachment":[{"href":"https:\/\/sites.uel.br\/nead\/wp-json\/wp\/v2\/media?parent=1744"}],"curies":[{"name":"wp","href":"https:\/\/api.w.org\/{rel}","templated":true}]}}