{"id":1733,"date":"2024-07-24T11:48:24","date_gmt":"2024-07-24T14:48:24","guid":{"rendered":"https:\/\/sites.uel.br\/nead\/?page_id=1733"},"modified":"2026-03-26T14:44:36","modified_gmt":"2026-03-26T17:44:36","slug":"pos-graduacao","status":"publish","type":"page","link":"https:\/\/sites.uel.br\/nead\/pos-graduacao\/","title":{"rendered":"P\u00f3s-Gradua\u00e7\u00e3o"},"content":{"rendered":"\n<figure class=\"wp-block-image size-full is-resized\"><img loading=\"lazy\" decoding=\"async\" width=\"6298\" height=\"744\" src=\"https:\/\/sites.uel.br\/nead\/wp-content\/uploads\/2024\/08\/capinha-site-NEAD-3.png\" alt=\"\" class=\"wp-image-2508\" style=\"width:1062px;height:auto\" srcset=\"https:\/\/sites.uel.br\/nead\/wp-content\/uploads\/2024\/08\/capinha-site-NEAD-3.png 6298w, https:\/\/sites.uel.br\/nead\/wp-content\/uploads\/2024\/08\/capinha-site-NEAD-3-300x35.png 300w, https:\/\/sites.uel.br\/nead\/wp-content\/uploads\/2024\/08\/capinha-site-NEAD-3-1024x121.png 1024w, https:\/\/sites.uel.br\/nead\/wp-content\/uploads\/2024\/08\/capinha-site-NEAD-3-768x91.png 768w, https:\/\/sites.uel.br\/nead\/wp-content\/uploads\/2024\/08\/capinha-site-NEAD-3-1536x181.png 1536w, https:\/\/sites.uel.br\/nead\/wp-content\/uploads\/2024\/08\/capinha-site-NEAD-3-2048x242.png 2048w\" sizes=\"(max-width: 6298px) 100vw, 6298px\" \/><\/figure>\n\n\n\n<div style=\"height:50px\" aria-hidden=\"true\" class=\"wp-block-spacer\"><\/div>\n\n\n\n<div class=\"wp-block-columns is-layout-flex wp-container-core-columns-is-layout-1 wp-block-columns-is-layout-flex\">\n<div class=\"wp-block-column is-layout-flow wp-block-column-is-layout-flow\">\n<p><strong>Cursos em andamento<\/strong><\/p>\n<\/div>\n<\/div>\n\n\n\n<div class=\"wp-block-columns is-layout-flex wp-container-core-columns-is-layout-2 wp-block-columns-is-layout-flex\">\n<div class=\"wp-block-column is-layout-flow wp-block-column-is-layout-flow\"><\/div>\n\n\n\n<div class=\"wp-block-column is-layout-flow wp-block-column-is-layout-flow\">\n<figure class=\"wp-block-image size-full\"><a href=\"https:\/\/sites.uel.br\/nead\/atividade-fisica-e-saude\/\" target=\"_blank\" rel=\"noreferrer noopener\"><img loading=\"lazy\" decoding=\"async\" width=\"1296\" height=\"1406\" src=\"https:\/\/sites.uel.br\/nead\/wp-content\/uploads\/2025\/05\/botao-atv-fisica.png\" alt=\"\" class=\"wp-image-4830\" srcset=\"https:\/\/sites.uel.br\/nead\/wp-content\/uploads\/2025\/05\/botao-atv-fisica.png 1296w, https:\/\/sites.uel.br\/nead\/wp-content\/uploads\/2025\/05\/botao-atv-fisica-277x300.png 277w, https:\/\/sites.uel.br\/nead\/wp-content\/uploads\/2025\/05\/botao-atv-fisica-944x1024.png 944w, https:\/\/sites.uel.br\/nead\/wp-content\/uploads\/2025\/05\/botao-atv-fisica-768x833.png 768w\" sizes=\"(max-width: 1296px) 100vw, 1296px\" \/><\/a><\/figure>\n<\/div>\n\n\n\n<div class=\"wp-block-column is-layout-flow wp-block-column-is-layout-flow\">\n<figure class=\"wp-block-image size-full\"><a href=\"https:\/\/sites.uel.br\/nead\/educacao-fisica-na-educacao-basica\/\" target=\"_blank\" rel=\"noreferrer noopener\"><img loading=\"lazy\" decoding=\"async\" width=\"1296\" height=\"1406\" src=\"https:\/\/sites.uel.br\/nead\/wp-content\/uploads\/2026\/02\/Group-731.png\" alt=\"\" class=\"wp-image-6062\" srcset=\"https:\/\/sites.uel.br\/nead\/wp-content\/uploads\/2026\/02\/Group-731.png 1296w, https:\/\/sites.uel.br\/nead\/wp-content\/uploads\/2026\/02\/Group-731-277x300.png 277w, https:\/\/sites.uel.br\/nead\/wp-content\/uploads\/2026\/02\/Group-731-944x1024.png 944w, https:\/\/sites.uel.br\/nead\/wp-content\/uploads\/2026\/02\/Group-731-768x833.png 768w\" sizes=\"(max-width: 1296px) 100vw, 1296px\" \/><\/a><\/figure>\n<\/div>\n\n\n\n<div class=\"wp-block-column is-layout-flow wp-block-column-is-layout-flow\"><\/div>\n<\/div>\n\n\n\n<div class=\"wp-block-columns is-layout-flex wp-container-core-columns-is-layout-3 wp-block-columns-is-layout-flex\">\n<div class=\"wp-block-column is-layout-flow wp-block-column-is-layout-flow\"><\/div>\n\n\n\n<div class=\"wp-block-column is-layout-flow wp-block-column-is-layout-flow\">\n<figure class=\"wp-block-image size-full\"><a href=\"https:\/\/sites.uel.br\/nead\/ensino-de-ingles-para-criancas\/\" target=\"_blank\" rel=\"noreferrer noopener\"><img loading=\"lazy\" decoding=\"async\" width=\"1296\" height=\"1406\" src=\"https:\/\/sites.uel.br\/nead\/wp-content\/uploads\/2025\/04\/botao-ensino-de-ingles-para-criancas-1.png\" alt=\"\" class=\"wp-image-4561\" srcset=\"https:\/\/sites.uel.br\/nead\/wp-content\/uploads\/2025\/04\/botao-ensino-de-ingles-para-criancas-1.png 1296w, https:\/\/sites.uel.br\/nead\/wp-content\/uploads\/2025\/04\/botao-ensino-de-ingles-para-criancas-1-277x300.png 277w, https:\/\/sites.uel.br\/nead\/wp-content\/uploads\/2025\/04\/botao-ensino-de-ingles-para-criancas-1-944x1024.png 944w, https:\/\/sites.uel.br\/nead\/wp-content\/uploads\/2025\/04\/botao-ensino-de-ingles-para-criancas-1-768x833.png 768w\" sizes=\"(max-width: 1296px) 100vw, 1296px\" \/><\/a><\/figure>\n<\/div>\n\n\n\n<div class=\"wp-block-column is-layout-flow wp-block-column-is-layout-flow\">\n<figure class=\"wp-block-image size-full\"><a href=\"https:\/\/sites.uel.br\/nead\/ens-lingua-portuguesa-e-tec-educacional-digital\/\" target=\"_blank\" rel=\"noreferrer noopener\"><img loading=\"lazy\" decoding=\"async\" width=\"1296\" height=\"1406\" src=\"https:\/\/sites.uel.br\/nead\/wp-content\/uploads\/2025\/05\/botao-ensino-lingua-port-e-tec.png\" alt=\"\" class=\"wp-image-4834\" srcset=\"https:\/\/sites.uel.br\/nead\/wp-content\/uploads\/2025\/05\/botao-ensino-lingua-port-e-tec.png 1296w, https:\/\/sites.uel.br\/nead\/wp-content\/uploads\/2025\/05\/botao-ensino-lingua-port-e-tec-277x300.png 277w, https:\/\/sites.uel.br\/nead\/wp-content\/uploads\/2025\/05\/botao-ensino-lingua-port-e-tec-944x1024.png 944w, https:\/\/sites.uel.br\/nead\/wp-content\/uploads\/2025\/05\/botao-ensino-lingua-port-e-tec-768x833.png 768w\" sizes=\"(max-width: 1296px) 100vw, 1296px\" \/><\/a><\/figure>\n<\/div>\n\n\n\n<div class=\"wp-block-column is-layout-flow wp-block-column-is-layout-flow\"><\/div>\n<\/div>\n\n\n\n<div class=\"wp-block-columns is-layout-flex wp-container-core-columns-is-layout-4 wp-block-columns-is-layout-flex\">\n<div class=\"wp-block-column is-layout-flow wp-block-column-is-layout-flow\"><\/div>\n\n\n\n<div class=\"wp-block-column is-layout-flow wp-block-column-is-layout-flow\">\n<figure class=\"wp-block-image size-full\"><a href=\"https:\/\/sites.uel.br\/nead\/gestao-documental-restec\/\" target=\"_blank\" rel=\"noreferrer noopener\"><img loading=\"lazy\" decoding=\"async\" width=\"1296\" height=\"1406\" src=\"https:\/\/sites.uel.br\/nead\/wp-content\/uploads\/2026\/02\/Group-1039.png\" alt=\"\" class=\"wp-image-6102\" style=\"object-fit:cover\" srcset=\"https:\/\/sites.uel.br\/nead\/wp-content\/uploads\/2026\/02\/Group-1039.png 1296w, https:\/\/sites.uel.br\/nead\/wp-content\/uploads\/2026\/02\/Group-1039-277x300.png 277w, https:\/\/sites.uel.br\/nead\/wp-content\/uploads\/2026\/02\/Group-1039-944x1024.png 944w, https:\/\/sites.uel.br\/nead\/wp-content\/uploads\/2026\/02\/Group-1039-768x833.png 768w\" sizes=\"(max-width: 1296px) 100vw, 1296px\" \/><\/a><\/figure>\n<\/div>\n\n\n\n<div class=\"wp-block-column is-layout-flow wp-block-column-is-layout-flow\">\n<figure class=\"wp-block-image size-full\"><a href=\"https:\/\/sites.uel.br\/nead\/gestao-publica-pnap\/\" target=\"_blank\" rel=\"noreferrer noopener\"><img loading=\"lazy\" decoding=\"async\" width=\"1296\" height=\"1406\" src=\"https:\/\/sites.uel.br\/nead\/wp-content\/uploads\/2025\/05\/botao-esp-gestao-publica-pnap-1.png\" alt=\"\" class=\"wp-image-4837\" srcset=\"https:\/\/sites.uel.br\/nead\/wp-content\/uploads\/2025\/05\/botao-esp-gestao-publica-pnap-1.png 1296w, https:\/\/sites.uel.br\/nead\/wp-content\/uploads\/2025\/05\/botao-esp-gestao-publica-pnap-1-277x300.png 277w, https:\/\/sites.uel.br\/nead\/wp-content\/uploads\/2025\/05\/botao-esp-gestao-publica-pnap-1-944x1024.png 944w, https:\/\/sites.uel.br\/nead\/wp-content\/uploads\/2025\/05\/botao-esp-gestao-publica-pnap-1-768x833.png 768w\" sizes=\"(max-width: 1296px) 100vw, 1296px\" \/><\/a><\/figure>\n<\/div>\n\n\n\n<div class=\"wp-block-column is-layout-flow wp-block-column-is-layout-flow\"><\/div>\n<\/div>\n\n\n\n<div class=\"wp-block-columns is-layout-flex wp-container-core-columns-is-layout-5 wp-block-columns-is-layout-flex\">\n<div class=\"wp-block-column is-layout-flow wp-block-column-is-layout-flow\"><\/div>\n\n\n\n<div class=\"wp-block-column is-layout-flow wp-block-column-is-layout-flow\">\n<figure class=\"wp-block-image size-full\"><a href=\"https:\/\/sites.uel.br\/nead\/tecnologias-de-informatica-na-educacao\/\" target=\"_blank\" rel=\"noreferrer noopener\"><img loading=\"lazy\" decoding=\"async\" width=\"1296\" height=\"1406\" src=\"https:\/\/sites.uel.br\/nead\/wp-content\/uploads\/2025\/05\/botao-tecnologias-de-informatica-1.png\" alt=\"\" class=\"wp-image-4838\" srcset=\"https:\/\/sites.uel.br\/nead\/wp-content\/uploads\/2025\/05\/botao-tecnologias-de-informatica-1.png 1296w, https:\/\/sites.uel.br\/nead\/wp-content\/uploads\/2025\/05\/botao-tecnologias-de-informatica-1-277x300.png 277w, https:\/\/sites.uel.br\/nead\/wp-content\/uploads\/2025\/05\/botao-tecnologias-de-informatica-1-944x1024.png 944w, https:\/\/sites.uel.br\/nead\/wp-content\/uploads\/2025\/05\/botao-tecnologias-de-informatica-1-768x833.png 768w\" sizes=\"(max-width: 1296px) 100vw, 1296px\" \/><\/a><\/figure>\n<\/div>\n\n\n\n<div class=\"wp-block-column is-layout-flow wp-block-column-is-layout-flow\"><\/div>\n\n\n\n<div class=\"wp-block-column is-layout-flow wp-block-column-is-layout-flow\"><\/div>\n<\/div>\n\n\n\n<div style=\"height:40px\" aria-hidden=\"true\" class=\"wp-block-spacer\"><\/div>\n\n\n\n<div class=\"wp-block-columns is-layout-flex wp-container-core-columns-is-layout-6 wp-block-columns-is-layout-flex\">\n<div class=\"wp-block-column is-layout-flow wp-block-column-is-layout-flow\">\n<p><strong>Cursos sem oferta prevista no momento<\/strong><\/p>\n<\/div>\n<\/div>\n\n\n\n<div class=\"wp-block-columns is-layout-flex wp-container-core-columns-is-layout-7 wp-block-columns-is-layout-flex\">\n<div class=\"wp-block-column is-layout-flow wp-block-column-is-layout-flow\"><\/div>\n\n\n\n<div class=\"wp-block-column is-layout-flow wp-block-column-is-layout-flow\">\n<figure class=\"wp-block-image size-full\"><a href=\"https:\/\/sites.uel.br\/nead\/educacao-digital\/\" target=\"_blank\" rel=\"noreferrer noopener\"><img loading=\"lazy\" decoding=\"async\" width=\"1297\" height=\"1406\" src=\"https:\/\/sites.uel.br\/nead\/wp-content\/uploads\/2025\/04\/Botao-esp-Educacao-Digital.png\" alt=\"\" class=\"wp-image-4560\" srcset=\"https:\/\/sites.uel.br\/nead\/wp-content\/uploads\/2025\/04\/Botao-esp-Educacao-Digital.png 1297w, https:\/\/sites.uel.br\/nead\/wp-content\/uploads\/2025\/04\/Botao-esp-Educacao-Digital-277x300.png 277w, https:\/\/sites.uel.br\/nead\/wp-content\/uploads\/2025\/04\/Botao-esp-Educacao-Digital-945x1024.png 945w, https:\/\/sites.uel.br\/nead\/wp-content\/uploads\/2025\/04\/Botao-esp-Educacao-Digital-768x833.png 768w\" sizes=\"(max-width: 1297px) 100vw, 1297px\" \/><\/a><\/figure>\n<\/div>\n\n\n\n<div class=\"wp-block-column is-layout-flow wp-block-column-is-layout-flow\">\n<figure class=\"wp-block-image size-full\"><a href=\"https:\/\/sites.uel.br\/nead\/educacao-fisica-inclusiva\/\" target=\"_blank\" rel=\"noreferrer noopener\"><img loading=\"lazy\" decoding=\"async\" width=\"1296\" height=\"1406\" src=\"https:\/\/sites.uel.br\/nead\/wp-content\/uploads\/2025\/05\/botao-inscricoes-ed-fisica-inclusiva.png\" alt=\"\" class=\"wp-image-4831\" srcset=\"https:\/\/sites.uel.br\/nead\/wp-content\/uploads\/2025\/05\/botao-inscricoes-ed-fisica-inclusiva.png 1296w, https:\/\/sites.uel.br\/nead\/wp-content\/uploads\/2025\/05\/botao-inscricoes-ed-fisica-inclusiva-277x300.png 277w, https:\/\/sites.uel.br\/nead\/wp-content\/uploads\/2025\/05\/botao-inscricoes-ed-fisica-inclusiva-944x1024.png 944w, https:\/\/sites.uel.br\/nead\/wp-content\/uploads\/2025\/05\/botao-inscricoes-ed-fisica-inclusiva-768x833.png 768w\" sizes=\"(max-width: 1296px) 100vw, 1296px\" \/><\/a><\/figure>\n<\/div>\n\n\n\n<div class=\"wp-block-column is-layout-flow wp-block-column-is-layout-flow\"><\/div>\n<\/div>\n\n\n\n<div class=\"wp-block-columns is-layout-flex wp-container-core-columns-is-layout-8 wp-block-columns-is-layout-flex\">\n<div class=\"wp-block-column is-layout-flow wp-block-column-is-layout-flow\"><\/div>\n\n\n\n<div class=\"wp-block-column is-layout-flow wp-block-column-is-layout-flow\">\n<figure class=\"wp-block-image size-full\"><a href=\"https:\/\/sites.uel.br\/nead\/ciencia-e-10\/\" target=\"_blank\" rel=\"noreferrer noopener\"><img loading=\"lazy\" decoding=\"async\" width=\"1296\" height=\"1406\" src=\"https:\/\/sites.uel.br\/nead\/wp-content\/uploads\/2026\/02\/Ciencia10.png\" alt=\"\" class=\"wp-image-5968\" srcset=\"https:\/\/sites.uel.br\/nead\/wp-content\/uploads\/2026\/02\/Ciencia10.png 1296w, https:\/\/sites.uel.br\/nead\/wp-content\/uploads\/2026\/02\/Ciencia10-277x300.png 277w, https:\/\/sites.uel.br\/nead\/wp-content\/uploads\/2026\/02\/Ciencia10-944x1024.png 944w, https:\/\/sites.uel.br\/nead\/wp-content\/uploads\/2026\/02\/Ciencia10-768x833.png 768w\" sizes=\"(max-width: 1296px) 100vw, 1296px\" \/><\/a><\/figure>\n<\/div>\n\n\n\n<div class=\"wp-block-column is-layout-flow wp-block-column-is-layout-flow\">\n<figure class=\"wp-block-image size-full\"><a href=\"https:\/\/sites.uel.br\/nead\/gestao-escolar-pnap\/\" target=\"_blank\" rel=\"noreferrer noopener\"><img loading=\"lazy\" decoding=\"async\" width=\"1296\" height=\"1406\" src=\"https:\/\/sites.uel.br\/nead\/wp-content\/uploads\/2026\/02\/Group-758.png\" alt=\"\" class=\"wp-image-6061\" srcset=\"https:\/\/sites.uel.br\/nead\/wp-content\/uploads\/2026\/02\/Group-758.png 1296w, https:\/\/sites.uel.br\/nead\/wp-content\/uploads\/2026\/02\/Group-758-277x300.png 277w, https:\/\/sites.uel.br\/nead\/wp-content\/uploads\/2026\/02\/Group-758-944x1024.png 944w, https:\/\/sites.uel.br\/nead\/wp-content\/uploads\/2026\/02\/Group-758-768x833.png 768w\" sizes=\"(max-width: 1296px) 100vw, 1296px\" \/><\/a><\/figure>\n<\/div>\n\n\n\n<div class=\"wp-block-column is-layout-flow wp-block-column-is-layout-flow\"><\/div>\n<\/div>\n","protected":false},"excerpt":{"rendered":"<p>Cursos em andamento Cursos sem oferta prevista no momento<\/p>\n","protected":false},"author":11,"featured_media":0,"parent":0,"menu_order":0,"comment_status":"closed","ping_status":"closed","template":"","meta":{"_themeisle_gutenberg_block_has_review":false,"footnotes":""},"acf":[],"_links":{"self":[{"href":"https:\/\/sites.uel.br\/nead\/wp-json\/wp\/v2\/pages\/1733"}],"collection":[{"href":"https:\/\/sites.uel.br\/nead\/wp-json\/wp\/v2\/pages"}],"about":[{"href":"https:\/\/sites.uel.br\/nead\/wp-json\/wp\/v2\/types\/page"}],"author":[{"embeddable":true,"href":"https:\/\/sites.uel.br\/nead\/wp-json\/wp\/v2\/users\/11"}],"replies":[{"embeddable":true,"href":"https:\/\/sites.uel.br\/nead\/wp-json\/wp\/v2\/comments?post=1733"}],"version-history":[{"count":87,"href":"https:\/\/sites.uel.br\/nead\/wp-json\/wp\/v2\/pages\/1733\/revisions"}],"predecessor-version":[{"id":6406,"href":"https:\/\/sites.uel.br\/nead\/wp-json\/wp\/v2\/pages\/1733\/revisions\/6406"}],"wp:attachment":[{"href":"https:\/\/sites.uel.br\/nead\/wp-json\/wp\/v2\/media?parent=1733"}],"curies":[{"name":"wp","href":"https:\/\/api.w.org\/{rel}","templated":true}]}}