{"id":2399,"date":"2025-11-06T12:02:19","date_gmt":"2025-11-06T15:02:19","guid":{"rendered":"https:\/\/sites.uel.br\/neab\/?page_id=2399"},"modified":"2025-11-06T12:04:37","modified_gmt":"2025-11-06T15:04:37","slug":"biblioteca-lelia-gonzalez-2","status":"publish","type":"page","link":"https:\/\/sites.uel.br\/neab\/biblioteca-lelia-gonzalez-2\/","title":{"rendered":"Biblioteca L\u00e9lia Gonzalez"},"content":{"rendered":"\n<hr class=\"wp-block-separator has-text-color has-verde-escuro-color has-alpha-channel-opacity has-verde-escuro-background-color has-background is-style-wide\" \/>\n\n\n\n<p>O NEAB mant\u00e9m, em sua sede, uma biblioteca que conta com um acervo especializado nas tem\u00e1ticas das rela\u00e7\u00f5es \u00e9tnico raciais, afro-brasileira e africana, nas \u00e1reas de antropologia, artes, ci\u00eancia pol\u00edtica, comunica\u00e7\u00e3o, educa\u00e7\u00e3o, geografia, hist\u00f3ria, religi\u00e3o, sociologia entre outros.<\/p>\n\n\n\n<div id=\"wp-block-themeisle-blocks-slider-799eb7a0\" class=\"wp-block-themeisle-blocks-slider glide\" data-per-view=\"1\" data-gap=\"0\" data-peek=\"0\" data-autoplay=\"true\" data-height=\"400px\" data-hide-arrows=\"false\"><div class=\"glide__track\" data-glide-el=\"track\"><div class=\"glide__slides\"><div class=\"wp-block-themeisle-blocks-slider-item-wrapper glide__slide\"><figure><img decoding=\"async\" class=\"wp-block-themeisle-blocks-slider-item\" src=\"https:\/\/sites.uel.br\/neab\/wp-content\/uploads\/2025\/11\/A-gente-nao-nasce-negro-a-gente-se-torna-negro.-E-uma-conquista-dura-cruel-e-que-se-desenvolve-pela-vida-da-gente-afora.-Ai-entra-a-questao-da-identidade-que-voce-vai-construindo.-1-1024x726-1.png\" alt=\"\" title=\"\" data-id=\"2400\" \/><\/figure><\/div><div class=\"wp-block-themeisle-blocks-slider-item-wrapper glide__slide\"><figure><img decoding=\"async\" class=\"wp-block-themeisle-blocks-slider-item\" src=\"https:\/\/sites.uel.br\/neab\/wp-content\/uploads\/2022\/09\/Foto-Biblioteca-Maio-2022-scaled.jpg\" alt=\"\" title=\"\" data-id=\"1662\" \/><\/figure><\/div><div class=\"wp-block-themeisle-blocks-slider-item-wrapper glide__slide\"><figure><img decoding=\"async\" class=\"wp-block-themeisle-blocks-slider-item\" src=\"https:\/\/sites.uel.br\/neab\/wp-content\/uploads\/2025\/07\/20250701_083419-scaled.jpg\" alt=\"\" title=\"\" data-id=\"1869\" \/><\/figure><\/div><\/div><div class=\"glide__bullets\" data-glide-el=\"controls[nav]\"><button class=\"glide__bullet\" data-glide-dir=\"=0\"><\/button><button class=\"glide__bullet\" data-glide-dir=\"=1\"><\/button><button class=\"glide__bullet\" data-glide-dir=\"=2\"><\/button><\/div><\/div><\/div>\n\n\n\n<hr class=\"wp-block-separator has-text-color has-verde-escuro-color has-alpha-channel-opacity has-verde-escuro-background-color has-background is-style-wide\" \/>\n\n\n\n<p><strong>Sobre L\u00e9lia Gonzalez<\/strong><\/p>\n\n\n\n<p>Professora e antrop\u00f3loga,&nbsp;<a href=\"https:\/\/www.blogs.unicamp.br\/mulheresnafilosofia\/lelia-gonzalez\/\" target=\"_blank\" rel=\"noreferrer noopener\">L\u00e9lia Gonzalez<\/a>&nbsp;nasceu em Belo Horizonte, Minas Gerais. Foi refer\u00eancia do movimento feminista brasileiro por sua luta no combate \u00e0 viol\u00eancia contra a mulher.<\/p>\n\n\n\n<p>[\u2026] por que o negro \u00e9 isso que a l\u00f3gica da domina\u00e7\u00e3o tenta (e consegue e muitas vezes, n\u00f3s o sabemos) domesticar. E o risco que assumimos aqui \u00e9 o ato de falar com todas as implica\u00e7\u00f5es. Exatamente porque temos sido falados, infantilizados (infans \u00e9 aquele que n\u00e3o tem fala pr\u00f3pria, \u00e9 a crian\u00e7a que se fala na terceira pessoa, porque \u00e9 falada pelos adultos), que neste trabalho assumimos nossa pr\u00f3pria fala. Ou seja, o lixo vai falar, e numa boa (Gonzalez, 1983, p. 225).<\/p>\n\n\n\n<hr class=\"wp-block-separator has-text-color has-verde-escuro-color has-alpha-channel-opacity has-verde-escuro-background-color has-background is-style-wide\" \/>\n\n\n\n<h2 id=\"wp-block-themeisle-blocks-advanced-heading-046486ff\" class=\"wp-block-themeisle-blocks-advanced-heading wp-block-themeisle-blocks-advanced-heading-046486ff has-light-bg\"><a href=\"https:\/\/docs.google.com\/spreadsheets\/d\/1LIR0SHW096U-i0_F_k2sLsvo_UuNJSbi\/edit?gid=100456791#gid=100456791\">Acesse o acervo de obras da autora.<\/a><\/h2>\n\n\n\n<hr class=\"wp-block-separator has-text-color has-verde-escuro-color has-alpha-channel-opacity has-verde-escuro-background-color has-background is-style-wide\" \/>\n","protected":false},"excerpt":{"rendered":"<p>O NEAB mant\u00e9m, em sua sede, uma biblioteca que conta com um acervo especializado nas tem\u00e1ticas das rela\u00e7\u00f5es \u00e9tnico raciais, afro-brasileira e africana, nas \u00e1reas de antropologia, artes, ci\u00eancia pol\u00edtica, comunica\u00e7\u00e3o, educa\u00e7\u00e3o, geografia, hist\u00f3ria, religi\u00e3o, sociologia entre outros. Sobre L\u00e9lia Gonzalez Professora e antrop\u00f3loga,&nbsp;L\u00e9lia Gonzalez&nbsp;nasceu em Belo Horizonte, Minas Gerais. Foi refer\u00eancia do movimento feminista [&hellip;]<\/p>\n","protected":false},"author":8,"featured_media":0,"parent":0,"menu_order":0,"comment_status":"closed","ping_status":"closed","template":"","meta":{"_acf_changed":false,"_themeisle_gutenberg_block_has_review":false,"footnotes":""},"class_list":["post-2399","page","type-page","status-publish","hentry"],"acf":[],"_links":{"self":[{"href":"https:\/\/sites.uel.br\/neab\/wp-json\/wp\/v2\/pages\/2399","targetHints":{"allow":["GET"]}}],"collection":[{"href":"https:\/\/sites.uel.br\/neab\/wp-json\/wp\/v2\/pages"}],"about":[{"href":"https:\/\/sites.uel.br\/neab\/wp-json\/wp\/v2\/types\/page"}],"author":[{"embeddable":true,"href":"https:\/\/sites.uel.br\/neab\/wp-json\/wp\/v2\/users\/8"}],"replies":[{"embeddable":true,"href":"https:\/\/sites.uel.br\/neab\/wp-json\/wp\/v2\/comments?post=2399"}],"version-history":[{"count":11,"href":"https:\/\/sites.uel.br\/neab\/wp-json\/wp\/v2\/pages\/2399\/revisions"}],"predecessor-version":[{"id":2413,"href":"https:\/\/sites.uel.br\/neab\/wp-json\/wp\/v2\/pages\/2399\/revisions\/2413"}],"wp:attachment":[{"href":"https:\/\/sites.uel.br\/neab\/wp-json\/wp\/v2\/media?parent=2399"}],"curies":[{"name":"wp","href":"https:\/\/api.w.org\/{rel}","templated":true}]}}