{"id":2384,"date":"2025-11-06T11:30:16","date_gmt":"2025-11-06T14:30:16","guid":{"rendered":"https:\/\/sites.uel.br\/neab\/?page_id=2384"},"modified":"2025-12-09T16:06:38","modified_gmt":"2025-12-09T19:06:38","slug":"docentes-e-pesquisadores-do-neab-2","status":"publish","type":"page","link":"https:\/\/sites.uel.br\/neab\/docentes-e-pesquisadores-do-neab-2\/","title":{"rendered":"Docentes e Pesquisadores do NEAB"},"content":{"rendered":"\n<hr class=\"wp-block-separator has-text-color has-verde-escuro-color has-alpha-channel-opacity has-verde-escuro-background-color has-background is-style-wide\" \/>\n\n\n\n<figure class=\"wp-block-table is-style-stripes has-small-font-size\"><table class=\"has-fixed-layout\"><tbody><tr><td><img loading=\"lazy\" decoding=\"async\" width=\"947\" height=\"1084\" class=\"wp-image-1293\" style=\"width: 150px\" src=\"https:\/\/sites.uel.br\/neab\/wp-content\/uploads\/2023\/06\/image-2.png\" alt=\"\" srcset=\"https:\/\/sites.uel.br\/neab\/wp-content\/uploads\/2023\/06\/image-2.png 947w, https:\/\/sites.uel.br\/neab\/wp-content\/uploads\/2023\/06\/image-2-262x300.png 262w, https:\/\/sites.uel.br\/neab\/wp-content\/uploads\/2023\/06\/image-2-895x1024.png 895w, https:\/\/sites.uel.br\/neab\/wp-content\/uploads\/2023\/06\/image-2-768x879.png 768w\" sizes=\"auto, (max-width: 947px) 100vw, 947px\" \/><\/td><td><strong>Dra. Andr\u00e9a Pires Rocha\u00a0<\/strong> Docente do Departamento de Servi\u00e7o Social da Universidade Estadual de Londrina, atuando no Programa de P\u00f3s-Gradua\u00e7\u00e3o em Servi\u00e7o Social e Pol\u00edtica Social.\u00a0 <strong>Lattes:<\/strong> \u00a0<a href=\"http:\/\/lattes.cnpq.br\/5798832173995196\">http:\/\/lattes.cnpq.br\/5798832173995196<\/a> \u00a0<\/td><\/tr><tr><td><img loading=\"lazy\" decoding=\"async\" width=\"1001\" height=\"1280\" class=\"wp-image-1298\" style=\"width: 150px\" src=\"https:\/\/sites.uel.br\/neab\/wp-content\/uploads\/2023\/06\/image-3.png\" alt=\"\" srcset=\"https:\/\/sites.uel.br\/neab\/wp-content\/uploads\/2023\/06\/image-3.png 1001w, https:\/\/sites.uel.br\/neab\/wp-content\/uploads\/2023\/06\/image-3-235x300.png 235w, https:\/\/sites.uel.br\/neab\/wp-content\/uploads\/2023\/06\/image-3-801x1024.png 801w, https:\/\/sites.uel.br\/neab\/wp-content\/uploads\/2023\/06\/image-3-768x982.png 768w\" sizes=\"auto, (max-width: 1001px) 100vw, 1001px\" \/><\/td><td><strong>Dra. Angela Maria de Sousa Lima<\/strong> Docente do Departamento de Ci\u00eancias Sociais da Universidade Estadual de Londrina, atuando no Programa de p\u00f3s-gradua\u00e7\u00e3o em Ci\u00eancias Sociais e Profs\u00f3cio. Atualmente \u00e9 diretora do SEBEC. lattes: \u00a0<a href=\"http:\/\/lattes.cnpq.br\/8915783215325357\">http:\/\/lattes.cnpq.br\/8915783215325357<\/a> <strong>\u00a0<\/strong><\/td><\/tr><tr><td><img loading=\"lazy\" decoding=\"async\" width=\"303\" height=\"288\" class=\"wp-image-2385\" style=\"width: 150px\" src=\"https:\/\/sites.uel.br\/neab\/wp-content\/uploads\/2025\/11\/Bruno-Squizato-Faical.jpg\" alt=\"\" srcset=\"https:\/\/sites.uel.br\/neab\/wp-content\/uploads\/2025\/11\/Bruno-Squizato-Faical.jpg 303w, https:\/\/sites.uel.br\/neab\/wp-content\/uploads\/2025\/11\/Bruno-Squizato-Faical-300x285.jpg 300w\" sizes=\"auto, (max-width: 303px) 100vw, 303px\" \/><\/td><td><strong>Dr. Bruno Squizato Fai\u00e7al<\/strong> Docente do Departamento de Computa\u00e7\u00e3o da Universidade Estadual de Londrina Lattes: <a href=\"http:\/\/lattes.cnpq.br\/3954356746175476\"><strong>http:\/\/lattes.cnpq.br\/3954356746175476<\/strong><\/a><\/td><\/tr><tr><td><img loading=\"lazy\" decoding=\"async\" width=\"303\" height=\"303\" class=\"wp-image-1629\" style=\"width: 150px\" src=\"https:\/\/sites.uel.br\/neab\/wp-content\/uploads\/2025\/03\/Bruna-Padilha-de-Oliveira.jpg\" alt=\"\" srcset=\"https:\/\/sites.uel.br\/neab\/wp-content\/uploads\/2025\/03\/Bruna-Padilha-de-Oliveira.jpg 303w, https:\/\/sites.uel.br\/neab\/wp-content\/uploads\/2025\/03\/Bruna-Padilha-de-Oliveira-300x300.jpg 300w, https:\/\/sites.uel.br\/neab\/wp-content\/uploads\/2025\/03\/Bruna-Padilha-de-Oliveira-150x150.jpg 150w\" sizes=\"auto, (max-width: 303px) 100vw, 303px\" \/><\/td><td><strong>Dra. Bruna Padilha de Oliveira<\/strong> Docente do Departamento de Educa\u00e7\u00e3o da Universidade Estadual de Londrina e da Universidade Estadual do Paran\u00e1. lattes: \u00a0<a href=\"http:\/\/lattes.cnpq.br\/1305693636271709\">http:\/\/lattes.cnpq.br\/1305693636271709<\/a> <strong>\u00a0<\/strong><\/td><\/tr><tr><td><img loading=\"lazy\" decoding=\"async\" width=\"303\" height=\"303\" class=\"wp-image-1630\" style=\"width: 150px\" src=\"https:\/\/sites.uel.br\/neab\/wp-content\/uploads\/2025\/03\/Eloa-Soares-Dutra-Kastelic.jpg\" alt=\"\" srcset=\"https:\/\/sites.uel.br\/neab\/wp-content\/uploads\/2025\/03\/Eloa-Soares-Dutra-Kastelic.jpg 303w, https:\/\/sites.uel.br\/neab\/wp-content\/uploads\/2025\/03\/Eloa-Soares-Dutra-Kastelic-300x300.jpg 300w, https:\/\/sites.uel.br\/neab\/wp-content\/uploads\/2025\/03\/Eloa-Soares-Dutra-Kastelic-150x150.jpg 150w\" sizes=\"auto, (max-width: 303px) 100vw, 303px\" \/><\/td><td><strong>Dra. Elo\u00e1 Soares Dutra Kastelic<\/strong> Docente do Departamento de Educa\u00e7\u00e3o da Universidade Estadual de Londrina Lattes:: <a href=\"http:\/\/lattes.cnpq.br\/5071838785170600\">http:\/\/lattes.cnpq.br\/5071838785170600<\/a><\/td><\/tr><tr><td><img loading=\"lazy\" decoding=\"async\" width=\"1200\" height=\"1599\" class=\"wp-image-2050\" style=\"width: 150px\" src=\"https:\/\/sites.uel.br\/neab\/wp-content\/uploads\/2025\/10\/Prof-Jefferson.jpeg\" alt=\"\" srcset=\"https:\/\/sites.uel.br\/neab\/wp-content\/uploads\/2025\/10\/Prof-Jefferson.jpeg 1200w, https:\/\/sites.uel.br\/neab\/wp-content\/uploads\/2025\/10\/Prof-Jefferson-225x300.jpeg 225w, https:\/\/sites.uel.br\/neab\/wp-content\/uploads\/2025\/10\/Prof-Jefferson-768x1023.jpeg 768w, https:\/\/sites.uel.br\/neab\/wp-content\/uploads\/2025\/10\/Prof-Jefferson-1153x1536.jpeg 1153w\" sizes=\"auto, (max-width: 1200px) 100vw, 1200px\" \/><\/td><td><strong>Dr. Jefferson Olivatto da Silva<\/strong> Docente do Departamento de Psicologia Social e Institucional (UEL), atua no\u00a0 Programa de P\u00f3s-Gradua\u00e7\u00e3o em Psicologia (UEL) e Programa de P\u00f3s-Gradua\u00e7\u00e3o em Educa\u00e7\u00e3o (UNICENTRO) da Universidade Estadual de Londrina. Lattes: <a href=\"http:\/\/lattes.cnpq.br\/0088578024264046\">http:\/\/lattes.cnpq.br\/0088578024264046<\/a><\/td><\/tr><tr><td><img loading=\"lazy\" decoding=\"async\" width=\"200\" height=\"200\" class=\"wp-image-1308\" style=\"width: 150px\" src=\"https:\/\/sites.uel.br\/neab\/wp-content\/uploads\/2023\/06\/image-12.png\" alt=\"\"><\/td><td><strong>Dra. Jamile Carla Baptista<\/strong>&nbsp; Assessora da Universidade Estadual de Londrina, atuando como Coordenadora do PROPE &#8211; Programa de Apoio \u00e0 Perman\u00eancia do Estudante.&nbsp; Lattes: <a href=\"http:\/\/lattes.cnpq.br\/6680719144640400\">http:\/\/lattes.cnpq.br\/6680719144640400<\/a><\/td><\/tr><tr><td><img loading=\"lazy\" decoding=\"async\" width=\"640\" height=\"640\" class=\"wp-image-1320\" style=\"width: 150px\" src=\"https:\/\/sites.uel.br\/neab\/wp-content\/uploads\/2023\/06\/image-19.png\" alt=\"\"><\/td><td><strong>Dra Marleide Rodrigues da Silva Perrude<\/strong> Docente do Departamento de Educa\u00e7\u00e3o da Universidade Estadual de Londrina, Coordenadora do NEAB\/UEL Lattes: <a href=\"http:\/\/lattes.cnpq.br\/2189372786907805\">http:\/\/lattes.cnpq.br\/2189372786907805<\/a><\/td><\/tr><tr><td><img loading=\"lazy\" decoding=\"async\" width=\"1072\" height=\"587\" class=\"wp-image-1319\" style=\"width: 150px\" src=\"https:\/\/sites.uel.br\/neab\/wp-content\/uploads\/2023\/06\/a.jpg\" alt=\"\"><\/td><td><strong>Dra. Margarida C\u00e1ssia Campos\u00a0<\/strong> Docente do Departamento de Geografia, atua no programa de de p\u00f3s-gradua\u00e7\u00e3o em Geografia-UEL e no Programa do Mestrado Profissional de Sociologia em Rede da UEL e\u00a0 colaboradora do Programa de P\u00f3s Gradua\u00e7\u00e3o em Servi\u00e7o Social da Universidade Federal da Bahia. Lattes: <a href=\"http:\/\/lattes.cnpq.br\/5176843109401203\">http:\/\/lattes.cnpq.br\/5176843109401203<\/a><\/td><\/tr><tr><td><img loading=\"lazy\" decoding=\"async\" width=\"1772\" height=\"1181\" class=\"wp-image-1307\" style=\"width: 150px\" src=\"https:\/\/sites.uel.br\/neab\/wp-content\/uploads\/2023\/06\/image-11.png\" alt=\"\" srcset=\"https:\/\/sites.uel.br\/neab\/wp-content\/uploads\/2023\/06\/image-11.png 1772w, https:\/\/sites.uel.br\/neab\/wp-content\/uploads\/2023\/06\/image-11-300x200.png 300w, https:\/\/sites.uel.br\/neab\/wp-content\/uploads\/2023\/06\/image-11-1024x682.png 1024w, https:\/\/sites.uel.br\/neab\/wp-content\/uploads\/2023\/06\/image-11-768x512.png 768w, https:\/\/sites.uel.br\/neab\/wp-content\/uploads\/2023\/06\/image-11-1536x1024.png 1536w\" sizes=\"auto, (max-width: 1772px) 100vw, 1772px\" \/><\/td><td><strong>Dr. Jairo Queiroz Pacheco<\/strong> Docente Adjunto aposentado do Departamento de Hist\u00f3ria da Universidade Estadual de Londrina &#8211; UEL, da \u00e1rea de Hist\u00f3ria Moderna e Contempor\u00e2nea. Lattes: &nbsp;http:\/\/lattes.cnpq.br\/7785675801426705<\/td><\/tr><tr><td><img loading=\"lazy\" decoding=\"async\" width=\"1728\" height=\"1296\" class=\"wp-image-1449\" style=\"width: 150px\" src=\"https:\/\/sites.uel.br\/neab\/wp-content\/uploads\/2024\/12\/46680940_10212109938777895_1736561178781417472_o-Jose-Miguel-Arias-Neto.jpg\" alt=\"\" srcset=\"https:\/\/sites.uel.br\/neab\/wp-content\/uploads\/2024\/12\/46680940_10212109938777895_1736561178781417472_o-Jose-Miguel-Arias-Neto.jpg 1728w, https:\/\/sites.uel.br\/neab\/wp-content\/uploads\/2024\/12\/46680940_10212109938777895_1736561178781417472_o-Jose-Miguel-Arias-Neto-300x225.jpg 300w, https:\/\/sites.uel.br\/neab\/wp-content\/uploads\/2024\/12\/46680940_10212109938777895_1736561178781417472_o-Jose-Miguel-Arias-Neto-1024x768.jpg 1024w, https:\/\/sites.uel.br\/neab\/wp-content\/uploads\/2024\/12\/46680940_10212109938777895_1736561178781417472_o-Jose-Miguel-Arias-Neto-768x576.jpg 768w, https:\/\/sites.uel.br\/neab\/wp-content\/uploads\/2024\/12\/46680940_10212109938777895_1736561178781417472_o-Jose-Miguel-Arias-Neto-1536x1152.jpg 1536w\" sizes=\"auto, (max-width: 1728px) 100vw, 1728px\" \/><\/td><td><strong>Dr. Jos\u00e9 Miguel Arias Neto<\/strong> Docente Associado do Departamento de Hist\u00f3ria e do Programa de P\u00f3s-Gradua\u00e7\u00e3o em Hist\u00f3ria Social &#8211; Diretor do N\u00facleo de Documenta\u00e7\u00e3o e Pesquisa Hist\u00f3rica Enezila de Lima da Universidade Estadual de Londrina \u2013 UEL e do Programa de Hist\u00f3ria da Universidade do Centro Oeste do Paran\u00e1 \u2013 UNICENTRO. Lattes: &nbsp;http:\/\/lattes.cnpq.br\/4096402583066476<\/td><\/tr><tr><td><img loading=\"lazy\" decoding=\"async\" width=\"875\" height=\"1107\" class=\"wp-image-2083\" style=\"width: 150px\" src=\"https:\/\/sites.uel.br\/neab\/wp-content\/uploads\/2025\/10\/profsra-e1760020582561.jpeg\" alt=\"\" srcset=\"https:\/\/sites.uel.br\/neab\/wp-content\/uploads\/2025\/10\/profsra-e1760020582561.jpeg 875w, https:\/\/sites.uel.br\/neab\/wp-content\/uploads\/2025\/10\/profsra-e1760020582561-237x300.jpeg 237w, https:\/\/sites.uel.br\/neab\/wp-content\/uploads\/2025\/10\/profsra-e1760020582561-809x1024.jpeg 809w, https:\/\/sites.uel.br\/neab\/wp-content\/uploads\/2025\/10\/profsra-e1760020582561-768x972.jpeg 768w\" sizes=\"auto, (max-width: 875px) 100vw, 875px\" \/><\/td><td><strong>Dra. Maria Carolina de Godoy<\/strong> Docente permanente do Programa de P\u00f3s-gradua\u00e7\u00e3o em Letras da UEL e l\u00edder do diret\u00f3rio de pesquisa do CNPq &#8220;Literatura afro-brasileira e sua divulga\u00e7\u00e3o em rede&#8221;. <\/td><\/tr><\/tbody><\/table><\/figure>\n\n\n\n<hr class=\"wp-block-separator has-text-color has-verde-escuro-color has-alpha-channel-opacity has-verde-escuro-background-color has-background is-style-wide\" \/>\n\n\n\n<h2 id=\"wp-block-themeisle-blocks-advanced-heading-e3739e80\" class=\"wp-block-themeisle-blocks-advanced-heading wp-block-themeisle-blocks-advanced-heading-e3739e80\"><strong>PESQUISADORES&nbsp; &#8211; Docentes Colaboradores Externos<\/strong><\/h2>\n\n\n\n<hr class=\"wp-block-separator has-text-color has-verde-escuro-color has-alpha-channel-opacity has-verde-escuro-background-color has-background is-style-wide\" \/>\n\n\n\n<figure class=\"wp-block-table\"><table class=\"has-fixed-layout\"><tbody><tr><td><img loading=\"lazy\" decoding=\"async\" width=\"753\" height=\"960\" class=\"wp-image-2135\" style=\"width: 150px\" src=\"https:\/\/sites.uel.br\/neab\/wp-content\/uploads\/2024\/05\/cropped-image.png\" alt=\"\" srcset=\"https:\/\/sites.uel.br\/neab\/wp-content\/uploads\/2024\/05\/cropped-image.png 753w, https:\/\/sites.uel.br\/neab\/wp-content\/uploads\/2024\/05\/cropped-image-235x300.png 235w\" sizes=\"auto, (max-width: 753px) 100vw, 753px\" \/><\/td><td><strong>Dr. Jos\u00e9 Francisco do Santos<\/strong> Docente dos Programas de Mestrado em Ci\u00eancia Humanas e Sociais e do Mestrado em Ensino ambos na Universidade Federal do Oeste da Bahia &#8211; UFOB.&nbsp; UEL, UPRA entre outras) <strong>Lattes:&nbsp;<\/strong><\/td><\/tr><\/tbody><\/table><\/figure>\n","protected":false},"excerpt":{"rendered":"<p>Dra. Andr\u00e9a Pires Rocha\u00a0 Docente do Departamento de Servi\u00e7o Social da Universidade Estadual de Londrina, atuando no Programa de P\u00f3s-Gradua\u00e7\u00e3o em Servi\u00e7o Social e Pol\u00edtica Social.\u00a0 Lattes: \u00a0http:\/\/lattes.cnpq.br\/5798832173995196 \u00a0 Dra. Angela Maria de Sousa Lima Docente do Departamento de Ci\u00eancias Sociais da Universidade Estadual de Londrina, atuando no Programa de p\u00f3s-gradua\u00e7\u00e3o em Ci\u00eancias Sociais e [&hellip;]<\/p>\n","protected":false},"author":8,"featured_media":0,"parent":0,"menu_order":0,"comment_status":"closed","ping_status":"closed","template":"","meta":{"_acf_changed":false,"_themeisle_gutenberg_block_has_review":false,"footnotes":""},"class_list":["post-2384","page","type-page","status-publish","hentry"],"acf":[],"_links":{"self":[{"href":"https:\/\/sites.uel.br\/neab\/wp-json\/wp\/v2\/pages\/2384","targetHints":{"allow":["GET"]}}],"collection":[{"href":"https:\/\/sites.uel.br\/neab\/wp-json\/wp\/v2\/pages"}],"about":[{"href":"https:\/\/sites.uel.br\/neab\/wp-json\/wp\/v2\/types\/page"}],"author":[{"embeddable":true,"href":"https:\/\/sites.uel.br\/neab\/wp-json\/wp\/v2\/users\/8"}],"replies":[{"embeddable":true,"href":"https:\/\/sites.uel.br\/neab\/wp-json\/wp\/v2\/comments?post=2384"}],"version-history":[{"count":13,"href":"https:\/\/sites.uel.br\/neab\/wp-json\/wp\/v2\/pages\/2384\/revisions"}],"predecessor-version":[{"id":2464,"href":"https:\/\/sites.uel.br\/neab\/wp-json\/wp\/v2\/pages\/2384\/revisions\/2464"}],"wp:attachment":[{"href":"https:\/\/sites.uel.br\/neab\/wp-json\/wp\/v2\/media?parent=2384"}],"curies":[{"name":"wp","href":"https:\/\/api.w.org\/{rel}","templated":true}]}}