{"id":2370,"date":"2025-11-06T11:12:08","date_gmt":"2025-11-06T14:12:08","guid":{"rendered":"https:\/\/sites.uel.br\/neab\/?page_id=2370"},"modified":"2025-12-04T12:23:57","modified_gmt":"2025-12-04T15:23:57","slug":"a-casa-dona-vilma-ya-mukumby","status":"publish","type":"page","link":"https:\/\/sites.uel.br\/neab\/a-casa-dona-vilma-ya-mukumby\/","title":{"rendered":"A Casa Dona Vilma Y\u00e1-Mukumby"},"content":{"rendered":"\n<hr class=\"wp-block-separator has-text-color has-verde-escuro-color has-alpha-channel-opacity has-verde-escuro-background-color has-background is-style-wide\" \/>\n\n\n\n<div class=\"wp-block-columns is-layout-flex wp-container-core-columns-is-layout-9d6595d7 wp-block-columns-is-layout-flex\">\n<div class=\"wp-block-column is-layout-flow wp-block-column-is-layout-flow\">\n<p><\/p>\n\n\n\n<p>A casa da fam\u00edlia Kitahara e a preserva\u00e7\u00e3o da mem\u00f3ria. A reconstru\u00e7\u00e3o da casa, doada pela fam\u00edlia Kitahara, tem car\u00e1ter did\u00e1tico por facultar a recupera\u00e7\u00e3o de t\u00e9cnicas construtivas e a valoriza\u00e7\u00e3o desse tipo de constru\u00e7\u00e3o para Londrina e regi\u00e3o, tipo predominante entre as d\u00e9cadas de 1930 e 1960\u201d, conforme o Prof. Dr. Antonio Carlos Zani, arquiteto respons\u00e1vel pela reconstru\u00e7\u00e3o da casa. O Prof. Dr. Humberto Yamaki, respons\u00e1vel por desmontar e receber as casas na Universidade Estadual de Londrina, afirma que as constru\u00e7\u00f5es s\u00e3o importantes por representarem momentos diferentes da coloniza\u00e7\u00e3o da cidade, sendo que esta tem caracter\u00edsticas marcantes da arquitetura japonesa (Boletim Not\u00edcias UEL 2007). A reconstru\u00e7\u00e3o foi realizada pela \u201cAdemir Carpintaria\u201d.<\/p>\n<\/div>\n\n\n\n<div class=\"wp-block-column is-layout-flow wp-block-column-is-layout-flow\"><div class=\"wp-block-image\">\n<figure class=\"aligncenter size-full is-resized\"><img loading=\"lazy\" decoding=\"async\" width=\"512\" height=\"512\" src=\"https:\/\/sites.uel.br\/neab\/wp-content\/uploads\/2025\/07\/cropped-20180914_131155-1-2-scaled-1.jpg\" alt=\"\" class=\"wp-image-1883\" style=\"width:434px;height:auto\" srcset=\"https:\/\/sites.uel.br\/neab\/wp-content\/uploads\/2025\/07\/cropped-20180914_131155-1-2-scaled-1.jpg 512w, https:\/\/sites.uel.br\/neab\/wp-content\/uploads\/2025\/07\/cropped-20180914_131155-1-2-scaled-1-300x300.jpg 300w, https:\/\/sites.uel.br\/neab\/wp-content\/uploads\/2025\/07\/cropped-20180914_131155-1-2-scaled-1-150x150.jpg 150w, https:\/\/sites.uel.br\/neab\/wp-content\/uploads\/2025\/07\/cropped-20180914_131155-1-2-scaled-1-270x270.jpg 270w, https:\/\/sites.uel.br\/neab\/wp-content\/uploads\/2025\/07\/cropped-20180914_131155-1-2-scaled-1-192x192.jpg 192w, https:\/\/sites.uel.br\/neab\/wp-content\/uploads\/2025\/07\/cropped-20180914_131155-1-2-scaled-1-180x180.jpg 180w, https:\/\/sites.uel.br\/neab\/wp-content\/uploads\/2025\/07\/cropped-20180914_131155-1-2-scaled-1-32x32.jpg 32w\" sizes=\"auto, (max-width: 512px) 100vw, 512px\" \/><\/figure>\n<\/div><\/div>\n<\/div>\n\n\n\n<p>Em 2007, a casa de madeira, pertencente \u00e0 familia Kitahara, foi doada \u00e0 UEL. Antes, localizada na Rua Anita Garibaldi &#8211; Vila Agari, foi realocada na UEL em 2018, com apoio majorit\u00e1rio da comunidade e da sociedade civil. Abriga, desde ent\u00e3o, o N\u00facleo de Estudos Afro-Brasileiros.<br>Parte das constru\u00e7\u00f5es de madeira nas primeiras d\u00e9cadas de Londrina, constituem testemunho de uma forma de conceber a cidade, as quais est\u00e3o em vias de desaparecimento. \u00c9 nesse contexto que a Universidade Estadual de Londrina remontou exemplares de casa de madeira para preserv\u00e1-las da especula\u00e7\u00f5es imobili\u00e1rias e manter viva a mem\u00f3ria da cidade. Como exemplo, a sede do N\u00facleo de Estudos Afro-Brasileiros \u2013 NEAB.<\/p>\n\n\n\n<hr class=\"wp-block-separator has-text-color has-verde-escuro-color has-alpha-channel-opacity has-verde-escuro-background-color has-background is-style-wide\" \/>\n\n\n\n<h2 id=\"wp-block-themeisle-blocks-advanced-heading-e0a587ef\" class=\"wp-block-themeisle-blocks-advanced-heading wp-block-themeisle-blocks-advanced-heading-e0a587ef\">Evento de inaugura\u00e7\u00e3o da casa &#8211; Dona Vilma &#8220;Y\u00e1-Mukumby&#8221;<\/h2>\n\n\n\n<figure class=\"wp-block-embed is-type-video is-provider-youtube wp-block-embed-youtube wp-embed-aspect-16-9 wp-has-aspect-ratio\"><div class=\"wp-block-embed__wrapper\">\n<iframe loading=\"lazy\" title=\"NEAB UEL inaugura sede pr\u00f3pria\" width=\"500\" height=\"281\" src=\"https:\/\/www.youtube.com\/embed\/SI2-GYuaFQw?feature=oembed\" frameborder=\"0\" allow=\"accelerometer; autoplay; clipboard-write; encrypted-media; gyroscope; picture-in-picture; web-share\" referrerpolicy=\"strict-origin-when-cross-origin\" allowfullscreen><\/iframe>\n<\/div><\/figure>\n","protected":false},"excerpt":{"rendered":"<p>A casa da fam\u00edlia Kitahara e a preserva\u00e7\u00e3o da mem\u00f3ria. A reconstru\u00e7\u00e3o da casa, doada pela fam\u00edlia Kitahara, tem car\u00e1ter did\u00e1tico por facultar a recupera\u00e7\u00e3o de t\u00e9cnicas construtivas e a valoriza\u00e7\u00e3o desse tipo de constru\u00e7\u00e3o para Londrina e regi\u00e3o, tipo predominante entre as d\u00e9cadas de 1930 e 1960\u201d, conforme o Prof. Dr. Antonio Carlos Zani, [&hellip;]<\/p>\n","protected":false},"author":8,"featured_media":0,"parent":0,"menu_order":0,"comment_status":"closed","ping_status":"closed","template":"","meta":{"_acf_changed":false,"_themeisle_gutenberg_block_has_review":false,"footnotes":""},"class_list":["post-2370","page","type-page","status-publish","hentry"],"acf":[],"_links":{"self":[{"href":"https:\/\/sites.uel.br\/neab\/wp-json\/wp\/v2\/pages\/2370","targetHints":{"allow":["GET"]}}],"collection":[{"href":"https:\/\/sites.uel.br\/neab\/wp-json\/wp\/v2\/pages"}],"about":[{"href":"https:\/\/sites.uel.br\/neab\/wp-json\/wp\/v2\/types\/page"}],"author":[{"embeddable":true,"href":"https:\/\/sites.uel.br\/neab\/wp-json\/wp\/v2\/users\/8"}],"replies":[{"embeddable":true,"href":"https:\/\/sites.uel.br\/neab\/wp-json\/wp\/v2\/comments?post=2370"}],"version-history":[{"count":14,"href":"https:\/\/sites.uel.br\/neab\/wp-json\/wp\/v2\/pages\/2370\/revisions"}],"predecessor-version":[{"id":2456,"href":"https:\/\/sites.uel.br\/neab\/wp-json\/wp\/v2\/pages\/2370\/revisions\/2456"}],"wp:attachment":[{"href":"https:\/\/sites.uel.br\/neab\/wp-json\/wp\/v2\/media?parent=2370"}],"curies":[{"name":"wp","href":"https:\/\/api.w.org\/{rel}","templated":true}]}}