{"id":2318,"date":"2025-11-06T10:23:59","date_gmt":"2025-11-06T13:23:59","guid":{"rendered":"https:\/\/sites.uel.br\/neab\/?page_id=2318"},"modified":"2025-12-09T16:28:06","modified_gmt":"2025-12-09T19:28:06","slug":"nucleo-de-estudos-afro-brasileiros-2","status":"publish","type":"page","link":"https:\/\/sites.uel.br\/neab\/nucleo-de-estudos-afro-brasileiros-2\/","title":{"rendered":"N\u00facleo de Estudos Afro-Brasileiros"},"content":{"rendered":"\n<hr class=\"wp-block-separator has-text-color has-verde-escuro-color has-alpha-channel-opacity has-verde-escuro-background-color has-background is-style-wide\" \/>\n\n\n\n<div class=\"wp-block-columns is-layout-flex wp-container-core-columns-is-layout-9d6595d7 wp-block-columns-is-layout-flex\">\n<div class=\"wp-block-column is-vertically-aligned-center is-layout-flow wp-block-column-is-layout-flow\">\n<h2 id=\"wp-block-themeisle-blocks-advanced-heading-0e62c36e\" class=\"wp-block-themeisle-blocks-advanced-heading wp-block-themeisle-blocks-advanced-heading-0e62c36e\"><strong>Coordena\u00e7\u00e3o:<\/strong><\/h2>\n\n\n\n<p class=\"has-cinza-escuro-color has-text-color has-link-color wp-elements-6d90157d6378693503b198edc565da04\"><a href=\"http:\/\/lattes.cnpq.br\/2189372786907805\" target=\"_blank\" rel=\"noreferrer noopener\"><strong>Marleide Rodrigues da Silva Perrude<\/strong><\/a><\/p>\n\n\n\n<p class=\"has-small-font-size\">Docente do Departamento de Educa\u00e7\u00e3o<\/p>\n\n\n\n<h2 id=\"wp-block-themeisle-blocks-advanced-heading-66a3be48\" class=\"wp-block-themeisle-blocks-advanced-heading wp-block-themeisle-blocks-advanced-heading-66a3be48\"><strong>T\u00e9cnico Administrativo:<\/strong><\/h2>\n\n\n\n<p class=\"has-medium-font-size\"><strong>Sandro Vieira<\/strong><\/p>\n\n\n\n<p class=\"has-small-font-size\">Servidor P\u00fablico &#8211; Lotado no NEAB\/ARI<\/p>\n\n\n\n<h2 id=\"wp-block-themeisle-blocks-advanced-heading-876c96ee\" class=\"wp-block-themeisle-blocks-advanced-heading wp-block-themeisle-blocks-advanced-heading-876c96ee\"><strong>Estagi\u00e1rio(s):<\/strong><\/h2>\n\n\n\n<p class=\"has-medium-font-size\"><strong>Sara Beatriz de Souza Barbosa<\/strong><\/p>\n\n\n\n<p class=\"has-small-font-size\">Dicente do Curso de Jornalismo<\/p>\n\n\n\n<p><strong>Luiz Otavio Marques de Souza<\/strong><\/p>\n\n\n\n<p class=\"has-small-font-size\">Dicente do Curso de Jornalismo<\/p>\n<\/div>\n\n\n\n<div class=\"wp-block-column is-layout-flow wp-block-column-is-layout-flow\"><div class=\"wp-block-image\">\n<figure class=\"aligncenter size-full is-resized\"><img loading=\"lazy\" decoding=\"async\" width=\"754\" height=\"960\" src=\"https:\/\/sites.uel.br\/neab\/wp-content\/uploads\/2024\/05\/image.png\" alt=\"\" class=\"wp-image-1402\" style=\"width:411px;height:auto\" srcset=\"https:\/\/sites.uel.br\/neab\/wp-content\/uploads\/2024\/05\/image.png 754w, https:\/\/sites.uel.br\/neab\/wp-content\/uploads\/2024\/05\/image-236x300.png 236w\" sizes=\"auto, (max-width: 754px) 100vw, 754px\" \/><\/figure>\n<\/div><\/div>\n<\/div>\n\n\n\n<p class=\"has-text-align-left\">                  Institu\u00eddo em 13 de junho de 1985, pelo&nbsp;<a href=\"http:\/\/www.uel.br\/neab\/pages\/arquivos\/Ato%20Executivo%20764-1985\/Ato%20Executivo%20764-1985.pdf\">Ato&nbsp; Executivo n\u00ba 764\/85<\/a>, como NEAA \u2013 N\u00facleo de Estudos Afro-Asi\u00e1ticos, tinha o objetivo de desenvolver estudos afro-brasileiros e africanos e da di\u00e1spora em geral, especialmente atrav\u00e9s do interc\u00e2mbio entre a&nbsp; Universidade Estadual de Londrina e outras institui\u00e7\u00f5es cong\u00eaneres.&nbsp; O&nbsp;&nbsp;<a href=\"http:\/\/www.uel.br\/neab\/pages\/arquivos\/Ato%20Executivo%20043-2014\/Ato%20Executivo%20043-2014\/Ato%20Executivo%20043-2014.pdf\">Ato Executivo 043\/14<\/a>&nbsp; alterou o nome para NEAB \u2013 N\u00facleo de Estudos Afro-Brasileiros, mantendo os objetivos espec\u00edficos relacionados \u00e0 quest\u00e3o Africana. Considerando o referido Ato Executivo e suas finalidades, o NEAB tem desenvolvido pesquisas, cursos, confer\u00eancias, encontros, publica\u00e7\u00f5es, priorizando quest\u00f5es s\u00f3cio-hist\u00f3ricos e pedag\u00f3gicos sobre estudos afro-brasileiros, africanos em diferentes sociedades. De forma interdisciplinar, busca tamb\u00e9m subsidiar a produ\u00e7\u00e3o de conhecimento para formula\u00e7\u00e3o das bases de combate \u00e0 discrimina\u00e7\u00e3o racial, ao preconceito e ao racismo. O NEAB tem ainda, difundido a realidade afro-brasileira atrav\u00e9s do ensino, pesquisa e extens\u00e3o. Promovido e incentivado o estudo e a pesquisa das popula\u00e7\u00f5es de origem africana no Brasil e no mundo. Mantido as Rela\u00e7\u00f5es Cient\u00edficas, Cong\u00eaneres, Culturais e Art\u00edsticos e\/ou que Incentivam os mesmos objetivos, nacionais ou estrangeiras. Partilha e mant\u00e9m em sua sede, a Biblioteca L\u00e9lia Gonzalez, com acervo de livros, revistas, teses e dados especializados sobre os temas abordados pelo N\u00facleo.<\/p>\n\n\n\n<hr class=\"wp-block-separator has-text-color has-verde-escuro-color has-alpha-channel-opacity has-verde-escuro-background-color has-background is-style-wide\" \/>\n\n\n\n<div id=\"wp-block-themeisle-blocks-slider-0b1cd5dd\" class=\"wp-block-themeisle-blocks-slider glide\" data-per-view=\"1\" data-gap=\"0\" data-peek=\"0\" data-autoplay=\"true\" data-height=\"400px\" data-hide-arrows=\"false\"><div class=\"glide__track\" data-glide-el=\"track\"><div class=\"glide__slides\"><div class=\"wp-block-themeisle-blocks-slider-item-wrapper glide__slide\"><figure><img decoding=\"async\" class=\"wp-block-themeisle-blocks-slider-item\" src=\"https:\/\/sites.uel.br\/neab\/wp-content\/uploads\/2025\/07\/IMG-20250619-WA0034-scaled.jpg\" alt=\"\" title=\"\" data-id=\"1887\" \/><\/figure><\/div><div class=\"wp-block-themeisle-blocks-slider-item-wrapper glide__slide\"><figure><img decoding=\"async\" class=\"wp-block-themeisle-blocks-slider-item\" src=\"https:\/\/sites.uel.br\/neab\/wp-content\/uploads\/2025\/07\/cropped-IMG_20250701_085714-scaled-1.jpg\" alt=\"\" title=\"\" data-id=\"1903\" \/><\/figure><\/div><div class=\"wp-block-themeisle-blocks-slider-item-wrapper glide__slide\"><figure><img decoding=\"async\" class=\"wp-block-themeisle-blocks-slider-item\" src=\"https:\/\/sites.uel.br\/neab\/wp-content\/uploads\/2025\/07\/IMG-20250619-WA0024-scaled.jpg\" alt=\"\" title=\"\" data-id=\"1898\" \/><\/figure><\/div><div class=\"wp-block-themeisle-blocks-slider-item-wrapper glide__slide\"><figure><img decoding=\"async\" class=\"wp-block-themeisle-blocks-slider-item\" src=\"https:\/\/sites.uel.br\/neab\/wp-content\/uploads\/2025\/07\/IMG-20250609-WA0073-scaled.jpg\" alt=\"\" title=\"\" data-id=\"1886\" \/><\/figure><\/div><div class=\"wp-block-themeisle-blocks-slider-item-wrapper glide__slide\"><figure><img decoding=\"async\" class=\"wp-block-themeisle-blocks-slider-item\" src=\"https:\/\/sites.uel.br\/neab\/wp-content\/uploads\/2025\/07\/20250701_083419-scaled.jpg\" alt=\"\" title=\"\" data-id=\"1869\" \/><\/figure><\/div><\/div><div class=\"glide__bullets\" data-glide-el=\"controls[nav]\"><button class=\"glide__bullet\" data-glide-dir=\"=0\"><\/button><button class=\"glide__bullet\" data-glide-dir=\"=1\"><\/button><button class=\"glide__bullet\" data-glide-dir=\"=2\"><\/button><button class=\"glide__bullet\" data-glide-dir=\"=3\"><\/button><button class=\"glide__bullet\" data-glide-dir=\"=4\"><\/button><\/div><\/div><\/div>\n\n\n\n<hr class=\"wp-block-separator has-text-color has-verde-escuro-color has-alpha-channel-opacity has-verde-escuro-background-color has-background is-style-wide\" \/>\n\n\n\n<ul class=\"wp-block-social-links is-style-pill-shape is-content-justification-center is-layout-flex wp-container-core-social-links-is-layout-16018d1d wp-block-social-links-is-layout-flex\"><li class=\"wp-social-link wp-social-link-instagram  wp-block-social-link\"><a href=\"https:\/\/www.instagram.com\/neab.uel?igsh=bXowdHpvaXM1enV0\" class=\"wp-block-social-link-anchor\"><svg width=\"24\" height=\"24\" viewBox=\"0 0 24 24\" version=\"1.1\" xmlns=\"http:\/\/www.w3.org\/2000\/svg\" aria-hidden=\"true\" focusable=\"false\"><path d=\"M12,4.622c2.403,0,2.688,0.009,3.637,0.052c0.877,0.04,1.354,0.187,1.671,0.31c0.42,0.163,0.72,0.358,1.035,0.673 c0.315,0.315,0.51,0.615,0.673,1.035c0.123,0.317,0.27,0.794,0.31,1.671c0.043,0.949,0.052,1.234,0.052,3.637 s-0.009,2.688-0.052,3.637c-0.04,0.877-0.187,1.354-0.31,1.671c-0.163,0.42-0.358,0.72-0.673,1.035 c-0.315,0.315-0.615,0.51-1.035,0.673c-0.317,0.123-0.794,0.27-1.671,0.31c-0.949,0.043-1.233,0.052-3.637,0.052 s-2.688-0.009-3.637-0.052c-0.877-0.04-1.354-0.187-1.671-0.31c-0.42-0.163-0.72-0.358-1.035-0.673 c-0.315-0.315-0.51-0.615-0.673-1.035c-0.123-0.317-0.27-0.794-0.31-1.671C4.631,14.688,4.622,14.403,4.622,12 s0.009-2.688,0.052-3.637c0.04-0.877,0.187-1.354,0.31-1.671c0.163-0.42,0.358-0.72,0.673-1.035 c0.315-0.315,0.615-0.51,1.035-0.673c0.317-0.123,0.794-0.27,1.671-0.31C9.312,4.631,9.597,4.622,12,4.622 M12,3 C9.556,3,9.249,3.01,8.289,3.054C7.331,3.098,6.677,3.25,6.105,3.472C5.513,3.702,5.011,4.01,4.511,4.511 c-0.5,0.5-0.808,1.002-1.038,1.594C3.25,6.677,3.098,7.331,3.054,8.289C3.01,9.249,3,9.556,3,12c0,2.444,0.01,2.751,0.054,3.711 c0.044,0.958,0.196,1.612,0.418,2.185c0.23,0.592,0.538,1.094,1.038,1.594c0.5,0.5,1.002,0.808,1.594,1.038 c0.572,0.222,1.227,0.375,2.185,0.418C9.249,20.99,9.556,21,12,21s2.751-0.01,3.711-0.054c0.958-0.044,1.612-0.196,2.185-0.418 c0.592-0.23,1.094-0.538,1.594-1.038c0.5-0.5,0.808-1.002,1.038-1.594c0.222-0.572,0.375-1.227,0.418-2.185 C20.99,14.751,21,14.444,21,12s-0.01-2.751-0.054-3.711c-0.044-0.958-0.196-1.612-0.418-2.185c-0.23-0.592-0.538-1.094-1.038-1.594 c-0.5-0.5-1.002-0.808-1.594-1.038c-0.572-0.222-1.227-0.375-2.185-0.418C14.751,3.01,14.444,3,12,3L12,3z M12,7.378 c-2.552,0-4.622,2.069-4.622,4.622S9.448,16.622,12,16.622s4.622-2.069,4.622-4.622S14.552,7.378,12,7.378z M12,15 c-1.657,0-3-1.343-3-3s1.343-3,3-3s3,1.343,3,3S13.657,15,12,15z M16.804,6.116c-0.596,0-1.08,0.484-1.08,1.08 s0.484,1.08,1.08,1.08c0.596,0,1.08-0.484,1.08-1.08S17.401,6.116,16.804,6.116z\"><\/path><\/svg><span class=\"wp-block-social-link-label screen-reader-text\">Instagram<\/span><\/a><\/li><\/ul>\n","protected":false},"excerpt":{"rendered":"<p>Marleide Rodrigues da Silva Perrude Docente do Departamento de Educa\u00e7\u00e3o Sandro Vieira Servidor P\u00fablico &#8211; Lotado no NEAB\/ARI Sara Beatriz de Souza Barbosa Dicente do Curso de Jornalismo Luiz Otavio Marques de Souza Dicente do Curso de Jornalismo Institu\u00eddo em 13 de junho de 1985, pelo&nbsp;Ato&nbsp; Executivo n\u00ba 764\/85, como NEAA \u2013 N\u00facleo de Estudos [&hellip;]<\/p>\n","protected":false},"author":8,"featured_media":2135,"parent":0,"menu_order":0,"comment_status":"closed","ping_status":"closed","template":"","meta":{"_acf_changed":false,"_themeisle_gutenberg_block_has_review":false,"footnotes":""},"class_list":["post-2318","page","type-page","status-publish","has-post-thumbnail","hentry"],"acf":[],"_links":{"self":[{"href":"https:\/\/sites.uel.br\/neab\/wp-json\/wp\/v2\/pages\/2318","targetHints":{"allow":["GET"]}}],"collection":[{"href":"https:\/\/sites.uel.br\/neab\/wp-json\/wp\/v2\/pages"}],"about":[{"href":"https:\/\/sites.uel.br\/neab\/wp-json\/wp\/v2\/types\/page"}],"author":[{"embeddable":true,"href":"https:\/\/sites.uel.br\/neab\/wp-json\/wp\/v2\/users\/8"}],"replies":[{"embeddable":true,"href":"https:\/\/sites.uel.br\/neab\/wp-json\/wp\/v2\/comments?post=2318"}],"version-history":[{"count":27,"href":"https:\/\/sites.uel.br\/neab\/wp-json\/wp\/v2\/pages\/2318\/revisions"}],"predecessor-version":[{"id":2469,"href":"https:\/\/sites.uel.br\/neab\/wp-json\/wp\/v2\/pages\/2318\/revisions\/2469"}],"wp:featuredmedia":[{"embeddable":true,"href":"https:\/\/sites.uel.br\/neab\/wp-json\/wp\/v2\/media\/2135"}],"wp:attachment":[{"href":"https:\/\/sites.uel.br\/neab\/wp-json\/wp\/v2\/media?parent=2318"}],"curies":[{"name":"wp","href":"https:\/\/api.w.org\/{rel}","templated":true}]}}