{"id":2230,"date":"2025-11-04T10:47:20","date_gmt":"2025-11-04T13:47:20","guid":{"rendered":"https:\/\/sites.uel.br\/neab\/?page_id=2230"},"modified":"2025-11-04T11:13:41","modified_gmt":"2025-11-04T14:13:41","slug":"onde-denunciar-ou-procurar-ajuda-1","status":"publish","type":"page","link":"https:\/\/sites.uel.br\/neab\/onde-denunciar-ou-procurar-ajuda-1\/","title":{"rendered":"Onde Denunciar ou Procurar Ajuda"},"content":{"rendered":"\n<hr class=\"wp-block-separator has-text-color has-verde-escuro-color has-alpha-channel-opacity has-verde-escuro-background-color has-background is-style-wide\" \/>\n\n\n\n<div class=\"wp-block-columns is-layout-flex wp-container-core-columns-is-layout-9d6595d7 wp-block-columns-is-layout-flex\">\n<div class=\"wp-block-column is-layout-flow wp-block-column-is-layout-flow\">\n<p><strong>Como proceder para efetivar uma Den\u00fancia<\/strong><\/p>\n\n\n\n<div id=\"wp-block-themeisle-blocks-accordion-98715d9c\" class=\"wp-block-themeisle-blocks-accordion exclusive\">\n<details class=\"wp-block-themeisle-blocks-accordion-item\"><summary class=\"wp-block-themeisle-blocks-accordion-item__title\"><div><strong>Na UEL<\/strong><\/div><\/summary><div class=\"wp-block-themeisle-blocks-accordion-item__content\">\n<p>Acesse o site da\u00a0<a href=\"https:\/\/sites.uel.br\/ouvidoria\/\">OUVIDORIA<\/a>\u00a0da UEL e registre sua den\u00fancia.<\/p>\n<\/div><\/details>\n\n\n\n<details class=\"wp-block-themeisle-blocks-accordion-item\"><summary class=\"wp-block-themeisle-blocks-accordion-item__title\"><div><strong>Em uma emerg\u00eancia<\/strong><\/div><\/summary><div class=\"wp-block-themeisle-blocks-accordion-item__content\">\n<p>Se o crime estiver acontecendo naquele momento, a v\u00edtima pode chamar a Pol\u00edcia Militar por meio do 190. Al\u00e9m de fazer parar a agress\u00e3o, a PM pode prender o a pessoa agressora e lev\u00e1-la \u00e0 delegacia.<\/p>\n<\/div><\/details>\n<\/div>\n<\/div>\n\n\n\n<div class=\"wp-block-column is-layout-flow wp-block-column-is-layout-flow\">\n<figure class=\"wp-block-image size-full\"><img loading=\"lazy\" decoding=\"async\" width=\"1024\" height=\"768\" src=\"https:\/\/sites.uel.br\/neab\/wp-content\/uploads\/2025\/11\/Punho-cerrado.jpg\" alt=\"\" class=\"wp-image-2235\" srcset=\"https:\/\/sites.uel.br\/neab\/wp-content\/uploads\/2025\/11\/Punho-cerrado.jpg 1024w, https:\/\/sites.uel.br\/neab\/wp-content\/uploads\/2025\/11\/Punho-cerrado-300x225.jpg 300w, https:\/\/sites.uel.br\/neab\/wp-content\/uploads\/2025\/11\/Punho-cerrado-768x576.jpg 768w\" sizes=\"auto, (max-width: 1024px) 100vw, 1024px\" \/><\/figure>\n<\/div>\n<\/div>\n\n\n\n<p><strong>Se o crime j\u00e1 aconteceu:<\/strong><\/p>\n\n\n\n<ul class=\"wp-block-list\">\n<li>Procure a autoridade policial mais pr\u00f3xima e registre a ocorr\u00eancia<\/li>\n\n\n\n<li>Conte a hist\u00f3rica com o m\u00e1ximo de detalhes<\/li>\n\n\n\n<li>Forne\u00e7a nomes e contatos das testemunhas<\/li>\n\n\n\n<li>Solicite ao policial para incluir na queixa que deseja que o agressor seja processado<\/li>\n<\/ul>\n\n\n\n<p><strong>Den\u00fancia pelo telefone<\/strong><\/p>\n\n\n\n<p>O governo federal tem o Disque Direitos Humanos \u2013 Disque 100, em que \u00e9 poss\u00edvel apresentar den\u00fancias de racismo e discrimina\u00e7\u00e3o.<\/p>\n\n\n\n<p><strong>Den\u00fancia pela internet<\/strong>&nbsp;\u00c9 poss\u00edvel fazer uma den\u00fancia pelo&nbsp;<a href=\"https:\/\/new.safernet.org.br\/denuncie\" target=\"_blank\" rel=\"noreferrer noopener\">site da Safernet,<\/a>&nbsp;que recebe queixas an\u00f4nimas sobre crimes e viola\u00e7\u00f5es aos direitos humanos na internet.<\/p>\n","protected":false},"excerpt":{"rendered":"<p>Como proceder para efetivar uma Den\u00fancia Se o crime j\u00e1 aconteceu: Den\u00fancia pelo telefone O governo federal tem o Disque Direitos Humanos \u2013 Disque 100, em que \u00e9 poss\u00edvel apresentar den\u00fancias de racismo e discrimina\u00e7\u00e3o. Den\u00fancia pela internet&nbsp;\u00c9 poss\u00edvel fazer uma den\u00fancia pelo&nbsp;site da Safernet,&nbsp;que recebe queixas an\u00f4nimas sobre crimes e viola\u00e7\u00f5es aos direitos humanos [&hellip;]<\/p>\n","protected":false},"author":8,"featured_media":2235,"parent":0,"menu_order":0,"comment_status":"closed","ping_status":"closed","template":"","meta":{"_acf_changed":false,"_themeisle_gutenberg_block_has_review":false,"footnotes":""},"class_list":["post-2230","page","type-page","status-publish","has-post-thumbnail","hentry"],"acf":[],"_links":{"self":[{"href":"https:\/\/sites.uel.br\/neab\/wp-json\/wp\/v2\/pages\/2230","targetHints":{"allow":["GET"]}}],"collection":[{"href":"https:\/\/sites.uel.br\/neab\/wp-json\/wp\/v2\/pages"}],"about":[{"href":"https:\/\/sites.uel.br\/neab\/wp-json\/wp\/v2\/types\/page"}],"author":[{"embeddable":true,"href":"https:\/\/sites.uel.br\/neab\/wp-json\/wp\/v2\/users\/8"}],"replies":[{"embeddable":true,"href":"https:\/\/sites.uel.br\/neab\/wp-json\/wp\/v2\/comments?post=2230"}],"version-history":[{"count":5,"href":"https:\/\/sites.uel.br\/neab\/wp-json\/wp\/v2\/pages\/2230\/revisions"}],"predecessor-version":[{"id":2241,"href":"https:\/\/sites.uel.br\/neab\/wp-json\/wp\/v2\/pages\/2230\/revisions\/2241"}],"wp:featuredmedia":[{"embeddable":true,"href":"https:\/\/sites.uel.br\/neab\/wp-json\/wp\/v2\/media\/2235"}],"wp:attachment":[{"href":"https:\/\/sites.uel.br\/neab\/wp-json\/wp\/v2\/media?parent=2230"}],"curies":[{"name":"wp","href":"https:\/\/api.w.org\/{rel}","templated":true}]}}