{"id":2194,"date":"2025-10-23T10:19:42","date_gmt":"2025-10-23T13:19:42","guid":{"rendered":"https:\/\/sites.uel.br\/neab\/?page_id=2194"},"modified":"2025-12-05T10:06:54","modified_gmt":"2025-12-05T13:06:54","slug":"o-protogonismo-das-professoras-da-infancia-e-as-relacoes-etnico-raciais-1","status":"publish","type":"page","link":"https:\/\/sites.uel.br\/neab\/o-protogonismo-das-professoras-da-infancia-e-as-relacoes-etnico-raciais-1\/","title":{"rendered":"O Protogonismo das Professoras da Inf\u00e2ncia e as Rela\u00e7\u00f5es \u00c9tnico-raciais"},"content":{"rendered":"\n<hr class=\"wp-block-separator has-text-color has-verde-escuro-color has-alpha-channel-opacity has-verde-escuro-background-color has-background is-style-wide\" \/>\n\n\n\n<div class=\"wp-block-columns is-layout-flex wp-container-core-columns-is-layout-9d6595d7 wp-block-columns-is-layout-flex\">\n<div class=\"wp-block-column is-layout-flow wp-block-column-is-layout-flow\" style=\"flex-basis:100%\">\n<div class=\"wp-block-columns is-layout-flex wp-container-core-columns-is-layout-9d6595d7 wp-block-columns-is-layout-flex\">\n<div class=\"wp-block-column is-layout-flow wp-block-column-is-layout-flow\">\n<p>Este projeto tem como escopo, implementar e avaliar as contribui\u00e7\u00f5es de um programa de forma\u00e7\u00e3o continuada e o fortalecimento do protagonismo das professoras paranaenses, de crian\u00e7as pr\u00e9-escolares, para a educa\u00e7\u00e3o das rela\u00e7\u00f5es \u00e9tnico-raciais, por meio de pr\u00e1ticas l\u00fadicas em munic\u00edpios com baixo baixo \u00edndice de desenvolvimento humano municipal \u2013 idh-m (ipardes, 2019) do estado do paran\u00e1\/brasil.<\/p>\n<\/div>\n\n\n\n<div class=\"wp-block-column is-layout-flow wp-block-column-is-layout-flow\"><div class=\"wp-block-image\">\n<figure class=\"aligncenter size-full is-resized\"><img loading=\"lazy\" decoding=\"async\" width=\"500\" height=\"500\" src=\"https:\/\/sites.uel.br\/neab\/wp-content\/uploads\/2025\/09\/WhatsApp-Image-2025-07-02-at-12.20.52.jpeg\" alt=\"\" class=\"wp-image-1931\" style=\"width:272px;height:auto\" srcset=\"https:\/\/sites.uel.br\/neab\/wp-content\/uploads\/2025\/09\/WhatsApp-Image-2025-07-02-at-12.20.52.jpeg 500w, https:\/\/sites.uel.br\/neab\/wp-content\/uploads\/2025\/09\/WhatsApp-Image-2025-07-02-at-12.20.52-300x300.jpeg 300w, https:\/\/sites.uel.br\/neab\/wp-content\/uploads\/2025\/09\/WhatsApp-Image-2025-07-02-at-12.20.52-150x150.jpeg 150w\" sizes=\"auto, (max-width: 500px) 100vw, 500px\" \/><\/figure>\n<\/div><\/div>\n<\/div>\n<\/div>\n<\/div>\n\n\n\n<div id=\"wp-block-themeisle-blocks-accordion-8f908797\" class=\"wp-block-themeisle-blocks-accordion exclusive\">\n<details class=\"wp-block-themeisle-blocks-accordion-item\"><summary class=\"wp-block-themeisle-blocks-accordion-item__title\"><div>Objetivos<\/div><\/summary><div class=\"wp-block-themeisle-blocks-accordion-item__content\">\n<p>Implementar e avaliar as contribui\u00e7\u00f5es de um programa de forma\u00e7\u00e3o continuada e fortalecimento do protagonismo das professoras paranaenses para a educa\u00e7\u00e3o das rela\u00e7\u00f5es \u00e9tnico-raciais, por meio de pr\u00e1ticas l\u00fadicas em munic\u00edpios com baixo idhm do estado do paran\u00e1\/brasil.<\/p>\n<\/div><\/details>\n\n\n\n<details class=\"wp-block-themeisle-blocks-accordion-item\"><summary class=\"wp-block-themeisle-blocks-accordion-item__title\"><div>P\u00fablico-Alvo<\/div><\/summary><div class=\"wp-block-themeisle-blocks-accordion-item__content\">\n<p><strong>&nbsp;<\/strong>alunos de gradua\u00e7\u00e3o (psicologia, educa\u00e7\u00e3o, ci\u00eancias sociais e hist\u00f3ria)<br>alunos de p\u00f3s-gradua\u00e7\u00e3o (psicologia, educa\u00e7\u00e3o, ci\u00eancias sociais e hist\u00f3ria)<\/p>\n<\/div><\/details>\n<\/div>\n\n\n\n<p><strong>Coordenador: <\/strong><a href=\"http:\/\/lattes.cnpq.br\/0088578024264046\" data-type=\"link\" data-id=\"http:\/\/lattes.cnpq.br\/0088578024264046\">Prof. Dr. Jefferson Olivatto da Silva<\/a><\/p>\n\n\n\n<ul class=\"wp-block-social-links is-style-pill-shape is-content-justification-center is-layout-flex wp-container-core-social-links-is-layout-16018d1d wp-block-social-links-is-layout-flex\"><li class=\"wp-social-link wp-social-link-mail  wp-block-social-link\"><a href=\"mailto:mailto:jeffolivattosilva@uel.br\" class=\"wp-block-social-link-anchor\"><svg width=\"24\" height=\"24\" viewBox=\"0 0 24 24\" version=\"1.1\" xmlns=\"http:\/\/www.w3.org\/2000\/svg\" aria-hidden=\"true\" focusable=\"false\"><path d=\"M19,5H5c-1.1,0-2,.9-2,2v10c0,1.1.9,2,2,2h14c1.1,0,2-.9,2-2V7c0-1.1-.9-2-2-2zm.5,12c0,.3-.2.5-.5.5H5c-.3,0-.5-.2-.5-.5V9.8l7.5,5.6,7.5-5.6V17zm0-9.1L12,13.6,4.5,7.9V7c0-.3.2-.5.5-.5h14c.3,0,.5.2.5.5v.9z\"><\/path><\/svg><span class=\"wp-block-social-link-label screen-reader-text\">E-mail<\/span><\/a><\/li><\/ul>\n","protected":false},"excerpt":{"rendered":"<p>Este projeto tem como escopo, implementar e avaliar as contribui\u00e7\u00f5es de um programa de forma\u00e7\u00e3o continuada e o fortalecimento do protagonismo das professoras paranaenses, de crian\u00e7as pr\u00e9-escolares, para a educa\u00e7\u00e3o das rela\u00e7\u00f5es \u00e9tnico-raciais, por meio de pr\u00e1ticas l\u00fadicas em munic\u00edpios com baixo baixo \u00edndice de desenvolvimento humano municipal \u2013 idh-m (ipardes, 2019) do estado do [&hellip;]<\/p>\n","protected":false},"author":8,"featured_media":0,"parent":0,"menu_order":0,"comment_status":"closed","ping_status":"closed","template":"","meta":{"_acf_changed":false,"_themeisle_gutenberg_block_has_review":false,"footnotes":""},"class_list":["post-2194","page","type-page","status-publish","hentry"],"acf":[],"_links":{"self":[{"href":"https:\/\/sites.uel.br\/neab\/wp-json\/wp\/v2\/pages\/2194","targetHints":{"allow":["GET"]}}],"collection":[{"href":"https:\/\/sites.uel.br\/neab\/wp-json\/wp\/v2\/pages"}],"about":[{"href":"https:\/\/sites.uel.br\/neab\/wp-json\/wp\/v2\/types\/page"}],"author":[{"embeddable":true,"href":"https:\/\/sites.uel.br\/neab\/wp-json\/wp\/v2\/users\/8"}],"replies":[{"embeddable":true,"href":"https:\/\/sites.uel.br\/neab\/wp-json\/wp\/v2\/comments?post=2194"}],"version-history":[{"count":14,"href":"https:\/\/sites.uel.br\/neab\/wp-json\/wp\/v2\/pages\/2194\/revisions"}],"predecessor-version":[{"id":2459,"href":"https:\/\/sites.uel.br\/neab\/wp-json\/wp\/v2\/pages\/2194\/revisions\/2459"}],"wp:attachment":[{"href":"https:\/\/sites.uel.br\/neab\/wp-json\/wp\/v2\/media?parent=2194"}],"curies":[{"name":"wp","href":"https:\/\/api.w.org\/{rel}","templated":true}]}}