{"id":1753,"date":"2025-03-27T11:03:15","date_gmt":"2025-03-27T14:03:15","guid":{"rendered":"https:\/\/sites.uel.br\/neab\/?page_id=1753"},"modified":"2025-12-09T16:10:42","modified_gmt":"2025-12-09T19:10:42","slug":"https-www-instagram-com-aquilombandouniversidade","status":"publish","type":"page","link":"https:\/\/sites.uel.br\/neab\/https-www-instagram-com-aquilombandouniversidade\/","title":{"rendered":"Aquilombando a Universidade: antirracismo, direitos humanos e resist\u00eancias sul &#8211; sul"},"content":{"rendered":"\n<hr class=\"wp-block-separator has-text-color has-verde-escuro-color has-alpha-channel-opacity has-verde-escuro-background-color has-background is-style-wide\" \/>\n\n\n\n<div class=\"wp-block-columns is-layout-flex wp-container-core-columns-is-layout-9d6595d7 wp-block-columns-is-layout-flex\">\n<div class=\"wp-block-column is-vertically-aligned-bottom is-layout-flow wp-block-column-is-layout-flow\" style=\"flex-basis:50%\">\n<p class=\"has-text-align-left has-medium-font-size\">O projeto integrado de extens\u00e3o e ensino \u201cAQUILOMBANDO A UNIVERSIDADE: antirracismo, direitos humanos e resist\u00eancias sul \u2013 sul\u201d tem como objetivo geral \u201cpromover atividades educativas e comunit\u00e1rias vinculadas a tem\u00e1tica dos direitos humanos, antirracismo e express\u00f5es de resist\u00eancias populares no sul global\u201d desenvolvendo estudos e multiplicando-os ao atuar no campo da educa\u00e7\u00e3o em direitos humanos e antirracista. <\/p>\n<\/div>\n\n\n\n<div class=\"wp-block-column is-layout-flow wp-block-column-is-layout-flow\" style=\"flex-basis:50%\"><div class=\"wp-block-image\">\n<figure class=\"aligncenter size-full is-resized\"><img loading=\"lazy\" decoding=\"async\" width=\"727\" height=\"727\" src=\"https:\/\/sites.uel.br\/neab\/wp-content\/uploads\/2025\/10\/img-1.jpg\" alt=\"\" class=\"wp-image-2089\" style=\"width:311px;height:auto\" srcset=\"https:\/\/sites.uel.br\/neab\/wp-content\/uploads\/2025\/10\/img-1.jpg 727w, https:\/\/sites.uel.br\/neab\/wp-content\/uploads\/2025\/10\/img-1-300x300.jpg 300w, https:\/\/sites.uel.br\/neab\/wp-content\/uploads\/2025\/10\/img-1-150x150.jpg 150w\" sizes=\"auto, (max-width: 727px) 100vw, 727px\" \/><\/figure>\n<\/div><\/div>\n<\/div>\n\n\n\n<p>Dever\u00e3o ser executadas a\u00e7\u00f5es em tr\u00eas frentes, sendo elas: <\/p>\n\n\n\n<p>a) conhecer para aquilombar: grupo de estudos sobre direitos humanos, antirracismo, g\u00eanero, contra colonialidade, resist\u00eancias, juventudes, inf\u00e2ncias, democracia, participa\u00e7\u00e3o pol\u00edtica e outros temas. Envolveremos estudantes da gradua\u00e7\u00e3o e p\u00f3s-gradua\u00e7\u00e3o de servi\u00e7o social e outras \u00e1reas, possibilitando o aprofundamento sobre as tem\u00e1ticas; <\/p>\n\n\n\n<p>b) aquilombar \u00e9 multiplicar: atividades educativas em Londrina\/PR e regi\u00e3o. As a\u00e7\u00f5es mais amplas acontecer\u00e3o de forma online possibilitando a diversidade de participantes de diferentes territ\u00f3rios no Brasil e de pa\u00edses do sul global, especialmente continente africano que comp\u00f5em o PALOP &#8211; Pa\u00edses Africanos de L\u00edngua Oficial Portuguesa. Esta frente tamb\u00e9m envolver\u00e1 eventos e o engajamento nas redes sociais; <\/p>\n\n\n\n<p>c) fluxos de educa\u00e7\u00e3o e resist\u00eancias na coopera\u00e7\u00e3o Sul \u2013 Sul: fortalecimento da coopera\u00e7\u00e3o entre pa\u00edses do sul global, especialmente do continente africano por meio da oferta de cursos online e gratuitos voltados para ativistas\/educadores\/estudantes. Est\u00edmulo ao interc\u00e2mbio online entre estudantes e docentes dos pa\u00edses envolvidos. E como nos convida Concei\u00e7\u00e3o Evaristo, \u201c\u00e9 tempo de formar novos quilombos, em qualquer lugar que estejamos\u201d. Que possamos aquilombar a universidade fortalecendo resist\u00eancias e ampliando fluxos de uma educa\u00e7\u00e3o cr\u00edtica, antirracista, anticapitalista, antipatriarcal e anticapacitista. Aquilombar \u00e9 preciso!<br><\/p>\n\n\n\n<p>Coordenador\/a<br>Profa. Dra. Andr\u00e9a Pires Rocha<\/p>\n\n\n\n<ul class=\"wp-block-social-links is-style-pill-shape is-content-justification-center is-layout-flex wp-container-core-social-links-is-layout-16018d1d wp-block-social-links-is-layout-flex\"><li class=\"wp-social-link wp-social-link-mail  wp-block-social-link\"><a href=\"mailto:andrearocha@uel.br\" class=\"wp-block-social-link-anchor\"><svg width=\"24\" height=\"24\" viewBox=\"0 0 24 24\" version=\"1.1\" xmlns=\"http:\/\/www.w3.org\/2000\/svg\" aria-hidden=\"true\" focusable=\"false\"><path d=\"M19,5H5c-1.1,0-2,.9-2,2v10c0,1.1.9,2,2,2h14c1.1,0,2-.9,2-2V7c0-1.1-.9-2-2-2zm.5,12c0,.3-.2.5-.5.5H5c-.3,0-.5-.2-.5-.5V9.8l7.5,5.6,7.5-5.6V17zm0-9.1L12,13.6,4.5,7.9V7c0-.3.2-.5.5-.5h14c.3,0,.5.2.5.5v.9z\"><\/path><\/svg><span class=\"wp-block-social-link-label screen-reader-text\">E-mail<\/span><\/a><\/li><\/ul>\n","protected":false},"excerpt":{"rendered":"<p>O projeto integrado de extens\u00e3o e ensino \u201cAQUILOMBANDO A UNIVERSIDADE: antirracismo, direitos humanos e resist\u00eancias sul \u2013 sul\u201d tem como objetivo geral \u201cpromover atividades educativas e comunit\u00e1rias vinculadas a tem\u00e1tica dos direitos humanos, antirracismo e express\u00f5es de resist\u00eancias populares no sul global\u201d desenvolvendo estudos e multiplicando-os ao atuar no campo da educa\u00e7\u00e3o em direitos humanos [&hellip;]<\/p>\n","protected":false},"author":8,"featured_media":2088,"parent":0,"menu_order":0,"comment_status":"closed","ping_status":"closed","template":"","meta":{"_acf_changed":false,"_themeisle_gutenberg_block_has_review":false,"footnotes":""},"class_list":["post-1753","page","type-page","status-publish","has-post-thumbnail","hentry"],"acf":[],"_links":{"self":[{"href":"https:\/\/sites.uel.br\/neab\/wp-json\/wp\/v2\/pages\/1753","targetHints":{"allow":["GET"]}}],"collection":[{"href":"https:\/\/sites.uel.br\/neab\/wp-json\/wp\/v2\/pages"}],"about":[{"href":"https:\/\/sites.uel.br\/neab\/wp-json\/wp\/v2\/types\/page"}],"author":[{"embeddable":true,"href":"https:\/\/sites.uel.br\/neab\/wp-json\/wp\/v2\/users\/8"}],"replies":[{"embeddable":true,"href":"https:\/\/sites.uel.br\/neab\/wp-json\/wp\/v2\/comments?post=1753"}],"version-history":[{"count":16,"href":"https:\/\/sites.uel.br\/neab\/wp-json\/wp\/v2\/pages\/1753\/revisions"}],"predecessor-version":[{"id":2466,"href":"https:\/\/sites.uel.br\/neab\/wp-json\/wp\/v2\/pages\/1753\/revisions\/2466"}],"wp:featuredmedia":[{"embeddable":true,"href":"https:\/\/sites.uel.br\/neab\/wp-json\/wp\/v2\/media\/2088"}],"wp:attachment":[{"href":"https:\/\/sites.uel.br\/neab\/wp-json\/wp\/v2\/media?parent=1753"}],"curies":[{"name":"wp","href":"https:\/\/api.w.org\/{rel}","templated":true}]}}