{"id":1751,"date":"2025-03-27T11:03:15","date_gmt":"2025-03-27T14:03:15","guid":{"rendered":"https:\/\/sites.uel.br\/neab\/?page_id=1751"},"modified":"2025-10-21T11:47:57","modified_gmt":"2025-10-21T14:47:57","slug":"tecendo-redes-para-a-educacao-das-relacoes-etnico-raciais","status":"publish","type":"page","link":"https:\/\/sites.uel.br\/neab\/tecendo-redes-para-a-educacao-das-relacoes-etnico-raciais\/","title":{"rendered":"Tecendo Redes para a Educa\u00e7\u00e3o das Rela\u00e7\u00f5es \u00c9tnico-Raciais"},"content":{"rendered":"\n<p><\/p>\n\n\n\n<hr class=\"wp-block-separator has-text-color has-verde-escuro-color has-alpha-channel-opacity has-verde-escuro-background-color has-background is-style-wide\" \/>\n\n\n\n<div class=\"wp-block-columns is-layout-flex wp-container-core-columns-is-layout-9d6595d7 wp-block-columns-is-layout-flex\">\n<div class=\"wp-block-column is-vertically-aligned-bottom has-large-font-size is-layout-flow wp-block-column-is-layout-flow\" style=\"flex-basis:50%\">\n<p class=\"has-medium-font-size\">O projeto tem o objetivo de desenvolver a\u00e7\u00f5es para forma\u00e7\u00e3o continuada de coordenadores da equipe multidisciplinar e membros da rede socioassistencial do munic\u00edpio de Londrina, promover a\u00e7\u00f5es para o fortalecimento da educa\u00e7\u00e3o das rela\u00e7\u00f5es \u00e9tnico-raciais, objetivando o combate ao preconceito racial e o racismo. Tem como p\u00fablico-alvo professores das equipes multidisciplinares do N\u00facleo Regional de Ensino, Rede Socioassistencial e Secretaria Municipal de Educa\u00e7\u00e3o de Londrina.<\/p>\n<\/div>\n\n\n\n<div class=\"wp-block-column is-layout-flow wp-block-column-is-layout-flow\" style=\"flex-basis:50%\"><div class=\"wp-block-image\">\n<figure class=\"aligncenter size-full is-resized\"><img loading=\"lazy\" decoding=\"async\" width=\"1100\" height=\"1100\" src=\"https:\/\/sites.uel.br\/neab\/wp-content\/uploads\/2025\/10\/WhatsApp-Image-2025-10-21-at-10.38.01-AM.jpeg\" alt=\"\" class=\"wp-image-2146\" style=\"width:335px;height:auto\" srcset=\"https:\/\/sites.uel.br\/neab\/wp-content\/uploads\/2025\/10\/WhatsApp-Image-2025-10-21-at-10.38.01-AM.jpeg 1100w, https:\/\/sites.uel.br\/neab\/wp-content\/uploads\/2025\/10\/WhatsApp-Image-2025-10-21-at-10.38.01-AM-300x300.jpeg 300w, https:\/\/sites.uel.br\/neab\/wp-content\/uploads\/2025\/10\/WhatsApp-Image-2025-10-21-at-10.38.01-AM-1024x1024.jpeg 1024w, https:\/\/sites.uel.br\/neab\/wp-content\/uploads\/2025\/10\/WhatsApp-Image-2025-10-21-at-10.38.01-AM-150x150.jpeg 150w, https:\/\/sites.uel.br\/neab\/wp-content\/uploads\/2025\/10\/WhatsApp-Image-2025-10-21-at-10.38.01-AM-768x768.jpeg 768w\" sizes=\"auto, (max-width: 1100px) 100vw, 1100px\" \/><\/figure>\n<\/div><\/div>\n<\/div>\n\n\n\n<div id=\"wp-block-themeisle-blocks-accordion-677d50b2\" class=\"wp-block-themeisle-blocks-accordion exclusive\">\n<details class=\"wp-block-themeisle-blocks-accordion-item\"><summary class=\"wp-block-themeisle-blocks-accordion-item__title\"><div><strong>Participantes do Projeto:<\/strong><\/div><\/summary><div class=\"wp-block-themeisle-blocks-accordion-item__content\">\n<p>Alexandre Junior Duarte Tsujioka, Aline Cristina Bandeira de Oliveira, Ana Celida da Silva, Ana Julia Floriano Melhado, Ana Lucia Ferreira da Silva, Andreia Rodrigues Soares Sodre, Breno da Conceicao Neto, Bruna Padilha de Oliveira, Camila Rolim de Oliveira, Eloa Soares Dutra Kastelic, Fagner Bruno de Souza, Fernanda Alves de Lima, Francieli Ara\u00fajo, Gabriela Paula Santos, Guilherme Felipe Ramos, Josue Godoy, Juliana Bueno Grizos de Carvalho, Margarida de Cassia Campos, Maria de Fatima Beraldo, Matheus de Almeida Beraldo, Natalia Micheli Villa, Nilda Bandeira, Robson Borges Arantes e Sandra Barbosa de Souza.<\/p>\n<\/div><\/details>\n<\/div>\n\n\n\n<p><strong>Coordenadora:<\/strong> Profa. Dra.Marleide Rodrigues da Silva Perrude<\/p>\n\n\n\n<div class=\"wp-block-group\"><div class=\"wp-block-group__inner-container is-layout-constrained wp-block-group-is-layout-constrained\">\n<ul class=\"wp-block-social-links has-normal-icon-size is-style-pill-shape is-horizontal is-content-justification-center is-nowrap is-layout-flex wp-container-core-social-links-is-layout-fc65f29c wp-block-social-links-is-layout-flex\"><li class=\"wp-social-link wp-social-link-mail  wp-block-social-link\"><a href=\"mailto:tecendoredesformativas@gmail.com\" class=\"wp-block-social-link-anchor\"><svg width=\"24\" height=\"24\" viewBox=\"0 0 24 24\" version=\"1.1\" xmlns=\"http:\/\/www.w3.org\/2000\/svg\" aria-hidden=\"true\" focusable=\"false\"><path d=\"M19,5H5c-1.1,0-2,.9-2,2v10c0,1.1.9,2,2,2h14c1.1,0,2-.9,2-2V7c0-1.1-.9-2-2-2zm.5,12c0,.3-.2.5-.5.5H5c-.3,0-.5-.2-.5-.5V9.8l7.5,5.6,7.5-5.6V17zm0-9.1L12,13.6,4.5,7.9V7c0-.3.2-.5.5-.5h14c.3,0,.5.2.5.5v.9z\"><\/path><\/svg><span class=\"wp-block-social-link-label screen-reader-text\">E-mail<\/span><\/a><\/li>\n\n<li class=\"wp-social-link wp-social-link-instagram  wp-block-social-link\"><a href=\"https:\/\/www.instagram.com\/_tecendoredes?igsh=M2o0Y2g4bXFxaXc3\" class=\"wp-block-social-link-anchor\"><svg width=\"24\" height=\"24\" viewBox=\"0 0 24 24\" version=\"1.1\" xmlns=\"http:\/\/www.w3.org\/2000\/svg\" aria-hidden=\"true\" focusable=\"false\"><path d=\"M12,4.622c2.403,0,2.688,0.009,3.637,0.052c0.877,0.04,1.354,0.187,1.671,0.31c0.42,0.163,0.72,0.358,1.035,0.673 c0.315,0.315,0.51,0.615,0.673,1.035c0.123,0.317,0.27,0.794,0.31,1.671c0.043,0.949,0.052,1.234,0.052,3.637 s-0.009,2.688-0.052,3.637c-0.04,0.877-0.187,1.354-0.31,1.671c-0.163,0.42-0.358,0.72-0.673,1.035 c-0.315,0.315-0.615,0.51-1.035,0.673c-0.317,0.123-0.794,0.27-1.671,0.31c-0.949,0.043-1.233,0.052-3.637,0.052 s-2.688-0.009-3.637-0.052c-0.877-0.04-1.354-0.187-1.671-0.31c-0.42-0.163-0.72-0.358-1.035-0.673 c-0.315-0.315-0.51-0.615-0.673-1.035c-0.123-0.317-0.27-0.794-0.31-1.671C4.631,14.688,4.622,14.403,4.622,12 s0.009-2.688,0.052-3.637c0.04-0.877,0.187-1.354,0.31-1.671c0.163-0.42,0.358-0.72,0.673-1.035 c0.315-0.315,0.615-0.51,1.035-0.673c0.317-0.123,0.794-0.27,1.671-0.31C9.312,4.631,9.597,4.622,12,4.622 M12,3 C9.556,3,9.249,3.01,8.289,3.054C7.331,3.098,6.677,3.25,6.105,3.472C5.513,3.702,5.011,4.01,4.511,4.511 c-0.5,0.5-0.808,1.002-1.038,1.594C3.25,6.677,3.098,7.331,3.054,8.289C3.01,9.249,3,9.556,3,12c0,2.444,0.01,2.751,0.054,3.711 c0.044,0.958,0.196,1.612,0.418,2.185c0.23,0.592,0.538,1.094,1.038,1.594c0.5,0.5,1.002,0.808,1.594,1.038 c0.572,0.222,1.227,0.375,2.185,0.418C9.249,20.99,9.556,21,12,21s2.751-0.01,3.711-0.054c0.958-0.044,1.612-0.196,2.185-0.418 c0.592-0.23,1.094-0.538,1.594-1.038c0.5-0.5,0.808-1.002,1.038-1.594c0.222-0.572,0.375-1.227,0.418-2.185 C20.99,14.751,21,14.444,21,12s-0.01-2.751-0.054-3.711c-0.044-0.958-0.196-1.612-0.418-2.185c-0.23-0.592-0.538-1.094-1.038-1.594 c-0.5-0.5-1.002-0.808-1.594-1.038c-0.572-0.222-1.227-0.375-2.185-0.418C14.751,3.01,14.444,3,12,3L12,3z M12,7.378 c-2.552,0-4.622,2.069-4.622,4.622S9.448,16.622,12,16.622s4.622-2.069,4.622-4.622S14.552,7.378,12,7.378z M12,15 c-1.657,0-3-1.343-3-3s1.343-3,3-3s3,1.343,3,3S13.657,15,12,15z M16.804,6.116c-0.596,0-1.08,0.484-1.08,1.08 s0.484,1.08,1.08,1.08c0.596,0,1.08-0.484,1.08-1.08S17.401,6.116,16.804,6.116z\"><\/path><\/svg><span class=\"wp-block-social-link-label screen-reader-text\">Instagram<\/span><\/a><\/li><\/ul>\n<\/div><\/div>\n","protected":false},"excerpt":{"rendered":"<p>O projeto tem o objetivo de desenvolver a\u00e7\u00f5es para forma\u00e7\u00e3o continuada de coordenadores da equipe multidisciplinar e membros da rede socioassistencial do munic\u00edpio de Londrina, promover a\u00e7\u00f5es para o fortalecimento da educa\u00e7\u00e3o das rela\u00e7\u00f5es \u00e9tnico-raciais, objetivando o combate ao preconceito racial e o racismo. Tem como p\u00fablico-alvo professores das equipes multidisciplinares do N\u00facleo Regional de [&hellip;]<\/p>\n","protected":false},"author":8,"featured_media":2146,"parent":0,"menu_order":0,"comment_status":"closed","ping_status":"closed","template":"","meta":{"_acf_changed":false,"_themeisle_gutenberg_block_has_review":false,"footnotes":""},"class_list":["post-1751","page","type-page","status-publish","has-post-thumbnail","hentry"],"acf":[],"_links":{"self":[{"href":"https:\/\/sites.uel.br\/neab\/wp-json\/wp\/v2\/pages\/1751","targetHints":{"allow":["GET"]}}],"collection":[{"href":"https:\/\/sites.uel.br\/neab\/wp-json\/wp\/v2\/pages"}],"about":[{"href":"https:\/\/sites.uel.br\/neab\/wp-json\/wp\/v2\/types\/page"}],"author":[{"embeddable":true,"href":"https:\/\/sites.uel.br\/neab\/wp-json\/wp\/v2\/users\/8"}],"replies":[{"embeddable":true,"href":"https:\/\/sites.uel.br\/neab\/wp-json\/wp\/v2\/comments?post=1751"}],"version-history":[{"count":34,"href":"https:\/\/sites.uel.br\/neab\/wp-json\/wp\/v2\/pages\/1751\/revisions"}],"predecessor-version":[{"id":2180,"href":"https:\/\/sites.uel.br\/neab\/wp-json\/wp\/v2\/pages\/1751\/revisions\/2180"}],"wp:featuredmedia":[{"embeddable":true,"href":"https:\/\/sites.uel.br\/neab\/wp-json\/wp\/v2\/media\/2146"}],"wp:attachment":[{"href":"https:\/\/sites.uel.br\/neab\/wp-json\/wp\/v2\/media?parent=1751"}],"curies":[{"name":"wp","href":"https:\/\/api.w.org\/{rel}","templated":true}]}}