{"id":1706,"date":"2025-03-27T09:56:58","date_gmt":"2025-03-27T12:56:58","guid":{"rendered":"https:\/\/sites.uel.br\/neab\/?page_id=1706"},"modified":"2025-10-21T11:00:22","modified_gmt":"2025-10-21T14:00:22","slug":"rota-sankofa-por-uma-londrina-decolonial-e-antirracista-2","status":"publish","type":"page","link":"https:\/\/sites.uel.br\/neab\/rota-sankofa-por-uma-londrina-decolonial-e-antirracista-2\/","title":{"rendered":"ROTA SANKOFA &#8211; por uma Londrina decolonial e antirracista"},"content":{"rendered":"\n<hr class=\"wp-block-separator has-text-color has-verde-escuro-color has-alpha-channel-opacity has-verde-escuro-background-color has-background is-style-wide\" \/>\n\n\n\n<div class=\"wp-block-columns is-layout-flex wp-container-core-columns-is-layout-9d6595d7 wp-block-columns-is-layout-flex\">\n<div class=\"wp-block-column is-layout-flow wp-block-column-is-layout-flow\">\n<p><\/p>\n\n\n\n<p><\/p>\n\n\n\n<p class=\"has-text-align-left has-medium-font-size\">A presente pesquisa tem como objetivo estudar e problematizar a colonialidade e o racismo estrutural enquanto mecanismos de produ\u00e7\u00e3o de rela\u00e7\u00f5es de poder assim\u00e9tricas e produzir roteiros de visita t\u00e9cnica-cient\u00edfica na cidade de Londrina decolonial e antirracista.<br>Tem como p\u00fablico-alvo estudantes de gradua\u00e7\u00e3o e p\u00f3s-gradua\u00e7\u00e3o.<\/p>\n<\/div>\n\n\n\n<div class=\"wp-block-column is-layout-flow wp-block-column-is-layout-flow\">\n<figure class=\"wp-block-image size-full is-resized\"><img loading=\"lazy\" decoding=\"async\" width=\"287\" height=\"160\" src=\"https:\/\/sites.uel.br\/neab\/wp-content\/uploads\/2025\/10\/download-e1761054688954.png\" alt=\"\" class=\"wp-image-2151\" style=\"width:446px;height:auto\" \/><\/figure>\n<\/div>\n<\/div>\n\n\n\n<p class=\"has-text-align-left\"><strong>Coordenador\/a<\/strong><br>Margarida de C\u00e1ssia Campos<br><\/p>\n\n\n\n<div id=\"wp-block-themeisle-blocks-accordion-9e33d09a\" class=\"wp-block-themeisle-blocks-accordion exclusive\">\n<details class=\"wp-block-themeisle-blocks-accordion-item\"><summary class=\"wp-block-themeisle-blocks-accordion-item__title\"><div>Participantes do projeto<\/div><\/summary><div class=\"wp-block-themeisle-blocks-accordion-item__content\">\n<p>Jeniffer Seles de Oliveira, Margarida de Cassia Campos, Maria de F\u00e1tima Beraldo, Maria Fernanda Furlan, Maria Virginia dos Santos e Robson Borges Arantes<\/p>\n<\/div><\/details>\n<\/div>\n\n\n\n<ul class=\"wp-block-social-links has-normal-icon-size is-style-pill-shape is-content-justification-center is-layout-flex wp-container-core-social-links-is-layout-16018d1d wp-block-social-links-is-layout-flex\"><li class=\"wp-social-link wp-social-link-mail  wp-block-social-link\"><a href=\"mailto:mcassiacampos@uel.br\" class=\"wp-block-social-link-anchor\"><svg width=\"24\" height=\"24\" viewBox=\"0 0 24 24\" version=\"1.1\" xmlns=\"http:\/\/www.w3.org\/2000\/svg\" aria-hidden=\"true\" focusable=\"false\"><path d=\"M19,5H5c-1.1,0-2,.9-2,2v10c0,1.1.9,2,2,2h14c1.1,0,2-.9,2-2V7c0-1.1-.9-2-2-2zm.5,12c0,.3-.2.5-.5.5H5c-.3,0-.5-.2-.5-.5V9.8l7.5,5.6,7.5-5.6V17zm0-9.1L12,13.6,4.5,7.9V7c0-.3.2-.5.5-.5h14c.3,0,.5.2.5.5v.9z\"><\/path><\/svg><span class=\"wp-block-social-link-label screen-reader-text\">E-mail<\/span><\/a><\/li><\/ul>\n","protected":false},"excerpt":{"rendered":"<p>A presente pesquisa tem como objetivo estudar e problematizar a colonialidade e o racismo estrutural enquanto mecanismos de produ\u00e7\u00e3o de rela\u00e7\u00f5es de poder assim\u00e9tricas e produzir roteiros de visita t\u00e9cnica-cient\u00edfica na cidade de Londrina decolonial e antirracista.Tem como p\u00fablico-alvo estudantes de gradua\u00e7\u00e3o e p\u00f3s-gradua\u00e7\u00e3o. Coordenador\/aMargarida de C\u00e1ssia Campos<\/p>\n","protected":false},"author":8,"featured_media":2151,"parent":0,"menu_order":0,"comment_status":"closed","ping_status":"closed","template":"","meta":{"_acf_changed":false,"_themeisle_gutenberg_block_has_review":false,"footnotes":""},"class_list":["post-1706","page","type-page","status-publish","has-post-thumbnail","hentry"],"acf":[],"_links":{"self":[{"href":"https:\/\/sites.uel.br\/neab\/wp-json\/wp\/v2\/pages\/1706","targetHints":{"allow":["GET"]}}],"collection":[{"href":"https:\/\/sites.uel.br\/neab\/wp-json\/wp\/v2\/pages"}],"about":[{"href":"https:\/\/sites.uel.br\/neab\/wp-json\/wp\/v2\/types\/page"}],"author":[{"embeddable":true,"href":"https:\/\/sites.uel.br\/neab\/wp-json\/wp\/v2\/users\/8"}],"replies":[{"embeddable":true,"href":"https:\/\/sites.uel.br\/neab\/wp-json\/wp\/v2\/comments?post=1706"}],"version-history":[{"count":12,"href":"https:\/\/sites.uel.br\/neab\/wp-json\/wp\/v2\/pages\/1706\/revisions"}],"predecessor-version":[{"id":2159,"href":"https:\/\/sites.uel.br\/neab\/wp-json\/wp\/v2\/pages\/1706\/revisions\/2159"}],"wp:featuredmedia":[{"embeddable":true,"href":"https:\/\/sites.uel.br\/neab\/wp-json\/wp\/v2\/media\/2151"}],"wp:attachment":[{"href":"https:\/\/sites.uel.br\/neab\/wp-json\/wp\/v2\/media?parent=1706"}],"curies":[{"name":"wp","href":"https:\/\/api.w.org\/{rel}","templated":true}]}}