{"id":1705,"date":"2025-03-27T09:56:58","date_gmt":"2025-03-27T12:56:58","guid":{"rendered":"https:\/\/sites.uel.br\/neab\/?page_id=1705"},"modified":"2025-12-05T10:32:07","modified_gmt":"2025-12-05T13:32:07","slug":"literatura-afro-brasileira-conhecendo-autores-autoras-e-obras-2","status":"publish","type":"page","link":"https:\/\/sites.uel.br\/neab\/literatura-afro-brasileira-conhecendo-autores-autoras-e-obras-2\/","title":{"rendered":"Literatura Afro-Brasileira &#8211; conhecendo autores, autoras e obras"},"content":{"rendered":"\n<hr class=\"wp-block-separator has-text-color has-verde-escuro-color has-alpha-channel-opacity has-verde-escuro-background-color has-background is-style-wide\" \/>\n\n\n\n<p>O projeto tem o objetivo de produzir materiais sobre autores(as) da literatura afrobrasileira,<br>suas obras e apresent\u00e1-los a docentes, gestores(as) da educa\u00e7\u00e3o b\u00e1sica<br>de Londrina, regi\u00e3o e aos demais interessados(as).<br>Tem como p\u00fablico-alvo docentes, gestores e gestoras da educa\u00e7\u00e3o b\u00e1sica de<br>Londrina, regi\u00e3o e demais interessados(as). Ser\u00e3o disponibilizadas 30 vagas para<br>participa\u00e7\u00e3o dos cursos ofertados, podendo ser ampliadas conforme<br>desenvolvimento do projeto. Os materiais divulgados nas redes ficar\u00e3o dispon\u00edveis<br>a todos(as) interessados(as).<\/p>\n\n\n\n<div id=\"wp-block-themeisle-blocks-accordion-dfce525a\" class=\"wp-block-themeisle-blocks-accordion exclusive\">\n<details class=\"wp-block-themeisle-blocks-accordion-item\"><summary class=\"wp-block-themeisle-blocks-accordion-item__title\"><div>Participantes do projeto<\/div><\/summary><div class=\"wp-block-themeisle-blocks-accordion-item__content\">\n<p>Docentes e discentes da UEL, colaboradores(as) externos e professores(as) da<br>Educa\u00e7\u00e3o B\u00e1sica.<\/p>\n<\/div><\/details>\n<\/div>\n\n\n\n<p><strong>Coordenadora<\/strong><\/p>\n\n\n\n<p>Profa. Dra. Maria Carolina de Godoy<\/p>\n\n\n\n<ul class=\"wp-block-social-links is-style-pill-shape is-content-justification-center is-layout-flex wp-container-core-social-links-is-layout-16018d1d wp-block-social-links-is-layout-flex\"><li class=\"wp-social-link wp-social-link-mail  wp-block-social-link\"><a href=\"mailto:mdegodoy@uel.br\" class=\"wp-block-social-link-anchor\"><svg width=\"24\" height=\"24\" viewBox=\"0 0 24 24\" version=\"1.1\" xmlns=\"http:\/\/www.w3.org\/2000\/svg\" aria-hidden=\"true\" focusable=\"false\"><path d=\"M19,5H5c-1.1,0-2,.9-2,2v10c0,1.1.9,2,2,2h14c1.1,0,2-.9,2-2V7c0-1.1-.9-2-2-2zm.5,12c0,.3-.2.5-.5.5H5c-.3,0-.5-.2-.5-.5V9.8l7.5,5.6,7.5-5.6V17zm0-9.1L12,13.6,4.5,7.9V7c0-.3.2-.5.5-.5h14c.3,0,.5.2.5.5v.9z\"><\/path><\/svg><span class=\"wp-block-social-link-label screen-reader-text\">E-mail<\/span><\/a><\/li><\/ul>\n","protected":false},"excerpt":{"rendered":"<p>O projeto tem o objetivo de produzir materiais sobre autores(as) da literatura afrobrasileira,suas obras e apresent\u00e1-los a docentes, gestores(as) da educa\u00e7\u00e3o b\u00e1sicade Londrina, regi\u00e3o e aos demais interessados(as).Tem como p\u00fablico-alvo docentes, gestores e gestoras da educa\u00e7\u00e3o b\u00e1sica deLondrina, regi\u00e3o e demais interessados(as). Ser\u00e3o disponibilizadas 30 vagas paraparticipa\u00e7\u00e3o dos cursos ofertados, podendo ser ampliadas conformedesenvolvimento do [&hellip;]<\/p>\n","protected":false},"author":8,"featured_media":0,"parent":0,"menu_order":0,"comment_status":"closed","ping_status":"closed","template":"","meta":{"_acf_changed":false,"_themeisle_gutenberg_block_has_review":false,"footnotes":""},"class_list":["post-1705","page","type-page","status-publish","hentry"],"acf":[],"_links":{"self":[{"href":"https:\/\/sites.uel.br\/neab\/wp-json\/wp\/v2\/pages\/1705","targetHints":{"allow":["GET"]}}],"collection":[{"href":"https:\/\/sites.uel.br\/neab\/wp-json\/wp\/v2\/pages"}],"about":[{"href":"https:\/\/sites.uel.br\/neab\/wp-json\/wp\/v2\/types\/page"}],"author":[{"embeddable":true,"href":"https:\/\/sites.uel.br\/neab\/wp-json\/wp\/v2\/users\/8"}],"replies":[{"embeddable":true,"href":"https:\/\/sites.uel.br\/neab\/wp-json\/wp\/v2\/comments?post=1705"}],"version-history":[{"count":6,"href":"https:\/\/sites.uel.br\/neab\/wp-json\/wp\/v2\/pages\/1705\/revisions"}],"predecessor-version":[{"id":2461,"href":"https:\/\/sites.uel.br\/neab\/wp-json\/wp\/v2\/pages\/1705\/revisions\/2461"}],"wp:attachment":[{"href":"https:\/\/sites.uel.br\/neab\/wp-json\/wp\/v2\/media?parent=1705"}],"curies":[{"name":"wp","href":"https:\/\/api.w.org\/{rel}","templated":true}]}}