{"id":969,"date":"2022-08-23T16:07:33","date_gmt":"2022-08-23T19:07:33","guid":{"rendered":"https:\/\/sites.uel.br\/ndph\/?page_id=969"},"modified":"2022-08-23T16:07:33","modified_gmt":"2022-08-23T19:07:33","slug":"carpeaux-imagens-criticas","status":"publish","type":"page","link":"https:\/\/sites.uel.br\/ndph\/carpeaux-imagens-criticas\/","title":{"rendered":"Carpeaux: Imagens Cr\u00edticas"},"content":{"rendered":"\n<p class=\"has-text-align-center\" style=\"font-size:18px\"><br><strong>Exposi\u00e7\u00e3o &#8211; &#8220;CARPEAUX: IMAGENS CR\u00cdTICAS&#8221;<\/strong><br><br>Curadoria: Prof. Dr. Eduardo Gomes Silva<br><br>De 08\/09 a 16\/10\/2015<\/p>\n\n\n<div class=\"wp-block-image\">\n<figure class=\"aligncenter size-full\"><img loading=\"lazy\" decoding=\"async\" width=\"500\" height=\"250\" src=\"https:\/\/sites.uel.br\/ndph\/wp-content\/uploads\/2022\/08\/Expo_Carpeaux.jpg\" alt=\"\" class=\"wp-image-984\" srcset=\"https:\/\/sites.uel.br\/ndph\/wp-content\/uploads\/2022\/08\/Expo_Carpeaux.jpg 500w, https:\/\/sites.uel.br\/ndph\/wp-content\/uploads\/2022\/08\/Expo_Carpeaux-300x150.jpg 300w\" sizes=\"auto, (max-width: 500px) 100vw, 500px\" \/><\/figure>\n<\/div>\n\n\n<p style=\"font-size:18px\">Otto Maria Carpeaux, nascido Otto Karpfen, em Viena no dia 9 de mar\u00e7o de 1900. Seus pais foram Max e Gisela Karpfen, respectivamente judeu e cat\u00f3lica. A trajet\u00f3ria escolar e acad\u00eamica de Otto foi variada e pluridisciplinar: iniciou gradua\u00e7\u00e3o em direito, mas n\u00e3o concluiu; estudou qu\u00edmica, filosofia, matem\u00e1tica, sociologia, literatura comparada, pol\u00edtica e m\u00fasica. Seus estudos foram realizados em diversas cidades da Europa: Leipzig, Paris, N\u00e1poles e Berlim.<br>O nazifascismo for\u00e7ou a fuga de Otto para o Brasil em 1939, ap\u00f3s uma r\u00e1pida passagem pela B\u00e9lgica. Na chegada ao Brasil, alterou seu sobrenome de Karpfen para o afrancesado Carpeaux. Deveria trabalhar numa lavoura do Paran\u00e1, mas rumou para S\u00e3o Paulo. Seu primeiro ano, sobretudo, foi de imensas dificuldades, uma vez que n\u00e3o conhecia o idioma. Sobreviveu basicamente da venda dos pr\u00f3prios pertences, tais como livros e obras de artes. Seu primeiro emprego no jornalismo se deu em 1941.<br>A ess\u00eancia da exposi\u00e7\u00e3o \u00e9 narrar, por meio de imagens, essa trajet\u00f3ria complexa e multifacetada.<\/p>\n\n\n\n<div style=\"height:14px\" aria-hidden=\"true\" class=\"wp-block-spacer\"><\/div>\n\n\n\n<hr class=\"wp-block-separator has-alpha-channel-opacity\" \/>\n\n\n\n<p class=\"has-text-align-center\" style=\"font-size:18px\"><strong>FICHA T\u00c9CNICA<\/strong><\/p>\n\n\n\n<hr class=\"wp-block-separator has-alpha-channel-opacity\" \/>\n\n\n\n<div style=\"height:14px\" aria-hidden=\"true\" class=\"wp-block-spacer\"><\/div>\n\n\n\n<p class=\"has-text-align-center\" style=\"font-size:18px\"><strong>Coordena\u00e7\u00e3o Executiva<\/strong><br><br>Prof. Dr. M\u00e1rcio Santana \/ CDPH<br><br><strong>Coordena\u00e7\u00e3o Cultural \/ Cient\u00edfica<\/strong><br><br>Prof. Dr. Eduardo Gomes Silva \/ Depto. Hist\u00f3ria-UEL<br><br><strong>Assessoria<\/strong><br><br>Laureci Cardoso \/ CDPH<br>Leila Fernandes \/ CDPH<br>Reinaldo Gabriel \/ CDPH<br><br><strong>Organiza\u00e7\u00e3o e Montagem<\/strong><br><br>Danieli Ferreira \/ CDPH<br>Marcos Vinicius Palladino \/ CDPH<br>Rodrigo Louren\u00e7o \/ CDPH<\/p>\n\n\n\n<div style=\"height:14px\" aria-hidden=\"true\" class=\"wp-block-spacer\"><\/div>\n\n\n\n<hr class=\"wp-block-separator has-alpha-channel-opacity\" \/>\n\n\n\n<p class=\"has-text-align-center\" style=\"font-size:18px\"><strong>PROMO\u00c7\u00c3O<\/strong><\/p>\n\n\n\n<hr class=\"wp-block-separator has-alpha-channel-opacity\" \/>\n\n\n\n<div style=\"height:14px\" aria-hidden=\"true\" class=\"wp-block-spacer\"><\/div>\n\n\n\n<p class=\"has-text-align-center\" style=\"font-size:18px\">Centro de Documenta\u00e7\u00e3o e Pesquisa Hist\u00f3rica &#8211; CDPH<\/p>\n\n\n\n<div style=\"height:14px\" aria-hidden=\"true\" class=\"wp-block-spacer\"><\/div>\n\n\n\n<hr class=\"wp-block-separator has-alpha-channel-opacity\" \/>\n\n\n\n<p class=\"has-text-align-center\" style=\"font-size:18px\"><strong>REPERCUSS\u00d5ES<\/strong><\/p>\n\n\n\n<hr class=\"wp-block-separator has-alpha-channel-opacity\" \/>\n\n\n\n<div style=\"height:14px\" aria-hidden=\"true\" class=\"wp-block-spacer\"><\/div>\n\n\n\n<p class=\"has-text-align-center\" style=\"font-size:18px\"><strong>&lt;<a rel=\"noreferrer noopener\" href=\"http:\/\/youtu.be\/ZUsd7uwGAM0\" data-type=\"URL\" data-id=\"http:\/\/youtu.be\/ZUsd7uwGAM0\" target=\"_blank\">TV UEL<\/a>&gt;<\/strong><\/p>\n","protected":false},"excerpt":{"rendered":"<p>Exposi\u00e7\u00e3o &#8211; &#8220;CARPEAUX: IMAGENS CR\u00cdTICAS&#8221; Curadoria: Prof. Dr. Eduardo Gomes Silva De 08\/09 a 16\/10\/2015 Otto Maria Carpeaux, nascido Otto Karpfen, em Viena no dia 9 de mar\u00e7o de 1900. Seus pais foram Max e Gisela Karpfen, respectivamente judeu e cat\u00f3lica. A trajet\u00f3ria escolar e acad\u00eamica de Otto foi variada e pluridisciplinar: iniciou gradua\u00e7\u00e3o em [&hellip;]<\/p>\n","protected":false},"author":7,"featured_media":0,"parent":0,"menu_order":0,"comment_status":"closed","ping_status":"closed","template":"","meta":{"footnotes":""},"class_list":["post-969","page","type-page","status-publish","hentry"],"acf":[],"_links":{"self":[{"href":"https:\/\/sites.uel.br\/ndph\/wp-json\/wp\/v2\/pages\/969","targetHints":{"allow":["GET"]}}],"collection":[{"href":"https:\/\/sites.uel.br\/ndph\/wp-json\/wp\/v2\/pages"}],"about":[{"href":"https:\/\/sites.uel.br\/ndph\/wp-json\/wp\/v2\/types\/page"}],"author":[{"embeddable":true,"href":"https:\/\/sites.uel.br\/ndph\/wp-json\/wp\/v2\/users\/7"}],"replies":[{"embeddable":true,"href":"https:\/\/sites.uel.br\/ndph\/wp-json\/wp\/v2\/comments?post=969"}],"version-history":[{"count":6,"href":"https:\/\/sites.uel.br\/ndph\/wp-json\/wp\/v2\/pages\/969\/revisions"}],"predecessor-version":[{"id":990,"href":"https:\/\/sites.uel.br\/ndph\/wp-json\/wp\/v2\/pages\/969\/revisions\/990"}],"wp:attachment":[{"href":"https:\/\/sites.uel.br\/ndph\/wp-json\/wp\/v2\/media?parent=969"}],"curies":[{"name":"wp","href":"https:\/\/api.w.org\/{rel}","templated":true}]}}