{"id":968,"date":"2022-08-23T16:00:33","date_gmt":"2022-08-23T19:00:33","guid":{"rendered":"https:\/\/sites.uel.br\/ndph\/?page_id=968"},"modified":"2022-08-23T16:00:33","modified_gmt":"2022-08-23T19:00:33","slug":"photo-graphica-uma-revolucao-para-le-la-1953-1973","status":"publish","type":"page","link":"https:\/\/sites.uel.br\/ndph\/photo-graphica-uma-revolucao-para-le-la-1953-1973\/","title":{"rendered":"Photo-gr\u00e1phica: Uma Revolu\u00e7\u00e3o Para L\u00ea-la (1953-1973)"},"content":{"rendered":"\n<p class=\"has-text-align-center\" style=\"font-size:18px\"><br><strong>Exposi\u00e7\u00e3o &#8211; &#8220;PHOTO-GR\u00c1PHICA: UMA REVOLU\u00c7\u00c3O PARA L\u00ca-LA (1953-1973)&#8221;<\/strong><br><br>Curadoria: Prof. Me. Barthon Favatto Jr.<br><br>De 19\/10 a 20\/11\/2015<\/p>\n\n\n<div class=\"wp-block-image\">\n<figure class=\"aligncenter size-full\"><img loading=\"lazy\" decoding=\"async\" width=\"500\" height=\"260\" src=\"https:\/\/sites.uel.br\/ndph\/wp-content\/uploads\/2022\/08\/Expo_PhotoGrafica.jpg\" alt=\"\" class=\"wp-image-976\" srcset=\"https:\/\/sites.uel.br\/ndph\/wp-content\/uploads\/2022\/08\/Expo_PhotoGrafica.jpg 500w, https:\/\/sites.uel.br\/ndph\/wp-content\/uploads\/2022\/08\/Expo_PhotoGrafica-300x156.jpg 300w\" sizes=\"auto, (max-width: 500px) 100vw, 500px\" \/><\/figure>\n<\/div>\n\n\n<p style=\"font-size:18px\">A Exposi\u00e7\u00e3o Photo-Gr\u00e1phica: uma Revolu\u00e7\u00e3o Para L\u00ea-La aborda a Revolu\u00e7\u00e3o Cubana um dos mais importantes eventos hist\u00f3ricos do s\u00e9culo XX, cujos desdobramentos alcan\u00e7am os nossos dias com vigor sem precedentes.<br>Essa exposi\u00e7\u00e3o marca a recep\u00e7\u00e3o de uma nova fonte de pesquisa: o jornal Revoluci\u00f3n, publicado em Cuba entre 1959 e 1961, acompanhado pelo seu suplemento cultural Lunes, encarte semanal. Lunes surgiu como um suplemento semanal de cultura ao jornal Revoluci\u00f3n em mar\u00e7o de 1959. A circula\u00e7\u00e3o de Revoluci\u00f3n era de quase 200 mil exemplares.<\/p>\n\n\n\n<div style=\"height:14px\" aria-hidden=\"true\" class=\"wp-block-spacer\"><\/div>\n\n\n\n<hr class=\"wp-block-separator has-alpha-channel-opacity\" \/>\n\n\n\n<p class=\"has-text-align-center\" style=\"font-size:18px\"><strong>FICHA T\u00c9CNICA<\/strong><\/p>\n\n\n\n<hr class=\"wp-block-separator has-alpha-channel-opacity\" \/>\n\n\n\n<div style=\"height:14px\" aria-hidden=\"true\" class=\"wp-block-spacer\"><\/div>\n\n\n\n<p class=\"has-text-align-center\" style=\"font-size:18px\"><strong>Coordena\u00e7\u00e3o Executiva<\/strong><br><br>Prof. Dr. M\u00e1rcio Santana \/ CDPH<br><br><strong>Coordena\u00e7\u00e3o Cultural \/ Cient\u00edfica<\/strong><br><br>Prof. Me. Barthon Favatto Jr. \/ Depto. Hist\u00f3ria-UEL<br><br><strong>Assessoria<\/strong><br><br>Laureci Cardoso \/ CDPH<br>Leila Fernandes \/ CDPH<br>Reinaldo Gabriel \/ CDPH<br><br><strong>Organiza\u00e7\u00e3o e Montagem<\/strong><br><br>Danieli Ferreira \/ CDPH<br>Marcos Vinicius Palladino \/ CDPH<br>Rodrigo Louren\u00e7o \/ CDPH<\/p>\n\n\n\n<div style=\"height:14px\" aria-hidden=\"true\" class=\"wp-block-spacer\"><\/div>\n\n\n\n<hr class=\"wp-block-separator has-alpha-channel-opacity\" \/>\n\n\n\n<p class=\"has-text-align-center\" style=\"font-size:18px\"><strong>PROMO\u00c7\u00c3O<\/strong><\/p>\n\n\n\n<hr class=\"wp-block-separator has-alpha-channel-opacity\" \/>\n\n\n\n<div style=\"height:14px\" aria-hidden=\"true\" class=\"wp-block-spacer\"><\/div>\n\n\n\n<p class=\"has-text-align-center\" style=\"font-size:18px\">Centro de Documenta\u00e7\u00e3o e Pesquisa Hist\u00f3rica &#8211; CDPH<\/p>\n","protected":false},"excerpt":{"rendered":"<p>Exposi\u00e7\u00e3o &#8211; &#8220;PHOTO-GR\u00c1PHICA: UMA REVOLU\u00c7\u00c3O PARA L\u00ca-LA (1953-1973)&#8221; Curadoria: Prof. Me. Barthon Favatto Jr. De 19\/10 a 20\/11\/2015 A Exposi\u00e7\u00e3o Photo-Gr\u00e1phica: uma Revolu\u00e7\u00e3o Para L\u00ea-La aborda a Revolu\u00e7\u00e3o Cubana um dos mais importantes eventos hist\u00f3ricos do s\u00e9culo XX, cujos desdobramentos alcan\u00e7am os nossos dias com vigor sem precedentes.Essa exposi\u00e7\u00e3o marca a recep\u00e7\u00e3o de uma nova [&hellip;]<\/p>\n","protected":false},"author":7,"featured_media":0,"parent":0,"menu_order":0,"comment_status":"closed","ping_status":"closed","template":"","meta":{"footnotes":""},"class_list":["post-968","page","type-page","status-publish","hentry"],"acf":[],"_links":{"self":[{"href":"https:\/\/sites.uel.br\/ndph\/wp-json\/wp\/v2\/pages\/968","targetHints":{"allow":["GET"]}}],"collection":[{"href":"https:\/\/sites.uel.br\/ndph\/wp-json\/wp\/v2\/pages"}],"about":[{"href":"https:\/\/sites.uel.br\/ndph\/wp-json\/wp\/v2\/types\/page"}],"author":[{"embeddable":true,"href":"https:\/\/sites.uel.br\/ndph\/wp-json\/wp\/v2\/users\/7"}],"replies":[{"embeddable":true,"href":"https:\/\/sites.uel.br\/ndph\/wp-json\/wp\/v2\/comments?post=968"}],"version-history":[{"count":8,"href":"https:\/\/sites.uel.br\/ndph\/wp-json\/wp\/v2\/pages\/968\/revisions"}],"predecessor-version":[{"id":983,"href":"https:\/\/sites.uel.br\/ndph\/wp-json\/wp\/v2\/pages\/968\/revisions\/983"}],"wp:attachment":[{"href":"https:\/\/sites.uel.br\/ndph\/wp-json\/wp\/v2\/media?parent=968"}],"curies":[{"name":"wp","href":"https:\/\/api.w.org\/{rel}","templated":true}]}}