{"id":915,"date":"2022-08-23T14:57:42","date_gmt":"2022-08-23T17:57:42","guid":{"rendered":"https:\/\/sites.uel.br\/ndph\/?page_id=915"},"modified":"2022-08-23T14:57:42","modified_gmt":"2022-08-23T17:57:42","slug":"40-anos-de-poeira","status":"publish","type":"page","link":"https:\/\/sites.uel.br\/ndph\/40-anos-de-poeira\/","title":{"rendered":"40 Anos de Poeira"},"content":{"rendered":"\n<p class=\"has-text-align-center\" style=\"font-size:18px\"><br><strong>Exposi\u00e7\u00e3o &#8211; &#8220;40 ANOS DE POEIRA&#8221;<\/strong><br><br>De 30\/05 a 23\/06\/2014<\/p>\n\n\n<div class=\"wp-block-image\">\n<figure class=\"aligncenter size-full\"><img loading=\"lazy\" decoding=\"async\" width=\"500\" height=\"280\" src=\"https:\/\/sites.uel.br\/ndph\/wp-content\/uploads\/2022\/08\/Poeira_Exposicao.jpg\" alt=\"\" class=\"wp-image-960\" srcset=\"https:\/\/sites.uel.br\/ndph\/wp-content\/uploads\/2022\/08\/Poeira_Exposicao.jpg 500w, https:\/\/sites.uel.br\/ndph\/wp-content\/uploads\/2022\/08\/Poeira_Exposicao-300x168.jpg 300w\" sizes=\"auto, (max-width: 500px) 100vw, 500px\" \/><\/figure>\n<\/div>\n\n\n<p style=\"font-size:18px\">\u201cDe 1974 a 1978, estudantes da Universidade Estadual de Londrina editaram o jornal \u201clevanta Sacode a POEIRA e d\u00e1 a volta por cima\u201d, que foi o principal instrumento de organiza\u00e7\u00e3o de um movimento estudantil que protagonizou importantes lutas contra a ditadura militar no estado do Paran\u00e1, no per\u00edodo do governo Geisel.<br>Foram 27 edi\u00e7\u00f5es e dezenas de boletins especiais entre mar\u00e7o de 1974 e novembro de 1978, per\u00edodo em que o jornal divulgou e protagonizou as principais lutas do movimento estudantil da Universidade Estadual de Londrina, tais como: contra o exame obrigat\u00f3rio ao final de cada disciplina, vencida em 1975; pelo benef\u00edcio da meia passagem no transporte p\u00fablico (passe universit\u00e1rio), obtido em 1976; contra o regimento interno 169, que transpunha e agravava as prescri\u00e7\u00f5es do decreto federal 477 para o ambiente da universidade, aprovado em 1976, mas nunca aplicado; e pelo ensino gratuito, conquistado nos anos 1990, entre v\u00e1rias outras conquistas.<br>Tudo resultando numa incontest\u00e1vel hegemonia pol\u00edtica, conquistada em elei\u00e7\u00f5es anuais para o DCE, diret\u00f3rios setoriais e representa\u00e7\u00f5es estudantis junto a \u00f3rg\u00e3os da universidade, s\u00f3 encerrada em 1978, quando a administra\u00e7\u00e3o da UEL extinguiu as entidades oficiais.\u201d<br><strong>Tadeu Felismino<\/strong><br><br>\u201c(\u2026) o jornal rearticulou o grupo que venceu as elei\u00e7\u00f5es de 1974 e manteve-se na dire\u00e7\u00e3o do DCE at\u00e9 o final de 1978. Nesse per\u00edodo mantiveram em circula\u00e7\u00e3o um jornal admir\u00e1vel pela qualidade das mat\u00e9rias, pela diagrama\u00e7\u00e3o inovadora, pelo n\u00famero de p\u00e1ginas e elevada tiragem e pela fa\u00e7anha de sobreviver por seis longos anos.\u201d<br><strong>Jairo Pacheco<\/strong><br><br>O acervo original do Jornal Poeira faz parte do acervo do CDPH.<br><br>Al\u00e9m dos exemplares originais o CDPH conta com uma c\u00f3pia digitalizada da cole\u00e7\u00e3o, dispon\u00edvel para os pesquisadores.<br>A exposi\u00e7\u00e3o, com 36 reprodu\u00e7\u00f5es de capas do jornal, foi montada especialmente para as comemora\u00e7\u00f5es dos 40 anos da primeira edi\u00e7\u00e3o do Jornal Poeira, dentro das atividades do Primeiro Encontro de Jornalismo do Norte do Paran\u00e1.<\/p>\n\n\n\n<div style=\"height:14px\" aria-hidden=\"true\" class=\"wp-block-spacer\"><\/div>\n\n\n\n<hr class=\"wp-block-separator has-alpha-channel-opacity\" \/>\n\n\n\n<p class=\"has-text-align-center\" style=\"font-size:18px\"><strong>FICHA T\u00c9CNICA<\/strong><\/p>\n\n\n\n<hr class=\"wp-block-separator has-alpha-channel-opacity\" \/>\n\n\n\n<div style=\"height:14px\" aria-hidden=\"true\" class=\"wp-block-spacer\"><\/div>\n\n\n\n<p class=\"has-text-align-center\" style=\"font-size:18px\"><strong>Coordena\u00e7\u00e3o Executiva<\/strong><br><br>Prof. Dr. M\u00e1rcio Santana \/ CDPH<br><br><strong>Coordena\u00e7\u00e3o Cultural \/ Cient\u00edfica<\/strong><br><br>Prof. Dr. M\u00e1rcio Santana \/ CDPH<br>Rodolfo Vieira \/ CDPH<br>Edson Holtz \/ CDPH<br><br><strong>Pesquisa e Digitaliza\u00e7\u00e3o<\/strong><br><br>Rodolfo Vieira \/ CDPH<br><br><strong>Assessoria <\/strong><br><br>Laureci Cardoso \/ CDPH<br>Leila Fernandes \/ CDPH<br>Marlene de Oliveira \/ CDPH<br>Reinaldo Gabriel \/ CDPH<\/p>\n\n\n\n<div style=\"height:14px\" aria-hidden=\"true\" class=\"wp-block-spacer\"><\/div>\n\n\n\n<hr class=\"wp-block-separator has-alpha-channel-opacity\" \/>\n\n\n\n<p class=\"has-text-align-center\" style=\"font-size:18px\"><strong>PROMO\u00c7\u00c3O<\/strong><\/p>\n\n\n\n<hr class=\"wp-block-separator has-alpha-channel-opacity\" \/>\n\n\n\n<div style=\"height:14px\" aria-hidden=\"true\" class=\"wp-block-spacer\"><\/div>\n\n\n\n<p class=\"has-text-align-center\" style=\"font-size:18px\">Centro de Documenta\u00e7\u00e3o e Pesquisa Hist\u00f3rica &#8211; CDPH<\/p>\n\n\n\n<div style=\"height:14px\" aria-hidden=\"true\" class=\"wp-block-spacer\"><\/div>\n\n\n\n<hr class=\"wp-block-separator has-alpha-channel-opacity\" \/>\n\n\n\n<p class=\"has-text-align-center\" style=\"font-size:18px\"><strong>DIVULGA\u00c7\u00c3O<\/strong><\/p>\n\n\n\n<hr class=\"wp-block-separator has-alpha-channel-opacity\" \/>\n\n\n\n<div style=\"height:14px\" aria-hidden=\"true\" class=\"wp-block-spacer\"><\/div>\n\n\n\n<p class=\"has-text-align-center\" style=\"font-size:18px\"><strong>&lt;<a href=\"https:\/\/sites.uel.br\/ndph\/wp-content\/uploads\/2022\/08\/folder-Expo_40-Anos-de-Poeira.pdf\" data-type=\"attachment\" data-id=\"964\" target=\"_blank\" rel=\"noreferrer noopener\">Folder<\/a>&gt;<\/strong><\/p>\n","protected":false},"excerpt":{"rendered":"<p>Exposi\u00e7\u00e3o &#8211; &#8220;40 ANOS DE POEIRA&#8221; De 30\/05 a 23\/06\/2014 \u201cDe 1974 a 1978, estudantes da Universidade Estadual de Londrina editaram o jornal \u201clevanta Sacode a POEIRA e d\u00e1 a volta por cima\u201d, que foi o principal instrumento de organiza\u00e7\u00e3o de um movimento estudantil que protagonizou importantes lutas contra a ditadura militar no estado do [&hellip;]<\/p>\n","protected":false},"author":7,"featured_media":0,"parent":0,"menu_order":0,"comment_status":"closed","ping_status":"closed","template":"","meta":{"footnotes":""},"class_list":["post-915","page","type-page","status-publish","hentry"],"acf":[],"_links":{"self":[{"href":"https:\/\/sites.uel.br\/ndph\/wp-json\/wp\/v2\/pages\/915","targetHints":{"allow":["GET"]}}],"collection":[{"href":"https:\/\/sites.uel.br\/ndph\/wp-json\/wp\/v2\/pages"}],"about":[{"href":"https:\/\/sites.uel.br\/ndph\/wp-json\/wp\/v2\/types\/page"}],"author":[{"embeddable":true,"href":"https:\/\/sites.uel.br\/ndph\/wp-json\/wp\/v2\/users\/7"}],"replies":[{"embeddable":true,"href":"https:\/\/sites.uel.br\/ndph\/wp-json\/wp\/v2\/comments?post=915"}],"version-history":[{"count":5,"href":"https:\/\/sites.uel.br\/ndph\/wp-json\/wp\/v2\/pages\/915\/revisions"}],"predecessor-version":[{"id":965,"href":"https:\/\/sites.uel.br\/ndph\/wp-json\/wp\/v2\/pages\/915\/revisions\/965"}],"wp:attachment":[{"href":"https:\/\/sites.uel.br\/ndph\/wp-json\/wp\/v2\/media?parent=915"}],"curies":[{"name":"wp","href":"https:\/\/api.w.org\/{rel}","templated":true}]}}