{"id":914,"date":"2022-08-23T14:50:20","date_gmt":"2022-08-23T17:50:20","guid":{"rendered":"https:\/\/sites.uel.br\/ndph\/?page_id=914"},"modified":"2022-08-23T14:50:20","modified_gmt":"2022-08-23T17:50:20","slug":"a-grande-guerra-de-1914","status":"publish","type":"page","link":"https:\/\/sites.uel.br\/ndph\/a-grande-guerra-de-1914\/","title":{"rendered":"A Grande Guerra de 1914"},"content":{"rendered":"\n<p class=\"has-text-align-center\" style=\"font-size:18px\"><br><strong>Exposi\u00e7\u00e3o Multim\u00eddia &#8211; &#8220;A GRANDE GUERRA DE 1914&#8221;<\/strong><br>Fotografias &#8211; Arte &#8211; Jogos Eletr\u00f4nicos &#8211; Document\u00e1rios &#8211; Can\u00e7\u00f5es<br><br>De 28\/07 a 05\/09\/2014<\/p>\n\n\n<div class=\"wp-block-image\">\n<figure class=\"aligncenter size-full\"><img loading=\"lazy\" decoding=\"async\" width=\"500\" height=\"281\" src=\"https:\/\/sites.uel.br\/ndph\/wp-content\/uploads\/2022\/08\/Tropa-de-ataque-avanca-sob-gas.jpg\" alt=\"\" class=\"wp-image-950\" srcset=\"https:\/\/sites.uel.br\/ndph\/wp-content\/uploads\/2022\/08\/Tropa-de-ataque-avanca-sob-gas.jpg 500w, https:\/\/sites.uel.br\/ndph\/wp-content\/uploads\/2022\/08\/Tropa-de-ataque-avanca-sob-gas-300x169.jpg 300w\" sizes=\"auto, (max-width: 500px) 100vw, 500px\" \/><figcaption>&#8220;Tropa de ataque avan\u00e7a sob g\u00e1s&#8221; Otto Dix (1891-1969)<\/figcaption><\/figure>\n<\/div>\n\n\n<p style=\"font-size:18px\">&#8220;Em 1914 n\u00e3o havia grande guerra fazia um s\u00e9culo, quer dizer, uma guerra que envolvesse todas as grandes pot\u00eancias, ou mesmo a maioria delas, sendo que os grandes participantes do jogo internacional da \u00e9poca eram as seis \u201cgrandes pot\u00eancias\u201d europeias (Gr\u00e3-Bretanha, Fran\u00e7a, R\u00fassia, \u00c1ustria-Hungria, Pr\u00fassia &#8211; ap\u00f3s 1871 amplia da para Alemanha &#8211; e, depois de unificada, a It\u00e1lia), os EUA e o Jap\u00e3o. (\u2026) A Primeira Guerra Mundial envolveu todas as grandes pot\u00eancias, e na verdade todos os Estados europeus, com exce\u00e7\u00e3o da Espanha, os Pa\u00edses Baixos, os tr\u00eas pa\u00edses da Escandin\u00e1via e a Su\u00ed\u00e7a. E mais: tropas do Ultramar foram, muitas vezes pela primeira vez, enviadas para lutar e operar fora de suas regi\u00f5es. Canadenses lutaram na Fran\u00e7a, australianos e neozelandeses forjaram a consci\u00eancia nacional numa pen\u00ednsula do Egeu &#8211; \u201cGallipoli\u201d tomou-se seu mito nacional &#8211; e, mais importante, os Estados Unidos rejeitaram a advert\u00eancia de George Washington quanto a \u201ccomplica\u00e7\u00f5es europeias\u201d e mandaram seus soldados para l\u00e1, determinando assim a forma da hist\u00f3ria do s\u00e9culo XX. Indianos foram enviados para a Europa e o Oriente M\u00e9dio, batalh\u00f5es de trabalhadores chineses vieram para o Ocidente, africanos lutaram no ex\u00e9rcito franc\u00eas. Embora a a\u00e7\u00e3o militar fora da Europa n\u00e3o fosse muito significativa a n\u00e3o ser no Oriente M\u00e9dio, a guerra naval foi mais uma vez global: a primeira batalha travou-se em 1914, ao largo das ilhas Falkland, e as campanhas decisivas, entre submarinos alem\u00e3es e comboios aliados, deram-se sobre e sob os mares do Atl\u00e2ntico Norte e M\u00e9dio&#8221;.<\/p>\n\n\n\n<p style=\"font-size:14px\">(HOBSBAWM,\u00a0Eric.\u00a0<strong>A Era dos Extremos<\/strong>:\u00a0o breve s\u00e9culo XX: 1914-1991.\u00a0S\u00e3o Paulo: Companhia das Letras, 1995.\u00a0p. 30-31)<\/p>\n\n\n\n<div style=\"height:14px\" aria-hidden=\"true\" class=\"wp-block-spacer\"><\/div>\n\n\n\n<hr class=\"wp-block-separator has-alpha-channel-opacity\" \/>\n\n\n\n<p class=\"has-text-align-center\" style=\"font-size:18px\"><strong>FICHA T\u00c9CNICA<\/strong><\/p>\n\n\n\n<hr class=\"wp-block-separator has-alpha-channel-opacity\" \/>\n\n\n\n<div style=\"height:14px\" aria-hidden=\"true\" class=\"wp-block-spacer\"><\/div>\n\n\n\n<p class=\"has-text-align-center\" style=\"font-size:18px\"><strong>Coordena\u00e7\u00e3o Executiva<\/strong><br><br>Prof. Dr. M\u00e1rcio Santana \/ CDPH<br><br><strong>Coordena\u00e7\u00e3o Cultural \/ Cient\u00edfica<\/strong><br><br>Prof.\u00aa Dr.\u00aa Sylvia Lenz \/ Depto. Hist\u00f3ria-UEL<br>Prof. Dr. M\u00e1rcio Santana \/ CDPH<br><br><strong>Pesquisa e Sele\u00e7\u00e3o<\/strong><br><br>Prof.\u00aa Dr.\u00aa Sylvia Lenz \/ Depto. Hist\u00f3ria-UEL<br>Rodolfo Vieira \/ CDPH<br>Rosana Schulze \/ IC-HIS-UEL<br><br><strong>Assessoria<\/strong><br><br>Edson Holtz \/ CDPH<br>Laureci Cardoso \/ CDPH<br>Leila Fernandes \/ CDPH<br>Reinaldo Gabriel \/ CDPH<br><br><strong>Organiza\u00e7\u00e3o e Montagem<\/strong><br><br>Bruno Natan \/ CDPH<br>Felipe Neto \/ CDPH<br>Jo\u00e3o Cabral \/ CDPH<br>Rodolfo Vieira \/ CDPH<br>Rodrigo Louren\u00e7o \/ CDPH<\/p>\n\n\n\n<div style=\"height:14px\" aria-hidden=\"true\" class=\"wp-block-spacer\"><\/div>\n\n\n\n<hr class=\"wp-block-separator has-alpha-channel-opacity\" \/>\n\n\n\n<p class=\"has-text-align-center\" style=\"font-size:18px\"><strong>PROMO\u00c7\u00c3O<\/strong><\/p>\n\n\n\n<hr class=\"wp-block-separator has-alpha-channel-opacity\" \/>\n\n\n\n<div style=\"height:14px\" aria-hidden=\"true\" class=\"wp-block-spacer\"><\/div>\n\n\n\n<p class=\"has-text-align-center\" style=\"font-size:18px\">Centro de Documenta\u00e7\u00e3o e Pesquisa Hist\u00f3rica &#8211; CDPH<\/p>\n\n\n\n<div style=\"height:14px\" aria-hidden=\"true\" class=\"wp-block-spacer\"><\/div>\n\n\n\n<hr class=\"wp-block-separator has-alpha-channel-opacity\" \/>\n\n\n\n<p class=\"has-text-align-center\" style=\"font-size:18px\"><strong>REPERCUSS\u00d5ES<\/strong><\/p>\n\n\n\n<hr class=\"wp-block-separator has-alpha-channel-opacity\" \/>\n\n\n\n<div style=\"height:14px\" aria-hidden=\"true\" class=\"wp-block-spacer\"><\/div>\n\n\n\n<p class=\"has-text-align-center\" style=\"font-size:18px\"><strong>&lt;<a href=\"https:\/\/www.youtube.com\/watch?v=BFpCdhndqfQ\" data-type=\"URL\" data-id=\"https:\/\/www.youtube.com\/watch?v=BFpCdhndqfQ\" target=\"_blank\" rel=\"noreferrer noopener\">TV UEL<\/a>&gt;<\/strong><\/p>\n\n\n\n<div style=\"height:14px\" aria-hidden=\"true\" class=\"wp-block-spacer\"><\/div>\n\n\n\n<hr class=\"wp-block-separator has-alpha-channel-opacity\" \/>\n\n\n\n<p class=\"has-text-align-center\" style=\"font-size:18px\"><strong>DIVULGA\u00c7\u00c3O<\/strong><\/p>\n\n\n\n<hr class=\"wp-block-separator has-alpha-channel-opacity\" \/>\n\n\n\n<div style=\"height:14px\" aria-hidden=\"true\" class=\"wp-block-spacer\"><\/div>\n\n\n\n<p class=\"has-text-align-center\" style=\"font-size:18px\"><strong>&lt;<a href=\"https:\/\/sites.uel.br\/ndph\/wp-content\/uploads\/2022\/08\/folder-Expo_Grande-Guerra.pdf\" data-type=\"attachment\" data-id=\"956\" target=\"_blank\" rel=\"noreferrer noopener\">Folder<\/a>&gt;<\/strong><\/p>\n","protected":false},"excerpt":{"rendered":"<p>Exposi\u00e7\u00e3o Multim\u00eddia &#8211; &#8220;A GRANDE GUERRA DE 1914&#8221;Fotografias &#8211; Arte &#8211; Jogos Eletr\u00f4nicos &#8211; Document\u00e1rios &#8211; Can\u00e7\u00f5es De 28\/07 a 05\/09\/2014 &#8220;Em 1914 n\u00e3o havia grande guerra fazia um s\u00e9culo, quer dizer, uma guerra que envolvesse todas as grandes pot\u00eancias, ou mesmo a maioria delas, sendo que os grandes participantes do jogo internacional da \u00e9poca [&hellip;]<\/p>\n","protected":false},"author":7,"featured_media":0,"parent":0,"menu_order":0,"comment_status":"closed","ping_status":"closed","template":"","meta":{"footnotes":""},"class_list":["post-914","page","type-page","status-publish","hentry"],"acf":[],"_links":{"self":[{"href":"https:\/\/sites.uel.br\/ndph\/wp-json\/wp\/v2\/pages\/914","targetHints":{"allow":["GET"]}}],"collection":[{"href":"https:\/\/sites.uel.br\/ndph\/wp-json\/wp\/v2\/pages"}],"about":[{"href":"https:\/\/sites.uel.br\/ndph\/wp-json\/wp\/v2\/types\/page"}],"author":[{"embeddable":true,"href":"https:\/\/sites.uel.br\/ndph\/wp-json\/wp\/v2\/users\/7"}],"replies":[{"embeddable":true,"href":"https:\/\/sites.uel.br\/ndph\/wp-json\/wp\/v2\/comments?post=914"}],"version-history":[{"count":7,"href":"https:\/\/sites.uel.br\/ndph\/wp-json\/wp\/v2\/pages\/914\/revisions"}],"predecessor-version":[{"id":958,"href":"https:\/\/sites.uel.br\/ndph\/wp-json\/wp\/v2\/pages\/914\/revisions\/958"}],"wp:attachment":[{"href":"https:\/\/sites.uel.br\/ndph\/wp-json\/wp\/v2\/media?parent=914"}],"curies":[{"name":"wp","href":"https:\/\/api.w.org\/{rel}","templated":true}]}}