{"id":52,"date":"2022-05-20T19:39:30","date_gmt":"2022-05-20T22:39:30","guid":{"rendered":"https:\/\/sites.uel.br\/ndph\/?page_id=52"},"modified":"2025-01-13T20:15:56","modified_gmt":"2025-01-13T23:15:56","slug":"cursos-de-extensao","status":"publish","type":"page","link":"https:\/\/sites.uel.br\/ndph\/cursos-de-extensao\/","title":{"rendered":"Cursos de extens\u00e3o"},"content":{"rendered":"\n<p><\/p>\n\n\n\n<p><strong>2024<\/strong><br><a href=\"https:\/\/www.youtube.com\/watch?v=BHhzq6blBjM&amp;list=PL8Ol-h-0ltaZjjsYk_sV05bbuQhKVPKVK\" data-type=\"link\" data-id=\"https:\/\/www.youtube.com\/watch?v=BHhzq6blBjM&amp;list=PL8Ol-h-0ltaZjjsYk_sV05bbuQhKVPKVK\" target=\"_blank\" rel=\"noreferrer noopener\">Hist\u00f3ria &amp; hist\u00f3rias em quadrinhos (Online)<\/a><br>CineHist\u00f3ria: Oficinas de Cinema e Hist\u00f3ria. Em parceria com o Centro Acad\u00eamico de Hist\u00f3ria Olga Ben\u00e1rio.<br>Sarau \u00e0s Quintas: Oficinas de Hist\u00f3ria e M\u00fasica<\/p>\n\n\n\n<p><br><strong>2023<\/strong><br><a href=\"https:\/\/www.youtube.com\/watch?v=842jkFzqrlI&amp;list=PL8Ol-h-0ltaaVvqD5J9cafX9Vt4GJ52eQ\" data-type=\"link\" data-id=\"https:\/\/www.youtube.com\/@ndph-uel280\/streams\" target=\"_blank\" rel=\"noreferrer noopener\">Fundamentos da Organiza\u00e7\u00e3o de Arquivos Hist\u00f3ricos (Online)<\/a><br><a href=\"https:\/\/www.youtube.com\/watch?v=118z4E_OSYw&amp;list=PL8Ol-h-0ltabnf4OkUfPAmgDY4EEVejbR\" data-type=\"link\" data-id=\"https:\/\/www.youtube.com\/@ndph-uel280\/streams\" target=\"_blank\" rel=\"noreferrer noopener\">Antirracismo e descoloniza\u00e7\u00e3o: Hist\u00f3ria e Cultura afro-brasileira em sala de aula (Online)<\/a><br>Arquiv\u00edstica e Preserva\u00e7\u00e3o do Patrim\u00f4nio: o lugar e a fun\u00e7\u00e3o dos<br>Arquivos no \u00e2mbito das pol\u00edticas culturais de preserva\u00e7\u00e3o do patrim\u00f4nio\u201d<br>Organiza\u00e7\u00e3o de Arquivos Hist\u00f3ricos<br>Oficina Sistema Atom (Software do Conselho Internacional de Arquivos)<br>Oficina Conserva\u00e7\u00e3o de Acervos Fotogr\u00e1ficos.<\/p>\n\n\n\n<p><\/p>\n\n\n\n<p><strong>2022<\/strong><br>Organiza\u00e7\u00e3o de Arquivos Hist\u00f3ricos ( 3 vers\u00f5es)<\/p>\n\n\n\n<p><br><strong>2019<\/strong><br>\u201cSummer School Brasil \u2013 Alemanha: Culturas E Pol\u00edticas Da Mem\u00f3ria: O Caso De Rol\u00e2ndia No Norte Do Paran\u00e1, Brasil\u201d<\/p>\n\n\n\n<p class=\"has-text-align-left\"><br><br><\/p>\n","protected":false},"excerpt":{"rendered":"<p>2024Hist\u00f3ria &amp; hist\u00f3rias em quadrinhos (Online)CineHist\u00f3ria: Oficinas de Cinema e Hist\u00f3ria. Em parceria com o Centro Acad\u00eamico de Hist\u00f3ria Olga Ben\u00e1rio.Sarau \u00e0s Quintas: Oficinas de Hist\u00f3ria e M\u00fasica 2023Fundamentos da Organiza\u00e7\u00e3o de Arquivos Hist\u00f3ricos (Online)Antirracismo e descoloniza\u00e7\u00e3o: Hist\u00f3ria e Cultura afro-brasileira em sala de aula (Online)Arquiv\u00edstica e Preserva\u00e7\u00e3o do Patrim\u00f4nio: o lugar e a fun\u00e7\u00e3o [&hellip;]<\/p>\n","protected":false},"author":7,"featured_media":0,"parent":0,"menu_order":0,"comment_status":"closed","ping_status":"closed","template":"","meta":{"footnotes":""},"class_list":["post-52","page","type-page","status-publish","hentry"],"acf":[],"_links":{"self":[{"href":"https:\/\/sites.uel.br\/ndph\/wp-json\/wp\/v2\/pages\/52","targetHints":{"allow":["GET"]}}],"collection":[{"href":"https:\/\/sites.uel.br\/ndph\/wp-json\/wp\/v2\/pages"}],"about":[{"href":"https:\/\/sites.uel.br\/ndph\/wp-json\/wp\/v2\/types\/page"}],"author":[{"embeddable":true,"href":"https:\/\/sites.uel.br\/ndph\/wp-json\/wp\/v2\/users\/7"}],"replies":[{"embeddable":true,"href":"https:\/\/sites.uel.br\/ndph\/wp-json\/wp\/v2\/comments?post=52"}],"version-history":[{"count":10,"href":"https:\/\/sites.uel.br\/ndph\/wp-json\/wp\/v2\/pages\/52\/revisions"}],"predecessor-version":[{"id":2382,"href":"https:\/\/sites.uel.br\/ndph\/wp-json\/wp\/v2\/pages\/52\/revisions\/2382"}],"wp:attachment":[{"href":"https:\/\/sites.uel.br\/ndph\/wp-json\/wp\/v2\/media?parent=52"}],"curies":[{"name":"wp","href":"https:\/\/api.w.org\/{rel}","templated":true}]}}