{"id":508,"date":"2022-08-08T13:07:07","date_gmt":"2022-08-08T16:07:07","guid":{"rendered":"https:\/\/sites.uel.br\/ndph\/?page_id=508"},"modified":"2022-08-08T13:07:07","modified_gmt":"2022-08-08T16:07:07","slug":"trabalhos-academicos-digitalizados","status":"publish","type":"page","link":"https:\/\/sites.uel.br\/ndph\/trabalhos-academicos-digitalizados\/","title":{"rendered":"TRABALHOS ACAD\u00caMICOS DIGITALIZADOS"},"content":{"rendered":"\n<p style=\"font-size:18px\"><br><strong>\u00cdNDICE DE TRABALHOS ACAD\u00caMICOS DIGITALIZADOS<\/strong><br><br><strong>&#8211; <a href=\"https:\/\/sites.uel.br\/ndph\/?page_id=511\" data-type=\"page\" data-id=\"511\">TCCs em Ci\u00eancias Sociais<\/a><br><br>&#8211; <a href=\"https:\/\/sites.uel.br\/ndph\/?page_id=512\" data-type=\"page\" data-id=\"512\">TCCs em Hist\u00f3ria<\/a><br><br>&#8211; <a href=\"https:\/\/sites.uel.br\/ndph\/?page_id=513\" data-type=\"page\" data-id=\"513\">Teses em Hist\u00f3ria<\/a><\/strong><\/p>\n","protected":false},"excerpt":{"rendered":"<p>\u00cdNDICE DE TRABALHOS ACAD\u00caMICOS DIGITALIZADOS &#8211; TCCs em Ci\u00eancias Sociais &#8211; TCCs em Hist\u00f3ria &#8211; Teses em Hist\u00f3ria<\/p>\n","protected":false},"author":7,"featured_media":0,"parent":0,"menu_order":0,"comment_status":"closed","ping_status":"closed","template":"","meta":{"footnotes":""},"class_list":["post-508","page","type-page","status-publish","hentry"],"acf":[],"_links":{"self":[{"href":"https:\/\/sites.uel.br\/ndph\/wp-json\/wp\/v2\/pages\/508","targetHints":{"allow":["GET"]}}],"collection":[{"href":"https:\/\/sites.uel.br\/ndph\/wp-json\/wp\/v2\/pages"}],"about":[{"href":"https:\/\/sites.uel.br\/ndph\/wp-json\/wp\/v2\/types\/page"}],"author":[{"embeddable":true,"href":"https:\/\/sites.uel.br\/ndph\/wp-json\/wp\/v2\/users\/7"}],"replies":[{"embeddable":true,"href":"https:\/\/sites.uel.br\/ndph\/wp-json\/wp\/v2\/comments?post=508"}],"version-history":[{"count":3,"href":"https:\/\/sites.uel.br\/ndph\/wp-json\/wp\/v2\/pages\/508\/revisions"}],"predecessor-version":[{"id":1184,"href":"https:\/\/sites.uel.br\/ndph\/wp-json\/wp\/v2\/pages\/508\/revisions\/1184"}],"wp:attachment":[{"href":"https:\/\/sites.uel.br\/ndph\/wp-json\/wp\/v2\/media?parent=508"}],"curies":[{"name":"wp","href":"https:\/\/api.w.org\/{rel}","templated":true}]}}