{"id":50,"date":"2022-05-20T19:39:39","date_gmt":"2022-05-20T22:39:39","guid":{"rendered":"https:\/\/sites.uel.br\/ndph\/?page_id=50"},"modified":"2025-03-24T16:55:37","modified_gmt":"2025-03-24T19:55:37","slug":"exposicoes-culturais","status":"publish","type":"page","link":"https:\/\/sites.uel.br\/ndph\/exposicoes-culturais\/","title":{"rendered":"Exposi\u00e7\u00f5es"},"content":{"rendered":"\n<p style=\"font-size:18px\"><strong>2024<\/strong><\/p>\n\n\n\n<p><a href=\"https:\/\/www.behance.net\/gallery\/194561633\/Cultura-Kaingang-A-Fotografia-de-Kronun-Kaingang\" data-type=\"link\" data-id=\"https:\/\/www.behance.net\/gallery\/194561633\/Cultura-Kaingang-A-Fotografia-de-Kronun-Kaingang\"><strong>Cultura Kaingang: A fotografia de Kronun Kaingang . Exposi\u00e7\u00e3o realizada tamb\u00e9m durante o XIX Encontro Regional de Hist\u00f3ria na UENP, Jacarezinho.<\/strong><\/a><\/p>\n\n\n\n<p><a href=\"https:\/\/www.behance.net\/gallery\/197131423\/Relembrando-sabores\" data-type=\"link\" data-id=\"https:\/\/www.behance.net\/gallery\/197131423\/Relembrando-sabores\"><strong>Relembrando sabores: uma viagem fotogr\u00e1fica pelo passado do Restaurante Universit\u00e1rio da UEL \u2013 Jardim de Inverno do RU. Em parceria com o SEBEC.<\/strong><\/a><\/p>\n\n\n\n<p><a href=\"https:\/\/www.behance.net\/gallery\/198213127\/Vidas-negras-em-Londrina-AROL\" data-type=\"link\" data-id=\"https:\/\/www.behance.net\/gallery\/198213127\/Vidas-negras-em-Londrina-AROL\"><strong>Vidas Negras em Londrina: A AROL no olhar da Folha de Londrina. Resultado de TCC de Gradua\u00e7\u00e3o em Hist\u00f3ria.<\/strong><\/a><\/p>\n\n\n\n<p><a href=\"https:\/\/youtu.be\/WS9gNTpPSKo?si=V_MOTKumlPwjZfJU\" data-type=\"link\" data-id=\"https:\/\/youtu.be\/WS9gNTpPSKo?si=V_MOTKumlPwjZfJU\"><strong>Imperialismo ocidental na \u00c1sia e na \u00c1frica: s\u00e9culos XIX e XX. Resultado de trabalho acad\u00eamico de gradua\u00e7\u00e3o.<\/strong><\/a><\/p>\n\n\n\n<p>Tessituras das lutas e re-exist\u00eancia negras na UEL. Em parceria com o NEAB.<\/p>\n\n\n\n<p>Diversidade negra em imagens: faces da hist\u00f3ria. Em parceria com o NEAB e com o Museu Hist\u00f3rico Pe. Carlos Weiss.<\/p>\n\n\n\n<p>Faces da hist\u00f3ria negra na UEL. Em parceria com o NEAB.<\/p>\n\n\n\n<p style=\"font-size:18px\">Moradia estudantil 50 anos: para al\u00e9m de um equipamento social, conquistas e resist\u00eancias. Em parceria com o SEBEC.<br><br><strong>2023<\/strong><\/p>\n\n\n\n<p style=\"font-size:18px\">&#8220;<strong><a href=\"https:\/\/www.behance.net\/gallery\/185035803\/UEL-52-Anos-Exposicao-NDPH\" target=\"_blank\" rel=\"noreferrer noopener\">Exposi\u00e7\u00e3o Comemorativa: 52 anos da Universidade Estadual de Londrina<\/a><\/strong>&#8220;<\/p>\n\n\n\n<p style=\"font-size:18px\">&#8220;<a href=\"https:\/\/www.behance.net\/gallery\/169172359\/Capelas-mortas\" data-type=\"link\" data-id=\"https:\/\/www.behance.net\/gallery\/169172359\/Capelas-mortas\" target=\"_blank\" rel=\"noreferrer noopener\"><strong>Capelas Mortas<\/strong><\/a>&#8220;<br><br>&#8220;<strong><a href=\"https:\/\/www.behance.net\/gallery\/167623581\/O-descobrimento-do-Brasil-na-visao-portuguesa\" data-type=\"link\" data-id=\"https:\/\/www.behance.net\/gallery\/167623581\/O-descobrimento-do-Brasil-na-visao-portuguesa\" target=\"_blank\" rel=\"noreferrer noopener\">O descobrimento do Brasil na vis\u00e3o portuguesa<\/a>&#8220;<br><br>&#8220;<a href=\"https:\/\/www.behance.net\/gallery\/168074841\/Bruxas-e-Bruxarias\" data-type=\"link\" data-id=\"https:\/\/www.behance.net\/gallery\/168074841\/Bruxas-e-Bruxarias\" target=\"_blank\" rel=\"noreferrer noopener\">Bruxas e bruxarias<\/a>&#8220;<br><br>&#8220;<a href=\"https:\/\/www.behance.net\/gallery\/177593081\/Imagens-do-Tempo\" data-type=\"link\" data-id=\"https:\/\/www.behance.net\/gallery\/177593081\/Imagens-do-Tempo\" target=\"_blank\" rel=\"noreferrer noopener\">Imagens do Tempo<\/a>&#8220;<br><br>&#8220;<a href=\"https:\/\/www.behance.net\/gallery\/179749185\/Exposicao-Integralismo-no-Norte-do-Parana\" data-type=\"link\" data-id=\"https:\/\/www.behance.net\/gallery\/179749185\/Exposicao-Integralismo-no-Norte-do-Parana\" target=\"_blank\" rel=\"noreferrer noopener\">Integralismo no norte do Paran\u00e1 &#8220;<br><\/a><br>&#8220;<a href=\"https:\/\/www.behance.net\/gallery\/179751539\/Exposicao-Uma-Revolucao-para-le-la-(1953-1973)\" data-type=\"link\" data-id=\"https:\/\/www.behance.net\/gallery\/179751539\/Exposicao-Uma-Revolucao-para-le-la-(1953-1973)\" target=\"_blank\" rel=\"noreferrer noopener\">Revolu\u00e7\u00e3o Cubana<\/a><\/strong>&#8220;<\/p>\n\n\n\n<p style=\"font-size:18px\">&#8220;<a href=\"https:\/\/www.behance.net\/gallery\/181350945\/Mapas-Historicos-do-Parana\" data-type=\"link\" data-id=\"https:\/\/www.behance.net\/gallery\/181350945\/Mapas-Historicos-do-Parana\" target=\"_blank\" rel=\"noreferrer noopener\"><strong>Exposi\u00e7\u00e3o<\/strong>&nbsp;<strong>Mapas Hist\u00f3ricos do Paran\u00e1<\/strong><\/a>&#8220;<\/p>\n\n\n\n<p style=\"font-size:18px\">&#8220;Projeto COVID \u2013 19&#8221;<br><br><strong>2022<\/strong><br><br><strong><a href=\"https:\/\/www.behance.net\/gallery\/156796007\/Da-forca-da-grana-que-ergue-e-destroi-coisas-belas\" data-type=\"link\" data-id=\"https:\/\/www.behance.net\/gallery\/156796007\/Da-forca-da-grana-que-ergue-e-destroi-coisas-belas\">\u201cDa For\u00e7a da grana que ergue e destr\u00f3i coisas belas\u201d \u2013 A fotografia de Jos\u00e9 Roberto Pieretti (Robert Stones)<\/a><br><br><a href=\"https:\/\/www.behance.net\/gallery\/154799101\/Londrina-a-historia-nao-uma-rua-de-mao-unica\" data-type=\"link\" data-id=\"https:\/\/www.behance.net\/gallery\/154799101\/Londrina-a-historia-nao-uma-rua-de-mao-unica\">&#8220;Londrina: A hist\u00f3ria n\u00e3o \u00e9 uma rua de m\u00e3o \u00fanica&#8221;<\/a><br><br><a href=\"https:\/\/www.behance.net\/gallery\/156566377\/Cartografia-do-Norte-do-Parana\" data-type=\"link\" data-id=\"https:\/\/www.behance.net\/gallery\/156566377\/Cartografia-do-Norte-do-Parana\">&#8220;Cartografia do Norte do Paran\u00e1&#8221;<\/a><br><br><a href=\"https:\/\/www.behance.net\/gallery\/159120213\/Hospital-UniversitarioUEL-Patrimonio-do-Parana\" data-type=\"link\" data-id=\"https:\/\/www.behance.net\/gallery\/159120213\/Hospital-UniversitarioUEL-Patrimonio-do-Parana\">&#8220;Hospital Universit\u00e1rio\/UEL \u2013 Patrim\u00f4nio do Paran\u00e1&#8221;<\/a><br><br>&#8220;<a href=\"https:\/\/sites.uel.br\/ndph\/?page_id=998\" data-type=\"page\" data-id=\"998\" target=\"_blank\" rel=\"noreferrer noopener\">A Arte na Folha de Londrina: Ilustra\u00e7\u00f5es, Charges, Caricaturas (1980-2010)<\/a>&#8220;<br><br>&#8220;<a href=\"https:\/\/sites.uel.br\/ndph\/?page_id=997\" data-type=\"page\" data-id=\"997\" target=\"_blank\" rel=\"noreferrer noopener\">Desenho Para Descontrair: Um Autodidata na Pandemia<\/a>&#8220;<br><br>2016<br><br>&#8220;<a href=\"https:\/\/sites.uel.br\/ndph\/?page_id=996\" data-type=\"page\" data-id=\"996\" target=\"_blank\" rel=\"noreferrer noopener\">Batalha Naval do Riachuelo: 150 anos<\/a>&#8220;<br><br>2015<br><br>&#8220;<a href=\"https:\/\/sites.uel.br\/ndph\/?page_id=970\" data-type=\"page\" data-id=\"970\" target=\"_blank\" rel=\"noreferrer noopener\">Arteficta: Fotocomposi\u00e7\u00f5es<\/a>&#8220;<br><br>&#8220;<a href=\"https:\/\/sites.uel.br\/ndph\/?page_id=969\" data-type=\"page\" data-id=\"969\" target=\"_blank\" rel=\"noreferrer noopener\">Carpeaux: Imagens Cr\u00edticas<\/a>&#8220;<br><br>&#8220;<a href=\"https:\/\/sites.uel.br\/ndph\/?page_id=968\" data-type=\"page\" data-id=\"968\" target=\"_blank\" rel=\"noreferrer noopener\">Exposi\u00e7\u00e3o Photo-Gr\u00e1fica: uma Revolu\u00e7\u00e3o para L\u00ea-la (1953-1973)<\/a>&#8220;<br><br>&#8220;<a href=\"https:\/\/sites.uel.br\/ndph\/?page_id=966\" data-type=\"page\" data-id=\"966\" target=\"_blank\" rel=\"noreferrer noopener\">Refugiados: Reflex\u00f5es Imag\u00e9ticas Sobre a Condi\u00e7\u00e3o Humana<\/a>&#8220;<br><\/strong><br>&#8220;Londrina: A hist\u00f3ria n\u00e3o \u00e9 uma rua de m\u00e3o \u00fanica&#8221;<br><br>&#8220;Cartografia do Norte do Paran\u00e1&#8221;<br><br>&#8220;Hospital Universit\u00e1rio\/UEL \u2013 Patrim\u00f4nio do Paran\u00e1&#8221;<strong><br><br>&#8220;<a href=\"https:\/\/sites.uel.br\/ndph\/?page_id=998\" data-type=\"page\" data-id=\"998\" target=\"_blank\" rel=\"noreferrer noopener\">A Arte na Folha de Londrina: Ilustra\u00e7\u00f5es, Charges, Caricaturas (1980-2010)<\/a>&#8220;<br><br>&#8220;<a href=\"https:\/\/sites.uel.br\/ndph\/?page_id=997\" data-type=\"page\" data-id=\"997\" target=\"_blank\" rel=\"noreferrer noopener\">Desenho Para Descontrair: Um Autodidata na Pandemia<\/a>&#8220;<br><br><br>2014<br><br>&#8220;<a href=\"https:\/\/sites.uel.br\/ndph\/?page_id=915\" data-type=\"page\" data-id=\"915\" target=\"_blank\" rel=\"noreferrer noopener\">40 Anos de Poeira<\/a>&#8220;<br><br>&#8220;<a href=\"https:\/\/sites.uel.br\/ndph\/?page_id=914\" data-type=\"page\" data-id=\"914\" target=\"_blank\" rel=\"noreferrer noopener\">A Grande Guerra de 1914<\/a>&#8220;<br><br>&#8220;<a href=\"https:\/\/sites.uel.br\/ndph\/?page_id=913\" data-type=\"page\" data-id=\"913\" target=\"_blank\" rel=\"noreferrer noopener\">A Figura\u00e7\u00e3o de Deus na Iconografia Crist\u00e3<\/a>&#8220;<br><br>&#8220;<a href=\"https:\/\/sites.uel.br\/ndph\/?page_id=912\" data-type=\"page\" data-id=\"912\" target=\"_blank\" rel=\"noreferrer noopener\">40 Anos do Labl\u00ednguas<\/a>&#8220;<br><br>&#8220;<a href=\"https:\/\/sites.uel.br\/ndph\/?page_id=911\" data-type=\"page\" data-id=\"911\" target=\"_blank\" rel=\"noreferrer noopener\">Am\u00e9rica: Cotidiano e Costumes<\/a>&#8220;<br><br>&#8220;<a href=\"https:\/\/sites.uel.br\/ndph\/?page_id=910\" data-type=\"page\" data-id=\"910\" target=\"_blank\" rel=\"noreferrer noopener\">Movimentos e Cores de uma D\u00e9cada<\/a>&#8220;<br><br>&#8220;<a href=\"https:\/\/sites.uel.br\/ndph\/?page_id=906\" data-type=\"page\" data-id=\"906\" target=\"_blank\" rel=\"noreferrer noopener\">O Sonho de Fare L&#8217;America<\/a>&#8220;<\/strong><br><br><\/p>\n","protected":false},"excerpt":{"rendered":"<p>2024 Cultura Kaingang: A fotografia de Kronun Kaingang . Exposi\u00e7\u00e3o realizada tamb\u00e9m durante o XIX Encontro Regional de Hist\u00f3ria na UENP, Jacarezinho. Relembrando sabores: uma viagem fotogr\u00e1fica pelo passado do Restaurante Universit\u00e1rio da UEL \u2013 Jardim de Inverno do RU. Em parceria com o SEBEC. Vidas Negras em Londrina: A AROL no olhar da Folha [&hellip;]<\/p>\n","protected":false},"author":7,"featured_media":0,"parent":0,"menu_order":0,"comment_status":"closed","ping_status":"closed","template":"","meta":{"footnotes":""},"class_list":["post-50","page","type-page","status-publish","hentry"],"acf":[],"_links":{"self":[{"href":"https:\/\/sites.uel.br\/ndph\/wp-json\/wp\/v2\/pages\/50","targetHints":{"allow":["GET"]}}],"collection":[{"href":"https:\/\/sites.uel.br\/ndph\/wp-json\/wp\/v2\/pages"}],"about":[{"href":"https:\/\/sites.uel.br\/ndph\/wp-json\/wp\/v2\/types\/page"}],"author":[{"embeddable":true,"href":"https:\/\/sites.uel.br\/ndph\/wp-json\/wp\/v2\/users\/7"}],"replies":[{"embeddable":true,"href":"https:\/\/sites.uel.br\/ndph\/wp-json\/wp\/v2\/comments?post=50"}],"version-history":[{"count":25,"href":"https:\/\/sites.uel.br\/ndph\/wp-json\/wp\/v2\/pages\/50\/revisions"}],"predecessor-version":[{"id":2531,"href":"https:\/\/sites.uel.br\/ndph\/wp-json\/wp\/v2\/pages\/50\/revisions\/2531"}],"wp:attachment":[{"href":"https:\/\/sites.uel.br\/ndph\/wp-json\/wp\/v2\/media?parent=50"}],"curies":[{"name":"wp","href":"https:\/\/api.w.org\/{rel}","templated":true}]}}