{"id":36,"date":"2022-05-20T19:40:10","date_gmt":"2022-05-20T22:40:10","guid":{"rendered":"https:\/\/sites.uel.br\/ndph\/?page_id=36"},"modified":"2022-05-27T20:56:31","modified_gmt":"2022-05-27T23:56:31","slug":"sobre-o-acervo","status":"publish","type":"page","link":"https:\/\/sites.uel.br\/ndph\/sobre-o-acervo\/","title":{"rendered":"Sobre o acervo"},"content":{"rendered":"\n<p style=\"font-size:18px\">O NDPH orienta-se em torno do tema Hist\u00f3ria Regional possuindo cole\u00e7\u00f5es sobre Londrina e o Norte do Paran\u00e1, sobretudo em virtude de sua localiza\u00e7\u00e3o e da sua import\u00e2ncia para a forma\u00e7\u00e3o da comunidade a qual est\u00e1 vinculada.<\/p>\n\n\n\n<p style=\"font-size:18px\">Atende, ao mesmo tempo,&nbsp;\u00e0s linhas de pesquisa do Departamento de Hist\u00f3ria (gradua\u00e7\u00e3o e p\u00f3s-gradua\u00e7\u00e3o), cujo Programa de P\u00f3s-Gradua\u00e7\u00e3o em Hist\u00f3ria Social (PPGHS) contribuiu para a amplia\u00e7\u00e3o do escopo de atua\u00e7\u00e3o da institui\u00e7\u00e3o.<\/p>\n\n\n\n<p style=\"font-size:18px\">O seu acervo est\u00e1 a disposi\u00e7\u00e3o dos pesquisadores e da comunidade em geral.<\/p>\n\n\n\n<p><\/p>\n\n\n\n<div class=\"wp-block-columns is-layout-flex wp-container-core-columns-is-layout-9d6595d7 wp-block-columns-is-layout-flex\">\n<div class=\"wp-block-column is-vertically-aligned-center is-layout-flow wp-block-column-is-layout-flow\">\n<div class=\"wp-block-group\"><div class=\"wp-block-group__inner-container is-layout-flow wp-block-group-is-layout-flow\">\n<p class=\"has-text-align-center has-primary-accent-color has-text-color\" style=\"font-size:18px\"><strong>Fontes Orais<\/strong><\/p>\n\n\n\n<p style=\"font-size:18px\">A conceitua\u00e7\u00e3o de fonte oral que presidiu a constitui\u00e7\u00e3o de nosso acervo foi a expressa, dentre outros estudiosos, por Meihy (2007, p. 13), no sentido do registro de recursos diversos acerca da oralidade humana, tais como entrevistas, palestras, confer\u00eancias, dentre outros. Nosso acervo \u00e9 composto&nbsp;de um total aproximado de 450 m\u00eddias contendo entrevistas, depoimentos, confer\u00eancias, filmes e eventos.<\/p>\n\n\n\n<p class=\"has-text-align-center has-primary-accent-color has-text-color\" style=\"font-size:18px\"><strong>Fototeca<\/strong><\/p>\n\n\n\n<p style=\"font-size:18px\">A fotografia \u00e9 uma fonte documental de alta relev\u00e2ncia, pois permite ao pesquisador obter informa\u00e7\u00f5es sobre costumes, tradi\u00e7\u00f5es, comportamentos, etc. A utiliza\u00e7\u00e3o da fotografia como fonte de pesquisa imp\u00f5e a reflex\u00e3o sobre a experi\u00eancia fotogr\u00e1fica, ou seja, repensar o circuito feito para que uma fotografia espec\u00edfica tenha sido produzida, desde a ideia da fotografia pelo fot\u00f3grafo at\u00e9 o arquivamento da foto em um determinado acervo.&nbsp;O acervo comp\u00f5e-se de aproximadamente cinco mil fotos, resultado de in\u00fameras doa\u00e7\u00f5es realizadas pela comunidade.<\/p>\n\n\n\n<p class=\"has-text-align-center has-primary-accent-color has-text-color\" style=\"font-size:18px\"><strong>Hemeroteca<\/strong><\/p>\n\n\n\n<p style=\"font-size:18px\">Os jornais e as revistas foram os tipos de m\u00eddias mais populares durante o s\u00e9culo XX. No acervo do NDPH destaca-se as cole\u00e7\u00f5es dos seguintes jornais:&nbsp;<strong>O Estado de S\u00e3o Paulo<\/strong>&nbsp;(em microfilme),&nbsp;<strong>Folha de Londrina<\/strong>,&nbsp;<strong>Jornal de Londrina<\/strong>&nbsp;e o&nbsp;<strong>Jornal do Com\u00e9rcio<\/strong>&nbsp;(Londrina). As revistas tamb\u00e9m comp\u00f5em uma parte expressiva de nossa documenta\u00e7\u00e3o, com destaque para as seguintes publica\u00e7\u00f5es:&nbsp;<strong>O Cruzeiro<\/strong>,&nbsp;<strong>Isto \u00c9<\/strong>,&nbsp;<strong>Manchete<\/strong>,&nbsp;<strong>Veja&nbsp;<\/strong>e&nbsp;<strong>Vis\u00e3o<\/strong>.<\/p>\n<\/div><\/div>\n<\/div>\n\n\n\n<div class=\"wp-block-column is-layout-flow wp-block-column-is-layout-flow\">\n<p><\/p>\n\n\n\n<p><\/p>\n\n\n\n<p class=\"has-text-align-center has-primary-accent-color has-text-color\" style=\"font-size:18px\"><strong>Arquivo<\/strong><\/p>\n\n\n\n<p class=\"has-text-align-left has-secondary-accent-color has-text-color\" style=\"font-size:18px\"><em>Arquivos Institucionais<\/em><\/p>\n\n\n\n<p style=\"font-size:18px\">Os acervos institucionais comp\u00f5em parte importante do arquivo. Podemos destacar os seguintes:&nbsp;<strong>Associa\u00e7\u00e3o Brasileira de Reforma Agr\u00e1ria<\/strong>,&nbsp;<strong>Associa\u00e7\u00e3o Projeto de Educa\u00e7\u00e3o do Assalariado Rural Tempor\u00e1rio, Col\u00e9gio M\u00e3e de Deus, Comiss\u00e3o Pastoral da Terra\/Paran\u00e1<\/strong>,&nbsp;<strong>P\u00e1ginas Censuradas d&#8217;O S\u00e3o Paulo<\/strong>,&nbsp;<strong>Servi\u00e7o Nacional de Informa\u00e7\u00f5es\/Paran\u00e1<\/strong>,<strong>&nbsp;<\/strong>entre outros.<\/p>\n\n\n\n<p class=\"has-text-align-left has-secondary-accent-color has-text-color\" style=\"font-size:18px\"><em>Arquivos Pessoais<\/em><\/p>\n\n\n\n<p style=\"font-size:18px\">Os arquivos pessoais, por seu turno, tamb\u00e9m bastante numerosos, tratam de atores hist\u00f3ricos de perfis variados. Desde pol\u00edticos c\u00e9lebres, passando por membros da Universidade Estadual de Londrina, chegando a personagens que participaram na constru\u00e7\u00e3o do Norte do Paran\u00e1. Neste segmento destacam-se: os Fundos<strong> Oswald Nixdorf<\/strong>,&nbsp;<strong>Michael Traumann<\/strong>&nbsp;e&nbsp;<strong>Paulo K. Baba<\/strong>&nbsp;e as Cole\u00e7\u00f5es <strong>Joana D&#8217;Arc Bizzotto Lopes<\/strong>,&nbsp;<strong>Am\u00e9lia Foggia<\/strong>,&nbsp;<strong>Jos\u00e9 Joffily<\/strong>,&nbsp;<strong>Jos\u00e9 Richa<\/strong>&nbsp;e&nbsp;<strong>Oswaldo Coimbra<\/strong>.<\/p>\n\n\n\n<p class=\"has-text-align-center has-primary-accent-color has-text-color\" style=\"font-size:18px\"><strong>Biblioteca<\/strong><\/p>\n\n\n\n<p style=\"font-size:18px\">H\u00e1 uma grande quantidade de livros, fontes escritas e fac-s\u00edmiles dos s\u00e9culos XIX e XX. S\u00e3o bibliotecas singulares ou que fazem parte de fundos documentais maiores, contendo outros tipos de documentos. Os livros est\u00e3o distribu\u00eddos nas seguintes cole\u00e7\u00f5es tem\u00e1ticas:&nbsp;<strong>Culturas e Representa\u00e7\u00f5es<\/strong>,&nbsp;<strong>Documentos Brasileiros<\/strong>,&nbsp;<strong>Enciclop\u00e9dia Einaudi<\/strong>,&nbsp;<strong>Hist\u00f3ria e Ensino<\/strong>,&nbsp;<strong>Hist\u00f3ria Econ\u00f4mica e Administrativa<\/strong>,&nbsp;<strong>Instituto e Semin\u00e1rio B\u00edblico de Londrina<\/strong>,&nbsp;<strong>Judaica<\/strong>,&nbsp;<strong>Peronismo<\/strong>,&nbsp;<strong>Petrus<\/strong>,&nbsp;<strong>Religi\u00f5es e Religiosidades<\/strong>,&nbsp;<strong>Territ\u00f3rios do Pol\u00edtico<\/strong>, entre outras.<\/p>\n<\/div>\n<\/div>\n","protected":false},"excerpt":{"rendered":"<p>O NDPH orienta-se em torno do tema Hist\u00f3ria Regional possuindo cole\u00e7\u00f5es sobre Londrina e o Norte do Paran\u00e1, sobretudo em virtude de sua localiza\u00e7\u00e3o e da sua import\u00e2ncia para a forma\u00e7\u00e3o da comunidade a qual est\u00e1 vinculada. Atende, ao mesmo tempo,&nbsp;\u00e0s linhas de pesquisa do Departamento de Hist\u00f3ria (gradua\u00e7\u00e3o e p\u00f3s-gradua\u00e7\u00e3o), cujo Programa de P\u00f3s-Gradua\u00e7\u00e3o [&hellip;]<\/p>\n","protected":false},"author":7,"featured_media":0,"parent":0,"menu_order":0,"comment_status":"closed","ping_status":"closed","template":"","meta":{"footnotes":""},"class_list":["post-36","page","type-page","status-publish","hentry"],"acf":[],"_links":{"self":[{"href":"https:\/\/sites.uel.br\/ndph\/wp-json\/wp\/v2\/pages\/36","targetHints":{"allow":["GET"]}}],"collection":[{"href":"https:\/\/sites.uel.br\/ndph\/wp-json\/wp\/v2\/pages"}],"about":[{"href":"https:\/\/sites.uel.br\/ndph\/wp-json\/wp\/v2\/types\/page"}],"author":[{"embeddable":true,"href":"https:\/\/sites.uel.br\/ndph\/wp-json\/wp\/v2\/users\/7"}],"replies":[{"embeddable":true,"href":"https:\/\/sites.uel.br\/ndph\/wp-json\/wp\/v2\/comments?post=36"}],"version-history":[{"count":16,"href":"https:\/\/sites.uel.br\/ndph\/wp-json\/wp\/v2\/pages\/36\/revisions"}],"predecessor-version":[{"id":156,"href":"https:\/\/sites.uel.br\/ndph\/wp-json\/wp\/v2\/pages\/36\/revisions\/156"}],"wp:attachment":[{"href":"https:\/\/sites.uel.br\/ndph\/wp-json\/wp\/v2\/media?parent=36"}],"curies":[{"name":"wp","href":"https:\/\/api.w.org\/{rel}","templated":true}]}}