{"id":3034,"date":"2026-03-27T14:31:57","date_gmt":"2026-03-27T17:31:57","guid":{"rendered":"https:\/\/sites.uel.br\/ndph\/?page_id=3034"},"modified":"2026-03-27T14:31:57","modified_gmt":"2026-03-27T17:31:57","slug":"colecao-moralidade-publica-londrina-belinati-cmplb","status":"publish","type":"page","link":"https:\/\/sites.uel.br\/ndph\/colecao-moralidade-publica-londrina-belinati-cmplb\/","title":{"rendered":"Cole\u00e7\u00e3o Moralidade P\u00fablica Londrina &#8211; Belinati (CMPLB)"},"content":{"rendered":"\n<p>&#8211; S\u00e9rie <a href=\"https:\/\/sites.uel.br\/ndph\/wp-content\/uploads\/2026\/03\/C.-MORALIDADE-PUBLICA-LONDRINA-BELINATI.pdf\" data-type=\"link\" data-id=\"https:\/\/sites.uel.br\/ndph\/wp-content\/uploads\/2026\/03\/C.-MORALIDADE-PUBLICA-LONDRINA-BELINATI.pdf\" target=\"_blank\" rel=\"noreferrer noopener\">Documentos Diversos<\/a><\/p>\n\n\n\n<p><\/p>\n","protected":false},"excerpt":{"rendered":"<p>&#8211; S\u00e9rie Documentos Diversos<\/p>\n","protected":false},"author":6,"featured_media":0,"parent":0,"menu_order":0,"comment_status":"closed","ping_status":"closed","template":"","meta":{"footnotes":""},"class_list":["post-3034","page","type-page","status-publish","hentry"],"acf":[],"_links":{"self":[{"href":"https:\/\/sites.uel.br\/ndph\/wp-json\/wp\/v2\/pages\/3034","targetHints":{"allow":["GET"]}}],"collection":[{"href":"https:\/\/sites.uel.br\/ndph\/wp-json\/wp\/v2\/pages"}],"about":[{"href":"https:\/\/sites.uel.br\/ndph\/wp-json\/wp\/v2\/types\/page"}],"author":[{"embeddable":true,"href":"https:\/\/sites.uel.br\/ndph\/wp-json\/wp\/v2\/users\/6"}],"replies":[{"embeddable":true,"href":"https:\/\/sites.uel.br\/ndph\/wp-json\/wp\/v2\/comments?post=3034"}],"version-history":[{"count":1,"href":"https:\/\/sites.uel.br\/ndph\/wp-json\/wp\/v2\/pages\/3034\/revisions"}],"predecessor-version":[{"id":3035,"href":"https:\/\/sites.uel.br\/ndph\/wp-json\/wp\/v2\/pages\/3034\/revisions\/3035"}],"wp:attachment":[{"href":"https:\/\/sites.uel.br\/ndph\/wp-json\/wp\/v2\/media?parent=3034"}],"curies":[{"name":"wp","href":"https:\/\/api.w.org\/{rel}","templated":true}]}}