{"id":30,"date":"2022-05-20T19:39:24","date_gmt":"2022-05-20T22:39:24","guid":{"rendered":"https:\/\/sites.uel.br\/ndph\/?page_id=30"},"modified":"2025-03-24T15:36:34","modified_gmt":"2025-03-24T18:36:34","slug":"administracao-e-equipe","status":"publish","type":"page","link":"https:\/\/sites.uel.br\/ndph\/administracao-e-equipe\/","title":{"rendered":"Legisla\u00e7\u00e3o"},"content":{"rendered":"\n<p><\/p>\n\n\n\n<p>A&nbsp;<a rel=\"noreferrer noopener\" href=\"http:\/\/www.planalto.gov.br\/ccivil_03\/_ato2011-2014\/2011\/lei\/l12527.htm\" target=\"_blank\"><strong>Lei n\u00ba 12.527<\/strong><\/a>, de 18 de novembro de 2011, regulamentou o direito constitucional de acesso dos cidad\u00e3os \u00e0s informa\u00e7\u00f5es p\u00fablicas. O Brasil conquistou outro importante instrumento jur\u00eddico de fortalecimento do Estado Democr\u00e1tico de Direito. O princ\u00edpio da lei \u00e9 que o acesso \u00e0 informa\u00e7\u00e3o \u00e9 a regra e o sigilo a exce\u00e7\u00e3o.<br><br>A Lei estabelece os prazos, procedimentos, mecanismos para orientar as institui\u00e7\u00f5es p\u00fablicas na presta\u00e7\u00e3o das informa\u00e7\u00f5es solicitadas pelos cidad\u00e3os. Al\u00e9m disso, determina que essas institui\u00e7\u00f5es dever\u00e3o divulgar um rol m\u00ednimo de informa\u00e7\u00f5es por meio da internet.<\/p>\n\n\n\n<p><\/p>\n\n\n\n<div style=\"height:100px\" aria-hidden=\"true\" class=\"wp-block-spacer\"><\/div>\n\n\n\n<p class=\"has-text-align-center\"><strong><a href=\"https:\/\/sites.uel.br\/ndph\/wp-content\/uploads\/2025\/03\/REs-Enezila-de-Lima-.pdf\" data-type=\"link\" data-id=\"https:\/\/sites.uel.br\/ndph\/wp-content\/uploads\/2025\/03\/REs-Enezila-de-Lima-.pdf\" target=\"_blank\" rel=\"noreferrer noopener\">Resolu\u00e7\u00e3o Nomeia NDPH- Enezila de Lima<\/a><\/strong><br>(Resolu\u00e7\u00e3o CU 67\/2024)<\/p>\n\n\n\n<div style=\"height:35px\" aria-hidden=\"true\" class=\"wp-block-spacer\"><\/div>\n\n\n\n<p class=\"has-text-align-center\"><a href=\"https:\/\/sites.uel.br\/ndph\/wp-content\/uploads\/2025\/03\/RESOLUCAO-CA-852023-.pdf\" data-type=\"link\" data-id=\"https:\/\/sites.uel.br\/ndph\/wp-content\/uploads\/2025\/03\/RESOLUCAO-CA-852023-.pdf\" target=\"_blank\" rel=\"noreferrer noopener\"><strong>Resolu\u00e7\u00e3o Disciplina o recebimento de doa\u00e7\u00f5es no \u00e2mbito da Universidade Estadual de Londrina<\/strong><\/a><br>(Res. CA 85\/2023)<\/p>\n\n\n\n<div style=\"height:35px\" aria-hidden=\"true\" class=\"wp-block-spacer\"><\/div>\n\n\n\n<p class=\"has-text-align-center\"><strong><a href=\"https:\/\/sites.uel.br\/ndph\/wp-content\/uploads\/2022\/08\/Resolucao_Criacao_NDPH.pdf\" target=\"_blank\" rel=\"noreferrer noopener\">Resolu\u00e7\u00e3o de Cria\u00e7\u00e3o e Regimento Interno do NDPH<\/a><\/strong><br>(Resolu\u00e7\u00e3o CEPE\/CA N\u00ba 072\/2016)<\/p>\n\n\n\n<div style=\"height:35px\" aria-hidden=\"true\" class=\"wp-block-spacer\"><\/div>\n\n\n\n<p class=\"has-text-align-center\"><strong><a rel=\"noreferrer noopener\" href=\"https:\/\/sites.uel.br\/ndph\/wp-content\/uploads\/2022\/08\/Regulamento_Geral_Estagio_UEL.pdf\" target=\"_blank\">Regulamento Geral do Est\u00e1gio da UEL<\/a><\/strong><br>(Resolu\u00e7\u00e3o CEPE 0166\/2008)<\/p>\n\n\n\n<div style=\"height:35px\" aria-hidden=\"true\" class=\"wp-block-spacer\"><\/div>\n\n\n\n<p class=\"has-text-align-center\"><strong><a href=\"https:\/\/sites.uel.br\/ndph\/wp-content\/uploads\/2022\/08\/Regulamento_Estagio_Nao_Obrigatorio_Historia.pdf\" target=\"_blank\" rel=\"noreferrer noopener\">Regulamento de Est\u00e1gio Curricular N\u00e3o Obrigat\u00f3rio (Curso: Hist\u00f3ria)<\/a><\/strong><br>(Delibera\u00e7\u00e3o \u2013 C\u00e2mara de Gradua\u00e7\u00e3o N\u00ba 070\/2007)<\/p>\n\n\n\n<div style=\"height:35px\" aria-hidden=\"true\" class=\"wp-block-spacer\"><\/div>\n\n\n\n<p class=\"has-text-align-center\"><a href=\"https:\/\/www.gov.br\/conarq\/pt-br\/legislacao-arquivistica\" data-type=\"link\" data-id=\"https:\/\/www.gov.br\/conarq\/pt-br\/legislacao-arquivistica\" target=\"_blank\" rel=\"noreferrer noopener\"><strong>Legisla\u00e7\u00e3o Arquiv\u00edstica &#8211; CONARQ<\/strong><\/a><\/p>\n","protected":false},"excerpt":{"rendered":"<p>A&nbsp;Lei n\u00ba 12.527, de 18 de novembro de 2011, regulamentou o direito constitucional de acesso dos cidad\u00e3os \u00e0s informa\u00e7\u00f5es p\u00fablicas. O Brasil conquistou outro importante instrumento jur\u00eddico de fortalecimento do Estado Democr\u00e1tico de Direito. O princ\u00edpio da lei \u00e9 que o acesso \u00e0 informa\u00e7\u00e3o \u00e9 a regra e o sigilo a exce\u00e7\u00e3o. A Lei estabelece [&hellip;]<\/p>\n","protected":false},"author":7,"featured_media":0,"parent":0,"menu_order":0,"comment_status":"closed","ping_status":"closed","template":"","meta":{"footnotes":""},"class_list":["post-30","page","type-page","status-publish","hentry"],"acf":[],"_links":{"self":[{"href":"https:\/\/sites.uel.br\/ndph\/wp-json\/wp\/v2\/pages\/30","targetHints":{"allow":["GET"]}}],"collection":[{"href":"https:\/\/sites.uel.br\/ndph\/wp-json\/wp\/v2\/pages"}],"about":[{"href":"https:\/\/sites.uel.br\/ndph\/wp-json\/wp\/v2\/types\/page"}],"author":[{"embeddable":true,"href":"https:\/\/sites.uel.br\/ndph\/wp-json\/wp\/v2\/users\/7"}],"replies":[{"embeddable":true,"href":"https:\/\/sites.uel.br\/ndph\/wp-json\/wp\/v2\/comments?post=30"}],"version-history":[{"count":24,"href":"https:\/\/sites.uel.br\/ndph\/wp-json\/wp\/v2\/pages\/30\/revisions"}],"predecessor-version":[{"id":2526,"href":"https:\/\/sites.uel.br\/ndph\/wp-json\/wp\/v2\/pages\/30\/revisions\/2526"}],"wp:attachment":[{"href":"https:\/\/sites.uel.br\/ndph\/wp-json\/wp\/v2\/media?parent=30"}],"curies":[{"name":"wp","href":"https:\/\/api.w.org\/{rel}","templated":true}]}}