{"id":2858,"date":"2025-10-21T18:39:13","date_gmt":"2025-10-21T21:39:13","guid":{"rendered":"https:\/\/sites.uel.br\/ndph\/?page_id=2858"},"modified":"2025-10-24T17:17:43","modified_gmt":"2025-10-24T20:17:43","slug":"parana-faz-ciencia-2025","status":"publish","type":"page","link":"https:\/\/sites.uel.br\/ndph\/parana-faz-ciencia-2025\/","title":{"rendered":"Paran\u00e1 Faz Ci\u00eancia 2025"},"content":{"rendered":"\n<p>Entre os dias 29 de setembro e 03 de outubro de 2025, ocorreu na cidade de Guarapuava-PR o Paran\u00e1 Faz Ci\u00eancia, evento que re\u00fane mostra de projetos de pesquisa e cultura das institui\u00e7\u00f5es de ensino superior de todo o estado. Concomitante ao evento, ocorreu o II Encontro Paranaense de Museus e Centros de Documenta\u00e7\u00e3o Universit\u00e1rios, que contou com oficinas, apresenta\u00e7\u00e3o de trabalho e mesas. Confira abaixo algumas imagens da participa\u00e7\u00e3o do NDPH Enezila de Lima nos eventos.<\/p>\n\n\n\n<figure class=\"wp-block-video\"><video height=\"1080\" style=\"aspect-ratio: 1920 \/ 1080;\" width=\"1920\" controls src=\"https:\/\/sites.uel.br\/ndph\/wp-content\/uploads\/2025\/10\/Parana-faz-ciencia-3.mp4\"><\/video><\/figure>\n\n\n\n<div style=\"height:30px\" aria-hidden=\"true\" class=\"wp-block-spacer\"><\/div>\n\n\n\n<figure class=\"wp-block-gallery has-nested-images columns-default is-cropped wp-block-gallery-1 is-layout-flex wp-block-gallery-is-layout-flex\">\n<figure class=\"wp-block-image size-large\"><img loading=\"lazy\" decoding=\"async\" width=\"720\" height=\"720\" data-id=\"2904\" src=\"https:\/\/sites.uel.br\/ndph\/wp-content\/uploads\/2025\/10\/WhatsApp-Image-2025-09-30-at-20.29.42-1-edited.jpeg\" alt=\"\" class=\"wp-image-2904\" srcset=\"https:\/\/sites.uel.br\/ndph\/wp-content\/uploads\/2025\/10\/WhatsApp-Image-2025-09-30-at-20.29.42-1-edited.jpeg 720w, https:\/\/sites.uel.br\/ndph\/wp-content\/uploads\/2025\/10\/WhatsApp-Image-2025-09-30-at-20.29.42-1-edited-300x300.jpeg 300w, https:\/\/sites.uel.br\/ndph\/wp-content\/uploads\/2025\/10\/WhatsApp-Image-2025-09-30-at-20.29.42-1-edited-150x150.jpeg 150w\" sizes=\"auto, (max-width: 720px) 100vw, 720px\" \/><\/figure>\n\n\n\n<figure class=\"wp-block-image size-large\"><img loading=\"lazy\" decoding=\"async\" width=\"720\" height=\"720\" data-id=\"2905\" src=\"https:\/\/sites.uel.br\/ndph\/wp-content\/uploads\/2025\/10\/WhatsApp-Image-2025-09-30-at-20.29.42-edited.jpeg\" alt=\"\" class=\"wp-image-2905\" srcset=\"https:\/\/sites.uel.br\/ndph\/wp-content\/uploads\/2025\/10\/WhatsApp-Image-2025-09-30-at-20.29.42-edited.jpeg 720w, https:\/\/sites.uel.br\/ndph\/wp-content\/uploads\/2025\/10\/WhatsApp-Image-2025-09-30-at-20.29.42-edited-300x300.jpeg 300w, https:\/\/sites.uel.br\/ndph\/wp-content\/uploads\/2025\/10\/WhatsApp-Image-2025-09-30-at-20.29.42-edited-150x150.jpeg 150w\" sizes=\"auto, (max-width: 720px) 100vw, 720px\" \/><\/figure>\n\n\n\n<figure class=\"wp-block-image size-large\"><img loading=\"lazy\" decoding=\"async\" width=\"720\" height=\"720\" data-id=\"2902\" src=\"https:\/\/sites.uel.br\/ndph\/wp-content\/uploads\/2025\/10\/WhatsApp-Image-2025-09-30-at-20.29.41-2-edited.jpeg\" alt=\"\" class=\"wp-image-2902\" srcset=\"https:\/\/sites.uel.br\/ndph\/wp-content\/uploads\/2025\/10\/WhatsApp-Image-2025-09-30-at-20.29.41-2-edited.jpeg 720w, https:\/\/sites.uel.br\/ndph\/wp-content\/uploads\/2025\/10\/WhatsApp-Image-2025-09-30-at-20.29.41-2-edited-300x300.jpeg 300w, https:\/\/sites.uel.br\/ndph\/wp-content\/uploads\/2025\/10\/WhatsApp-Image-2025-09-30-at-20.29.41-2-edited-150x150.jpeg 150w\" sizes=\"auto, (max-width: 720px) 100vw, 720px\" \/><\/figure>\n\n\n\n<figure class=\"wp-block-image size-large\"><img loading=\"lazy\" decoding=\"async\" width=\"720\" height=\"720\" data-id=\"2903\" src=\"https:\/\/sites.uel.br\/ndph\/wp-content\/uploads\/2025\/10\/WhatsApp-Image-2025-09-30-at-20.29.59-edited.jpeg\" alt=\"\" class=\"wp-image-2903\" srcset=\"https:\/\/sites.uel.br\/ndph\/wp-content\/uploads\/2025\/10\/WhatsApp-Image-2025-09-30-at-20.29.59-edited.jpeg 720w, https:\/\/sites.uel.br\/ndph\/wp-content\/uploads\/2025\/10\/WhatsApp-Image-2025-09-30-at-20.29.59-edited-300x300.jpeg 300w, https:\/\/sites.uel.br\/ndph\/wp-content\/uploads\/2025\/10\/WhatsApp-Image-2025-09-30-at-20.29.59-edited-150x150.jpeg 150w\" sizes=\"auto, (max-width: 720px) 100vw, 720px\" \/><\/figure>\n\n\n\n<figure class=\"wp-block-image size-large\"><img loading=\"lazy\" decoding=\"async\" width=\"720\" height=\"720\" data-id=\"2906\" src=\"https:\/\/sites.uel.br\/ndph\/wp-content\/uploads\/2025\/10\/WhatsApp-Image-2025-09-30-at-20.29.41-edited.jpeg\" alt=\"\" class=\"wp-image-2906\" srcset=\"https:\/\/sites.uel.br\/ndph\/wp-content\/uploads\/2025\/10\/WhatsApp-Image-2025-09-30-at-20.29.41-edited.jpeg 720w, https:\/\/sites.uel.br\/ndph\/wp-content\/uploads\/2025\/10\/WhatsApp-Image-2025-09-30-at-20.29.41-edited-300x300.jpeg 300w, https:\/\/sites.uel.br\/ndph\/wp-content\/uploads\/2025\/10\/WhatsApp-Image-2025-09-30-at-20.29.41-edited-150x150.jpeg 150w\" sizes=\"auto, (max-width: 720px) 100vw, 720px\" \/><\/figure>\n\n\n\n<figure class=\"wp-block-image size-large\"><img loading=\"lazy\" decoding=\"async\" width=\"1024\" height=\"576\" data-id=\"2901\" src=\"https:\/\/sites.uel.br\/ndph\/wp-content\/uploads\/2025\/10\/WhatsApp-Image-2025-09-30-at-20.29.37-1024x576.jpeg\" alt=\"\" class=\"wp-image-2901\" srcset=\"https:\/\/sites.uel.br\/ndph\/wp-content\/uploads\/2025\/10\/WhatsApp-Image-2025-09-30-at-20.29.37-1024x576.jpeg 1024w, https:\/\/sites.uel.br\/ndph\/wp-content\/uploads\/2025\/10\/WhatsApp-Image-2025-09-30-at-20.29.37-300x169.jpeg 300w, https:\/\/sites.uel.br\/ndph\/wp-content\/uploads\/2025\/10\/WhatsApp-Image-2025-09-30-at-20.29.37-768x432.jpeg 768w, https:\/\/sites.uel.br\/ndph\/wp-content\/uploads\/2025\/10\/WhatsApp-Image-2025-09-30-at-20.29.37.jpeg 1280w\" sizes=\"auto, (max-width: 1024px) 100vw, 1024px\" \/><\/figure>\n<\/figure>\n\n\n\n<p>As oficinas foram realizadas no dia 30 de setembro pelos estagi\u00e1rios do n\u00facleo, com o objetivo de apresentar suas pr\u00e1ticas cotidianas e contribuir para a dissemina\u00e7\u00e3o do conhecimento acad\u00eamico e pr\u00e1tico. A programa\u00e7\u00e3o incluiu momentos te\u00f3ricos e pr\u00e1ticos, proporcionando aos participantes uma experi\u00eancia mais pr\u00f3xima da atua\u00e7\u00e3o desenvolvida dentro do n\u00facleo.<\/p>\n\n\n\n<div style=\"height:40px\" aria-hidden=\"true\" class=\"wp-block-spacer\"><\/div>\n\n\n\n<h4 class=\"wp-block-heading\">As Oficinas ministradas foram:<\/h4>\n\n\n\n<p><strong>Introdu\u00e7\u00e3o \u00e0 cataloga\u00e7\u00e3o documental<\/strong><br>Autores: Davi Soletti Bohn, Maria Luiza Munhoz de Freitas dos Santos e Rafael Fernandes Perrenoud Branca<br>Orienta\u00e7\u00e3o: Prof. Dr. Jos\u00e9 Miguel Arias Neto<\/p>\n\n\n\n<p><strong>Espa\u00e7o, forma e mem\u00f3ria: montando narrativas visuais<\/strong><br>Autores: Luana Louise Pimentel, Mateus Bueno Bonin e Matheus da Rosa Torres<br>Orienta\u00e7\u00e3o: Laureci Silvana Cardoso<\/p>\n\n\n\n<div style=\"height:100px\" aria-hidden=\"true\" class=\"wp-block-spacer\"><\/div>\n\n\n\n<figure class=\"wp-block-gallery has-nested-images columns-default is-cropped wp-block-gallery-2 is-layout-flex wp-block-gallery-is-layout-flex\">\n<figure class=\"wp-block-image size-large\"><img loading=\"lazy\" decoding=\"async\" width=\"1024\" height=\"683\" data-id=\"2887\" src=\"https:\/\/sites.uel.br\/ndph\/wp-content\/uploads\/2025\/10\/IMG_3065-3-1024x683.jpg\" alt=\"\" class=\"wp-image-2887\" srcset=\"https:\/\/sites.uel.br\/ndph\/wp-content\/uploads\/2025\/10\/IMG_3065-3-1024x683.jpg 1024w, https:\/\/sites.uel.br\/ndph\/wp-content\/uploads\/2025\/10\/IMG_3065-3-300x200.jpg 300w, https:\/\/sites.uel.br\/ndph\/wp-content\/uploads\/2025\/10\/IMG_3065-3-768x512.jpg 768w, https:\/\/sites.uel.br\/ndph\/wp-content\/uploads\/2025\/10\/IMG_3065-3-1536x1024.jpg 1536w, https:\/\/sites.uel.br\/ndph\/wp-content\/uploads\/2025\/10\/IMG_3065-3-2048x1365.jpg 2048w\" sizes=\"auto, (max-width: 1024px) 100vw, 1024px\" \/><\/figure>\n\n\n\n<figure class=\"wp-block-image size-large\"><img loading=\"lazy\" decoding=\"async\" width=\"1024\" height=\"461\" data-id=\"2883\" src=\"https:\/\/sites.uel.br\/ndph\/wp-content\/uploads\/2025\/10\/WhatsApp-Image-2025-10-04-at-11.47.31-3-1024x461.jpeg\" alt=\"\" class=\"wp-image-2883\" srcset=\"https:\/\/sites.uel.br\/ndph\/wp-content\/uploads\/2025\/10\/WhatsApp-Image-2025-10-04-at-11.47.31-3-1024x461.jpeg 1024w, https:\/\/sites.uel.br\/ndph\/wp-content\/uploads\/2025\/10\/WhatsApp-Image-2025-10-04-at-11.47.31-3-300x135.jpeg 300w, https:\/\/sites.uel.br\/ndph\/wp-content\/uploads\/2025\/10\/WhatsApp-Image-2025-10-04-at-11.47.31-3-768x346.jpeg 768w, https:\/\/sites.uel.br\/ndph\/wp-content\/uploads\/2025\/10\/WhatsApp-Image-2025-10-04-at-11.47.31-3-1536x692.jpeg 1536w, https:\/\/sites.uel.br\/ndph\/wp-content\/uploads\/2025\/10\/WhatsApp-Image-2025-10-04-at-11.47.31-3.jpeg 1600w\" sizes=\"auto, (max-width: 1024px) 100vw, 1024px\" \/><\/figure>\n\n\n\n<figure class=\"wp-block-image size-large\"><img loading=\"lazy\" decoding=\"async\" width=\"1024\" height=\"683\" data-id=\"2888\" src=\"https:\/\/sites.uel.br\/ndph\/wp-content\/uploads\/2025\/10\/IMG_3098-3-1024x683.jpg\" alt=\"\" class=\"wp-image-2888\" srcset=\"https:\/\/sites.uel.br\/ndph\/wp-content\/uploads\/2025\/10\/IMG_3098-3-1024x683.jpg 1024w, https:\/\/sites.uel.br\/ndph\/wp-content\/uploads\/2025\/10\/IMG_3098-3-300x200.jpg 300w, https:\/\/sites.uel.br\/ndph\/wp-content\/uploads\/2025\/10\/IMG_3098-3-768x512.jpg 768w, https:\/\/sites.uel.br\/ndph\/wp-content\/uploads\/2025\/10\/IMG_3098-3-1536x1024.jpg 1536w, https:\/\/sites.uel.br\/ndph\/wp-content\/uploads\/2025\/10\/IMG_3098-3-2048x1365.jpg 2048w\" sizes=\"auto, (max-width: 1024px) 100vw, 1024px\" \/><\/figure>\n\n\n\n<figure class=\"wp-block-image size-large\"><img loading=\"lazy\" decoding=\"async\" width=\"1024\" height=\"683\" data-id=\"2886\" src=\"https:\/\/sites.uel.br\/ndph\/wp-content\/uploads\/2025\/10\/IMG_3122-3-1024x683.jpg\" alt=\"\" class=\"wp-image-2886\" srcset=\"https:\/\/sites.uel.br\/ndph\/wp-content\/uploads\/2025\/10\/IMG_3122-3-1024x683.jpg 1024w, https:\/\/sites.uel.br\/ndph\/wp-content\/uploads\/2025\/10\/IMG_3122-3-300x200.jpg 300w, https:\/\/sites.uel.br\/ndph\/wp-content\/uploads\/2025\/10\/IMG_3122-3-768x512.jpg 768w, https:\/\/sites.uel.br\/ndph\/wp-content\/uploads\/2025\/10\/IMG_3122-3-1536x1024.jpg 1536w, https:\/\/sites.uel.br\/ndph\/wp-content\/uploads\/2025\/10\/IMG_3122-3-2048x1365.jpg 2048w\" sizes=\"auto, (max-width: 1024px) 100vw, 1024px\" \/><\/figure>\n\n\n\n<figure class=\"wp-block-image size-large\"><img loading=\"lazy\" decoding=\"async\" width=\"1024\" height=\"683\" data-id=\"2884\" src=\"https:\/\/sites.uel.br\/ndph\/wp-content\/uploads\/2025\/10\/IMG_3085-1024x683.jpg\" alt=\"\" class=\"wp-image-2884\" srcset=\"https:\/\/sites.uel.br\/ndph\/wp-content\/uploads\/2025\/10\/IMG_3085-1024x683.jpg 1024w, https:\/\/sites.uel.br\/ndph\/wp-content\/uploads\/2025\/10\/IMG_3085-300x200.jpg 300w, https:\/\/sites.uel.br\/ndph\/wp-content\/uploads\/2025\/10\/IMG_3085-768x512.jpg 768w, https:\/\/sites.uel.br\/ndph\/wp-content\/uploads\/2025\/10\/IMG_3085-1536x1024.jpg 1536w, https:\/\/sites.uel.br\/ndph\/wp-content\/uploads\/2025\/10\/IMG_3085-2048x1365.jpg 2048w\" sizes=\"auto, (max-width: 1024px) 100vw, 1024px\" \/><\/figure>\n\n\n\n<figure class=\"wp-block-image size-large\"><img loading=\"lazy\" decoding=\"async\" width=\"1024\" height=\"683\" data-id=\"2885\" src=\"https:\/\/sites.uel.br\/ndph\/wp-content\/uploads\/2025\/10\/IMG_3086-1024x683.jpg\" alt=\"\" class=\"wp-image-2885\" srcset=\"https:\/\/sites.uel.br\/ndph\/wp-content\/uploads\/2025\/10\/IMG_3086-1024x683.jpg 1024w, https:\/\/sites.uel.br\/ndph\/wp-content\/uploads\/2025\/10\/IMG_3086-300x200.jpg 300w, https:\/\/sites.uel.br\/ndph\/wp-content\/uploads\/2025\/10\/IMG_3086-768x512.jpg 768w, https:\/\/sites.uel.br\/ndph\/wp-content\/uploads\/2025\/10\/IMG_3086-1536x1024.jpg 1536w, https:\/\/sites.uel.br\/ndph\/wp-content\/uploads\/2025\/10\/IMG_3086-2048x1365.jpg 2048w\" sizes=\"auto, (max-width: 1024px) 100vw, 1024px\" \/><\/figure>\n<\/figure>\n\n\n\n<p>No dia 02 de outubro os estagi\u00e1rios do NDPH apresentaram trabalhos desenvolvidos ao longo de seus est\u00e1gios, e puderam compartilhar suas experi\u00eancias, detalhar as atividades realizadas e refletirem sobre os fundos documentais com os quais atuam. Foi uma oportunidade valiosa de aprendizado, troca e visibilidade para as a\u00e7\u00f5es desenvolvidas no NDPH!<\/p>\n\n\n\n<div style=\"height:40px\" aria-hidden=\"true\" class=\"wp-block-spacer\"><\/div>\n\n\n\n<h4 class=\"wp-block-heading\">Os trabalhos apresentados foram: <\/h4>\n\n\n\n<p><strong>Aplica\u00e7\u00f5es da gest\u00e3o documental em empresas do setor privado: concep\u00e7\u00f5es relacionadas \u00e0s opera\u00e7\u00f5es arquiv\u00edsticas da empresa de benef\u00edcios Neopax<\/strong><br>Autor: Davi Soletti Bohn<\/p>\n\n\n\n<div style=\"height:15px\" aria-hidden=\"true\" class=\"wp-block-spacer\"><\/div>\n\n\n\n<p><strong>Do Teatro de Londrina para o mundo: an\u00e1lise do Fundo Proteu no N\u00facleo de Documenta\u00e7\u00e3o e Pesquisa Hist\u00f3rica Eneliza de Lima e a influ\u00eancia do grupo nas artes<br>c\u00eanicas<\/strong><br>Autoras: Luana Louise Pimentel e Maria Luiza Munhoz de Freitas dos Santos<\/p>\n\n\n\n<div style=\"height:15px\" aria-hidden=\"true\" class=\"wp-block-spacer\"><\/div>\n\n\n\n<p><strong>Luta Sindical e mem\u00f3ria docente do norte do Paran\u00e1: uma an\u00e1lise do acervo do Sindicato dos Professores de Londrina<\/strong><\/p>\n\n\n\n<p>Autores: Amanda Antunes Ferreira e Mateus Bueno Bonin<\/p>\n\n\n\n<div style=\"height:15px\" aria-hidden=\"true\" class=\"wp-block-spacer\"><\/div>\n\n\n\n<p><strong>A reorganiza\u00e7\u00e3o do acervo bibliogr\u00e1fico do N\u00facleo de Documenta\u00e7\u00e3o e Pesquisa Hist\u00f3rica Enezila de Lima<\/strong><\/p>\n\n\n\n<p>Autores: Matheus da Rosa Torres e Rafael Fernandes Perrenoud Branca<\/p>\n\n\n\n<div style=\"height:60px\" aria-hidden=\"true\" class=\"wp-block-spacer\"><\/div>\n\n\n\n<figure class=\"wp-block-gallery has-nested-images columns-default is-cropped wp-block-gallery-3 is-layout-flex wp-block-gallery-is-layout-flex\">\n<figure class=\"wp-block-image size-large\"><img loading=\"lazy\" decoding=\"async\" width=\"1024\" height=\"683\" data-id=\"2879\" src=\"https:\/\/sites.uel.br\/ndph\/wp-content\/uploads\/2025\/10\/IMG_3150-1024x683.jpg\" alt=\"\" class=\"wp-image-2879\" srcset=\"https:\/\/sites.uel.br\/ndph\/wp-content\/uploads\/2025\/10\/IMG_3150-1024x683.jpg 1024w, https:\/\/sites.uel.br\/ndph\/wp-content\/uploads\/2025\/10\/IMG_3150-300x200.jpg 300w, https:\/\/sites.uel.br\/ndph\/wp-content\/uploads\/2025\/10\/IMG_3150-768x512.jpg 768w, https:\/\/sites.uel.br\/ndph\/wp-content\/uploads\/2025\/10\/IMG_3150-1536x1024.jpg 1536w, https:\/\/sites.uel.br\/ndph\/wp-content\/uploads\/2025\/10\/IMG_3150-2048x1365.jpg 2048w\" sizes=\"auto, (max-width: 1024px) 100vw, 1024px\" \/><\/figure>\n\n\n\n<figure class=\"wp-block-image size-large\"><img loading=\"lazy\" decoding=\"async\" width=\"1024\" height=\"683\" data-id=\"2882\" src=\"https:\/\/sites.uel.br\/ndph\/wp-content\/uploads\/2025\/10\/IMG_3164-1024x683.jpg\" alt=\"\" class=\"wp-image-2882\" srcset=\"https:\/\/sites.uel.br\/ndph\/wp-content\/uploads\/2025\/10\/IMG_3164-1024x683.jpg 1024w, https:\/\/sites.uel.br\/ndph\/wp-content\/uploads\/2025\/10\/IMG_3164-300x200.jpg 300w, https:\/\/sites.uel.br\/ndph\/wp-content\/uploads\/2025\/10\/IMG_3164-768x512.jpg 768w, https:\/\/sites.uel.br\/ndph\/wp-content\/uploads\/2025\/10\/IMG_3164-1536x1024.jpg 1536w, https:\/\/sites.uel.br\/ndph\/wp-content\/uploads\/2025\/10\/IMG_3164-2048x1365.jpg 2048w\" sizes=\"auto, (max-width: 1024px) 100vw, 1024px\" \/><\/figure>\n\n\n\n<figure class=\"wp-block-image size-large\"><img loading=\"lazy\" decoding=\"async\" width=\"1024\" height=\"683\" data-id=\"2881\" src=\"https:\/\/sites.uel.br\/ndph\/wp-content\/uploads\/2025\/10\/IMG_3172-1024x683.jpg\" alt=\"\" class=\"wp-image-2881\" srcset=\"https:\/\/sites.uel.br\/ndph\/wp-content\/uploads\/2025\/10\/IMG_3172-1024x683.jpg 1024w, https:\/\/sites.uel.br\/ndph\/wp-content\/uploads\/2025\/10\/IMG_3172-300x200.jpg 300w, https:\/\/sites.uel.br\/ndph\/wp-content\/uploads\/2025\/10\/IMG_3172-768x512.jpg 768w, https:\/\/sites.uel.br\/ndph\/wp-content\/uploads\/2025\/10\/IMG_3172-1536x1024.jpg 1536w, https:\/\/sites.uel.br\/ndph\/wp-content\/uploads\/2025\/10\/IMG_3172-2048x1365.jpg 2048w\" sizes=\"auto, (max-width: 1024px) 100vw, 1024px\" \/><\/figure>\n\n\n\n<figure class=\"wp-block-image size-large\"><img loading=\"lazy\" decoding=\"async\" width=\"1024\" height=\"683\" data-id=\"2880\" src=\"https:\/\/sites.uel.br\/ndph\/wp-content\/uploads\/2025\/10\/IMG_3174-1024x683.jpg\" alt=\"\" class=\"wp-image-2880\" srcset=\"https:\/\/sites.uel.br\/ndph\/wp-content\/uploads\/2025\/10\/IMG_3174-1024x683.jpg 1024w, https:\/\/sites.uel.br\/ndph\/wp-content\/uploads\/2025\/10\/IMG_3174-300x200.jpg 300w, https:\/\/sites.uel.br\/ndph\/wp-content\/uploads\/2025\/10\/IMG_3174-768x512.jpg 768w, https:\/\/sites.uel.br\/ndph\/wp-content\/uploads\/2025\/10\/IMG_3174-1536x1024.jpg 1536w, https:\/\/sites.uel.br\/ndph\/wp-content\/uploads\/2025\/10\/IMG_3174-2048x1365.jpg 2048w\" sizes=\"auto, (max-width: 1024px) 100vw, 1024px\" \/><\/figure>\n\n\n\n<figure class=\"wp-block-image size-large\"><img loading=\"lazy\" decoding=\"async\" width=\"1024\" height=\"683\" data-id=\"2878\" src=\"https:\/\/sites.uel.br\/ndph\/wp-content\/uploads\/2025\/10\/IMG_3148-1024x683.jpg\" alt=\"\" class=\"wp-image-2878\" srcset=\"https:\/\/sites.uel.br\/ndph\/wp-content\/uploads\/2025\/10\/IMG_3148-1024x683.jpg 1024w, https:\/\/sites.uel.br\/ndph\/wp-content\/uploads\/2025\/10\/IMG_3148-300x200.jpg 300w, https:\/\/sites.uel.br\/ndph\/wp-content\/uploads\/2025\/10\/IMG_3148-768x512.jpg 768w, https:\/\/sites.uel.br\/ndph\/wp-content\/uploads\/2025\/10\/IMG_3148-1536x1024.jpg 1536w, https:\/\/sites.uel.br\/ndph\/wp-content\/uploads\/2025\/10\/IMG_3148-2048x1365.jpg 2048w\" sizes=\"auto, (max-width: 1024px) 100vw, 1024px\" \/><\/figure>\n\n\n\n<figure class=\"wp-block-image size-large\"><img loading=\"lazy\" decoding=\"async\" width=\"1024\" height=\"683\" data-id=\"2876\" src=\"https:\/\/sites.uel.br\/ndph\/wp-content\/uploads\/2025\/10\/IMG_3181-1024x683.jpg\" alt=\"\" class=\"wp-image-2876\" srcset=\"https:\/\/sites.uel.br\/ndph\/wp-content\/uploads\/2025\/10\/IMG_3181-1024x683.jpg 1024w, https:\/\/sites.uel.br\/ndph\/wp-content\/uploads\/2025\/10\/IMG_3181-300x200.jpg 300w, https:\/\/sites.uel.br\/ndph\/wp-content\/uploads\/2025\/10\/IMG_3181-768x512.jpg 768w, https:\/\/sites.uel.br\/ndph\/wp-content\/uploads\/2025\/10\/IMG_3181-1536x1024.jpg 1536w, https:\/\/sites.uel.br\/ndph\/wp-content\/uploads\/2025\/10\/IMG_3181-2048x1365.jpg 2048w\" sizes=\"auto, (max-width: 1024px) 100vw, 1024px\" \/><\/figure>\n<\/figure>\n\n\n\n<p>Mesa-redonda realizada no dia 02 de outubro durante o II Encontro Paranaense de Museus e Centros de Documenta\u00e7\u00e3o Universit\u00e1rios, com o tema \u201cPrecisamos de Arquivos e de CEDOCs? Por qu\u00ea? Para qu\u00ea?\u201d contou com a participa\u00e7\u00e3o do nosso diretor, Jos\u00e9 Miguel Arias Neto (NDPH\/UEL), Julio Franco (CEDOC-Irati), Talita Molina (Unicentro) e Fabiane Bergmann (Arquivo P\u00fablico), com media\u00e7\u00e3o de Jo Klanovicz (Unicentro). A conversa destacou a import\u00e2ncia dos arquivos e centros de documenta\u00e7\u00e3o para a preserva\u00e7\u00e3o da mem\u00f3ria, a produ\u00e7\u00e3o do conhecimento e o fortalecimento das universidades p\u00fablicas.<\/p>\n\n\n\n<p><\/p>\n","protected":false},"excerpt":{"rendered":"<p>Entre os dias 29 de setembro e 03 de outubro de 2025, ocorreu na cidade de Guarapuava-PR o Paran\u00e1 Faz Ci\u00eancia, evento que re\u00fane mostra de projetos de pesquisa e cultura das institui\u00e7\u00f5es de ensino superior de todo o estado. Concomitante ao evento, ocorreu o II Encontro Paranaense de Museus e Centros de Documenta\u00e7\u00e3o Universit\u00e1rios, [&hellip;]<\/p>\n","protected":false},"author":6,"featured_media":0,"parent":0,"menu_order":0,"comment_status":"closed","ping_status":"closed","template":"","meta":{"footnotes":""},"class_list":["post-2858","page","type-page","status-publish","hentry"],"acf":[],"_links":{"self":[{"href":"https:\/\/sites.uel.br\/ndph\/wp-json\/wp\/v2\/pages\/2858","targetHints":{"allow":["GET"]}}],"collection":[{"href":"https:\/\/sites.uel.br\/ndph\/wp-json\/wp\/v2\/pages"}],"about":[{"href":"https:\/\/sites.uel.br\/ndph\/wp-json\/wp\/v2\/types\/page"}],"author":[{"embeddable":true,"href":"https:\/\/sites.uel.br\/ndph\/wp-json\/wp\/v2\/users\/6"}],"replies":[{"embeddable":true,"href":"https:\/\/sites.uel.br\/ndph\/wp-json\/wp\/v2\/comments?post=2858"}],"version-history":[{"count":7,"href":"https:\/\/sites.uel.br\/ndph\/wp-json\/wp\/v2\/pages\/2858\/revisions"}],"predecessor-version":[{"id":2912,"href":"https:\/\/sites.uel.br\/ndph\/wp-json\/wp\/v2\/pages\/2858\/revisions\/2912"}],"wp:attachment":[{"href":"https:\/\/sites.uel.br\/ndph\/wp-json\/wp\/v2\/media?parent=2858"}],"curies":[{"name":"wp","href":"https:\/\/api.w.org\/{rel}","templated":true}]}}