{"id":2733,"date":"2025-06-02T15:17:47","date_gmt":"2025-06-02T18:17:47","guid":{"rendered":"https:\/\/sites.uel.br\/ndph\/?page_id=2733"},"modified":"2026-01-28T13:51:44","modified_gmt":"2026-01-28T16:51:44","slug":"uel-55-anos","status":"publish","type":"page","link":"https:\/\/sites.uel.br\/ndph\/uel-55-anos\/","title":{"rendered":"UEL 55 Anos"},"content":{"rendered":"\n<figure class=\"wp-block-embed is-type-video is-provider-youtube wp-block-embed-youtube wp-embed-aspect-16-9 wp-has-aspect-ratio\"><div class=\"wp-block-embed__wrapper\">\n<iframe loading=\"lazy\" title=\"A INTERNACIONALIZA\u00c7\u00c3O DA UEL! Podcast Marc\u00e3o Kareca #182\" width=\"640\" height=\"360\" src=\"https:\/\/www.youtube.com\/embed\/AFQQN9Ak2Ng?feature=oembed\" frameborder=\"0\" allow=\"accelerometer; autoplay; clipboard-write; encrypted-media; gyroscope; picture-in-picture; web-share\" referrerpolicy=\"strict-origin-when-cross-origin\" allowfullscreen><\/iframe>\n<\/div><\/figure>\n\n\n\n<figure class=\"wp-block-embed is-type-video is-provider-youtube wp-block-embed-youtube wp-embed-aspect-16-9 wp-has-aspect-ratio\"><div class=\"wp-block-embed__wrapper\">\n<iframe loading=\"lazy\" title=\"Humanidades, Ci\u00eancia e Tecnologia! Podcast Marc\u00e3o Kareca #176\" width=\"640\" height=\"360\" src=\"https:\/\/www.youtube.com\/embed\/2Eerf5Jz6aI?feature=oembed\" frameborder=\"0\" allow=\"accelerometer; autoplay; clipboard-write; encrypted-media; gyroscope; picture-in-picture; web-share\" referrerpolicy=\"strict-origin-when-cross-origin\" allowfullscreen><\/iframe>\n<\/div><\/figure>\n\n\n\n<figure class=\"wp-block-embed is-type-video is-provider-youtube wp-block-embed-youtube wp-embed-aspect-16-9 wp-has-aspect-ratio\"><div class=\"wp-block-embed__wrapper\">\n<iframe loading=\"lazy\" title=\"As Transforma\u00e7\u00f5es Contempor\u00e2neas: As Pol\u00edticas Inclusivas e Afirmativas! Podcast Marc\u00e3o Kareca #173\" width=\"640\" height=\"360\" src=\"https:\/\/www.youtube.com\/embed\/0PvN1KPhpww?feature=oembed\" frameborder=\"0\" allow=\"accelerometer; autoplay; clipboard-write; encrypted-media; gyroscope; picture-in-picture; web-share\" referrerpolicy=\"strict-origin-when-cross-origin\" allowfullscreen><\/iframe>\n<\/div><\/figure>\n\n\n\n<figure class=\"wp-block-embed is-type-video is-provider-youtube wp-block-embed-youtube wp-embed-aspect-16-9 wp-has-aspect-ratio\"><div class=\"wp-block-embed__wrapper\">\n<iframe loading=\"lazy\" title=\"A UEL e o desenvolvimento de Londrina e do Norte do Paran\u00e1! Podcast Marc\u00e3o Kareca #170\" width=\"640\" height=\"360\" src=\"https:\/\/www.youtube.com\/embed\/l33SK4xG_B8?feature=oembed\" frameborder=\"0\" allow=\"accelerometer; autoplay; clipboard-write; encrypted-media; gyroscope; picture-in-picture; web-share\" referrerpolicy=\"strict-origin-when-cross-origin\" allowfullscreen><\/iframe>\n<\/div><\/figure>\n\n\n\n<figure class=\"wp-block-embed is-type-video is-provider-youtube wp-block-embed-youtube wp-embed-aspect-16-9 wp-has-aspect-ratio\"><div class=\"wp-block-embed__wrapper\">\n<iframe loading=\"lazy\" title=\"Movimento Estudantil e Movimento Docente da UEL! Podcast Marc\u00e3o Kareca #164\" width=\"640\" height=\"360\" src=\"https:\/\/www.youtube.com\/embed\/D9LXYZm7Fps?feature=oembed\" frameborder=\"0\" allow=\"accelerometer; autoplay; clipboard-write; encrypted-media; gyroscope; picture-in-picture; web-share\" referrerpolicy=\"strict-origin-when-cross-origin\" allowfullscreen><\/iframe>\n<\/div><\/figure>\n\n\n\n<figure class=\"wp-block-embed is-type-video is-provider-youtube wp-block-embed-youtube wp-embed-aspect-16-9 wp-has-aspect-ratio\"><div class=\"wp-block-embed__wrapper\">\n<iframe loading=\"lazy\" title=\"ARTES NA UEL! PODCAST MARC\u00c3O KARECA #159\" width=\"640\" height=\"360\" src=\"https:\/\/www.youtube.com\/embed\/Fk5tgpXw7Uc?feature=oembed\" frameborder=\"0\" allow=\"accelerometer; autoplay; clipboard-write; encrypted-media; gyroscope; picture-in-picture; web-share\" referrerpolicy=\"strict-origin-when-cross-origin\" allowfullscreen><\/iframe>\n<\/div><\/figure>\n\n\n\n<figure class=\"wp-block-embed is-type-video is-provider-youtube wp-block-embed-youtube wp-embed-aspect-16-9 wp-has-aspect-ratio\"><div class=\"wp-block-embed__wrapper\">\n<iframe loading=\"lazy\" title=\"PROJETO TEATRO EXPERIMENTAL DA UEL (PROTEU)! PODCAST MARC\u00c3O KARECA #154\" width=\"640\" height=\"360\" src=\"https:\/\/www.youtube.com\/embed\/xo8aIwJ9mCM?feature=oembed\" frameborder=\"0\" allow=\"accelerometer; autoplay; clipboard-write; encrypted-media; gyroscope; picture-in-picture; web-share\" referrerpolicy=\"strict-origin-when-cross-origin\" allowfullscreen><\/iframe>\n<\/div><\/figure>\n\n\n\n<figure class=\"wp-block-embed is-type-video is-provider-youtube wp-block-embed-youtube wp-embed-aspect-16-9 wp-has-aspect-ratio\"><div class=\"wp-block-embed__wrapper\">\n<iframe loading=\"lazy\" title=\"A UEL no Contexto da Redemocratiza\u00e7\u00e3o! Podcast Marc\u00e3o Kareca #151\" width=\"640\" height=\"360\" src=\"https:\/\/www.youtube.com\/embed\/0lcFP1Hhfbw?feature=oembed\" frameborder=\"0\" allow=\"accelerometer; autoplay; clipboard-write; encrypted-media; gyroscope; picture-in-picture; web-share\" referrerpolicy=\"strict-origin-when-cross-origin\" allowfullscreen><\/iframe>\n<\/div><\/figure>\n\n\n\n<figure class=\"wp-block-embed is-type-video is-provider-youtube wp-block-embed-youtube wp-embed-aspect-16-9 wp-has-aspect-ratio\"><div class=\"wp-block-embed__wrapper\">\n<iframe loading=\"lazy\" title=\"55 Anos da UEL! Podcast Marc\u00e3o Kareca #148\" width=\"640\" height=\"360\" src=\"https:\/\/www.youtube.com\/embed\/WuCwRnnP_6I?start=3379&#038;feature=oembed\" frameborder=\"0\" allow=\"accelerometer; autoplay; clipboard-write; encrypted-media; gyroscope; picture-in-picture; web-share\" referrerpolicy=\"strict-origin-when-cross-origin\" allowfullscreen><\/iframe>\n<\/div><\/figure>\n","protected":false},"excerpt":{"rendered":"","protected":false},"author":6,"featured_media":0,"parent":0,"menu_order":0,"comment_status":"closed","ping_status":"closed","template":"","meta":{"footnotes":""},"class_list":["post-2733","page","type-page","status-publish","hentry"],"acf":[],"_links":{"self":[{"href":"https:\/\/sites.uel.br\/ndph\/wp-json\/wp\/v2\/pages\/2733","targetHints":{"allow":["GET"]}}],"collection":[{"href":"https:\/\/sites.uel.br\/ndph\/wp-json\/wp\/v2\/pages"}],"about":[{"href":"https:\/\/sites.uel.br\/ndph\/wp-json\/wp\/v2\/types\/page"}],"author":[{"embeddable":true,"href":"https:\/\/sites.uel.br\/ndph\/wp-json\/wp\/v2\/users\/6"}],"replies":[{"embeddable":true,"href":"https:\/\/sites.uel.br\/ndph\/wp-json\/wp\/v2\/comments?post=2733"}],"version-history":[{"count":9,"href":"https:\/\/sites.uel.br\/ndph\/wp-json\/wp\/v2\/pages\/2733\/revisions"}],"predecessor-version":[{"id":2990,"href":"https:\/\/sites.uel.br\/ndph\/wp-json\/wp\/v2\/pages\/2733\/revisions\/2990"}],"wp:attachment":[{"href":"https:\/\/sites.uel.br\/ndph\/wp-json\/wp\/v2\/media?parent=2733"}],"curies":[{"name":"wp","href":"https:\/\/api.w.org\/{rel}","templated":true}]}}