{"id":2608,"date":"2025-05-14T20:38:33","date_gmt":"2025-05-14T23:38:33","guid":{"rendered":"https:\/\/sites.uel.br\/ndph\/?page_id=2608"},"modified":"2025-05-19T16:56:24","modified_gmt":"2025-05-19T19:56:24","slug":"9a-semana-nacional-de-arquivos-inscricoes","status":"publish","type":"page","link":"https:\/\/sites.uel.br\/ndph\/9a-semana-nacional-de-arquivos-inscricoes\/","title":{"rendered":"9\u00aa Semana Nacional de Arquivos \u2013 Inscri\u00e7\u00f5es"},"content":{"rendered":"\n<div style=\"height:40px\" aria-hidden=\"true\" class=\"wp-block-spacer\"><\/div>\n\n\n\n<h3 class=\"wp-block-heading\"><strong>Cronograma<\/strong><\/h3>\n\n\n\n<div style=\"height:30px\" aria-hidden=\"true\" class=\"wp-block-spacer\"><\/div>\n\n\n\n<p>Inscri\u00e7\u00f5es como participante: 19 a 30 de maio de 2025<\/p>\n\n\n\n<p>Inscri\u00e7\u00f5es como apresentador de trabalho: 19 a 30 de maio de 2025<\/p>\n\n\n\n<div style=\"height:50px\" aria-hidden=\"true\" class=\"wp-block-spacer\"><\/div>\n\n\n\n<div class=\"wp-block-buttons is-content-justification-center is-layout-flex wp-container-core-buttons-is-layout-16018d1d wp-block-buttons-is-layout-flex\">\n<div class=\"wp-block-button\"><a class=\"wp-block-button__link has-text-align-center wp-element-button\" href=\"http:\/\/www.uel.br\/eventos\/sigec\/?id=10678\" target=\"_blank\" rel=\"noreferrer noopener\">Inscri\u00e7\u00f5es gratuitas<\/a><\/div>\n<\/div>\n\n\n\n<div style=\"height:50px\" aria-hidden=\"true\" class=\"wp-block-spacer\"><\/div>\n\n\n\n<h3 class=\"wp-block-heading\"><strong>Instru\u00e7\u00f5es<\/strong><\/h3>\n\n\n\n<div style=\"height:30px\" aria-hidden=\"true\" class=\"wp-block-spacer\"><\/div>\n\n\n\n<p><strong>Titula\u00e7\u00e3o m\u00ednima<\/strong><\/p>\n\n\n\n<p>Apresentadoras\/es de trabalho em Sess\u00f5es de trabalhos podem estar em todos os n\u00edveis acad\u00eamicos com at\u00e9 uma coautoria, com a ressalva de que graduandos devem inscrever os seus trabalhos com a chancela dos orientadores\/supervisores.<\/p>\n\n\n\n<div style=\"height:30px\" aria-hidden=\"true\" class=\"wp-block-spacer\"><\/div>\n\n\n\n<p><strong>Eixos de trabalhos<\/strong><\/p>\n\n\n\n<p>Trabalhos na 9\u00aa Semana Nacional de Arquivos devem abordar necessariamente um dos seguintes eixos:<\/p>\n\n\n\n<ul class=\"wp-block-list\">\n<li>Pesquisas que tomem os Arquivos\/CEDOCs como objeto de an\u00e1lise;<\/li>\n\n\n\n<li>Experi\u00eancias com organiza\u00e7\u00e3o de acervos em Arquivos\/CEDOCs;<\/li>\n\n\n\n<li>Experiencias de pesquisadores como usu\u00e1rios de Arquivos\/CEDOCs.<\/li>\n<\/ul>\n\n\n\n<p>A comiss\u00e3o cient\u00edfica do evento selecionar\u00e1 32 trabalhos para apresenta\u00e7\u00e3o.<\/p>\n\n\n\n<div style=\"height:30px\" aria-hidden=\"true\" class=\"wp-block-spacer\"><\/div>\n\n\n\n<p><strong>Envio de Resumo:<\/strong><\/p>\n\n\n\n<p>Envio no formato PDF, conforme modelo abaixo:<\/p>\n\n\n\n<div style=\"height:30px\" aria-hidden=\"true\" class=\"wp-block-spacer\"><\/div>\n\n\n\n<div class=\"wp-block-buttons is-layout-flex wp-block-buttons-is-layout-flex\">\n<div class=\"wp-block-button\"><a class=\"wp-block-button__link wp-element-button\" href=\"https:\/\/sites.uel.br\/ndph\/wp-content\/uploads\/2025\/05\/Orientacoes-para-submissao-de-trabalho-SNA.pdf\" target=\"_blank\" rel=\"noreferrer noopener\">Modelo de Resumo<\/a><\/div>\n<\/div>\n\n\n\n<p><\/p>\n","protected":false},"excerpt":{"rendered":"<p>Cronograma Inscri\u00e7\u00f5es como participante: 19 a 30 de maio de 2025 Inscri\u00e7\u00f5es como apresentador de trabalho: 19 a 30 de maio de 2025 Instru\u00e7\u00f5es Titula\u00e7\u00e3o m\u00ednima Apresentadoras\/es de trabalho em Sess\u00f5es de trabalhos podem estar em todos os n\u00edveis acad\u00eamicos com at\u00e9 uma coautoria, com a ressalva de que graduandos devem inscrever os seus trabalhos [&hellip;]<\/p>\n","protected":false},"author":6,"featured_media":0,"parent":0,"menu_order":0,"comment_status":"closed","ping_status":"closed","template":"","meta":{"footnotes":""},"class_list":["post-2608","page","type-page","status-publish","hentry"],"acf":[],"_links":{"self":[{"href":"https:\/\/sites.uel.br\/ndph\/wp-json\/wp\/v2\/pages\/2608","targetHints":{"allow":["GET"]}}],"collection":[{"href":"https:\/\/sites.uel.br\/ndph\/wp-json\/wp\/v2\/pages"}],"about":[{"href":"https:\/\/sites.uel.br\/ndph\/wp-json\/wp\/v2\/types\/page"}],"author":[{"embeddable":true,"href":"https:\/\/sites.uel.br\/ndph\/wp-json\/wp\/v2\/users\/6"}],"replies":[{"embeddable":true,"href":"https:\/\/sites.uel.br\/ndph\/wp-json\/wp\/v2\/comments?post=2608"}],"version-history":[{"count":7,"href":"https:\/\/sites.uel.br\/ndph\/wp-json\/wp\/v2\/pages\/2608\/revisions"}],"predecessor-version":[{"id":2646,"href":"https:\/\/sites.uel.br\/ndph\/wp-json\/wp\/v2\/pages\/2608\/revisions\/2646"}],"wp:attachment":[{"href":"https:\/\/sites.uel.br\/ndph\/wp-json\/wp\/v2\/media?parent=2608"}],"curies":[{"name":"wp","href":"https:\/\/api.w.org\/{rel}","templated":true}]}}