{"id":2597,"date":"2025-05-14T18:46:17","date_gmt":"2025-05-14T21:46:17","guid":{"rendered":"https:\/\/sites.uel.br\/ndph\/?page_id=2597"},"modified":"2025-05-26T20:13:00","modified_gmt":"2025-05-26T23:13:00","slug":"9a-semana-nacional-de-arquivos-organizacao-e-contato","status":"publish","type":"page","link":"https:\/\/sites.uel.br\/ndph\/9a-semana-nacional-de-arquivos-organizacao-e-contato\/","title":{"rendered":"9\u00aa Semana Nacional de Arquivos \u2013 Organiza\u00e7\u00e3o e Contato"},"content":{"rendered":"\n<p><\/p>\n\n\n\n<h3 class=\"wp-block-heading\">Comiss\u00e3o Organizadora:<\/h3>\n\n\n\n<p>Alberto Alexandre Schmitz II \u2013 CEDOC LGBTI+<\/p>\n\n\n\n<p>Alisson Gon\u00e7alves \u2013 CEDOC LGBTI+<\/p>\n\n\n\n<p>Ana Cl\u00e1udia Gomes Paula \u2013 CEPEDAL\/UNIOESTE<\/p>\n\n\n\n<p>Ana Paula Ansolin \u2013 CEDOC- Irati\/ UNICENTRO<\/p>\n\n\n\n<p>Beatriz Rodrigues Cunha \u2013 CEDHIS\/UENP<\/p>\n\n\n\n<p>Carla Luciana Souza da Silva \u2013 CEPEDAL\/UNIOESTE<\/p>\n\n\n\n<p>Cla\u00e9rcio Ivan Schneider &#8211; CEPEDAL\/UNIOESTE<\/p>\n\n\n\n<p>Daniela Luiza Aprigio Luzano \u2013 CEPEDAL\/UNIOESTE<\/p>\n\n\n\n<p>Denilo Rodrigues de Oliveira \u2013 CEPEDAL\/UNIOESTE<\/p>\n\n\n\n<p>Eliza Ulhiach Soares \u2013 CEDOC- Irati\/ UNICENTRO<\/p>\n\n\n\n<p>Elizabeth Johansen \u2013 CDPH\/UEPG<\/p>\n\n\n\n<p>Isaac Martins de Oliveira \u2013 CEDOC- Irati\/ UNICENTRO<\/p>\n\n\n\n<p>Isabella Rizh da Silva &#8211; CDOC. H\/LITORAL&nbsp;\/UNESPAR<\/p>\n\n\n\n<p>Izabela de Paula Gomes \u2013 CEDOC LGBTI+<\/p>\n\n\n\n<p>Janete Leiko Tanno \u2013 CEDHIS\/UENP<\/p>\n\n\n\n<p>Jo\u00e3o Carlos Corso \u2013 CEDOC- Irati\/ UNICENTRO<\/p>\n\n\n\n<p>Jose Miguel Arias Neto \u2013 NDPH- Enezila de Lima\/ UEL<\/p>\n\n\n\n<p>J\u00falio C\u00e9sar Franco &#8211; CEDOC- Irati\/ UNICENTRO<\/p>\n\n\n\n<p>Laureci Silvana Cardoso \u2013 NDPH- Enezila de Lima\/ UEL<\/p>\n\n\n\n<p>Liliane da Costa Freitag &#8211; CDOC. H\/LITORAL&nbsp;\/UNESPAR<\/p>\n\n\n\n<p>Luana Louise Pimentel \u2013 NDPH- Enezila de Lima\/ UEL<\/p>\n\n\n\n<p>Marcio Antonio Both da Silva \u2013 PROCDH\/UEM<\/p>\n\n\n\n<p>Marcos Nestor Stein CEPEDAL\/UNIOESTE<\/p>\n\n\n\n<p>Maria Luiza Munhoz de Freitas Dos Santos \u2013 NDPH- Enezila de Lima\/ UEL<\/p>\n\n\n\n<p>Mateus Bueno Bonin \u2013 NDPH- Enezila de Lima\/ UEL<\/p>\n\n\n\n<p>Matheus da Rosa Torres \u2013 NDPH- Enezila de Lima\/ UEL<\/p>\n\n\n\n<p>M\u00e1yna de Souza Maia \u2013 CEPEDAL\/UNIOESTE<\/p>\n\n\n\n<p>Mois\u00e9s Antiqueira &#8211; CEPEDAL\/UNIOESTE<\/p>\n\n\n\n<p>Rafael Fernandes Perrenoud Branca \u2013 NDPH- Enezila de Lima\/ UEL<\/p>\n\n\n\n<p>Reinaldo Santos Gabriel \u2013 NDPH- Enezila de Lima\/ UEL<\/p>\n\n\n\n<p>Rudolpho Schlumberger Netto&nbsp; \u2013 CEDOC- Irati\/ UNICENTRO<\/p>\n\n\n\n<p>Samara Ramos dos Santos \u2013 CEPEDAL\/UNIOESTE<\/p>\n\n\n\n<p>Selma Martins Duarte CEPEDAL\/UNIOESTE<\/p>\n\n\n\n<p>Stephanie Leticia Zorek Brandalise\u2013 CEDOC- Irati\/ UNICENTRO<\/p>\n\n\n\n<p>Terezinha Saldanha &#8211; CEDOC- Guarapuava\/ UNICENTRO<\/p>\n\n\n\n<p>Vanessa Cristina da Rosa Bueno \u2013 CEDOC LGBTI+<\/p>\n\n\n\n<p>Victor Hugo Amaral Martins \u2013 NDPH- Enezila de Lima\/ UEL<\/p>\n\n\n\n<div style=\"height:58px\" aria-hidden=\"true\" class=\"wp-block-spacer\"><\/div>\n\n\n\n<h3 class=\"wp-block-heading\">Comiss\u00e3o Cient\u00edfica:<\/h3>\n\n\n\n<p>Alberto Alexandre Schmitz II \u2013 CEDOC LGBTI+<\/p>\n\n\n\n<p>Alisson Gon\u00e7alves \u2013 CEDOC LGBTI+<\/p>\n\n\n\n<p>Carla Luciana Souza da Silva \u2013 CEPEDAL\/UNIOESTE<\/p>\n\n\n\n<p>Elizabeth Johansen \u2013 CDPH\/UEPG<\/p>\n\n\n\n<p>Janete Leiko Tanno \u2013 CEDHIS\/UENP<\/p>\n\n\n\n<p>Jo\u00e3o Carlos Corso \u2013 CEDOC- Irati\/ UNICENTRO<\/p>\n\n\n\n<p>Jose Miguel Arias Neto \u2013 NDPH- Enezila de Lima\/ UEL<\/p>\n\n\n\n<p>J\u00falio C\u00e9sar Franco &#8211; CEDOC- Irati\/ UNICENTRO<\/p>\n\n\n\n<p>Laureci Silvana Cardoso \u2013 NDPH- Enezila de Lima\/ UEL<\/p>\n\n\n\n<p>Liliane da Costa Freitag &#8211; CDOC. H\/LITORAL&nbsp;\/UNESPAR<\/p>\n\n\n\n<p>Marcio Antonio Both da Silva \u2013 PROCDH\/UEM<\/p>\n\n\n\n<p>Selma Martins Duarte CEPEDAL\/UNIOESTE<\/p>\n\n\n\n<p>Terezinha Saldanha &#8211; CEDOC- Guarapuava\/ UNICENTRO<\/p>\n\n\n\n<div style=\"height:60px\" aria-hidden=\"true\" class=\"wp-block-spacer\"><\/div>\n\n\n\n<h3 class=\"wp-block-heading\">Institui\u00e7\u00f5es Participantes<\/h3>\n\n\n\n<p><a href=\"https:\/\/www3.unicentro.br\/cedoci\/\" data-type=\"link\" data-id=\"https:\/\/www3.unicentro.br\/cedoci\/\" target=\"_blank\" rel=\"noreferrer noopener\">Centro de Documenta\u00e7\u00e3o e Mem\u00f3ria do Campus de Irati (CEDOC\/I-UNICENTRO)<\/a><\/p>\n\n\n\n<p><a href=\"https:\/\/www3.unicentro.br\/cedocg\/\" data-type=\"link\" data-id=\"https:\/\/www3.unicentro.br\/cedocg\/\" target=\"_blank\" rel=\"noreferrer noopener\">Centro de Documenta\u00e7\u00e3o e Mem\u00f3ria do Campus de Guarapuava (CEDOC\/G-UNICENTRO)<\/a><\/p>\n\n\n\n<p><a href=\"https:\/\/sites.uel.br\/ndph\/wp-content\/uploads\/2025\/05\/Apresentacao-CDPH-UEPG.pdf\" data-type=\"link\" data-id=\"https:\/\/sites.uel.br\/ndph\/wp-content\/uploads\/2025\/05\/Apresentacao-CDPH-UEPG.pdf\" target=\"_blank\" rel=\"noreferrer noopener\">Centro de Documenta\u00e7\u00e3o e Pesquisa em Hist\u00f3ria \u2013 DEHIS\/UEPG (CDPH-UEPG)<\/a><\/p>\n\n\n\n<p><a href=\"https:\/\/sites.uel.br\/ndph\/wp-content\/uploads\/2025\/05\/infos_CEDHIS.pdf\" data-type=\"link\" data-id=\"https:\/\/sites.uel.br\/ndph\/wp-content\/uploads\/2025\/05\/infos_CEDHIS.pdf\" target=\"_blank\" rel=\"noreferrer noopener\">Centro de Documenta\u00e7\u00e3o Hist\u00f3rica da Universidade Estadual do Norte do Paran\u00e1 (CEDHIS-UENP)<\/a> <\/p>\n\n\n\n<p><a href=\"https:\/\/sites.uel.br\/ndph\/wp-content\/uploads\/2025\/05\/Cdoc.H-Litoral-.pdf\" data-type=\"link\" data-id=\"https:\/\/sites.uel.br\/ndph\/wp-content\/uploads\/2025\/05\/Cdoc.H-Litoral-.pdf\" target=\"_blank\" rel=\"noreferrer noopener\">Centro de Documenta\u00e7\u00e3o Hist\u00f3rica do Litoral do Paran\u00e1 (CDoc. H Litoral &#8211; UNESPAR)<\/a><\/p>\n\n\n\n<p><a href=\"https:\/\/sites.uel.br\/ndph\/wp-content\/uploads\/2025\/05\/Cedoc-LGBTI-Historico.pdf\" data-type=\"link\" data-id=\"https:\/\/sites.uel.br\/ndph\/wp-content\/uploads\/2025\/05\/Cedoc-LGBTI-Historico.pdf\" target=\"_blank\" rel=\"noreferrer noopener\">Centro de Documenta\u00e7\u00e3o Prof. Dr. Luiz Mott (CEDOC LGBTI+)<\/a><\/p>\n\n\n\n<p><a href=\"http:\/\/www.cpr.uem.br\/pite\/index.php\/infraestrutura-tecnologica\/laboratorios\/2275-laboratorio-de-arqueologia-etnologia-e-etno-historia\" data-type=\"link\" data-id=\"http:\/\/www.cpr.uem.br\/pite\/index.php\/infraestrutura-tecnologica\/laboratorios\/2275-laboratorio-de-arqueologia-etnologia-e-etno-historia\" target=\"_blank\" rel=\"noreferrer noopener\">Laborat\u00f3rio de Arqueologia, Etnologia e Etno-Hist\u00f3ria &#8211; UEM<\/a><\/p>\n\n\n\n<p><a href=\"https:\/\/cpr.uem.br\/international\/index.php\/br\/extensao-br\/mbp\" data-type=\"link\" data-id=\"https:\/\/cpr.uem.br\/international\/index.php\/br\/extensao-br\/mbp\" target=\"_blank\" rel=\"noreferrer noopener\">Museu da Bacia do Paran\u00e1 &#8211; UEM<\/a><\/p>\n\n\n\n<p><a href=\"https:\/\/sites.uel.br\/ndph\/wp-content\/uploads\/2025\/05\/Apresentacao-NDPH-Enezila-de-Lima.pdf\" data-type=\"link\" data-id=\"https:\/\/sites.uel.br\/ndph\/wp-content\/uploads\/2025\/05\/Apresentacao-NDPH-Enezila-de-Lima.pdf\" target=\"_blank\" rel=\"noreferrer noopener\">N\u00facleo de Documenta\u00e7\u00e3o e Pesquisa Hist\u00f3rica Enezila de Lima &#8211; (NDPH-UEL)<\/a><\/p>\n\n\n\n<p><a href=\"https:\/\/sites.uel.br\/ndph\/wp-content\/uploads\/2025\/05\/cepedal.pdf\" data-type=\"link\" data-id=\"https:\/\/sites.uel.br\/ndph\/wp-content\/uploads\/2025\/05\/cepedal.pdf\" target=\"_blank\" rel=\"noreferrer noopener\">N\u00facleo de Pesquisa e Documenta\u00e7\u00e3o sobre o Oeste do Paran\u00e1 &#8211; (CEPEDAL-UNIOESTE)<\/a><\/p>\n\n\n\n<p><a href=\"https:\/\/sites.uel.br\/ndph\/wp-content\/uploads\/2025\/05\/Apresentacao-PROCDH.pdf\" data-type=\"link\" data-id=\"https:\/\/sites.uel.br\/ndph\/wp-content\/uploads\/2025\/05\/Apresentacao-PROCDH.pdf\" target=\"_blank\" rel=\"noreferrer noopener\">Programa Centro de Documenta\u00e7\u00e3o Hist\u00f3rica da Universidade Estadual de Maring\u00e1 (PROCDH-UEM)<\/a><\/p>\n\n\n\n<p><a href=\"http:\/\/www3.maringa.pr.gov.br\/cultura\/?cod=patrimonio\/1\" data-type=\"link\" data-id=\"http:\/\/www3.maringa.pr.gov.br\/cultura\/?cod=patrimonio\/1\" target=\"_blank\" rel=\"noreferrer noopener\">Secretaria Municipal de Cultura de Maring\u00e1 &#8211; Gest\u00e3o de Patrim\u00f4nio Hist\u00f3rico<\/a><\/p>\n\n\n\n<h3 class=\"wp-block-heading\">Contato<\/h3>\n\n\n\n<p>Instagram: <a href=\"https:\/\/www.instagram.com\/rede.pr.doc?igsh=NGl4Z3lia2Uzcmt5\" data-type=\"link\" data-id=\"https:\/\/www.instagram.com\/rede.pr.doc?igsh=NGl4Z3lia2Uzcmt5\" target=\"_blank\" rel=\"noreferrer noopener\">@rede.pr.doc<\/a><\/p>\n\n\n\n<p><\/p>\n","protected":false},"excerpt":{"rendered":"<p>Comiss\u00e3o Organizadora: Alberto Alexandre Schmitz II \u2013 CEDOC LGBTI+ Alisson Gon\u00e7alves \u2013 CEDOC LGBTI+ Ana Cl\u00e1udia Gomes Paula \u2013 CEPEDAL\/UNIOESTE Ana Paula Ansolin \u2013 CEDOC- Irati\/ UNICENTRO Beatriz Rodrigues Cunha \u2013 CEDHIS\/UENP Carla Luciana Souza da Silva \u2013 CEPEDAL\/UNIOESTE Cla\u00e9rcio Ivan Schneider &#8211; CEPEDAL\/UNIOESTE Daniela Luiza Aprigio Luzano \u2013 CEPEDAL\/UNIOESTE Denilo Rodrigues de Oliveira \u2013 [&hellip;]<\/p>\n","protected":false},"author":6,"featured_media":0,"parent":0,"menu_order":0,"comment_status":"closed","ping_status":"closed","template":"","meta":{"footnotes":""},"class_list":["post-2597","page","type-page","status-publish","hentry"],"acf":[],"_links":{"self":[{"href":"https:\/\/sites.uel.br\/ndph\/wp-json\/wp\/v2\/pages\/2597","targetHints":{"allow":["GET"]}}],"collection":[{"href":"https:\/\/sites.uel.br\/ndph\/wp-json\/wp\/v2\/pages"}],"about":[{"href":"https:\/\/sites.uel.br\/ndph\/wp-json\/wp\/v2\/types\/page"}],"author":[{"embeddable":true,"href":"https:\/\/sites.uel.br\/ndph\/wp-json\/wp\/v2\/users\/6"}],"replies":[{"embeddable":true,"href":"https:\/\/sites.uel.br\/ndph\/wp-json\/wp\/v2\/comments?post=2597"}],"version-history":[{"count":12,"href":"https:\/\/sites.uel.br\/ndph\/wp-json\/wp\/v2\/pages\/2597\/revisions"}],"predecessor-version":[{"id":2719,"href":"https:\/\/sites.uel.br\/ndph\/wp-json\/wp\/v2\/pages\/2597\/revisions\/2719"}],"wp:attachment":[{"href":"https:\/\/sites.uel.br\/ndph\/wp-json\/wp\/v2\/media?parent=2597"}],"curies":[{"name":"wp","href":"https:\/\/api.w.org\/{rel}","templated":true}]}}