{"id":2591,"date":"2025-05-14T15:59:01","date_gmt":"2025-05-14T18:59:01","guid":{"rendered":"https:\/\/sites.uel.br\/ndph\/?page_id=2591"},"modified":"2025-06-08T20:01:46","modified_gmt":"2025-06-08T23:01:46","slug":"9a-semana-nacional-de-arquivos-programacao","status":"publish","type":"page","link":"https:\/\/sites.uel.br\/ndph\/9a-semana-nacional-de-arquivos-programacao\/","title":{"rendered":"9\u00aa Semana Nacional de Arquivos &#8211; Programa\u00e7\u00e3o"},"content":{"rendered":"\n<figure class=\"wp-block-image size-large is-resized\"><img loading=\"lazy\" decoding=\"async\" width=\"1024\" height=\"512\" src=\"https:\/\/sites.uel.br\/ndph\/wp-content\/uploads\/2025\/06\/programacao-1024x512.jpg\" alt=\"\" class=\"wp-image-2768\" style=\"width:1256px;height:auto\" srcset=\"https:\/\/sites.uel.br\/ndph\/wp-content\/uploads\/2025\/06\/programacao-1024x512.jpg 1024w, https:\/\/sites.uel.br\/ndph\/wp-content\/uploads\/2025\/06\/programacao-300x150.jpg 300w, https:\/\/sites.uel.br\/ndph\/wp-content\/uploads\/2025\/06\/programacao-768x384.jpg 768w, https:\/\/sites.uel.br\/ndph\/wp-content\/uploads\/2025\/06\/programacao-1536x768.jpg 1536w, https:\/\/sites.uel.br\/ndph\/wp-content\/uploads\/2025\/06\/programacao.jpg 1600w\" sizes=\"auto, (max-width: 1024px) 100vw, 1024px\" \/><\/figure>\n\n\n\n<p>As atividades ser\u00e3o transmitidas pelo <a href=\"https:\/\/www.youtube.com\/@ndph-uel280\" data-type=\"link\" data-id=\"https:\/\/www.youtube.com\/@ndph-uel280\" target=\"_blank\" rel=\"noreferrer noopener\">Canal do YouTube do NDPH<\/a><\/p>\n\n\n\n<div style=\"height:40px\" aria-hidden=\"true\" class=\"wp-block-spacer\"><\/div>\n\n\n\n<div class=\"wp-block-buttons is-content-justification-center is-layout-flex wp-container-core-buttons-is-layout-16018d1d wp-block-buttons-is-layout-flex\">\n<div class=\"wp-block-button\"><a class=\"wp-block-button__link wp-element-button\" href=\"https:\/\/sites.uel.br\/ndph\/wp-content\/uploads\/2025\/05\/programacao-cedocs.pdf\" target=\"_blank\" rel=\"noreferrer noopener\"><strong>P<\/strong>rograma\u00e7\u00e3o dos Centros e N\u00facleos de Documenta\u00e7\u00e3o do Paran\u00e1<\/a><\/div>\n\n\n\n<div class=\"wp-block-button\"><a class=\"wp-block-button__link wp-element-button\" href=\"https:\/\/sites.uel.br\/ndph\/wp-content\/uploads\/2025\/06\/Programacao-completa.pdf\" target=\"_blank\" rel=\"noreferrer noopener\">Programa\u00e7\u00e3o completa por dia<\/a><\/div>\n\n\n\n<div class=\"wp-block-button\"><a class=\"wp-block-button__link wp-element-button\" href=\"https:\/\/sites.uel.br\/ndph\/wp-content\/uploads\/2025\/06\/Trabalhos-SNA.pdf\" target=\"_blank\" rel=\"noreferrer noopener\">Programa\u00e7\u00e3o Apresenta\u00e7\u00e3o de Trabalhos<\/a><\/div>\n<\/div>\n\n\n\n<p><\/p>\n","protected":false},"excerpt":{"rendered":"<p>As atividades ser\u00e3o transmitidas pelo Canal do YouTube do NDPH<\/p>\n","protected":false},"author":6,"featured_media":0,"parent":0,"menu_order":0,"comment_status":"closed","ping_status":"closed","template":"","meta":{"footnotes":""},"class_list":["post-2591","page","type-page","status-publish","hentry"],"acf":[],"_links":{"self":[{"href":"https:\/\/sites.uel.br\/ndph\/wp-json\/wp\/v2\/pages\/2591","targetHints":{"allow":["GET"]}}],"collection":[{"href":"https:\/\/sites.uel.br\/ndph\/wp-json\/wp\/v2\/pages"}],"about":[{"href":"https:\/\/sites.uel.br\/ndph\/wp-json\/wp\/v2\/types\/page"}],"author":[{"embeddable":true,"href":"https:\/\/sites.uel.br\/ndph\/wp-json\/wp\/v2\/users\/6"}],"replies":[{"embeddable":true,"href":"https:\/\/sites.uel.br\/ndph\/wp-json\/wp\/v2\/comments?post=2591"}],"version-history":[{"count":15,"href":"https:\/\/sites.uel.br\/ndph\/wp-json\/wp\/v2\/pages\/2591\/revisions"}],"predecessor-version":[{"id":2771,"href":"https:\/\/sites.uel.br\/ndph\/wp-json\/wp\/v2\/pages\/2591\/revisions\/2771"}],"wp:attachment":[{"href":"https:\/\/sites.uel.br\/ndph\/wp-json\/wp\/v2\/media?parent=2591"}],"curies":[{"name":"wp","href":"https:\/\/api.w.org\/{rel}","templated":true}]}}