{"id":2460,"date":"2025-03-11T14:09:37","date_gmt":"2025-03-11T17:09:37","guid":{"rendered":"https:\/\/sites.uel.br\/ndph\/?page_id=2460"},"modified":"2025-04-02T16:25:50","modified_gmt":"2025-04-02T19:25:50","slug":"xx-semana-de-historia-organizacao-e-contato","status":"publish","type":"page","link":"https:\/\/sites.uel.br\/ndph\/xx-semana-de-historia-organizacao-e-contato\/","title":{"rendered":"XX Semana de Hist\u00f3ria &#8211; Organiza\u00e7\u00e3o e Contato"},"content":{"rendered":"\n<h4 class=\"wp-block-heading has-text-align-left\">Coordena\u00e7\u00e3o<\/h4>\n\n\n\n<p class=\"has-text-align-left\">Jos\u00e9 Miguel Arias Neto<\/p>\n\n\n\n<div style=\"height:40px\" aria-hidden=\"true\" class=\"wp-block-spacer\"><\/div>\n\n\n\n<h4 class=\"wp-block-heading has-text-align-left\">Comiss\u00e3o Organizadora<\/h4>\n\n\n\n<p class=\"has-text-align-left\">Luana Louise Pimentel<\/p>\n\n\n\n<p class=\"has-text-align-left\">Mateus Torelli<\/p>\n\n\n\n<p class=\"has-text-align-left\">Matheus da Rosa Torres<\/p>\n\n\n\n<p>Matheus Pelaquim Silva<\/p>\n\n\n\n<p>Natalia Xavier Fran\u00e7a<\/p>\n\n\n\n<p class=\"has-text-align-left\">Wilson de Creddo Maestro<\/p>\n\n\n\n<div style=\"height:40px\" aria-hidden=\"true\" class=\"wp-block-spacer\"><\/div>\n\n\n\n<h4 class=\"wp-block-heading\">Comiss\u00e3o de Apoio<\/h4>\n\n\n\n<h5 class=\"wp-block-heading\">Centro Acad\u00eamico de Hist\u00f3ria &#8211; Gest\u00e3o Olga Ben\u00e1rio<\/h5>\n\n\n\n<p>Alessandra Vit\u00f3ria Mascarenhas<\/p>\n\n\n\n<p>Ana J\u00falia Gon\u00e7alves Piccinini<\/p>\n\n\n\n<p>Gabriely Martins Mendes<\/p>\n\n\n\n<p>Liam de Brito Ferreira<\/p>\n\n\n\n<p>Rafaela Pagliarini Costa Rosa<\/p>\n\n\n\n<div style=\"height:40px\" aria-hidden=\"true\" class=\"wp-block-spacer\"><\/div>\n\n\n\n<h3 class=\"wp-block-heading\">Realiza\u00e7\u00e3o<\/h3>\n\n\n\n<p>Departamento de Hist\u00f3ria<\/p>\n\n\n\n<p>Programa de P\u00f3s-gradua\u00e7\u00e3o em Hist\u00f3ria Social<\/p>\n\n\n\n<div style=\"height:40px\" aria-hidden=\"true\" class=\"wp-block-spacer\"><\/div>\n\n\n\n<h3 class=\"wp-block-heading\">Apoio<\/h3>\n\n\n\n<p>Centro de Letras e Ci\u00eancias Humanas<\/p>\n\n\n\n<p>Centro Acad\u00eamico de Hist\u00f3ria<\/p>\n\n\n\n<p>N\u00facleo de Documenta\u00e7\u00e3o e Pesquisa Hist\u00f3rica Enezila de Lima<\/p>\n\n\n\n<div style=\"height:40px\" aria-hidden=\"true\" class=\"wp-block-spacer\"><\/div>\n\n\n\n<h3 class=\"wp-block-heading has-text-align-left\">Contato<\/h3>\n\n\n\n<p class=\"has-text-align-left\">E-mail: xxsemanadehistoriadauel@gmail.com<\/p>\n\n\n\n<p class=\"has-text-align-left\">Instagram: <a href=\"https:\/\/www.instagram.com\/semanadehistoriauel\/\" data-type=\"link\" data-id=\"https:\/\/www.instagram.com\/semanadehistoriauel\/\" target=\"_blank\" rel=\"noreferrer noopener\">@semanadehistoriauel<\/a><\/p>\n\n\n\n<p class=\"has-text-align-left\"><\/p>\n\n\n\n<div style=\"height:40px\" aria-hidden=\"true\" class=\"wp-block-spacer\"><\/div>\n\n\n\n<p class=\"has-text-align-left\"><\/p>\n","protected":false},"excerpt":{"rendered":"<p>Coordena\u00e7\u00e3o Jos\u00e9 Miguel Arias Neto Comiss\u00e3o Organizadora Luana Louise Pimentel Mateus Torelli Matheus da Rosa Torres Matheus Pelaquim Silva Natalia Xavier Fran\u00e7a Wilson de Creddo Maestro Comiss\u00e3o de Apoio Centro Acad\u00eamico de Hist\u00f3ria &#8211; Gest\u00e3o Olga Ben\u00e1rio Alessandra Vit\u00f3ria Mascarenhas Ana J\u00falia Gon\u00e7alves Piccinini Gabriely Martins Mendes Liam de Brito Ferreira Rafaela Pagliarini Costa Rosa [&hellip;]<\/p>\n","protected":false},"author":6,"featured_media":0,"parent":0,"menu_order":0,"comment_status":"closed","ping_status":"closed","template":"","meta":{"footnotes":""},"class_list":["post-2460","page","type-page","status-publish","hentry"],"acf":[],"_links":{"self":[{"href":"https:\/\/sites.uel.br\/ndph\/wp-json\/wp\/v2\/pages\/2460","targetHints":{"allow":["GET"]}}],"collection":[{"href":"https:\/\/sites.uel.br\/ndph\/wp-json\/wp\/v2\/pages"}],"about":[{"href":"https:\/\/sites.uel.br\/ndph\/wp-json\/wp\/v2\/types\/page"}],"author":[{"embeddable":true,"href":"https:\/\/sites.uel.br\/ndph\/wp-json\/wp\/v2\/users\/6"}],"replies":[{"embeddable":true,"href":"https:\/\/sites.uel.br\/ndph\/wp-json\/wp\/v2\/comments?post=2460"}],"version-history":[{"count":14,"href":"https:\/\/sites.uel.br\/ndph\/wp-json\/wp\/v2\/pages\/2460\/revisions"}],"predecessor-version":[{"id":2548,"href":"https:\/\/sites.uel.br\/ndph\/wp-json\/wp\/v2\/pages\/2460\/revisions\/2548"}],"wp:attachment":[{"href":"https:\/\/sites.uel.br\/ndph\/wp-json\/wp\/v2\/media?parent=2460"}],"curies":[{"name":"wp","href":"https:\/\/api.w.org\/{rel}","templated":true}]}}