{"id":2457,"date":"2025-03-11T10:34:41","date_gmt":"2025-03-11T13:34:41","guid":{"rendered":"https:\/\/sites.uel.br\/ndph\/?page_id=2457"},"modified":"2025-03-11T10:35:59","modified_gmt":"2025-03-11T13:35:59","slug":"xx-semana-de-historia-publicacoes","status":"publish","type":"page","link":"https:\/\/sites.uel.br\/ndph\/xx-semana-de-historia-publicacoes\/","title":{"rendered":"XX Semana de Hist\u00f3ria &#8211; Publica\u00e7\u00f5es"},"content":{"rendered":"\n<p><\/p>\n\n\n\n<h3 class=\"wp-block-heading has-text-align-center\"><strong><em>EM BREVE<\/em><\/strong><\/h3>\n\n\n\n<p><\/p>\n","protected":false},"excerpt":{"rendered":"<p>EM BREVE<\/p>\n","protected":false},"author":6,"featured_media":0,"parent":0,"menu_order":0,"comment_status":"closed","ping_status":"closed","template":"","meta":{"footnotes":""},"class_list":["post-2457","page","type-page","status-publish","hentry"],"acf":[],"_links":{"self":[{"href":"https:\/\/sites.uel.br\/ndph\/wp-json\/wp\/v2\/pages\/2457","targetHints":{"allow":["GET"]}}],"collection":[{"href":"https:\/\/sites.uel.br\/ndph\/wp-json\/wp\/v2\/pages"}],"about":[{"href":"https:\/\/sites.uel.br\/ndph\/wp-json\/wp\/v2\/types\/page"}],"author":[{"embeddable":true,"href":"https:\/\/sites.uel.br\/ndph\/wp-json\/wp\/v2\/users\/6"}],"replies":[{"embeddable":true,"href":"https:\/\/sites.uel.br\/ndph\/wp-json\/wp\/v2\/comments?post=2457"}],"version-history":[{"count":2,"href":"https:\/\/sites.uel.br\/ndph\/wp-json\/wp\/v2\/pages\/2457\/revisions"}],"predecessor-version":[{"id":2459,"href":"https:\/\/sites.uel.br\/ndph\/wp-json\/wp\/v2\/pages\/2457\/revisions\/2459"}],"wp:attachment":[{"href":"https:\/\/sites.uel.br\/ndph\/wp-json\/wp\/v2\/media?parent=2457"}],"curies":[{"name":"wp","href":"https:\/\/api.w.org\/{rel}","templated":true}]}}