{"id":2451,"date":"2025-03-11T10:15:52","date_gmt":"2025-03-11T13:15:52","guid":{"rendered":"https:\/\/sites.uel.br\/ndph\/?page_id=2451"},"modified":"2025-04-18T20:39:57","modified_gmt":"2025-04-18T23:39:57","slug":"xx-semana-de-historia-inscricoes","status":"publish","type":"page","link":"https:\/\/sites.uel.br\/ndph\/xx-semana-de-historia-inscricoes\/","title":{"rendered":"XX Semana de Hist\u00f3ria &#8211; Inscri\u00e7\u00f5es"},"content":{"rendered":"\n<p><\/p>\n\n\n\n<h3 class=\"wp-block-heading\">Cronograma<\/h3>\n\n\n\n<p>Proponente de Minicurso &#8211; 10\/03 a 21\/03 (ENCERRADAS)<\/p>\n\n\n\n<p>Ouvinte &#8211; 10\/03 a 21\/04\u00a0<\/p>\n\n\n\n<p>Participante de Minicurso &#8211; 24\/03 a 14\/04 (ENCERRADAS)<\/p>\n\n\n\n<p>Apresentador de trabalho em Simp\u00f3sios Tem\u00e1ticos e Livre (15 VAGAS POR ST) &#8211; 17\/03 a 07\/04 (ENCERRADAS)<\/p>\n\n\n\n<p><\/p>\n\n\n\n<div class=\"wp-block-buttons is-content-justification-center is-layout-flex wp-container-core-buttons-is-layout-16018d1d wp-block-buttons-is-layout-flex\">\n<div class=\"wp-block-button\"><a class=\"wp-block-button__link wp-element-button\" href=\"http:\/\/www.uel.br\/eventos\/sigec\/?id=10254\" target=\"_blank\" rel=\"noreferrer noopener\">Inscri\u00e7\u00f5es gratuitas<\/a><\/div>\n<\/div>\n\n\n\n<p><\/p>\n\n\n\n<h3 class=\"wp-block-heading\">Instru\u00e7\u00f5es<\/h3>\n\n\n\n<p>As inscri\u00e7\u00f5es para <em>Proponente de Minicurso<\/em> e <em>Apresentador de trabalho em Simp\u00f3sios<\/em> ser\u00e3o avaliadas pela comiss\u00e3o cient\u00edfica do evento, os selecionados ser\u00e3o comunicados oficialmente por e-mail.<\/p>\n\n\n\n<p><\/p>\n\n\n\n<h5 class=\"wp-block-heading\">Titula\u00e7\u00e3o m\u00ednima:<\/h5>\n\n\n\n<p>Proponente de Minicurso: Graduado<\/p>\n\n\n\n<p>Apresentador de trabalho em Simp\u00f3sios Tem\u00e1ticos e Livre: Graduando<\/p>\n\n\n\n<p><\/p>\n\n\n\n<h5 class=\"wp-block-heading\">Envio de Resumos:<\/h5>\n\n\n\n<p>Envio no formato PDF, conforme modelos abaixo: <\/p>\n\n\n\n<p><\/p>\n\n\n\n<div class=\"wp-block-buttons is-layout-flex wp-block-buttons-is-layout-flex\">\n<div class=\"wp-block-button\"><a class=\"wp-block-button__link wp-element-button\" href=\"https:\/\/sites.uel.br\/ndph\/wp-content\/uploads\/2025\/03\/Orientacoes-para-submissao-de-proposta-de-minicurso.pdf\" target=\"_blank\" rel=\"noreferrer noopener\">Resumo Proponente de Minicurso<\/a><\/div>\n\n\n\n<div class=\"wp-block-button\"><a class=\"wp-block-button__link wp-element-button\" href=\"https:\/\/sites.uel.br\/ndph\/wp-content\/uploads\/2025\/03\/Orientacoes-para-submissao-de-trabalho-em-ST.pdf\">Resumo Apresentador de trabalhos<\/a><\/div>\n<\/div>\n\n\n\n<p><\/p>\n","protected":false},"excerpt":{"rendered":"<p>Cronograma Proponente de Minicurso &#8211; 10\/03 a 21\/03 (ENCERRADAS) Ouvinte &#8211; 10\/03 a 21\/04\u00a0 Participante de Minicurso &#8211; 24\/03 a 14\/04 (ENCERRADAS) Apresentador de trabalho em Simp\u00f3sios Tem\u00e1ticos e Livre (15 VAGAS POR ST) &#8211; 17\/03 a 07\/04 (ENCERRADAS) Instru\u00e7\u00f5es As inscri\u00e7\u00f5es para Proponente de Minicurso e Apresentador de trabalho em Simp\u00f3sios ser\u00e3o avaliadas pela [&hellip;]<\/p>\n","protected":false},"author":6,"featured_media":0,"parent":0,"menu_order":0,"comment_status":"closed","ping_status":"closed","template":"","meta":{"footnotes":""},"class_list":["post-2451","page","type-page","status-publish","hentry"],"acf":[],"_links":{"self":[{"href":"https:\/\/sites.uel.br\/ndph\/wp-json\/wp\/v2\/pages\/2451","targetHints":{"allow":["GET"]}}],"collection":[{"href":"https:\/\/sites.uel.br\/ndph\/wp-json\/wp\/v2\/pages"}],"about":[{"href":"https:\/\/sites.uel.br\/ndph\/wp-json\/wp\/v2\/types\/page"}],"author":[{"embeddable":true,"href":"https:\/\/sites.uel.br\/ndph\/wp-json\/wp\/v2\/users\/6"}],"replies":[{"embeddable":true,"href":"https:\/\/sites.uel.br\/ndph\/wp-json\/wp\/v2\/comments?post=2451"}],"version-history":[{"count":5,"href":"https:\/\/sites.uel.br\/ndph\/wp-json\/wp\/v2\/pages\/2451\/revisions"}],"predecessor-version":[{"id":2563,"href":"https:\/\/sites.uel.br\/ndph\/wp-json\/wp\/v2\/pages\/2451\/revisions\/2563"}],"wp:attachment":[{"href":"https:\/\/sites.uel.br\/ndph\/wp-json\/wp\/v2\/media?parent=2451"}],"curies":[{"name":"wp","href":"https:\/\/api.w.org\/{rel}","templated":true}]}}