{"id":2447,"date":"2025-03-11T09:49:32","date_gmt":"2025-03-11T12:49:32","guid":{"rendered":"https:\/\/sites.uel.br\/ndph\/?page_id=2447"},"modified":"2025-04-21T21:33:33","modified_gmt":"2025-04-22T00:33:33","slug":"xx-semana-de-historia-simposios-tematicos","status":"publish","type":"page","link":"https:\/\/sites.uel.br\/ndph\/xx-semana-de-historia-simposios-tematicos\/","title":{"rendered":"XX Semana de Hist\u00f3ria \u2013 Simp\u00f3sios Tem\u00e1ticos"},"content":{"rendered":"\n<p class=\"has-text-align-center\"><\/p>\n\n\n\n<h4 class=\"wp-block-heading\"><strong>ST 01 &#8211; Trabalho e resist\u00eancia: conflitos, transforma\u00e7\u00f5es e persist\u00eancias na Hist\u00f3ria<\/strong><\/h4>\n\n\n\n<p><strong>Coordenador: <\/strong>Fernando Munhoz<\/p>\n\n\n\n<p><strong>Data: <\/strong>23\/04 (quarta-feira) \u2013 19h-22h30<\/p>\n\n\n\n<p>Este simp\u00f3sio investiga o trabalho como espa\u00e7o de resist\u00eancia, analisando conflitos, transforma\u00e7\u00f5es e perman\u00eancias nas rela\u00e7\u00f5es laborais ao longo da hist\u00f3ria. Os trabalhos deste simp\u00f3sio dever\u00e3o investigar o trabalho como espa\u00e7o de luta, poder e transforma\u00e7\u00e3o social, analisando como diferentes sujeitos hist\u00f3ricos articularam suas resist\u00eancias e disputas ao longo do tempo. A hist\u00f3ria do trabalho \u00e9 marcada por conflitos e processos din\u00e2micos. O trabalho compuls\u00f3rio nas sociedades escravistas e coloniais, a forma\u00e7\u00e3o do proletariado industrial e suas primeiras reivindica\u00e7\u00f5es, o avan\u00e7o da regulamenta\u00e7\u00e3o trabalhista no s\u00e9culo XX, a flexibiliza\u00e7\u00e3o das leis em contextos neoliberais e a ascens\u00e3o das novas formas de explora\u00e7\u00e3o no trabalho digital e informal s\u00e3o exemplos de processos hist\u00f3ricos que evidenciam disputas entre diferentes grupos sociais. Este simp\u00f3sio busca reunir pesquisas que explorem as m\u00faltiplas dimens\u00f5es do trabalho em diferentes per\u00edodos e contextos, compreendendo suas rela\u00e7\u00f5es com a economia, a pol\u00edtica, os movimentos sociais e as transforma\u00e7\u00f5es tecnol\u00f3gicas. Assim, s\u00e3o bem-vindos estudos que analisem as condi\u00e7\u00f5es de vida e trabalho, as estrat\u00e9gias de resist\u00eancia e negocia\u00e7\u00e3o dos trabalhadores, a atua\u00e7\u00e3o do Estado e das empresas, e as repercuss\u00f5es das mudan\u00e7as econ\u00f4micas nas rela\u00e7\u00f5es laborais. O simp\u00f3sio \u00e9 voltado para historiadoras e historiadores, cientistas sociais, economistas, ge\u00f3grafos e demais pesquisadores interessados em compreender as din\u00e2micas hist\u00f3ricas do trabalho, seus desafios e sua centralidade na organiza\u00e7\u00e3o das sociedades.<\/p>\n\n\n\n<div style=\"height:40px\" aria-hidden=\"true\" class=\"wp-block-spacer\"><\/div>\n\n\n\n<h4 class=\"wp-block-heading\"><strong>ST 02 &#8211; Por uma Hist\u00f3ria Regional\/Local m\u00faltipla e diversa: problematiza\u00e7\u00f5es, possibilidades e (des)continuidades<\/strong><\/h4>\n\n\n\n<p><strong>Coordenadores: <\/strong>Prof. Mateus Torelli Fidelis e Prof. Wilson de Creddo Maestro<\/p>\n\n\n\n<p><strong>Data: <\/strong>22\/04 (ter\u00e7a-feira) \u2013 14h-17h30<\/p>\n\n\n\n<p>Para al\u00e9m do paradigma que privilegia a Hist\u00f3ria das Na\u00e7\u00f5es ou da unidade nacional, este Simp\u00f3sio tem como prop\u00f3sito abarcar estudos no \u00e2mbito da Hist\u00f3ria Regional e Local. Nesse sentido, compreendemos pesquisas que privilegiam os jogos de escalas, a microhist\u00f3ria e as multiplicidades do fazer hist\u00f3rico, incluindo conceitos gerais como: hist\u00f3ria e historiografia, territ\u00f3rio e territorialidades, conflitos e rela\u00e7\u00f5es sociais, cultura e representa\u00e7\u00f5es, etno-hist\u00f3ria e hist\u00f3ria ind\u00edgena, regi\u00f5es, regionalidades e regionalismos, coloniza\u00e7\u00e3o e colonialiadade, especificamente, voltados ao recorte regional paranaense.<\/p>\n\n\n\n<div style=\"height:40px\" aria-hidden=\"true\" class=\"wp-block-spacer\"><\/div>\n\n\n\n<h4 class=\"wp-block-heading\"><strong>ST 03 &#8211; Teorias, metodologias e pr\u00e1ticas de ensino de Hist\u00f3ria<\/strong><\/h4>\n\n\n\n<p><strong>Coordenadores: <\/strong>Prof. Dr. Alexandre Fiuza e Profa. Dra. Ana Heloisa Molina<\/p>\n\n\n\n<p><strong>Data: <\/strong>23\/04 (quarta-feira) \u2013 8h30-12h<\/p>\n\n\n\n<p>Este Simp\u00f3sio Tem\u00e1tico tem por objetivo acolher trabalhos, pesquisas e relatos de experi\u00eancias relativas \u00e0 \u00e1rea de ensino de Hist\u00f3ria e suas fronteiras a fim de proporcionar um espa\u00e7o de debates e reflex\u00f5es sobre as diversas linhas te\u00f3ricas de pesquisa e referenciais metodol\u00f3gicos para o ensino de Hist\u00f3ria. Os trabalhos podem se circunscrever a diversos contextos e relatos de pr\u00e1ticas experienciadas em salas de aula, em todos os n\u00edveis de ensino, inclusive, com os estudantes que participaram de projetos como PIBID e Resid\u00eancia Pedag\u00f3gica. O p\u00fablico a ser atendido estende-se aos alunos da gradua\u00e7\u00e3o em Hist\u00f3ria ou \u00e1reas afins, professores da rede p\u00fablica ou particular e pesquisadores da \u00e1rea em diferentes n\u00edveis: de inicia\u00e7\u00e3o a pesquisa a p\u00f3s-doutorandos.<\/p>\n\n\n\n<div style=\"height:40px\" aria-hidden=\"true\" class=\"wp-block-spacer\"><\/div>\n\n\n\n<h4 class=\"wp-block-heading\"><strong>ST 04 &#8211; Idade M\u00e9dia e Medievalismo: di\u00e1logos entre Hist\u00f3ria e Representa\u00e7\u00f5es Contempor\u00e2neas<\/strong><\/h4>\n\n\n\n<p><strong>Coordenadores: <\/strong>Prof. Dr. Lukas Grzybowski, Prof. Ms. Dalton Santana Lima e Prof. Ms. Guilherme Tavares Lopes Balau<\/p>\n\n\n\n<p><strong>Data: <\/strong>23\/04 (quarta-feira) \u2013 8h30-12h<\/p>\n\n\n\n<p>Este Simp\u00f3sio Tem\u00e1tico tem como objetivo reunir pesquisas que explorem a Idade M\u00e9dia em suas m\u00faltiplas dimens\u00f5es, desde estudos hist\u00f3ricos sobre o per\u00edodo medieval at\u00e9 an\u00e1lises sobre sua recep\u00e7\u00e3o e reinterpreta\u00e7\u00e3o no mundo contempor\u00e2neo. Buscamos fomentar discuss\u00f5es que abordem tanto aspectos pol\u00edticos, sociais, culturais e religiosos da Idade M\u00e9dia quanto sua presen\u00e7a no imagin\u00e1rio moderno, especialmente em produtos midi\u00e1ticos como videogames, filmes, s\u00e9ries e literatura. O evento visa atrair estudantes de gradua\u00e7\u00e3o e p\u00f3s-gradua\u00e7\u00e3o interessados em investigar tanto a Idade M\u00e9dia em si quanto o fen\u00f4meno do medievalismo, que reflete como o per\u00edodo \u00e9 ressignificado e apropriado na cultura atual. Ser\u00e3o bem-vindos trabalhos que explorem as conex\u00f5es entre passado e presente, destacando como a Idade M\u00e9dia continua a influenciar e dialogar com as sociedades contempor\u00e2neas. O simp\u00f3sio ser\u00e1 h\u00edbrido com participa\u00e7\u00f5es presenciais e virtuais simult\u00e2neas, possibilitando uma amplia\u00e7\u00e3o do raio de a\u00e7\u00e3o e intera\u00e7\u00e3o dos participantes.<\/p>\n\n\n\n<div style=\"height:40px\" aria-hidden=\"true\" class=\"wp-block-spacer\"><\/div>\n\n\n\n<h4 class=\"wp-block-heading\"><strong>ST 05 &#8211; Hist\u00f3ria P\u00fablica<\/strong><\/h4>\n\n\n\n<p><strong>Coordenadora: <\/strong>Profa. Dra. Silvia Martins<\/p>\n\n\n\n<p><strong>Data: <\/strong>23\/04 (quarta-feira) \u2013 8h30-12h<\/p>\n\n\n\n<p>Nos \u00faltimos anos, o interesse do grande p\u00fablico pela hist\u00f3ria cresceu consideravelmente. O fen\u00f4meno pode ser visto no boom de revistas especializadas, na explos\u00e3o de lugares de mem\u00f3ria, nas m\u00eddias sociais, nas novas formas de curadorias, em programas audiovisuais, al\u00e9m de outros espa\u00e7os onde a hist\u00f3ria se materializa e projeta. Tudo isso fez com que crescesse o interesse dos historiadores brasileiros pela Hist\u00f3ria P\u00fablica. Este simp\u00f3sio tem\u00e1tico tem como objetivo reunir e debater trabalhos de pesquisa, conclu\u00eddos ou em andamento, que explorem os di\u00e1logos e as simbioses da Hist\u00f3ria P\u00fablica com a Divulga\u00e7\u00e3o Cient\u00edfica e a Hist\u00f3ria Digital.<\/p>\n\n\n\n<div style=\"height:40px\" aria-hidden=\"true\" class=\"wp-block-spacer\"><\/div>\n\n\n\n<h4 class=\"wp-block-heading\"><strong>ST 06 \u2013 Hist\u00f3ria das mulheres e g\u00eanero<\/strong><\/h4>\n\n\n\n<p><strong>Coordenadora: <\/strong>Profa. Dra. Edm\u00e9ia Ribeiro<\/p>\n\n\n\n<p><strong>Data: <\/strong>22\/04 (ter\u00e7a-feira) \u2013 14h-17h30<\/p>\n\n\n\n<p>Neste simp\u00f3sio tem\u00e1tico faremos reflex\u00f5es a partir da Hist\u00f3ria das Mulheres como campo de estudos e de G\u00eanero como categoria de an\u00e1lise \u2013 feminilidades e masculinidades.<\/p>\n\n\n\n<div style=\"height:40px\" aria-hidden=\"true\" class=\"wp-block-spacer\"><\/div>\n\n\n\n<h4 class=\"wp-block-heading\"><strong>ST 07 &#8211; Hist\u00f3ria, Educa\u00e7\u00e3o, popula\u00e7\u00e3o LGBTQIA+ e Diversidade Sexual<\/strong><\/h4>\n\n\n\n<p><strong>Coordenadora: <\/strong>Profa. Dra. Maria Cristina Cavaleiro<\/p>\n\n\n\n<p><strong>Data:<\/strong> 24\/04 (quinta-feira) \u2013 8h30-12h<\/p>\n\n\n\n<p>Antes tomados como discuss\u00f5es eminentemente oriundas do campo dos movimentos pol\u00edtico-sociais, temas como a popula\u00e7\u00e3o LGBTQIA+ e a diversidade sexual, adentraram de maneira inequ\u00edvoca no debate acad\u00eamico brasileiro a partir da d\u00e9cada de 1980. Neste contexto, o Simp\u00f3sio Tem\u00e1tico reflete sobre as produ\u00e7\u00f5es no campo da hist\u00f3ria e da educa\u00e7\u00e3o visando an\u00e1lises cr\u00edticas sobre as resist\u00eancias e as pluralidades de conhecimentos que emergem da atua\u00e7\u00e3o de subjetividades e de coletivos sociais negligenciados historicamente na conforma\u00e7\u00e3o da sociedade brasileira.<\/p>\n\n\n\n<div style=\"height:40px\" aria-hidden=\"true\" class=\"wp-block-spacer\"><\/div>\n\n\n\n<h4 class=\"wp-block-heading\"><strong>ST 08 &#8211; Estudo das Religi\u00f5es e Religiosidades<\/strong><\/h4>\n\n\n\n<p><strong>Coordenador: <\/strong>Prof. Dr. Wander de Lara Proen\u00e7a<\/p>\n\n\n\n<p><strong>Data: <\/strong>24\/04 (quinta-feira) \u2013 8h30-12h<\/p>\n\n\n\n<p>Este simp\u00f3sio investiga o fen\u00f4meno religioso em perspectiva hist\u00f3rica, abordando pr\u00e1ticas, representa\u00e7\u00f5es, quest\u00f5es te\u00f3ricas e metodologias de pesquisa sobre o sagrado. O objetivo \u00e9 apresentar pesquisas que explorem ritos, s\u00edmbolos, identidades, poder, lideran\u00e7a, territorialidade, musicalidade, religi\u00e3o e pol\u00edtica, religi\u00e3o e g\u00eanero, religi\u00e3o e etnicidade, entre outros aspectos das manifesta\u00e7\u00f5es de cren\u00e7a. O simp\u00f3sio \u00e9 voltado para estudantes de gradua\u00e7\u00e3o, p\u00f3s-gradua\u00e7\u00e3o e pesquisadores com pr\u00e9-projetos, projetos em andamento ou resultados finalizados, interessados em discutir as m\u00faltiplas dimens\u00f5es do sagrado e sua centralidade na organiza\u00e7\u00e3o das sociedades.<\/p>\n\n\n\n<div style=\"height:40px\" aria-hidden=\"true\" class=\"wp-block-spacer\"><\/div>\n\n\n\n<h4 class=\"wp-block-heading\"><strong>ST 09 &#8211; Ditaduras e experi\u00eancias autorit\u00e1rias na Am\u00e9rica Latina<\/strong><\/h4>\n\n\n\n<p><strong>Coordenador: <\/strong>Prof. Dr. Andr\u00e9 Lopes Ferreira<\/p>\n\n\n\n<p><strong>Data: <\/strong>22\/04 (ter\u00e7a-feira) \u2013 14h-17h30<\/p>\n\n\n\n<p>Embora muitos pa\u00edses latino-americanos tenham vivido sob ditaduras entre os anos 1960 e 80, movimentos pol\u00edticos e governos de corte autorit\u00e1rio ressurgiram em toda a regi\u00e3o mesmo ap\u00f3s os processos de restaura\u00e7\u00e3o democr\u00e1tica, inclusive chegando ao poder nos \u00faltimos anos. Voltado aos regimes ditatoriais no contexto da Guerra Fria, mas tamb\u00e9m \u00e0s experi\u00eancias de cunho militarista e reacion\u00e1rio mais recentes, o presente Simp\u00f3sio Tem\u00e1tico tem como objetivo discutir pesquisas que abordam o fen\u00f4meno das ditaduras, da censura, das viola\u00e7\u00f5es aos Direitos Humanos e da resist\u00eancia pol\u00edtica na Am\u00e9rica Latina. Bem assim, ser\u00e3o bem-vindos trabalhos que tratam dos atuais dilemas da democracia no continente.<\/p>\n\n\n\n<p><\/p>\n","protected":false},"excerpt":{"rendered":"<p>ST 01 &#8211; Trabalho e resist\u00eancia: conflitos, transforma\u00e7\u00f5es e persist\u00eancias na Hist\u00f3ria Coordenador: Fernando Munhoz Data: 23\/04 (quarta-feira) \u2013 19h-22h30 Este simp\u00f3sio investiga o trabalho como espa\u00e7o de resist\u00eancia, analisando conflitos, transforma\u00e7\u00f5es e perman\u00eancias nas rela\u00e7\u00f5es laborais ao longo da hist\u00f3ria. Os trabalhos deste simp\u00f3sio dever\u00e3o investigar o trabalho como espa\u00e7o de luta, poder e [&hellip;]<\/p>\n","protected":false},"author":6,"featured_media":0,"parent":0,"menu_order":0,"comment_status":"closed","ping_status":"closed","template":"","meta":{"footnotes":""},"class_list":["post-2447","page","type-page","status-publish","hentry"],"acf":[],"_links":{"self":[{"href":"https:\/\/sites.uel.br\/ndph\/wp-json\/wp\/v2\/pages\/2447","targetHints":{"allow":["GET"]}}],"collection":[{"href":"https:\/\/sites.uel.br\/ndph\/wp-json\/wp\/v2\/pages"}],"about":[{"href":"https:\/\/sites.uel.br\/ndph\/wp-json\/wp\/v2\/types\/page"}],"author":[{"embeddable":true,"href":"https:\/\/sites.uel.br\/ndph\/wp-json\/wp\/v2\/users\/6"}],"replies":[{"embeddable":true,"href":"https:\/\/sites.uel.br\/ndph\/wp-json\/wp\/v2\/comments?post=2447"}],"version-history":[{"count":6,"href":"https:\/\/sites.uel.br\/ndph\/wp-json\/wp\/v2\/pages\/2447\/revisions"}],"predecessor-version":[{"id":2577,"href":"https:\/\/sites.uel.br\/ndph\/wp-json\/wp\/v2\/pages\/2447\/revisions\/2577"}],"wp:attachment":[{"href":"https:\/\/sites.uel.br\/ndph\/wp-json\/wp\/v2\/media?parent=2447"}],"curies":[{"name":"wp","href":"https:\/\/api.w.org\/{rel}","templated":true}]}}