{"id":2445,"date":"2025-03-11T09:48:36","date_gmt":"2025-03-11T12:48:36","guid":{"rendered":"https:\/\/sites.uel.br\/ndph\/?page_id=2445"},"modified":"2025-03-18T11:09:30","modified_gmt":"2025-03-18T14:09:30","slug":"xx-semana-de-historia-simposio-livre","status":"publish","type":"page","link":"https:\/\/sites.uel.br\/ndph\/xx-semana-de-historia-simposio-livre\/","title":{"rendered":"XX Semana de Hist\u00f3ria \u2013 Simp\u00f3sio Livre"},"content":{"rendered":"\n<p><\/p>\n\n\n\n<h4 class=\"wp-block-heading has-text-align-left\"><strong>ST 10 &#8211; Simp\u00f3sio livre (voltado para pesquisadores com disponibilidade exclusiva no per\u00edodo noturno)<\/strong><\/h4>\n\n\n\n<p><strong>Coordenador: <\/strong>\u00c1 definir<\/p>\n\n\n\n<p><strong>Data: <\/strong>23\/04 (quarta-feira) \u2013 19h-22h30<\/p>\n\n\n\n<p class=\"has-text-align-left\">Este simp\u00f3sio oferece um espa\u00e7o para a apresenta\u00e7\u00e3o de trabalhos com temas variados relacionados \u00e0 Hist\u00f3ria, sem um escopo espec\u00edfico, visando atender pesquisadores que possuem disponibilidade apenas no per\u00edodo noturno. O objetivo \u00e9 acolher comunica\u00e7\u00f5es orais de pesquisas acad\u00eamicas em andamento ou finalizadas, abrangendo diversas \u00e1reas do conhecimento e abordagens metodol\u00f3gicas. O simp\u00f3sio busca promover a troca de ideias e experi\u00eancias entre estudantes de gradua\u00e7\u00e3o, p\u00f3s-gradua\u00e7\u00e3o e demais pesquisadores, incentivando a discuss\u00e3o de temas variados e a divulga\u00e7\u00e3o de estudos que contribuam para o debate acad\u00eamico no campo da Hist\u00f3ria.<\/p>\n\n\n\n<p><\/p>\n","protected":false},"excerpt":{"rendered":"<p>ST 10 &#8211; Simp\u00f3sio livre (voltado para pesquisadores com disponibilidade exclusiva no per\u00edodo noturno) Coordenador: \u00c1 definir Data: 23\/04 (quarta-feira) \u2013 19h-22h30 Este simp\u00f3sio oferece um espa\u00e7o para a apresenta\u00e7\u00e3o de trabalhos com temas variados relacionados \u00e0 Hist\u00f3ria, sem um escopo espec\u00edfico, visando atender pesquisadores que possuem disponibilidade apenas no per\u00edodo noturno. O objetivo \u00e9 [&hellip;]<\/p>\n","protected":false},"author":6,"featured_media":0,"parent":0,"menu_order":0,"comment_status":"closed","ping_status":"closed","template":"","meta":{"footnotes":""},"class_list":["post-2445","page","type-page","status-publish","hentry"],"acf":[],"_links":{"self":[{"href":"https:\/\/sites.uel.br\/ndph\/wp-json\/wp\/v2\/pages\/2445","targetHints":{"allow":["GET"]}}],"collection":[{"href":"https:\/\/sites.uel.br\/ndph\/wp-json\/wp\/v2\/pages"}],"about":[{"href":"https:\/\/sites.uel.br\/ndph\/wp-json\/wp\/v2\/types\/page"}],"author":[{"embeddable":true,"href":"https:\/\/sites.uel.br\/ndph\/wp-json\/wp\/v2\/users\/6"}],"replies":[{"embeddable":true,"href":"https:\/\/sites.uel.br\/ndph\/wp-json\/wp\/v2\/comments?post=2445"}],"version-history":[{"count":3,"href":"https:\/\/sites.uel.br\/ndph\/wp-json\/wp\/v2\/pages\/2445\/revisions"}],"predecessor-version":[{"id":2497,"href":"https:\/\/sites.uel.br\/ndph\/wp-json\/wp\/v2\/pages\/2445\/revisions\/2497"}],"wp:attachment":[{"href":"https:\/\/sites.uel.br\/ndph\/wp-json\/wp\/v2\/media?parent=2445"}],"curies":[{"name":"wp","href":"https:\/\/api.w.org\/{rel}","templated":true}]}}