{"id":2440,"date":"2025-03-11T09:46:28","date_gmt":"2025-03-11T12:46:28","guid":{"rendered":"https:\/\/sites.uel.br\/ndph\/?page_id=2440"},"modified":"2025-03-25T19:19:02","modified_gmt":"2025-03-25T22:19:02","slug":"xx-semana-de-historia-minicursos","status":"publish","type":"page","link":"https:\/\/sites.uel.br\/ndph\/xx-semana-de-historia-minicursos\/","title":{"rendered":"XX Semana de Hist\u00f3ria \u2013 Minicursos"},"content":{"rendered":"\n<h4 class=\"wp-block-heading has-text-align-left\">24\/04 &#8211; Quinta-feira &#8211; 19h<\/h4>\n\n\n\n<p><a href=\"https:\/\/sites.uel.br\/ndph\/wp-content\/uploads\/2025\/03\/Minicurso-Joao-Ricardo-e-Pedro-Botelho.pdf\" data-type=\"link\" data-id=\"https:\/\/sites.uel.br\/ndph\/wp-content\/uploads\/2025\/03\/Minicurso-Joao-Ricardo-e-Pedro-Botelho.pdf\" target=\"_blank\" rel=\"noreferrer noopener\">A ESCANDIN\u00c1VIA MEDIEVAL ATRAV\u00c9S DAS SAGAS ISLANDESAS: LITERATURA, IDENTIDADES E HISTORICIDADE &#8211; Mestrandos Jo\u00e3o Ricardo Malchiaffava Terceiro Correa e Pedro de Araujo Buzzo Costa Botelho<\/a><\/p>\n\n\n\n<p><a href=\"https:\/\/sites.uel.br\/ndph\/wp-content\/uploads\/2025\/03\/Minicurso-Cassia-Popolin.pdf\" data-type=\"link\" data-id=\"https:\/\/sites.uel.br\/ndph\/wp-content\/uploads\/2025\/03\/Minicurso-Cassia-Popolin.pdf\" target=\"_blank\" rel=\"noreferrer noopener\">A FOTOGRAFIA NA PESQUISA ACAD\u00caMICA &#8211; Dra. C\u00e1ssia Maria Popolin<\/a><\/p>\n\n\n\n<p><a href=\"https:\/\/sites.uel.br\/ndph\/wp-content\/uploads\/2025\/03\/Minicurso-Lais-Neves-Souza.pdf\" data-type=\"link\" data-id=\"https:\/\/sites.uel.br\/ndph\/wp-content\/uploads\/2025\/03\/Minicurso-Lais-Neves-Souza.pdf\" target=\"_blank\" rel=\"noreferrer noopener\">A LUTA DO POVO CURDO POR AUTODETERMINA\u00c7\u00c3O A PARTIR DA PERSPECTIVA DO MOVIMENTO DAS MULHERES NO CURDIST\u00c3O &#8211; Lais Neves de Souza<\/a><\/p>\n\n\n\n<p><a href=\"https:\/\/sites.uel.br\/ndph\/wp-content\/uploads\/2025\/03\/Minicurso-Vinicius-Marcondes-Araujo.pdf\" data-type=\"link\" data-id=\"https:\/\/sites.uel.br\/ndph\/wp-content\/uploads\/2025\/03\/Minicurso-Vinicius-Marcondes-Araujo.pdf\" target=\"_blank\" rel=\"noreferrer noopener\">HIST\u00d3RIA AMBIENTAL E HIST\u00d3RIA REGIONAL: APROXIMA\u00c7\u00d5ES E POSSIBILIDADES &#8211; Doutorando Vin\u00edcius Marcondes Ara\u00fajo<\/a><\/p>\n\n\n\n<p><a href=\"https:\/\/sites.uel.br\/ndph\/wp-content\/uploads\/2025\/03\/Minicurso-Yohan-Ise-Leon.pdf\" data-type=\"link\" data-id=\"https:\/\/sites.uel.br\/ndph\/wp-content\/uploads\/2025\/03\/Minicurso-Yohan-Ise-Leon.pdf\" target=\"_blank\" rel=\"noreferrer noopener\">IDEOLOGIA E CI\u00caNCIA NATURAL &#8211; Doutorando Yohan Ise Leon<\/a><\/p>\n\n\n\n<p><a href=\"https:\/\/sites.uel.br\/ndph\/wp-content\/uploads\/2025\/03\/Minicurso-Mateus-Torelli.pdf\" data-type=\"link\" data-id=\"https:\/\/sites.uel.br\/ndph\/wp-content\/uploads\/2025\/03\/Minicurso-Mateus-Torelli.pdf\" target=\"_blank\" rel=\"noreferrer noopener\">INTRODU\u00c7\u00c3O \u00c0 PESQUISA EM ACERVOS DIGITAIS: PROCEDIMENTOS METODOL\u00d3GICOS, UTILIDADE E QUEST\u00c3O DE PESQUISA &#8211; Mestrando Mateus Torelli Fidelis<\/a><\/p>\n\n\n\n<p><a href=\"https:\/\/sites.uel.br\/ndph\/wp-content\/uploads\/2025\/03\/Minicurso-Vinicius-Assis.pdf\" data-type=\"link\" data-id=\"https:\/\/sites.uel.br\/ndph\/wp-content\/uploads\/2025\/03\/Minicurso-Vinicius-Assis.pdf\" target=\"_blank\" rel=\"noreferrer noopener\">INVENT\u00c1RIOS POST-MORTEM: POSSIBILIDADES DE UMA FONTE PARA O ESTUDO DO BRASIL ESCRAVISTA &#8211; Doutorando Vin\u00edcius Assis<\/a><\/p>\n\n\n\n<div style=\"height:50px\" aria-hidden=\"true\" class=\"wp-block-spacer\"><\/div>\n\n\n\n<h4 class=\"wp-block-heading\">25\/04 &#8211; Sexta-feira &#8211; 8h30<\/h4>\n\n\n\n<p><a href=\"https:\/\/sites.uel.br\/ndph\/wp-content\/uploads\/2025\/03\/Minicurso-Izabele-Diamante-e-Matheus-Pelaquim.pdf\" data-type=\"link\" data-id=\"https:\/\/sites.uel.br\/ndph\/wp-content\/uploads\/2025\/03\/Minicurso-Izabele-Diamante-e-Matheus-Pelaquim.pdf\" target=\"_blank\" rel=\"noreferrer noopener\">CAMINHOS DA NOVA HIST\u00d3RIA POL\u00cdTICA: AS ABORDAGENS DE REN\u00c9 R\u00c9MOND E PIERRE ROSANVALLON &#8211; Mestrandos Izabele Vila Real Diamante e Matheus Pelaquim Silva<\/a><\/p>\n\n\n\n<p><a href=\"https:\/\/sites.uel.br\/ndph\/wp-content\/uploads\/2025\/03\/Minicurso-Claudia-Martinez.pdf\" data-type=\"link\" data-id=\"https:\/\/sites.uel.br\/ndph\/wp-content\/uploads\/2025\/03\/Minicurso-Claudia-Martinez.pdf\" target=\"_blank\" rel=\"noreferrer noopener\">INTRODU\u00c7\u00c3O \u00c0 PALEOGRAFIA PARA OS ESTUDOS SOBRE ESCRAVID\u00c3O E CULTURA MATERIAL &#8211; Dra. Claudia Eliane P. Marques Martinez<\/a><\/p>\n\n\n\n<p><a href=\"https:\/\/sites.uel.br\/ndph\/wp-content\/uploads\/2025\/03\/Minicurso-Joao-Guilherme-Marques.pdf\" data-type=\"link\" data-id=\"https:\/\/sites.uel.br\/ndph\/wp-content\/uploads\/2025\/03\/Minicurso-Joao-Guilherme-Marques.pdf\" target=\"_blank\" rel=\"noreferrer noopener\">MACHOSFERA E NEONAZISMO: A FUS\u00c3O DO \u00d3DIO A PARTIR DE GRUPOS SUPREMACISTAS NA INTERNET &#8211; Mestrando Jo\u00e3o Guilherme Aldegueri Marques<\/a><\/p>\n\n\n\n<p><a href=\"https:\/\/sites.uel.br\/ndph\/wp-content\/uploads\/2025\/03\/Minicurso-Viviane-dos-Santos-Cardoso.pdf\" data-type=\"link\" data-id=\"https:\/\/sites.uel.br\/ndph\/wp-content\/uploads\/2025\/03\/Minicurso-Viviane-dos-Santos-Cardoso.pdf\" target=\"_blank\" rel=\"noreferrer noopener\">TORTO ARADO (2019), DE ITAMAR VIEIRA JUNIOR, E A RUPTURA DOS M\u00daLTIPLOS SIL\u00caNCIOS &#8211; Mestranda Viviane dos Santos Cardoso<\/a><\/p>\n\n\n\n<p><a href=\"https:\/\/sites.uel.br\/ndph\/wp-content\/uploads\/2025\/03\/Minicurso-Rafael-Meira-de-Oliveira.pdf\" data-type=\"link\" data-id=\"https:\/\/sites.uel.br\/ndph\/wp-content\/uploads\/2025\/03\/Minicurso-Rafael-Meira-de-Oliveira.pdf\" target=\"_blank\" rel=\"noreferrer noopener\">YOUTUBE COMO FONTE NA HIST\u00d3RIA DIGITAL &#8211; Mestrando Rafael Meira de Oliveira<\/a><\/p>\n","protected":false},"excerpt":{"rendered":"<p>24\/04 &#8211; Quinta-feira &#8211; 19h A ESCANDIN\u00c1VIA MEDIEVAL ATRAV\u00c9S DAS SAGAS ISLANDESAS: LITERATURA, IDENTIDADES E HISTORICIDADE &#8211; Mestrandos Jo\u00e3o Ricardo Malchiaffava Terceiro Correa e Pedro de Araujo Buzzo Costa Botelho A FOTOGRAFIA NA PESQUISA ACAD\u00caMICA &#8211; Dra. C\u00e1ssia Maria Popolin A LUTA DO POVO CURDO POR AUTODETERMINA\u00c7\u00c3O A PARTIR DA PERSPECTIVA DO MOVIMENTO DAS MULHERES [&hellip;]<\/p>\n","protected":false},"author":6,"featured_media":0,"parent":0,"menu_order":0,"comment_status":"closed","ping_status":"closed","template":"","meta":{"footnotes":""},"class_list":["post-2440","page","type-page","status-publish","hentry"],"acf":[],"_links":{"self":[{"href":"https:\/\/sites.uel.br\/ndph\/wp-json\/wp\/v2\/pages\/2440","targetHints":{"allow":["GET"]}}],"collection":[{"href":"https:\/\/sites.uel.br\/ndph\/wp-json\/wp\/v2\/pages"}],"about":[{"href":"https:\/\/sites.uel.br\/ndph\/wp-json\/wp\/v2\/types\/page"}],"author":[{"embeddable":true,"href":"https:\/\/sites.uel.br\/ndph\/wp-json\/wp\/v2\/users\/6"}],"replies":[{"embeddable":true,"href":"https:\/\/sites.uel.br\/ndph\/wp-json\/wp\/v2\/comments?post=2440"}],"version-history":[{"count":5,"href":"https:\/\/sites.uel.br\/ndph\/wp-json\/wp\/v2\/pages\/2440\/revisions"}],"predecessor-version":[{"id":2537,"href":"https:\/\/sites.uel.br\/ndph\/wp-json\/wp\/v2\/pages\/2440\/revisions\/2537"}],"wp:attachment":[{"href":"https:\/\/sites.uel.br\/ndph\/wp-json\/wp\/v2\/media?parent=2440"}],"curies":[{"name":"wp","href":"https:\/\/api.w.org\/{rel}","templated":true}]}}