{"id":2355,"date":"2024-12-09T17:01:29","date_gmt":"2024-12-09T20:01:29","guid":{"rendered":"https:\/\/sites.uel.br\/ndph\/?page_id=2355"},"modified":"2024-12-09T17:01:29","modified_gmt":"2024-12-09T20:01:29","slug":"exposicoes-ndph","status":"publish","type":"page","link":"https:\/\/sites.uel.br\/ndph\/exposicoes-ndph\/","title":{"rendered":"Exposi\u00e7\u00f5es NDPH"},"content":{"rendered":"\n<p><a href=\"https:\/\/sites.uel.br\/ndph\/wp-content\/uploads\/2022\/08\/ACERVO-EXPO.INVENT-PARCIAL.pdf\" data-type=\"link\" data-id=\"https:\/\/sites.uel.br\/ndph\/wp-content\/uploads\/2022\/08\/ACERVO-EXPO.INVENT-PARCIAL.pdf\">&#8211; S\u00e9rie Exposi\u00e7\u00f5es<\/a><\/p>\n\n\n\n<p><\/p>\n","protected":false},"excerpt":{"rendered":"<p>&#8211; S\u00e9rie Exposi\u00e7\u00f5es<\/p>\n","protected":false},"author":6,"featured_media":0,"parent":0,"menu_order":0,"comment_status":"closed","ping_status":"closed","template":"","meta":{"footnotes":""},"class_list":["post-2355","page","type-page","status-publish","hentry"],"acf":[],"_links":{"self":[{"href":"https:\/\/sites.uel.br\/ndph\/wp-json\/wp\/v2\/pages\/2355","targetHints":{"allow":["GET"]}}],"collection":[{"href":"https:\/\/sites.uel.br\/ndph\/wp-json\/wp\/v2\/pages"}],"about":[{"href":"https:\/\/sites.uel.br\/ndph\/wp-json\/wp\/v2\/types\/page"}],"author":[{"embeddable":true,"href":"https:\/\/sites.uel.br\/ndph\/wp-json\/wp\/v2\/users\/6"}],"replies":[{"embeddable":true,"href":"https:\/\/sites.uel.br\/ndph\/wp-json\/wp\/v2\/comments?post=2355"}],"version-history":[{"count":1,"href":"https:\/\/sites.uel.br\/ndph\/wp-json\/wp\/v2\/pages\/2355\/revisions"}],"predecessor-version":[{"id":2357,"href":"https:\/\/sites.uel.br\/ndph\/wp-json\/wp\/v2\/pages\/2355\/revisions\/2357"}],"wp:attachment":[{"href":"https:\/\/sites.uel.br\/ndph\/wp-json\/wp\/v2\/media?parent=2355"}],"curies":[{"name":"wp","href":"https:\/\/api.w.org\/{rel}","templated":true}]}}