{"id":2315,"date":"2024-12-05T17:11:33","date_gmt":"2024-12-05T20:11:33","guid":{"rendered":"https:\/\/sites.uel.br\/ndph\/?page_id=2315"},"modified":"2026-03-02T19:07:57","modified_gmt":"2026-03-02T22:07:57","slug":"agenda","status":"publish","type":"page","link":"https:\/\/sites.uel.br\/ndph\/agenda\/","title":{"rendered":"Agenda"},"content":{"rendered":"\n<p><\/p>\n\n\n\n<h3 class=\"wp-block-heading\">Exposi\u00e7\u00f5es<\/h3>\n\n\n\n<p>Em Exibi\u00e7\u00e3o<\/p>\n\n\n\n<div class=\"wp-block-columns is-layout-flex wp-container-core-columns-is-layout-9d6595d7 wp-block-columns-is-layout-flex\">\n<div class=\"wp-block-column is-layout-flow wp-block-column-is-layout-flow\">\n<figure class=\"wp-block-image size-large\"><img loading=\"lazy\" decoding=\"async\" width=\"819\" height=\"1024\" src=\"https:\/\/sites.uel.br\/ndph\/wp-content\/uploads\/2026\/03\/WhatsApp-Image-2026-03-02-at-07.59.20-819x1024.jpeg\" alt=\"\" class=\"wp-image-3003\" srcset=\"https:\/\/sites.uel.br\/ndph\/wp-content\/uploads\/2026\/03\/WhatsApp-Image-2026-03-02-at-07.59.20-819x1024.jpeg 819w, https:\/\/sites.uel.br\/ndph\/wp-content\/uploads\/2026\/03\/WhatsApp-Image-2026-03-02-at-07.59.20-240x300.jpeg 240w, https:\/\/sites.uel.br\/ndph\/wp-content\/uploads\/2026\/03\/WhatsApp-Image-2026-03-02-at-07.59.20-768x960.jpeg 768w, https:\/\/sites.uel.br\/ndph\/wp-content\/uploads\/2026\/03\/WhatsApp-Image-2026-03-02-at-07.59.20.jpeg 1080w\" sizes=\"auto, (max-width: 819px) 100vw, 819px\" \/><\/figure>\n\n\n\n<figure class=\"wp-block-image size-large\"><img loading=\"lazy\" decoding=\"async\" width=\"819\" height=\"1024\" src=\"https:\/\/sites.uel.br\/ndph\/wp-content\/uploads\/2025\/12\/O-NDPH-ENEZILA-DE-LIMA-CONVIDA-PARA-A-ABERTURA-DA-EXPOSICAO-1080-x-1350-px-1-819x1024.png\" alt=\"\" class=\"wp-image-2982\" srcset=\"https:\/\/sites.uel.br\/ndph\/wp-content\/uploads\/2025\/12\/O-NDPH-ENEZILA-DE-LIMA-CONVIDA-PARA-A-ABERTURA-DA-EXPOSICAO-1080-x-1350-px-1-819x1024.png 819w, https:\/\/sites.uel.br\/ndph\/wp-content\/uploads\/2025\/12\/O-NDPH-ENEZILA-DE-LIMA-CONVIDA-PARA-A-ABERTURA-DA-EXPOSICAO-1080-x-1350-px-1-240x300.png 240w, https:\/\/sites.uel.br\/ndph\/wp-content\/uploads\/2025\/12\/O-NDPH-ENEZILA-DE-LIMA-CONVIDA-PARA-A-ABERTURA-DA-EXPOSICAO-1080-x-1350-px-1-768x960.png 768w, https:\/\/sites.uel.br\/ndph\/wp-content\/uploads\/2025\/12\/O-NDPH-ENEZILA-DE-LIMA-CONVIDA-PARA-A-ABERTURA-DA-EXPOSICAO-1080-x-1350-px-1.png 1080w\" sizes=\"auto, (max-width: 819px) 100vw, 819px\" \/><\/figure>\n<\/div>\n\n\n\n<div class=\"wp-block-column is-layout-flow wp-block-column-is-layout-flow\"><\/div>\n\n\n\n<div class=\"wp-block-column is-layout-flow wp-block-column-is-layout-flow\"><\/div>\n<\/div>\n\n\n\n<div class=\"wp-block-buttons is-content-justification-center is-layout-flex wp-container-core-buttons-is-layout-16018d1d wp-block-buttons-is-layout-flex\">\n<div class=\"wp-block-button\"><a class=\"wp-block-button__link wp-element-button\" href=\"https:\/\/www.behance.net\/ndph\">Veja mais em Behance<\/a><\/div>\n\n\n\n<div class=\"wp-block-button\"><a class=\"wp-block-button__link wp-element-button\" href=\"https:\/\/www.youtube.com\/watch?v=WS9gNTpPSKo&amp;list=PL8Ol-h-0ltaYpnEEJP0CSrGE8LoKona91\">Veja mais no YouTube<\/a><\/div>\n<\/div>\n\n\n\n<div style=\"height:60px\" aria-hidden=\"true\" class=\"wp-block-spacer\"><\/div>\n\n\n\n<h3 class=\"wp-block-heading\">Eventos e Cursos<\/h3>\n\n\n\n<div class=\"wp-block-columns is-layout-flex wp-container-core-columns-is-layout-9d6595d7 wp-block-columns-is-layout-flex\">\n<div class=\"wp-block-column is-layout-flow wp-block-column-is-layout-flow\"><\/div>\n\n\n\n<div class=\"wp-block-column is-layout-flow wp-block-column-is-layout-flow\"><\/div>\n\n\n\n<div class=\"wp-block-column is-vertically-aligned-center is-layout-flow wp-block-column-is-layout-flow\"><\/div>\n<\/div>\n\n\n\n<div class=\"wp-block-columns is-layout-flex wp-container-core-columns-is-layout-9d6595d7 wp-block-columns-is-layout-flex\">\n<div class=\"wp-block-column is-layout-flow wp-block-column-is-layout-flow\"><\/div>\n\n\n\n<div class=\"wp-block-column is-layout-flow wp-block-column-is-layout-flow\"><\/div>\n\n\n\n<div class=\"wp-block-column is-layout-flow wp-block-column-is-layout-flow\"><\/div>\n<\/div>\n\n\n\n<div class=\"wp-block-columns is-layout-flex wp-container-core-columns-is-layout-9d6595d7 wp-block-columns-is-layout-flex\">\n<div class=\"wp-block-column is-layout-flow wp-block-column-is-layout-flow\"><\/div>\n<\/div>\n\n\n\n<p><\/p>\n","protected":false},"excerpt":{"rendered":"<p>Exposi\u00e7\u00f5es Em Exibi\u00e7\u00e3o Eventos e Cursos<\/p>\n","protected":false},"author":6,"featured_media":0,"parent":0,"menu_order":0,"comment_status":"closed","ping_status":"closed","template":"","meta":{"footnotes":""},"class_list":["post-2315","page","type-page","status-publish","hentry"],"acf":[],"_links":{"self":[{"href":"https:\/\/sites.uel.br\/ndph\/wp-json\/wp\/v2\/pages\/2315","targetHints":{"allow":["GET"]}}],"collection":[{"href":"https:\/\/sites.uel.br\/ndph\/wp-json\/wp\/v2\/pages"}],"about":[{"href":"https:\/\/sites.uel.br\/ndph\/wp-json\/wp\/v2\/types\/page"}],"author":[{"embeddable":true,"href":"https:\/\/sites.uel.br\/ndph\/wp-json\/wp\/v2\/users\/6"}],"replies":[{"embeddable":true,"href":"https:\/\/sites.uel.br\/ndph\/wp-json\/wp\/v2\/comments?post=2315"}],"version-history":[{"count":53,"href":"https:\/\/sites.uel.br\/ndph\/wp-json\/wp\/v2\/pages\/2315\/revisions"}],"predecessor-version":[{"id":3005,"href":"https:\/\/sites.uel.br\/ndph\/wp-json\/wp\/v2\/pages\/2315\/revisions\/3005"}],"wp:attachment":[{"href":"https:\/\/sites.uel.br\/ndph\/wp-json\/wp\/v2\/media?parent=2315"}],"curies":[{"name":"wp","href":"https:\/\/api.w.org\/{rel}","templated":true}]}}