{"id":2234,"date":"2024-11-29T16:36:56","date_gmt":"2024-11-29T19:36:56","guid":{"rendered":"https:\/\/sites.uel.br\/ndph\/?page_id=2234"},"modified":"2024-11-29T16:36:56","modified_gmt":"2024-11-29T19:36:56","slug":"colecao-historia-e-ensino-he","status":"publish","type":"page","link":"https:\/\/sites.uel.br\/ndph\/colecao-historia-e-ensino-he\/","title":{"rendered":"Cole\u00e7\u00e3o Hist\u00f3ria e Ensino (HE)"},"content":{"rendered":"\n<p><strong><a href=\"https:\/\/sites.uel.br\/ndph\/colecao-oficio-de-professor-prof\/\" data-type=\"link\" data-id=\"https:\/\/sites.uel.br\/ndph\/colecao-oficio-de-professor-prof\/\">S\u00e9rie Of\u00edcio de Professor (PROF)<\/a><\/strong><br><a href=\"https:\/\/sites.uel.br\/ndph\/wp-content\/uploads\/2022\/08\/COLECAO_HE.pdf\" data-type=\"link\" data-id=\"https:\/\/sites.uel.br\/ndph\/wp-content\/uploads\/2022\/08\/COLECAO_HE.pdf\"><strong>S\u00e9rie Livros Did\u00e1ticos<\/strong><\/a><\/p>\n\n\n\n<p><\/p>\n","protected":false},"excerpt":{"rendered":"<p>S\u00e9rie Of\u00edcio de Professor (PROF)S\u00e9rie Livros Did\u00e1ticos<\/p>\n","protected":false},"author":6,"featured_media":0,"parent":0,"menu_order":0,"comment_status":"closed","ping_status":"closed","template":"","meta":{"footnotes":""},"class_list":["post-2234","page","type-page","status-publish","hentry"],"acf":[],"_links":{"self":[{"href":"https:\/\/sites.uel.br\/ndph\/wp-json\/wp\/v2\/pages\/2234","targetHints":{"allow":["GET"]}}],"collection":[{"href":"https:\/\/sites.uel.br\/ndph\/wp-json\/wp\/v2\/pages"}],"about":[{"href":"https:\/\/sites.uel.br\/ndph\/wp-json\/wp\/v2\/types\/page"}],"author":[{"embeddable":true,"href":"https:\/\/sites.uel.br\/ndph\/wp-json\/wp\/v2\/users\/6"}],"replies":[{"embeddable":true,"href":"https:\/\/sites.uel.br\/ndph\/wp-json\/wp\/v2\/comments?post=2234"}],"version-history":[{"count":1,"href":"https:\/\/sites.uel.br\/ndph\/wp-json\/wp\/v2\/pages\/2234\/revisions"}],"predecessor-version":[{"id":2236,"href":"https:\/\/sites.uel.br\/ndph\/wp-json\/wp\/v2\/pages\/2234\/revisions\/2236"}],"wp:attachment":[{"href":"https:\/\/sites.uel.br\/ndph\/wp-json\/wp\/v2\/media?parent=2234"}],"curies":[{"name":"wp","href":"https:\/\/api.w.org\/{rel}","templated":true}]}}